{"id":10036,"date":"2016-09-23T16:42:27","date_gmt":"2016-09-23T20:42:27","guid":{"rendered":"http:\/\/canadiantaskforce.ca\/?page_id=10036&#038;lang=fr"},"modified":"2024-04-16T10:12:07","modified_gmt":"2024-04-16T14:12:07","slug":"algorithme-pour-cliniciens","status":"publish","type":"page","link":"https:\/\/canadiantaskforce.ca\/fr\/tools-resources\/cancer-du-col-de-luterus\/algorithme-pour-cliniciens\/","title":{"rendered":"Cancer du col de l\u2019ut\u00e9rus\u2014Algorithme pour cliniciens"},"content":{"rendered":"<div class='fullwidth-section  ' style=\"background-repeat:no-repeat;background-position:left top;\"><div class=\"container\"><div class=\"dt-sc-tabs-vertical2-container\"><ul id=\"menu-outilsressources\" class=\"dt-sc-tabs-vertical2-frame\"><li id=\"menu-item-14151\" class=\"menu-item menu-item-type-post_type menu-item-object-page menu-item-14151\"><a href=\"https:\/\/canadiantaskforce.ca\/fr\/tools-resources\/\">Outils de d\u00e9pistage<\/a><\/li>\n<\/ul><div class=\"dt-sc-tabs-vertical2-frame-content\"><div class='pdfdownload'><h5>Version PDF<\/h5><hr><div class='pdfdownload-text'> <a href=\"https:\/\/canadiantaskforce.ca\/wp-content\/uploads\/2020\/12\/Clinician-ALG-FR_13-01-06.pdf\">T\u00e9l\u00e9charger le PDF<\/a> <\/div><\/div>\n<div class='back'><h4><span class='fa fa-angle-left'><\/span>&nbsp;<a href='\/lignesdirectrives\/lignes-directrices-publiees\/cancer-du-col-de-luterus\/?lang=fr'>Retour<\/a><\/h4><\/div>\n<p>Le Groupe d\u2019\u00e9tude canadien sur les soins de sant\u00e9 pr\u00e9ventifs (G\u00c9CSSP) a mis \u00e0 jour ses recommandations relatives au d\u00e9pistage du cancer du col de l\u2019ut\u00e9rus afin de s\u2019assurer que les femmes retirent les plus grands bienfaits du d\u00e9pistage, tout en r\u00e9duisant les inconv\u00e9nients, l\u2019inconfort et les tests inutiles. Les cliniciens doivent toutefois reconna\u00eetre que la pertinence des recommandations variera en fonction des besoins, des valeurs et des pr\u00e9f\u00e9rences personnelles de chaque patiente.\nCes recommandations ne s\u2019appliquent <em>pas<\/em> aux femmes:<\/p>\n<ul>\n<li>Qui n\u2019ont jamais \u00e9t\u00e9 sexuellement actives<\/li>\n<li>Qui ont subi une hyst\u00e9rectomie totale pour une affection b\u00e9nigne<\/li>\n<li>Dont les r\u00e9sultats d\u2019un test Pap pr\u00e9c\u00e9dent ont \u00e9t\u00e9 anormaux<\/li>\n<li>Dont le syst\u00e8me immunitaire est affaibli<\/li>\n<\/ul>\n<p>&nbsp;<\/p>\n<table>\n<thead>\n<tr>\n<th scope=\"col\">\u00c2ge<\/th>\n<th scope=\"col\">Recommandation<\/th>\n<th scope=\"col\">Explication<\/th>\n<th scope=\"col\">Force de la recommandation<\/th>\n<\/tr>\n<\/thead>\n<tbody>\n<tr>\n<td>19 ans ou moins<\/td>\n<td>Aucun d\u00e9pistage syst\u00e9matique<\/td>\n<td>M\u00eame sans d\u00e9pistage, l\u2019incidence du cancer invasif du col de l\u2019ut\u00e9rus est tr\u00e8s faible (0,3 pour 100 000 femmes par ann\u00e9e). S\u2019il y a d\u00e9pistage, 10 % des femmes de ce groupe d\u2019\u00e2ge pr\u00e9senteront des tests Pap anormaux, entra\u00eenant ainsi des tests compl\u00e9mentaires inutiles (p. ex. colposcopie, biopsie).<\/td>\n<td>Recommandation forte; donn\u00e9es probantes de qualit\u00e9 sup\u00e9rieure<\/td>\n<\/tr>\n<tr>\n<td>20 \u00e0 24 ans<\/td>\n<td>Aucun d\u00e9pistage syst\u00e9matique<\/td>\n<td>M\u00eame sans d\u00e9pistage, l\u2019incidence du cancer invasif du col de l\u2019ut\u00e9rus est d\u2019environ 3 pour 100 000 femmes par ann\u00e9e. S\u2019il y a d\u00e9pistage, 10 % des femmes de ce groupe d\u2019\u00e2ge pr\u00e9senteront des tests Pap anormaux, entra\u00eenant ainsi des tests compl\u00e9mentaires inutiles (p. ex. colposcopie, biopsie).<\/td>\n<td>Recommandation faible; donn\u00e9es probantes de qualit\u00e9 moyenne<\/td>\n<\/tr>\n<tr>\n<td>25 \u00e0 29 ans<\/td>\n<td>D\u00e9pistage syst\u00e9matique tous les trois ans<\/td>\n<td>L\u2019incidence du cancer invasif du col de l\u2019ut\u00e9rus augmente apr\u00e8s l\u2019\u00e2ge de 25 ans. Sans d\u00e9pistage, l\u2019incidence est d\u2019environ 9 pour 100 000 femmes par ann\u00e9e. Les avantages du d\u00e9pistage pourraient alors commencer \u00e0 l\u2019emporter sur les inconv\u00e9nients (c.-\u00e0-d. les tests compl\u00e9mentaires inutiles, comme la colposcopie et la biopsie).<\/td>\n<td>Recommandation faible; donn\u00e9es probantes de qualit\u00e9 moyenne<\/td>\n<\/tr>\n<tr>\n<td>30 \u00e0 69 ans<\/td>\n<td>D\u00e9pistage syst\u00e9matique tous les trois ans<\/td>\n<td>Apr\u00e8s l\u2019\u00e2ge de 30 ans, l\u2019incidence du cancer invasif du col de l\u2019ut\u00e9rus augmente de fa\u00e7on significative, pour atteindre jusqu\u2019\u00e0 35 pour 100 000 femmes par ann\u00e9e sans d\u00e9pistage, alors que le taux de tests Pap anormaux diminue. Les avantages du d\u00e9pistage l\u2019emportent sur les inconv\u00e9nients (c.-\u00e0-d. les tests compl\u00e9mentaires inutiles, comme la colposcopie et la biopsie).<\/td>\n<td>Recommandation forte; donn\u00e9es probantes de qualit\u00e9 sup\u00e9rieure<\/td>\n<\/tr>\n<tr>\n<td>70 ans et plus<\/td>\n<td>Cesser le d\u00e9pistage syst\u00e9matique uniquement si les trois plus r\u00e9cents tests Pap r\u00e9alis\u00e9s au cours des dix derni\u00e8res ann\u00e9es ont \u00e9t\u00e9 n\u00e9gatifs<\/td>\n<td>La poursuite du d\u00e9pistage semble procurer peu d\u2019avantages suppl\u00e9mentaires si les r\u00e9sultats des tests Pap ont toujours \u00e9t\u00e9 n\u00e9gatifs.<\/td>\n<td>Recommandation faible; donn\u00e9es probantes de faible qualit\u00e9<\/td>\n<\/tr>\n<\/tbody>\n<\/table>\n<p>&nbsp;<\/p>\n<p>Le classement des recommandations est bas\u00e9 sur le syst\u00e8me GRADE (Grading of Recommendations Assessment, Development and Evaluation). Pour plus de renseignements sur ce syst\u00e8me, visitez le site Web du G\u00c9CSSP \u00e0 l\u2019adresse: <a href=\"https:\/\/canadiantaskforce.ca\" target=\"_blank\" rel=\"noopener noreferrer\">groupeetudecanadien.ca<\/a>.<\/p>\n<\/div><\/div><\/div><\/div>\n","protected":false},"excerpt":{"rendered":"","protected":false},"author":2,"featured_media":8930,"parent":11062,"menu_order":0,"comment_status":"closed","ping_status":"closed","template":"","meta":{"_acf_changed":false,"footnotes":""},"categories":[221,218],"tags":[],"class_list":["post-10036","page","type-page","status-publish","has-post-thumbnail","hentry","category-cancer-du-col-de-luterus","category-outils"],"acf":[],"_links":{"self":[{"href":"https:\/\/canadiantaskforce.ca\/fr\/wp-json\/wp\/v2\/pages\/10036","targetHints":{"allow":["GET"]}}],"collection":[{"href":"https:\/\/canadiantaskforce.ca\/fr\/wp-json\/wp\/v2\/pages"}],"about":[{"href":"https:\/\/canadiantaskforce.ca\/fr\/wp-json\/wp\/v2\/types\/page"}],"author":[{"embeddable":true,"href":"https:\/\/canadiantaskforce.ca\/fr\/wp-json\/wp\/v2\/users\/2"}],"replies":[{"embeddable":true,"href":"https:\/\/canadiantaskforce.ca\/fr\/wp-json\/wp\/v2\/comments?post=10036"}],"version-history":[{"count":2,"href":"https:\/\/canadiantaskforce.ca\/fr\/wp-json\/wp\/v2\/pages\/10036\/revisions"}],"predecessor-version":[{"id":23123,"href":"https:\/\/canadiantaskforce.ca\/fr\/wp-json\/wp\/v2\/pages\/10036\/revisions\/23123"}],"up":[{"embeddable":true,"href":"https:\/\/canadiantaskforce.ca\/fr\/wp-json\/wp\/v2\/pages\/11062"}],"wp:featuredmedia":[{"embeddable":true,"href":"https:\/\/canadiantaskforce.ca\/fr\/wp-json\/wp\/v2\/media\/8930"}],"wp:attachment":[{"href":"https:\/\/canadiantaskforce.ca\/fr\/wp-json\/wp\/v2\/media?parent=10036"}],"wp:term":[{"taxonomy":"category","embeddable":true,"href":"https:\/\/canadiantaskforce.ca\/fr\/wp-json\/wp\/v2\/categories?post=10036"},{"taxonomy":"post_tag","embeddable":true,"href":"https:\/\/canadiantaskforce.ca\/fr\/wp-json\/wp\/v2\/tags?post=10036"}],"curies":[{"name":"wp","href":"https:\/\/api.w.org\/{rel}","templated":true}]}}