{"id":10208,"date":"2016-09-28T15:20:36","date_gmt":"2016-09-28T19:20:36","guid":{"rendered":"http:\/\/canadiantaskforce.ca\/?page_id=10208&#038;lang=fr"},"modified":"2024-04-16T10:12:19","modified_gmt":"2024-04-16T14:12:19","slug":"cancer-colorectal-faq-pour-patientes","status":"publish","type":"page","link":"https:\/\/canadiantaskforce.ca\/fr\/tools-resources\/cancer-colorectal-faq-pour-patientes\/","title":{"rendered":"Cancer colorectal\u2014FAQ pour patients"},"content":{"rendered":"<div class='fullwidth-section  ' style=\"background-repeat:no-repeat;background-position:left top;\"><div class=\"container\"><div class=\"dt-sc-tabs-vertical2-container\"><ul id=\"menu-outilsressources\" class=\"dt-sc-tabs-vertical2-frame\"><li id=\"menu-item-14151\" class=\"menu-item menu-item-type-post_type menu-item-object-page menu-item-14151\"><a href=\"https:\/\/canadiantaskforce.ca\/fr\/tools-resources\/\">Outils de d\u00e9pistage<\/a><\/li>\n<li id=\"menu-item-14150\" class=\"menu-item menu-item-type-post_type menu-item-object-page menu-item-14150\"><a href=\"https:\/\/canadiantaskforce.ca\/fr\/?page_id=11228\">Vid\u00e9os<\/a><\/li>\n<\/ul><div class=\"dt-sc-tabs-vertical2-frame-content\"><div class='pdfdownload'><h5>Version PDF<\/h5><hr><div class='pdfdownload-text'><a href=\"https:\/\/canadiantaskforce.ca\/wp-content\/uploads\/2016\/09\/ctfphccolorectal-cancerpatient-faqfrenchfinalv2.pdf\" target=\"_blank\" rel=\"noopener noreferrer\">PDF en couleur<\/a><\/p>\n<p><a href=\"https:\/\/canadiantaskforce.ca\/wp-content\/uploads\/2016\/09\/ctfphccolorectal-cancerpatient-faqfrenchfinalbwv2.pdf\" target=\"_blank\" rel=\"noopener noreferrer\">PDF noir et blanc<\/a>\n<\/div><\/div>\n<div class='back'><h4><span class='fa fa-angle-left'><\/span>&nbsp;<a href='\/lignesdirectrives\/lignes-directrices-publiees\/cancer-colorectal\/?lang=fr'>Retour<\/a><\/h4><\/div>\n<p>Le cancer colorectal (CCR) touche le c\u00f4lon (gros intestin) ou le rectum. Il s\u2019agit de la deuxi\u00e8me cause la plus fr\u00e9quente de d\u00e9c\u00e8s li\u00e9 au cancer chez les hommes et de la troisi\u00e8me chez les femmes. Il se manifeste souvent d\u2019abord sous la forme d\u2019un polype (croissance anormale) dans le c\u00f4lon ou le rectum, qui \u00e9volue ensuite de fa\u00e7on canc\u00e9reuse. Certaines personnes peuvent souffrir d\u2019un CCR sans le savoir, d\u2019o\u00f9 l\u2019utilit\u00e9 du d\u00e9pistage. La pr\u00e9sence de sang dans les selles est un signe commun de CCR.<\/p>\n<p>Veuillez remarquer que les recommandations ne s\u2019appliquent pas en cas de CCR ou de polypes ant\u00e9rieurs, de maladie intestinale inflammatoire (p. ex., colite ou maladie de Crohn), de signes ou sympt\u00f4mes de CCR, d\u2019ant\u00e9c\u00e9dents de CCR chez un ou plusieurs membres de la famille au premier degr\u00e9 ou de certaines affections h\u00e9r\u00e9ditaires (comme le syndrome de Lynch et la polypose ad\u00e9nomateuse familiale).<\/p>\n<hr \/>\n<p>Parlez du d\u00e9pistage du cancer colorectal avec un\u00a0professionnel en soins primaires et \u00e9valuez\u00a0les avantages et inconv\u00e9nients de chaque test.<\/p>\n<hr \/>\n<section id=\"1-when-should-i-get-screened-for-colorectal-cancer-crc\" class=\"ctfphc-section\">\n<h3>1. QUAND DOIS-JE ME SOUMETTRE \u00c0 UN D\u00c9PISTAGE DU CANCER COLORECTAL (CCR) ?<\/h3>\n<ul>\n<li>Si vous \u00eates \u00e2g\u00e9(e) de 50 \u00e0 74 ans, nous vous recommandons de parler du d\u00e9pistage \u00e0 un professionnel en soins primaires.<\/li>\n<\/ul>\n<section id=\"2-why-should-i-not-get-screened-if-i-am-under-the-age-of-50-or-over-the-age-of-74\" class=\"ctfphc-section\">\n<h3>2. POURQUOI NE DOIS-JE <u>PAS<\/u> FAIRE L&rsquo;OBJET D&rsquo;UN D\u00c9PISTAGE SI JE SUIS \u00c2G\u00c9(E) DE MOINS DE 50 ANS OU DE PLUS DE 74 ANS ?<\/h3>\n<ul>\n<li>Le d\u00e9pistage ne se justifie pas chez les personnes de moins de 50 ans, le nombre de nouveaux cas de CCR \u00e9tant tr\u00e8s faible dans ce groupe d\u2019\u00e2ge.<\/li>\n<li>Les donn\u00e9es disponibles ne sont pas suffisantes pour d\u00e9montrer l\u2019int\u00e9r\u00eat du d\u00e9pistage chez les personnes de plus de 75 ans. Si vous souhaitez malgr\u00e9 tout vous soumettre \u00e0 un d\u00e9pistage, nous vous recommandons de contacter un\u00a0professionnel en soins primaires.<\/li>\n<\/ul>\n<\/section>\n<section id=\"3-what-tests-are-used-to-screen-for-crc-and-how-often-should-they-be-done\" class=\"ctfphc-section\">\n<h3>3. QUELS TESTS SONT UTILIS\u00c9S POUR D\u00c9PISTER LE CCR ET \u00c0 QUELLE FR\u00c9QUENCE DOIVENT-ILS \u00caTRE EFFECTU\u00c9S ?<\/h3>\n<ul>\n<li>Nous recommandons deux types de test : la recherche de sang occulte dans les selles (RSOS) ou la sigmo\u00efdoscopie flexible.\n<ul>\n<li>La RSOS est le test le plus courant et constituera tr\u00e8s probablement le premier choix. Pour effectuer une RSOS, vous devez fournir un \u00e9chantillon de selles dans lequel est recherch\u00e9 du sang ne pouvant \u00eatre vu \u00e0 l\u2019\u0153il nu. La pr\u00e9sence de sang dans les selles peut \u00eatre un signe de CCR.<\/li>\n<li>La sigmo\u00efdoscopie flexible est utilis\u00e9e moins fr\u00e9quemment et requiert plus de ressources. Cette proc\u00e9dure pr\u00e9voit l\u2019insertion d\u2019un long tube flexible \u00e9quip\u00e9 d\u2019une lampe et d\u2019une cam\u00e9ra dans l\u2019anus, le rectum et la partie inf\u00e9rieure du c\u00f4lon afin de d\u00e9tecter des polypes. Avant la proc\u00e9dure, votre intestin devra \u00eatre nettoy\u00e9 au moyen de lavements ou de laxatifs.<\/li>\n<\/ul>\n<\/li>\n<\/ul>\n<section id=\"4-how-often-should-i-be-screened\" class=\"ctfphc-section\">\n<h3>4. \u00c0 QUELLE FR\u00c9QUENCE DOIS-JE ME SOUMETTRE AU D\u00c9PISTAGE ?<\/h3>\n<ul>\n<li>Si vous-m\u00eame et votre professionnel en soins primaires choisissez la RSOS, nous recommandons de proc\u00e9der au d\u00e9pistage tous les deux ans.<\/li>\n<li>Si vous-m\u00eame et votre professionnel en soins primaires\u00a0choisissez la sigmo\u00efdoscopie flexible, nous recommandons de proc\u00e9der au d\u00e9pistage tous les 10 ans.<\/li>\n<\/ul>\n<\/section>\n<section id=\"5-are-there-any-harms-associated-with-these-tests\" class=\"ctfphc-section\">\n<h3>5. CES TESTS ONT-ILS DES INCONV\u00c9NIENTS ?<\/h3>\n<ul>\n<li>Les principaux inconv\u00e9nients de la RSOS sont les faux positifs et les faux n\u00e9gatifs.\n<ul>\n<li>Un r\u00e9sultat faux positif survient lorsqu\u2019un test d\u00e9tecte un possible CCR en r\u00e9alit\u00e9 inexistant. Ceci peut mener \u00e0 des examens suppl\u00e9mentaires inutiles, comme une coloscopie et les inconv\u00e9nients qu\u2019elle suppose.<\/li>\n<li>Un r\u00e9sultat faux n\u00e9gatif survient lorsqu\u2019un test ne d\u00e9tecte pas un CCR en r\u00e9alit\u00e9 pr\u00e9sent.<\/li>\n<\/ul>\n<\/li>\n<li>Les inconv\u00e9nients de la sigmo\u00efdoscopie flexible sont rares et se manifestent chez moins de 0,1 % des patients. Ces inconv\u00e9nients comprennent la perforation intestinale, le saignement mineur, le saignement majeur et le d\u00e9c\u00e8s.<\/li>\n<\/ul>\n<\/section>\n<section id=\"6-which-test-is-best-for-me\" class=\"ctfphc-section\">\n<h3>6. QUEL TEST EST LE PLUS ADAPT\u00c9 \u00c0 MON CAS ?<\/h3>\n<ul>\n<li>Si vous pr\u00e9f\u00e9rez une proc\u00e9dure moins invasive et que des tests plus fr\u00e9quents ne vous d\u00e9rangent pas, la RSOS pourrait constituer la meilleure option.<\/li>\n<li>Si vous privil\u00e9giez des tests moins fr\u00e9quents et qu\u2019un test plus invasif ne vous g\u00eane pas, la sigmo\u00efdoscopie flexible pourrait \u00eatre pr\u00e9f\u00e9rable, si elle est disponible dans votre r\u00e9gion.<\/li>\n<li>N\u2019oubliez pas de vous enqu\u00e9rir de la disponibilit\u00e9 de chaque test dans votre r\u00e9gion aupr\u00e8s de votre m\u00e9decin de premi\u00e8re ligne. La RSOS est plus largement disponible et il s\u2019agit donc du test de d\u00e9pistage utilis\u00e9 pour la plupart des personnes.<\/li>\n<\/ul>\n<\/section>\n<section id=\"7-should-i-be-screened-for-crc-with-a-colonoscopy\" class=\"ctfphc-section\">\n<h3>7. DOIS-JE ME SOUMETTRE \u00c0 UN D\u00c9PISTAGE DU CCR PAR COLOSCOPIE ?<\/h3>\n<ul>\n<li>Nous recommandons de ne pas utiliser la coloscopie comme test de d\u00e9pistage du CCR de routine, pour plusieurs motifs :\n<ul>\n<li>On ne dispose pas de suffisamment de donn\u00e9es d\u00e9montrant qu\u2019une coloscopie est plus utile que les autres tests disponibles.<\/li>\n<li>Ce test est associ\u00e9 \u00e0 un risque d\u2019inconv\u00e9nients l\u00e9g\u00e8rement sup\u00e9rieur \u00e0 celui de la sigmo\u00efdoscopie flexible.<\/li>\n<li>Au Canada, les listes d\u2019attente pour la coloscopie sont tr\u00e8s longues et se sont allong\u00e9es\u00a0au fil des ann\u00e9es, parce que le test exige un mat\u00e9riel sp\u00e9cialis\u00e9 et des cliniciens form\u00e9s.<\/li>\n<\/ul>\n<\/li>\n<\/ul>\n<\/section>\n<section id=\"8-what-is-the-difference-between-colonoscopy-and-flexible-sigmoidoscopy\" class=\"ctfphc-section\">\n<h3>8. QUELLE EST LA DIFF\u00c9RENCE ENTRE COLOSCOPIE ET SIGMO\u00cfDOSCOPIE FLEXIBLE ?<\/h3>\n<p>Une coloscopie permet au m\u00e9decin d\u2019examiner la surface de l\u2019ensemble du rectum et du c\u00f4lon, tandis que la sigmo\u00efdoscopie flexible se limite au rectum et au tiers inf\u00e9rieur du c\u00f4lon.<\/p>\n<\/section>\n<\/section>\n<\/section>\n<p>&nbsp;<\/p>\n<\/div><\/div><\/div><\/div>\n","protected":false},"excerpt":{"rendered":"","protected":false},"author":2,"featured_media":8935,"parent":10330,"menu_order":22,"comment_status":"closed","ping_status":"closed","template":"","meta":{"_acf_changed":false,"footnotes":""},"categories":[219,218],"tags":[],"class_list":["post-10208","page","type-page","status-publish","has-post-thumbnail","hentry","category-cancer-colorectal","category-outils"],"acf":[],"_links":{"self":[{"href":"https:\/\/canadiantaskforce.ca\/fr\/wp-json\/wp\/v2\/pages\/10208","targetHints":{"allow":["GET"]}}],"collection":[{"href":"https:\/\/canadiantaskforce.ca\/fr\/wp-json\/wp\/v2\/pages"}],"about":[{"href":"https:\/\/canadiantaskforce.ca\/fr\/wp-json\/wp\/v2\/types\/page"}],"author":[{"embeddable":true,"href":"https:\/\/canadiantaskforce.ca\/fr\/wp-json\/wp\/v2\/users\/2"}],"replies":[{"embeddable":true,"href":"https:\/\/canadiantaskforce.ca\/fr\/wp-json\/wp\/v2\/comments?post=10208"}],"version-history":[{"count":1,"href":"https:\/\/canadiantaskforce.ca\/fr\/wp-json\/wp\/v2\/pages\/10208\/revisions"}],"predecessor-version":[{"id":29076,"href":"https:\/\/canadiantaskforce.ca\/fr\/wp-json\/wp\/v2\/pages\/10208\/revisions\/29076"}],"up":[{"embeddable":true,"href":"https:\/\/canadiantaskforce.ca\/fr\/wp-json\/wp\/v2\/pages\/10330"}],"wp:featuredmedia":[{"embeddable":true,"href":"https:\/\/canadiantaskforce.ca\/fr\/wp-json\/wp\/v2\/media\/8935"}],"wp:attachment":[{"href":"https:\/\/canadiantaskforce.ca\/fr\/wp-json\/wp\/v2\/media?parent=10208"}],"wp:term":[{"taxonomy":"category","embeddable":true,"href":"https:\/\/canadiantaskforce.ca\/fr\/wp-json\/wp\/v2\/categories?post=10208"},{"taxonomy":"post_tag","embeddable":true,"href":"https:\/\/canadiantaskforce.ca\/fr\/wp-json\/wp\/v2\/tags?post=10208"}],"curies":[{"name":"wp","href":"https:\/\/api.w.org\/{rel}","templated":true}]}}