{"id":10239,"date":"2016-09-29T12:17:02","date_gmt":"2016-09-29T16:17:02","guid":{"rendered":"http:\/\/canadiantaskforce.ca\/?page_id=10239&#038;lang=fr"},"modified":"2026-04-09T16:58:46","modified_gmt":"2026-04-09T20:58:46","slug":"home","status":"publish","type":"page","link":"https:\/\/canadiantaskforce.ca\/fr\/","title":{"rendered":"Accueil"},"content":{"rendered":"\n\n\n<div class=\"wp-block-cover alignfull\" style=\"min-height:375px;aspect-ratio:unset;\"><span aria-hidden=\"true\" class=\"wp-block-cover__background has-background-dim-100 has-background-dim\" style=\"background-color:#1a6594\"><\/span><div class=\"wp-block-cover__inner-container is-layout-constrained wp-block-cover-is-layout-constrained\">\n<div class=\"wp-block-group banner-text\"><div class=\"wp-block-group__inner-container is-layout-constrained wp-block-group-is-layout-constrained\">\n<h2 class=\"wp-block-heading has-text-align-left homepage-heading has-white-color has-text-color\" style=\"font-size:36px;font-style:normal;font-weight:700;letter-spacing:1px;line-height:1;text-transform:none\">Le mandat du Groupe d\u2019\u00e9tude canadien prendra fin le 31&nbsp;mars&nbsp;2026. Un nouveau groupe d\u2019\u00e9tude verra le jour en avril&nbsp;2026.<\/h2>\n\n\n\n\n\n<p class=\"has-text-align-left\">Le 10&nbsp;d\u00e9cembre&nbsp;2025<\/p>\n<\/div><\/div>\n<\/div><\/div>\n\n\n\n<div style=\"height:50px\" aria-hidden=\"true\" class=\"wp-block-spacer\"><\/div>\n\n\n\n<div class=\"wp-block-group alignwide block-width\"><div class=\"wp-block-group__inner-container is-layout-constrained wp-block-group-is-layout-constrained\">\n<div class=\"wp-block-columns is-layout-flex wp-container-core-columns-is-layout-9d6595d7 wp-block-columns-is-layout-flex\">\n<div class=\"wp-block-column is-layout-flow wp-block-column-is-layout-flow\">\n<div class=\"wp-block-media-text is-stacked-on-mobile\" style=\"grid-template-columns:20% auto\"><figure class=\"wp-block-media-text__media\"><img loading=\"lazy\" decoding=\"async\" width=\"166\" height=\"166\" src=\"https:\/\/canadiantaskforce.ca\/wp-content\/uploads\/2016\/04\/CGuidelines.png\" alt=\"\" class=\"wp-image-6527 size-full\" srcset=\"https:\/\/canadiantaskforce.ca\/wp-content\/uploads\/2016\/04\/CGuidelines.png 166w, https:\/\/canadiantaskforce.ca\/wp-content\/uploads\/2016\/04\/CGuidelines-100x100.png 100w, https:\/\/canadiantaskforce.ca\/wp-content\/uploads\/2016\/04\/CGuidelines-150x150.png 150w\" sizes=\"auto, (max-width: 166px) 100vw, 166px\" \/><\/figure><div class=\"wp-block-media-text__content\">\n<h3 class=\"wp-block-heading\"><a href=\"https:\/\/canadiantaskforce.ca\/fr\/lignesdirectrives\/lignes-directrices-publiees\/\"><\/a><a href=\"https:\/\/canadiantaskforce.ca\/fr\/lignesdirectrives\/\">Lignes directrices du GECSSP<\/a><\/h3>\n<\/div><\/div>\n\n\n\n<p>Acc\u00e9dez aux lignes directrices de pratique clinique du GECSSP.<\/p>\n\n\n\n<ul class='nobullet'><li><a href=\"https:\/\/canadiantaskforce.ca\/fr\/lignesdirectrives\/lignes-directrices-publiees\/depression-chez-ladulte-mise-a-jour\/\">D\u00e9pression chez l\u2019adulte (mise \u00e0 jour) (2025)<\/a><\/li><li><a href=\"https:\/\/canadiantaskforce.ca\/fr\/lignesdirectrives\/lignes-directrices-publiees\/tabagisme-chez-ladulte\/\">Tabagisme chez l\u2019adulte (2025)<\/a><\/li><li><a href=\"https:\/\/canadiantaskforce.ca\/fr\/lignesdirectrives\/lignes-directrices-publiees\/cancer-du-sein-mise-a-jour-2024\/\">[Archiv\u00e9] Cancer du Sein (mise \u00e0 jour) -Recommandations provisoires (2024)<\/a><\/li><\/ul><br><a href=\"https:\/\/canadiantaskforce.ca\/fr\/lignesdirectrives\/lignes-directrices-publiees\/\">Voir toutes les lignes directrices<\/a><\/p>\n\n\n\n<div style=\"height:15px\" aria-hidden=\"true\" class=\"wp-block-spacer\"><\/div>\n\n\n<\/div>\n\n\n\n<div class=\"wp-block-column is-layout-flow wp-block-column-is-layout-flow\">\n<div class=\"wp-block-media-text is-stacked-on-mobile\" style=\"grid-template-columns:20% auto\"><figure class=\"wp-block-media-text__media\"><img loading=\"lazy\" decoding=\"async\" width=\"166\" height=\"166\" src=\"https:\/\/canadiantaskforce.ca\/wp-content\/uploads\/2016\/04\/Tools.png\" alt=\"\" class=\"wp-image-6528 size-full\" srcset=\"https:\/\/canadiantaskforce.ca\/wp-content\/uploads\/2016\/04\/Tools.png 166w, https:\/\/canadiantaskforce.ca\/wp-content\/uploads\/2016\/04\/Tools-100x100.png 100w, https:\/\/canadiantaskforce.ca\/wp-content\/uploads\/2016\/04\/Tools-150x150.png 150w\" sizes=\"auto, (max-width: 166px) 100vw, 166px\" \/><\/figure><div class=\"wp-block-media-text__content\">\n<h3 class=\"wp-block-heading\"><a href=\"https:\/\/canadiantaskforce.ca\/fr\/lignesdirectrives\/lignes-directrices-publiees\/\"><\/a><a href=\"https:\/\/canadiantaskforce.ca\/fr\/tools-resources\/\"><\/a><a href=\"https:\/\/canadiantaskforce.ca\/fr\/tools-resources\/\">Outils &amp; ressources<\/a><\/h3>\n<\/div><\/div>\n\n\n\n<p>Acc\u00e9dez aux outils et ressources du GECSSP pour mieux comprendre et mettre en oeuvre les lignes directrices du GECSSP.<\/p>\n\n\n\n<ul class='nobullet'><li><a href=\"https:\/\/canadiantaskforce.ca\/fr\/tools-resources\/depression-chez-ladulte-mise-a-jour\/\">D\u00e9pression chez l\u2019adulte (mise \u00e0 jour)<\/a><\/li><li><a href=\"https:\/\/canadiantaskforce.ca\/fr\/tools-resources\/tabagisme-chez-ladulte\/\">Tabagisme chez l\u2019adulte<\/a><\/li><li><a href=\"https:\/\/canadiantaskforce.ca\/fr\/tools-resources\/cancer-du-sein-mise-a-jour-recommandations-provisoires-2024\/\">Cancer du sein (mise \u00e0 jour) \u2013 Recommandations provisoires (2024)<\/a><\/li><\/ul><br>Explorez plus d\u2019outils dans <a href=\"https:\/\/canadiantaskforce.ca\/fr\/lignesdirectrives\/lignes-directrices-publiees\/\">les lignes directrices.<\/a><\/p>\n<\/div>\n<\/div>\n<\/div><\/div>\n\n\n<div class=\"sideBar\">\n<div class='fullwidth-section  ' style=\"background-repeat:no-repeat;background-position:left top;\"><div class=\"container\"><p><img loading=\"lazy\" decoding=\"async\" class=\"alignnone wp-image-6597 size-full\" src=\"https:\/\/canadiantaskforce.ca\/wp-content\/uploads\/2016\/04\/dividerLong3.png\" alt=\"dividerLong3\" width=\"1100\" height=\"6\" srcset=\"https:\/\/canadiantaskforce.ca\/wp-content\/uploads\/2016\/04\/dividerLong3.png 1100w, https:\/\/canadiantaskforce.ca\/wp-content\/uploads\/2016\/04\/dividerLong3-600x3.png 600w, https:\/\/canadiantaskforce.ca\/wp-content\/uploads\/2016\/04\/dividerLong3-300x2.png 300w, https:\/\/canadiantaskforce.ca\/wp-content\/uploads\/2016\/04\/dividerLong3-768x4.png 768w, https:\/\/canadiantaskforce.ca\/wp-content\/uploads\/2016\/04\/dividerLong3-1024x6.png 1024w, https:\/\/canadiantaskforce.ca\/wp-content\/uploads\/2016\/04\/dividerLong3-100x1.png 100w, https:\/\/canadiantaskforce.ca\/wp-content\/uploads\/2016\/04\/dividerLong3-880x6.png 880w, https:\/\/canadiantaskforce.ca\/wp-content\/uploads\/2016\/04\/dividerLong3-940x6.png 940w\" sizes=\"auto, (max-width: 1100px) 100vw, 1100px\" \/><\/p><\/div><\/div>\n<div class='fullwidth-section  ' style=\"background-repeat:no-repeat;background-position:left top;padding-bottom:50px;\"><div class=\"container\"><div class=\"dt-sc-testimonial-carousel-wrapper\"><ul class=\"dt-sc-testimonial-carousel\">\n<li><div class='dt-sc-testimonial type2type3'><div class='author'><img decoding=\"async\" src=\"https:\/\/canadiantaskforce.ca\/wp-content\/uploads\/2016\/04\/Brett_2018_cropped.jpg\" alt=\"Montr\u00e9al, QC\" title=\"Dr Brett Thombs, ancien membre\" \/><\/div><blockquote><q>\"Le Groupe d\u2019\u00e9tude canadien a l\u2019important mandat de veiller \u00e0 ce que la population canadienne obtienne les meilleurs soins de sant\u00e9 pr\u00e9ventifs. C\u2019est pourquoi nous adoptons des strat\u00e9gies visant \u00e0 r\u00e9duire les pr\u00e9judices li\u00e9s \u00e0 la m\u00e9decine pr\u00e9ventive. Je suis plus que fier d&rsquo;\u00eatre membre du Groupe d\u2019\u00e9tude canadien.\"<\/q><\/blockquote><div class='author-detail'>Dr Brett Thombs, ancien membre<span>Montr\u00e9al, QC<\/span><\/div><\/div><\/li>\n<li><div class='dt-sc-testimonial type2type3'><div class='author'><img decoding=\"async\" src=\"https:\/\/canadiantaskforce.ca\/wp-content\/uploads\/2016\/04\/Ainsley_2018_cropped.jpg\" alt=\"Hamilton, ON\" title=\"Dr. Ainsley Moore, ancien membre (In Memoriam)\" \/><\/div><blockquote><q>\"En tenant compte des pr\u00e9judices potentiels, les soins de sant\u00e9 pr\u00e9ventifs peuvent aider les personnes \u00e0 mener une vie plus saine. En tant que membre du Groupe d\u2019\u00e9tude canadien, j\u2019ai l\u2019honneur d\u2019aider les patients et les fournisseurs de soins primaires \u00e0 comprendre les avantages et les pr\u00e9judices des soins de sant\u00e9 pr\u00e9ventifs.\"<\/q><\/blockquote><div class='author-detail'>Dr. Ainsley Moore, ancien membre (In Memoriam)<span>Hamilton, ON<\/span><\/div><\/div><\/li>\n<li><div class='dt-sc-testimonial type2type3'><div class='author'><img decoding=\"async\" src=\"https:\/\/canadiantaskforce.ca\/wp-content\/uploads\/2016\/04\/stphane-groulx-20130418-haute-dfinition-pour-impression-6964bw-2-w1280.png\" alt=\"Longueuil, QC\" title=\"Dr Stephane Groulx, ancien membre\" \/><\/div><blockquote><q>\"Le Groupe d&rsquo;\u00e9tude canadien sur les soins de sant\u00e9 pr\u00e9ventifs est une formidable machine de recherche qui aide les cliniciens, leurs patients et les gestionnaires en soins de sant\u00e9 \u00e0 comprendre la r\u00e9alit\u00e9 complexe de la pr\u00e9vention. S&rsquo;appuyant sur des comp\u00e9tences riches et diversifi\u00e9es, Le Groupe d&rsquo;\u00e9tude canadien livre un message ind\u00e9pendant, \u00e9quilibr\u00e9 et rigoureux, facilitant le dialogue entre le professionnel de la sant\u00e9 et le patient afin de favoriser une d\u00e9cision \u00e9clair\u00e9e en soins de sant\u00e9 pr\u00e9ventifs.\"<\/q><\/blockquote><div class='author-detail'>Dr Stephane Groulx, ancien membre<span>Longueuil, QC<\/span><\/div><\/div><\/li>\n<li><div class='dt-sc-testimonial type2type3'><div class='author'><img decoding=\"async\" src=\"https:\/\/canadiantaskforce.ca\/wp-content\/uploads\/2016\/04\/Guyl%C3%A8ne-Th%C3%A9riault_bw.jpg\" alt=\"Montr\u00e9al, QC\" title=\"Dr. Guyl\u00e8ne Th\u00e9riault, membre\" \/><\/div><blockquote><q>\"Vous cherchez des recommandations sur la pr\u00e9vention et le d\u00e9pistage, le site Web du Groupe d&rsquo;\u00e9tude canadien vous propose des outils et ressources de pratique clinique pour vous aider \u00e0 am\u00e9liorer la communication avec vos patients.\"<\/q><\/blockquote><div class='author-detail'>Dr. Guyl\u00e8ne Th\u00e9riault, membre<span>Montr\u00e9al, QC<\/span><\/div><\/div><\/li>\n<li><div class='dt-sc-testimonial type2type3'><div class='author'><img decoding=\"async\" src=\"https:\/\/canadiantaskforce.ca\/wp-content\/uploads\/2016\/04\/PersaudHeadshot2016_BW.jpg\" alt=\"Toronto, ON\" title=\"Dr. Nav Persaud, membre\" \/><\/div><blockquote><q>\"Le Groupe d\u2019\u00e9tude canadien adopte une perspective g\u00e9n\u00e9rale en mati\u00e8re de promotion de la sant\u00e9 et de la pr\u00e9vention de la maladie comme en m\u00e9decine familiale. Plut\u00f4t que de cibler une condition m\u00e9dicale sp\u00e9cifique, le Groupe d\u2019\u00e9tude canadien a le mandat de formuler des recommandations cr\u00e9dibles visant \u00e0 am\u00e9liorer la sant\u00e9 de la population canadienne.\"<\/q><\/blockquote><div class='author-detail'>Dr. Nav Persaud, membre<span>Toronto, ON<\/span><\/div><\/div><\/li>\n<li>\u00a0<\/li>\n<\/ul><div class=\"carousel-arrows\"><a href=\"javascript:void(0);\" class=\"testimonial-prev\" aria-label=\"Previous testimonial\"><\/a><a href=\"javascript:void(0);\" class=\"testimonial-next\" aria-label=\"Next testimonial\"><\/a><\/div><\/div><\/div><\/div>\n<p><!--[dt_sc_fullwidth_section backgroundimage=\"https:\/\/canadiantaskforce.ca\/wp-content\/uploads\/2016\/11\/subscribe.png\" parallax=\"no\" backgroundrepeat=\"no-repeat\" backgroundposition=\"center center\" paddingtop=\"90\" paddingbottom=\"90\" textcolor=\"#ffffff\" disable_container=\"false\"] [dt_sc_newsletter_section title=\"Subscribe to our newsletter\"][\/dt_sc_newsletter_section] [\/dt_sc_fullwidth_section]--><\/p>\n<\/div>","protected":false},"excerpt":{"rendered":"<p>Lignes directrices du GECSSP Acc\u00e9dez aux lignes directrices de pratique clinique du GECSSP. Voir toutes les lignes directrices Outils &amp; ressources Acc\u00e9dez aux outils et ressources du GECSSP pour mieux comprendre et mettre en oeuvre les lignes directrices du GECSSP. Explorez plus d\u2019outils dans les lignes directrices.<\/p>\n","protected":false},"author":2,"featured_media":0,"parent":0,"menu_order":137,"comment_status":"closed","ping_status":"closed","template":"tpl-fullwidth.php","meta":{"_acf_changed":false,"footnotes":""},"categories":[],"tags":[],"class_list":["post-10239","page","type-page","status-publish","hentry"],"acf":[],"_links":{"self":[{"href":"https:\/\/canadiantaskforce.ca\/fr\/wp-json\/wp\/v2\/pages\/10239","targetHints":{"allow":["GET"]}}],"collection":[{"href":"https:\/\/canadiantaskforce.ca\/fr\/wp-json\/wp\/v2\/pages"}],"about":[{"href":"https:\/\/canadiantaskforce.ca\/fr\/wp-json\/wp\/v2\/types\/page"}],"author":[{"embeddable":true,"href":"https:\/\/canadiantaskforce.ca\/fr\/wp-json\/wp\/v2\/users\/2"}],"replies":[{"embeddable":true,"href":"https:\/\/canadiantaskforce.ca\/fr\/wp-json\/wp\/v2\/comments?post=10239"}],"version-history":[{"count":28,"href":"https:\/\/canadiantaskforce.ca\/fr\/wp-json\/wp\/v2\/pages\/10239\/revisions"}],"predecessor-version":[{"id":33787,"href":"https:\/\/canadiantaskforce.ca\/fr\/wp-json\/wp\/v2\/pages\/10239\/revisions\/33787"}],"wp:attachment":[{"href":"https:\/\/canadiantaskforce.ca\/fr\/wp-json\/wp\/v2\/media?parent=10239"}],"wp:term":[{"taxonomy":"category","embeddable":true,"href":"https:\/\/canadiantaskforce.ca\/fr\/wp-json\/wp\/v2\/categories?post=10239"},{"taxonomy":"post_tag","embeddable":true,"href":"https:\/\/canadiantaskforce.ca\/fr\/wp-json\/wp\/v2\/tags?post=10239"}],"curies":[{"name":"wp","href":"https:\/\/api.w.org\/{rel}","templated":true}]}}