{"id":10264,"date":"2016-09-30T11:42:49","date_gmt":"2016-09-30T15:42:49","guid":{"rendered":"http:\/\/canadiantaskforce.ca\/?page_id=10264&#038;lang=fr"},"modified":"2024-04-16T10:12:29","modified_gmt":"2024-04-16T14:12:29","slug":"hypertension-arterielle-comment-mesurer-la-pression-arterielle","status":"publish","type":"page","link":"https:\/\/canadiantaskforce.ca\/fr\/tools-resources\/hypertension-arterielle\/hypertension-arterielle-comment-mesurer-la-pression-arterielle\/","title":{"rendered":"Hypertension art\u00e9rielle\u2014Comment mesurer la pression art\u00e9rielle"},"content":{"rendered":"<div class='fullwidth-section  ' style=\"background-repeat:no-repeat;background-position:left top;\"><div class=\"container\"><div class=\"dt-sc-tabs-vertical2-container\"><ul id=\"menu-outilsressources\" class=\"dt-sc-tabs-vertical2-frame\"><li id=\"menu-item-14151\" class=\"menu-item menu-item-type-post_type menu-item-object-page menu-item-14151\"><a href=\"https:\/\/canadiantaskforce.ca\/fr\/tools-resources\/\">Outils de d\u00e9pistage<\/a><\/li>\n<li id=\"menu-item-14150\" class=\"menu-item menu-item-type-post_type menu-item-object-page menu-item-14150\"><a href=\"https:\/\/canadiantaskforce.ca\/fr\/?page_id=11228\">Vid\u00e9os<\/a><\/li>\n<\/ul><div class=\"dt-sc-tabs-vertical2-frame-content\"><div class='pdfdownload'><h5>Version PDF<\/h5><hr><div class='pdfdownload-text'> <a href=\"https:\/\/canadiantaskforce.ca\/wp-content\/uploads\/2016\/09\/htn-poster-fr16-01-11update.pdf\" target=\"blank\" rel=\"noopener\">T\u00e9l\u00e9charger le PDF<\/a><\/div><\/div>\n<div class='back'><h4><span class='fa fa-angle-left'><\/span>&nbsp;<a href='\/lignesdirectrives\/lignes-directrices-publiees\/hypertension-arterielle\/?lang=fr'>Retour<\/a><\/h4><\/div>\n<p><strong>PR\u00c9PARATION<\/strong><\/p>\n<ul>\n<li>Le patient ne doit pas faire d\u2019exercice 30 minutes avant la prise de la pression art\u00e9rielle<\/li>\n<li>Le patient ne doit pas boire de caf\u00e9, manger, fumer ou prendre un d\u00e9congestionnant une heure avant la mesure de la pression art\u00e9rielle<\/li>\n<li>Demander au patient de vider sa vessie et ses intestins<\/li>\n<li>Faire asseoir le patient dans un milieu calme et confortable<\/li>\n<li>Attendre que le patient ait \u00e9t\u00e9 assis calmement pendant 5 minutes avant de mesurer la pression art\u00e9rielle<\/li>\n<\/ul>\n<p><strong>APPAREIL<\/strong><\/p>\n<ul>\n<li><a href=\"http:\/\/www.hypertension.qc.ca\/appareils\" target=\"_blank\" rel=\"noopener\">S\u2019assurer que l\u2019appareil est valid\u00e9<\/a> et qu\u2019il est \u00e9talonn\u00e9 selon les recommandations du fabricant<\/li>\n<li>S\u2019assurer d\u2019avoir des brassards de taille appropri\u00e9e : petit, moyen ou grand, selon la circonf\u00e9rence du bras<\/li>\n<\/ul>\n<p><strong>PENDANT LA PRISE DE LA PRESSION ART\u00c9RIELLE<\/strong>\n<a href=\"https:\/\/canadiantaskforce.ca\/wp-content\/uploads\/2016\/09\/2012-hypertension-poster-for-clinicians-en-w1280.jpg\"><img loading=\"lazy\" decoding=\"async\" class=\"aligncenter size-large wp-image-9442\" src=\"https:\/\/canadiantaskforce.ca\/wp-content\/uploads\/2016\/09\/2012-hypertension-poster-for-clinicians-en-w1280-698x1024.jpg\" alt=\"2012-hypertension-poster-for-clinicians-en-w1280\" width=\"698\" height=\"1024\" srcset=\"https:\/\/canadiantaskforce.ca\/wp-content\/uploads\/2016\/09\/2012-hypertension-poster-for-clinicians-en-w1280-698x1024.jpg 698w, https:\/\/canadiantaskforce.ca\/wp-content\/uploads\/2016\/09\/2012-hypertension-poster-for-clinicians-en-w1280-600x881.jpg 600w, https:\/\/canadiantaskforce.ca\/wp-content\/uploads\/2016\/09\/2012-hypertension-poster-for-clinicians-en-w1280-204x300.jpg 204w, https:\/\/canadiantaskforce.ca\/wp-content\/uploads\/2016\/09\/2012-hypertension-poster-for-clinicians-en-w1280-768x1127.jpg 768w, https:\/\/canadiantaskforce.ca\/wp-content\/uploads\/2016\/09\/2012-hypertension-poster-for-clinicians-en-w1280-68x100.jpg 68w, https:\/\/canadiantaskforce.ca\/wp-content\/uploads\/2016\/09\/2012-hypertension-poster-for-clinicians-en-w1280.jpg 1280w\" sizes=\"auto, (max-width: 698px) 100vw, 698px\" \/><\/a><\/p>\n<ol>\n<li>Asseoir le patient<\/li>\n<li>Demander au patient de ne pas parler<\/li>\n<li>S\u2019assurer que le dos du patient soit bien appuy\u00e9<\/li>\n<li>S\u2019assurer que les jambes du patient ne soient pas crois\u00e9es<\/li>\n<li>S\u2019assurer que les pieds du patient soient pos\u00e9s \u00e0 plat au sol<\/li>\n<li>S&rsquo;assurer que le bras du patient soit soutenu<\/li>\n<li>Placer le brassard \u00e0 la mi-bras, au niveau du c\u0153ur<\/li>\n<li>Placer le bas du brassard \u00e0 3 cm du pli du coude<\/li>\n<\/ol>\n<p>&nbsp;<\/p>\n<p><strong>MESURE DE LA PRESSION ART\u00c9RIELLE \u00c0 DOMICILE<\/strong><\/p>\n<ul>\n<li>Mesurer la pression art\u00e9rielle deux fois le matin et deux fois le soir pendant 7 jours.<\/li>\n<li>Ne pas tenir compte des mesures du jour 1.<\/li>\n<li>Faire la moyenne des valeurs obtenues.<\/li>\n<\/ul>\n<p><strong>Valeur cible<\/strong><\/p>\n<p>&lt;135\/85 mmHg<\/p>\n<p><strong>MESURE DE LA PRESSION ART\u00c9RIELLE EN CLINIQUE<\/strong><\/p>\n<ul>\n<li>Prendre deux mesures avec le m\u00eame bras et \u00e0 la m\u00eame position<\/li>\n<li>Faire la moyenne des mesures<\/li>\n<li>Ne pas arrondir les r\u00e9sultats<\/li>\n<\/ul>\n<p><strong>Valeur cible<\/strong><\/p>\n<p>&lt;140\/90 mmHg\n&lt;130\/80 mmHg Hg pour le diab\u00e8te<\/p>\n<p><strong>APPROUV\u00c9 PAR<\/strong><\/p>\n<ul>\n<li><a href=\"http:\/\/www.hypertension.ca\/\" target=\"_blank\" rel=\"noopener\">Hypertension Canada<\/a><\/li>\n<li><a href=\"http:\/\/www.hypertension.qc.ca\/\" target=\"_blank\" rel=\"noopener\">Soci\u00e9t\u00e9 qu\u00e9b\u00e9coise d\u2019hypertension art\u00e9rielle<\/a><\/li>\n<\/ul>\n<\/div><\/div><\/div><\/div>\n","protected":false},"excerpt":{"rendered":"","protected":false},"author":2,"featured_media":9452,"parent":11073,"menu_order":0,"comment_status":"closed","ping_status":"closed","template":"","meta":{"_acf_changed":false,"footnotes":""},"categories":[218],"tags":[],"class_list":["post-10264","page","type-page","status-publish","has-post-thumbnail","hentry","category-outils"],"acf":[],"_links":{"self":[{"href":"https:\/\/canadiantaskforce.ca\/fr\/wp-json\/wp\/v2\/pages\/10264","targetHints":{"allow":["GET"]}}],"collection":[{"href":"https:\/\/canadiantaskforce.ca\/fr\/wp-json\/wp\/v2\/pages"}],"about":[{"href":"https:\/\/canadiantaskforce.ca\/fr\/wp-json\/wp\/v2\/types\/page"}],"author":[{"embeddable":true,"href":"https:\/\/canadiantaskforce.ca\/fr\/wp-json\/wp\/v2\/users\/2"}],"replies":[{"embeddable":true,"href":"https:\/\/canadiantaskforce.ca\/fr\/wp-json\/wp\/v2\/comments?post=10264"}],"version-history":[{"count":1,"href":"https:\/\/canadiantaskforce.ca\/fr\/wp-json\/wp\/v2\/pages\/10264\/revisions"}],"predecessor-version":[{"id":29100,"href":"https:\/\/canadiantaskforce.ca\/fr\/wp-json\/wp\/v2\/pages\/10264\/revisions\/29100"}],"up":[{"embeddable":true,"href":"https:\/\/canadiantaskforce.ca\/fr\/wp-json\/wp\/v2\/pages\/11073"}],"wp:featuredmedia":[{"embeddable":true,"href":"https:\/\/canadiantaskforce.ca\/fr\/wp-json\/wp\/v2\/media\/9452"}],"wp:attachment":[{"href":"https:\/\/canadiantaskforce.ca\/fr\/wp-json\/wp\/v2\/media?parent=10264"}],"wp:term":[{"taxonomy":"category","embeddable":true,"href":"https:\/\/canadiantaskforce.ca\/fr\/wp-json\/wp\/v2\/categories?post=10264"},{"taxonomy":"post_tag","embeddable":true,"href":"https:\/\/canadiantaskforce.ca\/fr\/wp-json\/wp\/v2\/tags?post=10264"}],"curies":[{"name":"wp","href":"https:\/\/api.w.org\/{rel}","templated":true}]}}