{"id":10268,"date":"2016-09-30T11:57:04","date_gmt":"2016-09-30T15:57:04","guid":{"rendered":"http:\/\/canadiantaskforce.ca\/?page_id=10268&#038;lang=fr"},"modified":"2024-04-16T10:11:25","modified_gmt":"2024-04-16T14:11:25","slug":"hypertension-clinician-summary","status":"publish","type":"page","link":"https:\/\/canadiantaskforce.ca\/fr\/hypertension-clinician-summary\/","title":{"rendered":"Hypertension art\u00e9rielle\u2014R\u00e9sum\u00e9 \u00e0 l&rsquo;intention des cliniciens"},"content":{"rendered":"<div class='fullwidth-section  ' style=\"background-repeat:no-repeat;background-position:left top;\"><div class=\"container\"><div class=\"dt-sc-tabs-vertical2-container\"><ul id=\"menu-guidelines-french\" class=\"dt-sc-tabs-vertical2-frame\"><li id=\"menu-item-14161\" class=\"menu-item menu-item-type-post_type menu-item-object-page menu-item-has-children menu-item-14161\"><a href=\"https:\/\/canadiantaskforce.ca\/fr\/lignesdirectrives\/lignes-directrices-publiees\/\">Lignes directrices publi\u00e9es<\/a>\n<ul class=\"sub-menu\">\n\t<li id=\"menu-item-10358\" class=\"menu-item menu-item-type-post_type menu-item-object-page menu-item-10358\"><a href=\"https:\/\/canadiantaskforce.ca\/fr\/lignesdirectrives\/\">Aper\u00e7u<\/a><\/li>\n\t<li id=\"menu-item-22231\" class=\"menu-item menu-item-type-post_type menu-item-object-page menu-item-22231\"><a href=\"https:\/\/canadiantaskforce.ca\/fr\/lignesdirectrives\/lignes-directrices-publiees\/adenocarcinome-oesophagien\/\">Ad\u00e9nocarcinome \u0153sophagien (2020)<\/a><\/li>\n\t<li id=\"menu-item-20198\" class=\"menu-item menu-item-type-post_type menu-item-object-page menu-item-20198\"><a href=\"https:\/\/canadiantaskforce.ca\/fr\/lignesdirectrives\/lignes-directrices-publiees\/anevrisme-aortique-abdominal\/\">An\u00e9vrisme de l\u2019aorte abdominale (2017)<\/a><\/li>\n\t<li id=\"menu-item-17776\" class=\"menu-item menu-item-type-post_type menu-item-object-page menu-item-17776\"><a href=\"https:\/\/canadiantaskforce.ca\/fr\/lignesdirectrives\/lignes-directrices-publiees\/bacteriurie-asymptomatique\/\">Bact\u00e9riurie asymptomatique au cours de la grossesse (2018)<\/a><\/li>\n\t<li id=\"menu-item-29979\" class=\"menu-item menu-item-type-post_type menu-item-object-page menu-item-29979\"><a href=\"https:\/\/canadiantaskforce.ca\/fr\/lignesdirectrives\/lignes-directrices-publiees\/cancer-du-sein-mise-a-jour-2024\/\">[Archiv\u00e9] Cancer du Sein (mise \u00e0 jour) -Recommandations provisoires (2024)<\/a><\/li>\n\t<li id=\"menu-item-10816\" class=\"menu-item menu-item-type-post_type menu-item-object-page menu-item-10816\"><a href=\"https:\/\/canadiantaskforce.ca\/fr\/lignesdirectrives\/lignes-directrices-publiees\/cancer-colorectal\/\">Cancer colorectal (2016)<\/a><\/li>\n\t<li id=\"menu-item-10817\" class=\"menu-item menu-item-type-post_type menu-item-object-page menu-item-10817\"><a href=\"https:\/\/canadiantaskforce.ca\/fr\/lignesdirectrives\/lignes-directrices-publiees\/cancer-de-la-prostate\/\">Cancer de la prostate (2014)<\/a><\/li>\n\t<li id=\"menu-item-10818\" class=\"menu-item menu-item-type-post_type menu-item-object-page menu-item-10818\"><a href=\"https:\/\/canadiantaskforce.ca\/fr\/lignesdirectrives\/lignes-directrices-publiees\/cancer-du-col-de-luterus\/\">Cancer du col de l\u2019ut\u00e9rus (2013)<\/a><\/li>\n\t<li id=\"menu-item-10819\" class=\"menu-item menu-item-type-post_type menu-item-object-page menu-item-10819\"><a href=\"https:\/\/canadiantaskforce.ca\/fr\/lignesdirectrives\/lignes-directrices-publiees\/cancer-du-poumon\/\">Cancer du poumon (2016)<\/a><\/li>\n\t<li id=\"menu-item-23926\" class=\"menu-item menu-item-type-post_type menu-item-object-page menu-item-23926\"><a href=\"https:\/\/canadiantaskforce.ca\/fr\/lignesdirectrives\/lignes-directrices-publiees\/chlamydia-et-gonorrhee\/\">Chlamydia et gonorrh\u00e9e (2021)<\/a><\/li>\n\t<li id=\"menu-item-10821\" class=\"menu-item menu-item-type-post_type menu-item-object-page menu-item-10821\"><a href=\"https:\/\/canadiantaskforce.ca\/fr\/lignesdirectrives\/lignes-directrices-publiees\/deficience-cognitive\/\">D\u00e9ficience cognitive (2024)<\/a><\/li>\n\t<li id=\"menu-item-33166\" class=\"menu-item menu-item-type-post_type menu-item-object-page menu-item-33166\"><a href=\"https:\/\/canadiantaskforce.ca\/fr\/lignesdirectrives\/lignes-directrices-publiees\/depression-chez-ladulte-mise-a-jour\/\">D\u00e9pression chez l\u2019adulte (mise \u00e0 jour) (2025)<\/a><\/li>\n\t<li id=\"menu-item-25495\" class=\"menu-item menu-item-type-post_type menu-item-object-page menu-item-25495\"><a href=\"https:\/\/canadiantaskforce.ca\/fr\/lignesdirectrives\/lignes-directrices-publiees\/depression-pendant-la-grossesse-et-la-periode-postnatale\/\">D\u00e9pression pendant la grossesse et la p\u00e9riode postnatale (2022)<\/a><\/li>\n\t<li id=\"menu-item-10823\" class=\"menu-item menu-item-type-post_type menu-item-object-page menu-item-10823\"><a href=\"https:\/\/canadiantaskforce.ca\/fr\/lignesdirectrives\/lignes-directrices-publiees\/diabete-de-type-2\/\">Diab\u00e8te de type 2 (2012)<\/a><\/li>\n\t<li id=\"menu-item-22278\" class=\"menu-item menu-item-type-post_type menu-item-object-page menu-item-22278\"><a href=\"https:\/\/canadiantaskforce.ca\/fr\/lignesdirectrives\/lignes-directrices-publiees\/dysfonctionnement-thyroidien\/\">Dysfonctionnement thyro\u00efdien (2019)<\/a><\/li>\n\t<li id=\"menu-item-10824\" class=\"menu-item menu-item-type-post_type menu-item-object-page menu-item-10824\"><a href=\"https:\/\/canadiantaskforce.ca\/fr\/lignesdirectrives\/lignes-directrices-publiees\/pelvic-exam\/\">Examen pelvien (2016)<\/a><\/li>\n\t<li id=\"menu-item-27545\" class=\"menu-item menu-item-type-post_type menu-item-object-page menu-item-27545\"><a href=\"https:\/\/canadiantaskforce.ca\/fr\/lignesdirectrives\/lignes-directrices-publiees\/fracture-de-fragilisation\/\">Fracture De Fragilisation (2023)<\/a><\/li>\n\t<li id=\"menu-item-13025\" class=\"menu-item menu-item-type-post_type menu-item-object-page menu-item-13025\"><a href=\"https:\/\/canadiantaskforce.ca\/fr\/lignesdirectrives\/lignes-directrices-publiees\/hepatite-c\/\">H\u00e9patite C (2017)<\/a><\/li>\n\t<li id=\"menu-item-10825\" class=\"menu-item menu-item-type-post_type menu-item-object-page menu-item-10825\"><a href=\"https:\/\/canadiantaskforce.ca\/fr\/lignesdirectrives\/lignes-directrices-publiees\/hypertension-arterielle\/\">Hypertension art\u00e9rielle (2012)<\/a><\/li>\n\t<li id=\"menu-item-10828\" class=\"menu-item menu-item-type-post_type menu-item-object-page menu-item-10828\"><a href=\"https:\/\/canadiantaskforce.ca\/fr\/lignesdirectrives\/lignes-directrices-publiees\/retard-de-developpement\/\">Retard de d\u00e9veloppement (2016)<\/a><\/li>\n\t<li id=\"menu-item-32710\" class=\"menu-item menu-item-type-post_type menu-item-object-page menu-item-32710\"><a href=\"https:\/\/canadiantaskforce.ca\/fr\/lignesdirectrives\/lignes-directrices-publiees\/tabagisme-chez-ladulte\/\">Tabagisme chez l\u2019adulte (2025)<\/a><\/li>\n\t<li id=\"menu-item-12541\" class=\"menu-item menu-item-type-post_type menu-item-object-page menu-item-12541\"><a href=\"https:\/\/canadiantaskforce.ca\/fr\/lignesdirectrives\/lignes-directrices-publiees\/tabagisme-chez-les-enfants-et-les-adolescents\/\">Tabagisme chez les enfants et les adolescents (2017)<\/a><\/li>\n\t<li id=\"menu-item-17149\" class=\"menu-item menu-item-type-post_type menu-item-object-page menu-item-17149\"><a href=\"https:\/\/canadiantaskforce.ca\/fr\/lignesdirectrives\/lignes-directrices-publiees\/troubles-de-la-vision\/\">Troubles de la vision (2018)<\/a><\/li>\n<\/ul>\n<\/li>\n<li id=\"menu-item-31045\" class=\"menu-item menu-item-type-post_type menu-item-object-page menu-item-31045\"><a href=\"https:\/\/canadiantaskforce.ca\/fr\/lignesdirectrives\/scores-d-evaluation-ecri\/\">Scores d\u2019\u00e9valuation (ECRI)<\/a><\/li>\n<li id=\"menu-item-19784\" class=\"menu-item menu-item-type-post_type menu-item-object-page menu-item-19784\"><a href=\"https:\/\/canadiantaskforce.ca\/fr\/lignesdirectrives\/revues-systematiques-et-protocoles\/\">Revues Syst\u00e9matiques et Protocoles<\/a><\/li>\n<li id=\"menu-item-19879\" class=\"menu-item menu-item-type-post_type menu-item-object-page menu-item-has-children menu-item-19879\"><a href=\"https:\/\/canadiantaskforce.ca\/fr\/methodologie\/\">[Archiv\u00e9]\u00a0M\u00e9thodologie<\/a>\n<ul class=\"sub-menu\">\n\t<li id=\"menu-item-19880\" class=\"menu-item menu-item-type-post_type menu-item-object-page menu-item-19880\"><a href=\"https:\/\/canadiantaskforce.ca\/fr\/methodologie\/\">Manuel des proc\u00e9dures<\/a><\/li>\n\t<li id=\"menu-item-19881\" class=\"menu-item menu-item-type-post_type menu-item-object-page menu-item-19881\"><a href=\"https:\/\/canadiantaskforce.ca\/fr\/methodologie\/grade\/\">GRADE<\/a><\/li>\n\t<li id=\"menu-item-19882\" class=\"menu-item menu-item-type-post_type menu-item-object-page menu-item-19882\"><a href=\"https:\/\/canadiantaskforce.ca\/fr\/methodologie\/protocole-relatif-aux-preferences-des-patients\/\">Protocole de participation du patient<\/a><\/li>\n\t<li id=\"menu-item-28459\" class=\"menu-item menu-item-type-post_type menu-item-object-page menu-item-28459\"><a href=\"https:\/\/canadiantaskforce.ca\/fr\/methodologie\/updating-reaffirmation-and-sunsetting-clinical-practice-guidelines-methods-from-the-canadian-task-force-on-preventive-health-care\/\">Mise \u00e0 jour, r\u00e9affirmation et caducit\u00e9 des\u00a0lignes directrices de pratique clinique\u00a0<\/a><\/li>\n<\/ul>\n<\/li>\n<li id=\"menu-item-27713\" class=\"menu-item menu-item-type-post_type menu-item-object-page menu-item-has-children menu-item-27713\"><a href=\"https:\/\/canadiantaskforce.ca\/fr\/lignesdirectrives\/autres-publications\/\">Autres publications<\/a>\n<ul class=\"sub-menu\">\n\t<li id=\"menu-item-19587\" class=\"menu-item menu-item-type-post_type menu-item-object-page menu-item-19587\"><a href=\"https:\/\/canadiantaskforce.ca\/fr\/lignesdirectrives\/serie-prevention-en-pratique\/\">S\u00e9rie Pr\u00e9vention en pratique<\/a><\/li>\n\t<li id=\"menu-item-19491\" class=\"menu-item menu-item-type-post_type menu-item-object-page menu-item-19491\"><a href=\"https:\/\/canadiantaskforce.ca\/fr\/lignesdirectrives\/visites-periodiques-en-sante-preventive\/\">Visites p\u00e9riodiques en sant\u00e9 pr\u00e9ventive<\/a><\/li>\n<\/ul>\n<\/li>\n<\/ul><div class=\"dt-sc-tabs-vertical2-frame-content\"><div class='pdfdownload'><h5>Version PDF<\/h5><hr><div class='pdfdownload-text'><a href=\"https:\/\/canadiantaskforce.ca\/wp-content\/uploads\/2016\/09\/2012-hypertension-clinician-summary-fr.pdf\">T\u00e9l\u00e9charger le PDF<\/a><\/div><\/div>\n<h3>POPULATION<\/h3>\n<p>Adultes \u00e2g\u00e9s de 18 ans et plus, y compris ceux qui ont une tension art\u00e9rielle de base moyenne et qui pr\u00e9sentent un risque d\u2019hypertension art\u00e9rielle ainsi qu\u2019un risque vasculaire plus \u00e9lev\u00e9 que la moyenne, mais qui n\u2019ont jamais re\u00e7u de diagnostic d\u2019hypertension art\u00e9rielle auparavant. Ces recommandations ne s\u2019appliquent pas aux personnes qui ont d\u00e9j\u00e0 re\u00e7u un diagnostic confirm\u00e9 d\u2019hypertension art\u00e9rielle.<\/p>\n<p>&nbsp;<\/p>\n<h3>FARDEAU DE LA MALADIE<\/h3>\n<p>Environ 4,6 millions de Canadiens adultes (19 % de la population) font de l\u2019hypertension art\u00e9rielle. La pr\u00e9valence de l\u2019hypertension art\u00e9rielle augmente avec l\u2019\u00e2ge, les comorbidit\u00e9s et d\u2019autres facteurs de risque.<\/p>\n<h3>INTERVENTION: D\u00c9PISTAGE DE L\u2019HYPERTENSION ART\u00c9RIELLE<\/h3>\n<figure id=\"table1\">\n<table>\n<thead>\n<tr>\n<th scope=\"col\">Recommandation<\/th>\n<th scope=\"col\">Force de la recommandation<\/th>\n<th scope=\"col\">Justification des recommandations<\/th>\n<\/tr>\n<\/thead>\n<tbody>\n<tr>\n<td>Nous recommandons la mesure de la pression art\u00e9rielle au cours de toutes les visites de soins primaires appropri\u00e9es.<\/td>\n<td>Recommandation forte; donn\u00e9es probantes de qualit\u00e9 moyenne<\/td>\n<td>Cette recommandation accorde une importance relativement \u00e9lev\u00e9e aux donn\u00e9es probantes indirectes qui indiquent que le d\u00e9pistage peut mener \u00e0 un diagnostic d\u2019hypertension art\u00e9rielle de fa\u00e7on efficace; et que ce diagnostic peut lui-m\u00eame donner lieu \u00e0 un traitement efficace, r\u00e9duisant ainsi l\u2019incidence des maladies cardiovasculaires et des accidents vasculaires c\u00e9r\u00e9braux. Elle accorde \u00e9galement une importance \u00e9lev\u00e9e au fait qu\u2019aucune \u00e9tude indiquant que le d\u00e9pistage n\u2019\u00e9tait pas efficace ou qu\u2019il \u00e9tait potentiellement n\u00e9faste n\u2019a \u00e9t\u00e9 trouv\u00e9e.<\/td>\n<\/tr>\n<tr>\n<td>Nous recommandons que la pression art\u00e9rielle soit mesur\u00e9e selon les techniques actuelles d\u00e9crites dans les recommandations du Programme \u00e9ducatif canadien sur l\u2019hypertension (PECH) pour la mesure de la pression art\u00e9rielle en cabinet et hors cabinet.<sup>i<\/sup><\/td>\n<td>Recommandation forte; donn\u00e9es probantes de qualit\u00e9 moyenne<\/td>\n<td>Les recommandations 2012 du PECH pour la mesure de la pression art\u00e9rielle en cabinet ou ambulatoire ont \u00e9t\u00e9 \u00e9valu\u00e9es avec soin par le Groupe d\u2019\u00e9tude canadien sur les soins de sant\u00e9 pr\u00e9ventifs (G\u00c9CSSP) afin d\u2019\u00e9valuer la qualit\u00e9 du processus d\u2019\u00e9laboration des lignes directrices. Nous avons observ\u00e9\u00a0qu\u2019elles satisfaisaient aux crit\u00e8res du G\u00c9CSSP\u00a0relativement \u00e0 l\u2019\u00e9laboration rigoureuse de directives solides.<\/td>\n<\/tr>\n<tr>\n<td>Pour les personnes dont le d\u00e9pistage r\u00e9v\u00e8le une tension art\u00e9rielle \u00e9lev\u00e9e, les crit\u00e8res du PECH\u00a0aux fins d\u2019\u00e9valuation et de diagnostic des cas d\u2019hypertension art\u00e9rielle doivent s\u2019appliquer pour d\u00e9terminer si le patient satisfait aux crit\u00e8res de diagnostic d\u2019hypertension art\u00e9rielle<sup>ii<\/sup><\/td>\n<td>Recommandation forte; donn\u00e9es probantes de qualit\u00e9 moyenne<\/td>\n<td>Les recommandations 2012 du PECH\u00a0pour l\u2019\u00e9valuation et le diagnostic des cas d\u2019hypertension art\u00e9rielle ont \u00e9t\u00e9 \u00e9valu\u00e9es avec soin par le G\u00c9CSSP\u00a0afin d\u2019\u00e9valuer la qualit\u00e9 du processus d\u2019\u00e9laboration des lignes directrices. Nous avons observ\u00e9\u00a0qu\u2019elles satisfaisaient aux crit\u00e8res du G\u00c9CSSP\u00a0relativement \u00e0 l\u2019\u00e9laboration rigoureuse de directives solides.<\/td>\n<\/tr>\n<\/tbody>\n<\/table>\n<p>&nbsp;<\/figure>\n<h3>D\u00c9TAILS SUR LES SERVICES RECOMMAND\u00c9S<\/h3>\n<p>Pour les adultes \u00e2g\u00e9s de 18 ans et plus, nous sugg\u00e9rons un d\u00e9pistage au cours de toutes les visites appropri\u00e9es, qui peuvent comprendre notamment : les visites de nouveaux patients, les examens de sant\u00e9 p\u00e9riodiques, les visites en cabinet urgentes relatives \u00e0 des probl\u00e8mes neurologiques ou cardiovasculaires, les visites pour le renouvellement de m\u00e9dicaments et d\u2019autres visites lorsque le m\u00e9decin de soins primaires\u00a0juge qu\u2019il s\u2019agit d\u2019une occasion appropri\u00e9e pour surveiller la tension art\u00e9rielle. Il n\u2019est pas n\u00e9cessaire de mesurer la pression art\u00e9rielle de chaque patient \u00e0 chaque visite en cabinet si la situation clinique ne l\u2019exige pas. La fr\u00e9quence et le moment du d\u00e9pistage de tension art\u00e9rielle peuvent varier d\u2019un patient \u00e0 l\u2019autre. Les risques d\u2019hypertension art\u00e9rielle, d\u2019accident vasculaire c\u00e9r\u00e9bral et de cardiopathie \u00e9voluent au cours de la dur\u00e9e de vie naturelle d\u2019une personne et augmentent avec l\u2019\u00e2ge, les comorbidit\u00e9s et d\u2019autres facteurs de risque. La fr\u00e9quence du d\u00e9pistage peut donc augmenter en cons\u00e9quence, en particulier chez les patients qui pr\u00e9sentent plus d\u2019un facteur de risque vasculaire. Mesurer la pression art\u00e9rielle de fa\u00e7on normale, constante et r\u00e9guli\u00e8re peut diminuer la n\u00e9cessit\u00e9 de contr\u00f4les fr\u00e9quents suppl\u00e9mentaires, tandis qu\u2019une tendance \u00e0 une tension art\u00e9rielle \u00ab\u00e9lev\u00e9e normale \u00bb pourrait signifier que davantage de contr\u00f4les fr\u00e9quents sont n\u00e9cessaires.<\/p>\n<p>&nbsp;<\/p>\n<h3>CONSID\u00c9RATIONS RELATIVES \u00c0 LA MISE EN OEUVRE<\/h3>\n<p>Envisagez d\u2019utiliser vos dossiers de sant\u00e9 \u00e9lectroniques pour envoyer des rappels de d\u00e9pistage aux adultes de 18 ans et plus, en particulier \u00e0 ceux dont vous n\u2019avez pas mesur\u00e9 la pression art\u00e9rielle.<\/p>\n<p>&nbsp;<\/p>\n<h3>CONSID\u00c9RATIONS PARTICULI\u00c8RES<\/h3>\n<p>Les adultes identifi\u00e9s comme faisant partie d\u2019un groupe ethnique \u00e0 risque \u00e9lev\u00e9 (personnes d\u2019ascendance asiatique orientale, autochtone ou africaine) peuvent tirer profit de contr\u00f4les plus fr\u00e9quents. Les professionnels de la sant\u00e9 doivent rester attentifs aux occasions de d\u00e9pistage des visiteurs peu fr\u00e9quents et d\u2019autres personnes n\u2019ayant pas pass\u00e9 de tests de d\u00e9pistage r\u00e9cemment.<\/p>\n<p>&nbsp;<\/p>\n<h3>Notes<\/h3>\n<p>i. Veuillez consulter <a href=\"http:\/\/www.hypertension.ca\/fr\/chep\/recommnendations-details\/mesure-de-la-pression-arterielle\" target=\"_blank\" rel=\"noopener noreferrer\">hypertension.ca<\/a><\/p>\n<p>ii. Veuillez consulter <a href=\"http:\/\/www.hypertension.ca\/fr\/professional\/chep\/diagnosis-measurement\/criteria-for-diagnosis-a-recommendations-for-follow-up\" target=\"_blank\" rel=\"noopener noreferrer\">hypertension.ca<\/a><\/p>\n<p>&nbsp;<\/p>\n<\/div><\/div><\/div><\/div>\n","protected":false},"excerpt":{"rendered":"","protected":false},"author":2,"featured_media":0,"parent":0,"menu_order":91,"comment_status":"closed","ping_status":"closed","template":"","meta":{"_acf_changed":false,"footnotes":""},"categories":[218],"tags":[],"class_list":["post-10268","page","type-page","status-publish","hentry","category-outils"],"acf":[],"_links":{"self":[{"href":"https:\/\/canadiantaskforce.ca\/fr\/wp-json\/wp\/v2\/pages\/10268","targetHints":{"allow":["GET"]}}],"collection":[{"href":"https:\/\/canadiantaskforce.ca\/fr\/wp-json\/wp\/v2\/pages"}],"about":[{"href":"https:\/\/canadiantaskforce.ca\/fr\/wp-json\/wp\/v2\/types\/page"}],"author":[{"embeddable":true,"href":"https:\/\/canadiantaskforce.ca\/fr\/wp-json\/wp\/v2\/users\/2"}],"replies":[{"embeddable":true,"href":"https:\/\/canadiantaskforce.ca\/fr\/wp-json\/wp\/v2\/comments?post=10268"}],"version-history":[{"count":1,"href":"https:\/\/canadiantaskforce.ca\/fr\/wp-json\/wp\/v2\/pages\/10268\/revisions"}],"predecessor-version":[{"id":20914,"href":"https:\/\/canadiantaskforce.ca\/fr\/wp-json\/wp\/v2\/pages\/10268\/revisions\/20914"}],"wp:attachment":[{"href":"https:\/\/canadiantaskforce.ca\/fr\/wp-json\/wp\/v2\/media?parent=10268"}],"wp:term":[{"taxonomy":"category","embeddable":true,"href":"https:\/\/canadiantaskforce.ca\/fr\/wp-json\/wp\/v2\/categories?post=10268"},{"taxonomy":"post_tag","embeddable":true,"href":"https:\/\/canadiantaskforce.ca\/fr\/wp-json\/wp\/v2\/tags?post=10268"}],"curies":[{"name":"wp","href":"https:\/\/api.w.org\/{rel}","templated":true}]}}