{"id":10287,"date":"2016-09-30T12:46:58","date_gmt":"2016-09-30T16:46:58","guid":{"rendered":"http:\/\/canadiantaskforce.ca\/?page_id=10287&#038;lang=fr"},"modified":"2024-04-16T10:11:26","modified_gmt":"2024-04-16T14:11:26","slug":"cancer-du-poumon-resume-a-lintention-des-cliniciens","status":"publish","type":"page","link":"https:\/\/canadiantaskforce.ca\/fr\/cancer-du-poumon-resume-a-lintention-des-cliniciens\/","title":{"rendered":"Cancer du poumon\u2014R\u00e9sum\u00e9 \u00e0 l&rsquo;intention des cliniciens"},"content":{"rendered":"<div class='fullwidth-section  ' style=\"background-repeat:no-repeat;background-position:left top;\"><div class=\"container\"><div class=\"dt-sc-tabs-vertical2-container\"><ul id=\"menu-guidelines-french\" class=\"dt-sc-tabs-vertical2-frame\"><li id=\"menu-item-14161\" class=\"menu-item menu-item-type-post_type menu-item-object-page menu-item-has-children menu-item-14161\"><a href=\"https:\/\/canadiantaskforce.ca\/fr\/lignesdirectrives\/lignes-directrices-publiees\/\">Lignes directrices publi\u00e9es<\/a>\n<ul class=\"sub-menu\">\n\t<li id=\"menu-item-10358\" class=\"menu-item menu-item-type-post_type menu-item-object-page menu-item-10358\"><a href=\"https:\/\/canadiantaskforce.ca\/fr\/lignesdirectrives\/\">Aper\u00e7u<\/a><\/li>\n\t<li id=\"menu-item-22231\" class=\"menu-item menu-item-type-post_type menu-item-object-page menu-item-22231\"><a href=\"https:\/\/canadiantaskforce.ca\/fr\/lignesdirectrives\/lignes-directrices-publiees\/adenocarcinome-oesophagien\/\">Ad\u00e9nocarcinome \u0153sophagien (2020)<\/a><\/li>\n\t<li id=\"menu-item-20198\" class=\"menu-item menu-item-type-post_type menu-item-object-page menu-item-20198\"><a href=\"https:\/\/canadiantaskforce.ca\/fr\/lignesdirectrives\/lignes-directrices-publiees\/anevrisme-aortique-abdominal\/\">An\u00e9vrisme de l\u2019aorte abdominale (2017)<\/a><\/li>\n\t<li id=\"menu-item-17776\" class=\"menu-item menu-item-type-post_type menu-item-object-page menu-item-17776\"><a href=\"https:\/\/canadiantaskforce.ca\/fr\/lignesdirectrives\/lignes-directrices-publiees\/bacteriurie-asymptomatique\/\">Bact\u00e9riurie asymptomatique au cours de la grossesse (2018)<\/a><\/li>\n\t<li id=\"menu-item-29979\" class=\"menu-item menu-item-type-post_type menu-item-object-page menu-item-29979\"><a href=\"https:\/\/canadiantaskforce.ca\/fr\/lignesdirectrives\/lignes-directrices-publiees\/cancer-du-sein-mise-a-jour-2024\/\">[Archiv\u00e9] Cancer du Sein (mise \u00e0 jour) -Recommandations provisoires (2024)<\/a><\/li>\n\t<li id=\"menu-item-10816\" class=\"menu-item menu-item-type-post_type menu-item-object-page menu-item-10816\"><a href=\"https:\/\/canadiantaskforce.ca\/fr\/lignesdirectrives\/lignes-directrices-publiees\/cancer-colorectal\/\">Cancer colorectal (2016)<\/a><\/li>\n\t<li id=\"menu-item-10817\" class=\"menu-item menu-item-type-post_type menu-item-object-page menu-item-10817\"><a href=\"https:\/\/canadiantaskforce.ca\/fr\/lignesdirectrives\/lignes-directrices-publiees\/cancer-de-la-prostate\/\">Cancer de la prostate (2014)<\/a><\/li>\n\t<li id=\"menu-item-10818\" class=\"menu-item menu-item-type-post_type menu-item-object-page menu-item-10818\"><a href=\"https:\/\/canadiantaskforce.ca\/fr\/lignesdirectrives\/lignes-directrices-publiees\/cancer-du-col-de-luterus\/\">Cancer du col de l\u2019ut\u00e9rus (2013)<\/a><\/li>\n\t<li id=\"menu-item-10819\" class=\"menu-item menu-item-type-post_type menu-item-object-page menu-item-10819\"><a href=\"https:\/\/canadiantaskforce.ca\/fr\/lignesdirectrives\/lignes-directrices-publiees\/cancer-du-poumon\/\">Cancer du poumon (2016)<\/a><\/li>\n\t<li id=\"menu-item-23926\" class=\"menu-item menu-item-type-post_type menu-item-object-page menu-item-23926\"><a href=\"https:\/\/canadiantaskforce.ca\/fr\/lignesdirectrives\/lignes-directrices-publiees\/chlamydia-et-gonorrhee\/\">Chlamydia et gonorrh\u00e9e (2021)<\/a><\/li>\n\t<li id=\"menu-item-10821\" class=\"menu-item menu-item-type-post_type menu-item-object-page menu-item-10821\"><a href=\"https:\/\/canadiantaskforce.ca\/fr\/lignesdirectrives\/lignes-directrices-publiees\/deficience-cognitive\/\">D\u00e9ficience cognitive (2024)<\/a><\/li>\n\t<li id=\"menu-item-33166\" class=\"menu-item menu-item-type-post_type menu-item-object-page menu-item-33166\"><a href=\"https:\/\/canadiantaskforce.ca\/fr\/lignesdirectrives\/lignes-directrices-publiees\/depression-chez-ladulte-mise-a-jour\/\">D\u00e9pression chez l\u2019adulte (mise \u00e0 jour) (2025)<\/a><\/li>\n\t<li id=\"menu-item-25495\" class=\"menu-item menu-item-type-post_type menu-item-object-page menu-item-25495\"><a href=\"https:\/\/canadiantaskforce.ca\/fr\/lignesdirectrives\/lignes-directrices-publiees\/depression-pendant-la-grossesse-et-la-periode-postnatale\/\">D\u00e9pression pendant la grossesse et la p\u00e9riode postnatale (2022)<\/a><\/li>\n\t<li id=\"menu-item-10823\" class=\"menu-item menu-item-type-post_type menu-item-object-page menu-item-10823\"><a href=\"https:\/\/canadiantaskforce.ca\/fr\/lignesdirectrives\/lignes-directrices-publiees\/diabete-de-type-2\/\">Diab\u00e8te de type 2 (2012)<\/a><\/li>\n\t<li id=\"menu-item-22278\" class=\"menu-item menu-item-type-post_type menu-item-object-page menu-item-22278\"><a href=\"https:\/\/canadiantaskforce.ca\/fr\/lignesdirectrives\/lignes-directrices-publiees\/dysfonctionnement-thyroidien\/\">Dysfonctionnement thyro\u00efdien (2019)<\/a><\/li>\n\t<li id=\"menu-item-10824\" class=\"menu-item menu-item-type-post_type menu-item-object-page menu-item-10824\"><a href=\"https:\/\/canadiantaskforce.ca\/fr\/lignesdirectrives\/lignes-directrices-publiees\/pelvic-exam\/\">Examen pelvien (2016)<\/a><\/li>\n\t<li id=\"menu-item-27545\" class=\"menu-item menu-item-type-post_type menu-item-object-page menu-item-27545\"><a href=\"https:\/\/canadiantaskforce.ca\/fr\/lignesdirectrives\/lignes-directrices-publiees\/fracture-de-fragilisation\/\">Fracture De Fragilisation (2023)<\/a><\/li>\n\t<li id=\"menu-item-13025\" class=\"menu-item menu-item-type-post_type menu-item-object-page menu-item-13025\"><a href=\"https:\/\/canadiantaskforce.ca\/fr\/lignesdirectrives\/lignes-directrices-publiees\/hepatite-c\/\">H\u00e9patite C (2017)<\/a><\/li>\n\t<li id=\"menu-item-10825\" class=\"menu-item menu-item-type-post_type menu-item-object-page menu-item-10825\"><a href=\"https:\/\/canadiantaskforce.ca\/fr\/lignesdirectrives\/lignes-directrices-publiees\/hypertension-arterielle\/\">Hypertension art\u00e9rielle (2012)<\/a><\/li>\n\t<li id=\"menu-item-10828\" class=\"menu-item menu-item-type-post_type menu-item-object-page menu-item-10828\"><a href=\"https:\/\/canadiantaskforce.ca\/fr\/lignesdirectrives\/lignes-directrices-publiees\/retard-de-developpement\/\">Retard de d\u00e9veloppement (2016)<\/a><\/li>\n\t<li id=\"menu-item-32710\" class=\"menu-item menu-item-type-post_type menu-item-object-page menu-item-32710\"><a href=\"https:\/\/canadiantaskforce.ca\/fr\/lignesdirectrives\/lignes-directrices-publiees\/tabagisme-chez-ladulte\/\">Tabagisme chez l\u2019adulte (2025)<\/a><\/li>\n\t<li id=\"menu-item-12541\" class=\"menu-item menu-item-type-post_type menu-item-object-page menu-item-12541\"><a href=\"https:\/\/canadiantaskforce.ca\/fr\/lignesdirectrives\/lignes-directrices-publiees\/tabagisme-chez-les-enfants-et-les-adolescents\/\">Tabagisme chez les enfants et les adolescents (2017)<\/a><\/li>\n\t<li id=\"menu-item-17149\" class=\"menu-item menu-item-type-post_type menu-item-object-page menu-item-17149\"><a href=\"https:\/\/canadiantaskforce.ca\/fr\/lignesdirectrives\/lignes-directrices-publiees\/troubles-de-la-vision\/\">Troubles de la vision (2018)<\/a><\/li>\n<\/ul>\n<\/li>\n<li id=\"menu-item-31045\" class=\"menu-item menu-item-type-post_type menu-item-object-page menu-item-31045\"><a href=\"https:\/\/canadiantaskforce.ca\/fr\/lignesdirectrives\/scores-d-evaluation-ecri\/\">Scores d\u2019\u00e9valuation (ECRI)<\/a><\/li>\n<li id=\"menu-item-19784\" class=\"menu-item menu-item-type-post_type menu-item-object-page menu-item-19784\"><a href=\"https:\/\/canadiantaskforce.ca\/fr\/lignesdirectrives\/revues-systematiques-et-protocoles\/\">Revues Syst\u00e9matiques et Protocoles<\/a><\/li>\n<li id=\"menu-item-19879\" class=\"menu-item menu-item-type-post_type menu-item-object-page menu-item-has-children menu-item-19879\"><a href=\"https:\/\/canadiantaskforce.ca\/fr\/methodologie\/\">[Archiv\u00e9]\u00a0M\u00e9thodologie<\/a>\n<ul class=\"sub-menu\">\n\t<li id=\"menu-item-19880\" class=\"menu-item menu-item-type-post_type menu-item-object-page menu-item-19880\"><a href=\"https:\/\/canadiantaskforce.ca\/fr\/methodologie\/\">Manuel des proc\u00e9dures<\/a><\/li>\n\t<li id=\"menu-item-19881\" class=\"menu-item menu-item-type-post_type menu-item-object-page menu-item-19881\"><a href=\"https:\/\/canadiantaskforce.ca\/fr\/methodologie\/grade\/\">GRADE<\/a><\/li>\n\t<li id=\"menu-item-19882\" class=\"menu-item menu-item-type-post_type menu-item-object-page menu-item-19882\"><a href=\"https:\/\/canadiantaskforce.ca\/fr\/methodologie\/protocole-relatif-aux-preferences-des-patients\/\">Protocole de participation du patient<\/a><\/li>\n\t<li id=\"menu-item-28459\" class=\"menu-item menu-item-type-post_type menu-item-object-page menu-item-28459\"><a href=\"https:\/\/canadiantaskforce.ca\/fr\/methodologie\/updating-reaffirmation-and-sunsetting-clinical-practice-guidelines-methods-from-the-canadian-task-force-on-preventive-health-care\/\">Mise \u00e0 jour, r\u00e9affirmation et caducit\u00e9 des\u00a0lignes directrices de pratique clinique\u00a0<\/a><\/li>\n<\/ul>\n<\/li>\n<li id=\"menu-item-27713\" class=\"menu-item menu-item-type-post_type menu-item-object-page menu-item-has-children menu-item-27713\"><a href=\"https:\/\/canadiantaskforce.ca\/fr\/lignesdirectrives\/autres-publications\/\">Autres publications<\/a>\n<ul class=\"sub-menu\">\n\t<li id=\"menu-item-19587\" class=\"menu-item menu-item-type-post_type menu-item-object-page menu-item-19587\"><a href=\"https:\/\/canadiantaskforce.ca\/fr\/lignesdirectrives\/serie-prevention-en-pratique\/\">S\u00e9rie Pr\u00e9vention en pratique<\/a><\/li>\n\t<li id=\"menu-item-19491\" class=\"menu-item menu-item-type-post_type menu-item-object-page menu-item-19491\"><a href=\"https:\/\/canadiantaskforce.ca\/fr\/lignesdirectrives\/visites-periodiques-en-sante-preventive\/\">Visites p\u00e9riodiques en sant\u00e9 pr\u00e9ventive<\/a><\/li>\n<\/ul>\n<\/li>\n<\/ul><div class=\"dt-sc-tabs-vertical2-frame-content\"><div class='pdfdownload'><h5>Version PDF<\/h5><hr><div class='pdfdownload-text'><a href=\"https:\/\/canadiantaskforce.ca\/wp-content\/uploads\/2016\/09\/clinician-summaryscreening-for-lung-cancerfrfinal.pdf\">T\u00e9l\u00e9charger le PDF<\/a><\/div><\/div>\n<h3>POPULATION<\/h3>\n<p>Ces recommandations s\u2019appliquent aux adultes \u00e2g\u00e9s de 18 ans et plus chez lesquels un cancer du poumon n\u2019est pas suspect\u00e9. Ces recommandations ne s\u2019appliquent pas aux personnes ayant des ant\u00e9c\u00e9dents de cancer du poumon ou chez lesquelles cette maladie est suspect\u00e9e.<\/p>\n<p>&nbsp;<\/p>\n<h3>FARDEAU DE LA MALADIE<\/h3>\n<p>Le cancer du poumon est la cause la plus fr\u00e9quente de d\u00e9c\u00e8s par cancer et le cancer le plus souvent diagnostiqu\u00e9 chez les Canadiens; d\u2019apr\u00e8s les estimations, 26\u2009600 Canadiens ont re\u00e7u un diagnostic de cancer du poumon et 20\u2009900 en sont morts en 2015 (2). Au Canada, l\u2019incidence du cancer du poumon est actuellement plus \u00e9lev\u00e9e chez les hommes que chez les femmes (bien que cet \u00e9cart commence \u00e0 r\u00e9duire)\u00a0et plus de 85 % des cas sont li\u00e9s au tabagisme. Quelque 44 % des Canadiens (12,6 millions) sont fumeurs ou l\u2019ont \u00e9t\u00e9 (3). Les personnes ayant des ant\u00e9c\u00e9dents de tabagisme lourd pr\u00e9sentent le risque le plus \u00e9lev\u00e9 de cancer du poumon.<\/p>\n<p>&nbsp;<\/p>\n<h3>RECOMMANDATIONS<\/h3>\n<p><strong>Tomodensitom\u00e9trie (TDM) \u00e0 faible dose<\/strong><\/p>\n<ul>\n<li>Pour les adultes \u00e2g\u00e9s de 55 \u00e0 74 ans poss\u00e9dant des ant\u00e9c\u00e9dents de tabagisme d\u2019au moins 30 paquets-ann\u00e9es* qui fument \u00e0 l\u2019heure actuelle ou ont arr\u00eat\u00e9 de fumer il y a moins de 15 ans, nous recommandons un d\u00e9pistage annuel par TDM \u00e0 faible dose pendant un maximum de trois ann\u00e9es cons\u00e9cutives. Le d\u00e9pistage doit \u00eatre effectu\u00e9 UNIQUEMENT dans des \u00e9tablissements de soins de sant\u00e9 poss\u00e9dant une expertise dans le diagnostic pr\u00e9coce et le traitement du cancer du poumon. Recommandation faible ; donn\u00e9es probantes de faible qualit\u00e9.<\/li>\n<\/ul>\n<p>*les paquets-ann\u00e9es sont d\u00e9finis comme suit : (nombre moyen de paquets de cigarettes fum\u00e9s par jour) x (nombre d\u2019ann\u00e9es de tabagisme)<\/p>\n<ul>\n<li>Pour tous les autres adultes, quel\u00a0que soit leur \u00e2ge, les ant\u00e9c\u00e9dents de tabagisme ou les autres facteurs de risque, nous recommandons de ne pas proc\u00e9der au d\u00e9pistage du cancer du poumon par TDM \u00e0 faible dose. Recommandation forte ; donn\u00e9es probantes de tr\u00e8s faible qualit\u00e9.<\/li>\n<\/ul>\n<p><strong>Radiographie thoracique (RxT)<\/strong><\/p>\n<ul>\n<li>Nous recommandons que la radiographie thoracique, avec ou sans cytologie des expectorations, ne soit pas utilis\u00e9e pour le d\u00e9pistage du cancer du poumon. Recommandation forte ; donn\u00e9es probantes de faible qualit\u00e9.<\/li>\n<\/ul>\n<h3>JUSTIFICATION DES RECOMMANDATIONS<\/h3>\n<ul>\n<li>La recommandation de d\u00e9pistage dans la population \u00e0 haut risque accorde une valeur relativement \u00e9lev\u00e9e \u00e0 un avantage r\u00e9duit de diminution de la mortalit\u00e9 due au cancer du poumon ainsi qu\u2019au pronostic sombre av\u00e9r\u00e9 du cancer du poumon non trait\u00e9 et une valeur relativement plus faible au risque d\u2019effets ind\u00e9sirables, au surdiagnostic et au manque de donn\u00e9es comparant la TDM \u00e0 faible dose \u00e0 l\u2019absence de d\u00e9pistage.<\/li>\n<li>Les personnes ne pr\u00e9sentant pas de risque \u00e9lev\u00e9 de cancer du poumon devraient logiquement tirer un avantage absolu plus faible du d\u00e9pistage que les patients \u00e0 haut risque, mais seraient malgr\u00e9 tout expos\u00e9es aux inconv\u00e9nients potentiels du d\u00e9pistage (p. ex., faux positifs, cons\u00e9quences des proc\u00e9dures compl\u00e9mentaires invasives et surdiagnostic).<\/li>\n<li>La recommandation de ne pas utiliser la radiographie thoracique pour d\u00e9pister le cancer du poumon est forte; les donn\u00e9es probantes disponibles sugg\u00e8rent en effet que le d\u00e9pistage par RxT n\u2019apporte aucun avantage en ce qui concerne la mortalit\u00e9 sp\u00e9cifiquement due au cancer du poumon ou toutes causes confondues et s\u2019accompagne d\u2019inconv\u00e9nients reconnus (p. ex., surdiagnostic, faux positifs et complications des proc\u00e9dures compl\u00e9mentaires).<\/li>\n<\/ul>\n<h3>CONSID\u00c9RATIONS RELATIVES \u00c0 LA MISE EN \u0152UVRE<\/h3>\n<p>Une recommandation faible signifie que la plupart des personnes admissibles souhaiteraient faire l\u2019objet d\u2019un d\u00e9pistage du cancer du poumon, mais que de nombreuses autres pourraient choisir avec raison de ne pas s\u2019y soumettre. Les professionnels en soins primaires doivent parler des avantages et inconv\u00e9nients potentiels du d\u00e9pistage avec les patients dont l\u2019\u00e2ge et les ant\u00e9c\u00e9dents de tabagisme exposent \u00e0 un haut risque de cancer du poumon. Lors de cette discussion, ils doivent \u00e9galement consid\u00e9rer l\u2019\u00e9tat de sant\u00e9 g\u00e9n\u00e9ral des patients, puisqu\u2019une esp\u00e9rance de vie raisonnable et l\u2019admissibilit\u00e9 au traitement du cancer du poumon \u00e9ventuellement identifi\u00e9 sont requises pour b\u00e9n\u00e9ficier du d\u00e9pistage.<\/p>\n<p>\u00c9tant donn\u00e9 que la fiabilit\u00e9 de la d\u00e9tection et la qualit\u00e9 de la prise en charge et des analyses ult\u00e9rieures sont cruciales pour obtenir plus d\u2019avantages que d\u2019inconv\u00e9nients, le d\u00e9pistage du cancer du poumon par TDM \u00e0 faible dose ne doit \u00eatre envisag\u00e9 que dans des \u00e9tablissements \u00e0 m\u00eame d\u2019assurer des soins complets similaires ou sup\u00e9rieurs \u00e0 ceux offerts dans l\u2019essai NLST (c.-\u00e0-d. centres dot\u00e9s de radiologues et techniciens en radiologie qualifi\u00e9s, de lignes directrices pour les examens de d\u00e9pistage et le suivi du diagnostic align\u00e9s sur le protocole de l\u2019\u00e9tude NLST et d\u2019une expertise dans le diagnostic pr\u00e9coce et la prise en charge du cancer du poumon). L\u2019adoption de calculateurs du risque bas\u00e9s sur les nodules pourrait \u00e9galement r\u00e9duire le risque de surdiagnostic et le taux de faux positifs. La mise en \u0153uvre de ces recommandations dans des \u00e9tablissements d\u00e9pourvus de l\u2019expertise n\u00e9cessaire pourrait diminuer le rapport avantages-inconv\u00e9nients, en accroissant ces derniers. Le GECSSP reconna\u00eet que les examens de TDM \u00e0 faible dose et une telle expertise ne sont actuellement pas disponibles dans certaines r\u00e9gions du Canada (p. ex., zones rurales et isol\u00e9es), un probl\u00e8me sur lequel devront se pencher les responsables des politiques.<\/p>\n<p>Il est possible qu\u2019un d\u00e9pistage plus long ou plus intensif g\u00e9n\u00e8re des avantages suppl\u00e9mentaires; ces avantages restent toutefois hypoth\u00e9tiques, puisqu\u2019on ne dispose pas de donn\u00e9es d\u2019ERC appuyant\u00a0une recommandation en ce sens. Si un d\u00e9pistage continu (c.-\u00e0-d. plus de trois d\u00e9pistages) pourrait r\u00e9duire ult\u00e9rieurement les taux de mortalit\u00e9, il risquerait \u00e9galement d\u2019entra\u00eener plus de faux positifs et de proc\u00e9dures compl\u00e9mentaires invasives, ce qui pourrait mettre en p\u00e9ril l\u2019\u00e9quilibre entre avantages et inconv\u00e9nients d\u00e9montr\u00e9 dans l\u2019\u00e9tude NLST.<\/p>\n<p>&nbsp;<\/p>\n<\/div><\/div><\/div><\/div>\n","protected":false},"excerpt":{"rendered":"","protected":false},"author":2,"featured_media":0,"parent":0,"menu_order":93,"comment_status":"closed","ping_status":"closed","template":"","meta":{"_acf_changed":false,"footnotes":""},"categories":[218],"tags":[],"class_list":["post-10287","page","type-page","status-publish","hentry","category-outils"],"acf":[],"_links":{"self":[{"href":"https:\/\/canadiantaskforce.ca\/fr\/wp-json\/wp\/v2\/pages\/10287","targetHints":{"allow":["GET"]}}],"collection":[{"href":"https:\/\/canadiantaskforce.ca\/fr\/wp-json\/wp\/v2\/pages"}],"about":[{"href":"https:\/\/canadiantaskforce.ca\/fr\/wp-json\/wp\/v2\/types\/page"}],"author":[{"embeddable":true,"href":"https:\/\/canadiantaskforce.ca\/fr\/wp-json\/wp\/v2\/users\/2"}],"replies":[{"embeddable":true,"href":"https:\/\/canadiantaskforce.ca\/fr\/wp-json\/wp\/v2\/comments?post=10287"}],"version-history":[{"count":1,"href":"https:\/\/canadiantaskforce.ca\/fr\/wp-json\/wp\/v2\/pages\/10287\/revisions"}],"predecessor-version":[{"id":20916,"href":"https:\/\/canadiantaskforce.ca\/fr\/wp-json\/wp\/v2\/pages\/10287\/revisions\/20916"}],"wp:attachment":[{"href":"https:\/\/canadiantaskforce.ca\/fr\/wp-json\/wp\/v2\/media?parent=10287"}],"wp:term":[{"taxonomy":"category","embeddable":true,"href":"https:\/\/canadiantaskforce.ca\/fr\/wp-json\/wp\/v2\/categories?post=10287"},{"taxonomy":"post_tag","embeddable":true,"href":"https:\/\/canadiantaskforce.ca\/fr\/wp-json\/wp\/v2\/tags?post=10287"}],"curies":[{"name":"wp","href":"https:\/\/api.w.org\/{rel}","templated":true}]}}