{"id":10302,"date":"2016-10-04T15:56:30","date_gmt":"2016-10-04T19:56:30","guid":{"rendered":"http:\/\/canadiantaskforce.ca\/?page_id=10302&#038;lang=fr"},"modified":"2024-04-16T10:12:31","modified_gmt":"2024-04-16T14:12:31","slug":"obesite-adulte-algorithme-pour-cliniciens","status":"publish","type":"page","link":"https:\/\/canadiantaskforce.ca\/fr\/tools-resources\/obesite-adulte__trashed\/obesite-adulte-algorithme-pour-cliniciens\/","title":{"rendered":"Ob\u00e9sit\u00e9 adulte\u2014Algorithme pour cliniciens"},"content":{"rendered":"<div class='fullwidth-section  ' style=\"background-repeat:no-repeat;background-position:left top;\"><div class=\"container\"><div class=\"dt-sc-tabs-vertical2-container\"><ul id=\"menu-outilsressources\" class=\"dt-sc-tabs-vertical2-frame\"><li id=\"menu-item-14151\" class=\"menu-item menu-item-type-post_type menu-item-object-page menu-item-14151\"><a href=\"https:\/\/canadiantaskforce.ca\/fr\/tools-resources\/\">Outils de d\u00e9pistage<\/a><\/li>\n<li id=\"menu-item-14150\" class=\"menu-item menu-item-type-post_type menu-item-object-page menu-item-14150\"><a href=\"https:\/\/canadiantaskforce.ca\/fr\/?page_id=11228\">Vid\u00e9os<\/a><\/li>\n<\/ul><div class=\"dt-sc-tabs-vertical2-frame-content\"><div class='pdfdownload'><h5>Version PDF<\/h5><hr><div class='pdfdownload-text'><a href=\"https:\/\/canadiantaskforce.ca\/wp-content\/uploads\/2016\/10\/2015-obesity-adults-clinician-algorithm-colour-fr.pdf\" target=\"_blank\" rel=\"noopener noreferrer\">PDF en couleur<\/a><\/p>\n<p><a href=\"https:\/\/canadiantaskforce.ca\/wp-content\/uploads\/2016\/10\/2015-obesity-adults-clinician-algorithm-bw-fr.pdf\" target=\"_blank\" rel=\"noopener noreferrer\">PDF noir et blanc<\/a><\/div><\/div>\n<div class='back'><h4><span class='fa fa-angle-left'><\/span>&nbsp;<a href='\/lignesdirectrives\/lignes-directrices-publiees\/obesite-adulte\/?lang=fr'>Retour<\/a><\/h4><\/div>\n<div class=\"breastcancer-notice\">\n<p>En 2015, le Groupe d\u2019\u00e9tude canadien sur les soins de sant\u00e9 pr\u00e9ventifs (GECSSP) a publi\u00e9 les \u00ab\u00a0Recommandations pour la pr\u00e9vention du gain pond\u00e9ral et l\u2019utilisation d\u2019interventions comportementales et pharmacologiques dans la gestion du surpoids et de l\u2019ob\u00e9sit\u00e9 chez les adultes en soins primaires\u00a0\u00bb.<\/p>\n<p>Le groupe d\u2019\u00e9tude reconna\u00eet que cette ligne directrice est actuellement abrog\u00e9e et a pris la d\u00e9cision d\u2019archiver ces recommandations. Elle \u00e9tait fond\u00e9e sur un examen des donn\u00e9es probantes actuelles, conform\u00e9ment \u00e0 la m\u00e9thodologie <a href=\"https:\/\/canadiantaskforce.ca\/methodologie\/updating-reaffirmation-and-sunsetting-clinical-practice-guidelines-methods-from-the-canadian-task-force-on-preventive-health-care\/?lang=fr\">https:\/\/canadiantaskforce.ca\/methodologie\/updating-reaffirmation-and-sunsetting-clinical-practice-guidelines-methods-from-the-canadian-task-force-on-preventive-health-care\/<\/a>.<\/p>\n<p>La d\u00e9cision d\u2019abroger la ligne directrice a \u00e9t\u00e9 prise en raison des changements suivants\u00a0:<\/p>\n<ul>\n<li>L\u2019\u00e9volution du concept de l\u2019ob\u00e9sit\u00e9 en tant que probl\u00e8me de sant\u00e9 (par exemple, facteur de risque ou maladie chronique) et l\u2019impact qui en r\u00e9sulte sur la s\u00e9lection des r\u00e9sultats de sant\u00e9 appropri\u00e9s.<\/li>\n<li>Progr\u00e8s importants dans le traitement de l\u2019ob\u00e9sit\u00e9, y compris des interventions pharmaceutiques et chirurgicales qui d\u00e9passent le cadre du mandat du groupe d\u2019\u00e9tude sur les soins de sant\u00e9 pr\u00e9ventifs.<\/li>\n<li>Disponibilit\u00e9 d\u2019une ligne directrice canadienne compl\u00e8te sur l\u2019ob\u00e9sit\u00e9 chez les adultes<\/li>\n<\/ul>\n<p>Le groupe d\u2019\u00e9tude reconna\u00eet l\u2019importance de ce sujet pour la sant\u00e9 et le bien-\u00eatre des Canadiens. Lors de la s\u00e9lection des th\u00e8mes futurs, nous pourrons r\u00e9\u00e9valuer les aspects de ce th\u00e8me qui conviennent mieux au mandat du groupe d\u2019\u00e9tude.<\/p>\n<\/div>\n<h3>L&rsquo;IMC DE VOTRE PATIENT IMPORTE<\/h3>\n<p>Le Groupe d\u2019\u00e9tude canadien sur les soins de sant\u00e9 pr\u00e9ventifs (G\u00c9CSSP) recommande de mesurer la grandeur, de prendre le poids et de calculer l\u2019indice de masse corporelle (IMC) aux visites de soins primaires appropri\u00e9es (forte recommandation, donn\u00e9es probantes\u00a0de tr\u00e8s faible qualit\u00e9<sup>i<\/sup>).<\/p>\n<ul>\n<li>Les recommandations s\u2019appliquent \u00e0 la majorit\u00e9 des adultes \u2265 18 ans<\/li>\n<li>Les recommandations ne s\u2019appliquent pas aux femmes enceintes, ni aux personnes ayant des probl\u00e8mes de sant\u00e9 o\u00f9 la perte de poids est inappropri\u00e9e<\/li>\n<li>Les recommandations ne s\u2019appliquent pas aux individus ayant un IMC \u2265 40, qui b\u00e9n\u00e9ficieraient de programmes bariatriques sp\u00e9cialis\u00e9s<\/li>\n<\/ul>\n<h3>QUEL EST L\u2019IMC DE VOTRE PATIENT?<\/h3>\n<p><strong>Mesurez la grandeur, prenez le poids et consultez le tableau IMC pour calculer l\u2019IMC<\/strong><\/p>\n<table>\n<thead>\n<tr>\n<th scope=\"col\">IMC<\/th>\n<th scope=\"col\">Classification<\/th>\n<th scope=\"col\">Recommendation<\/th>\n<\/tr>\n<\/thead>\n<tbody>\n<tr>\n<td>IMC &lt; 18.5<\/td>\n<td>Poids insuffisant<\/td>\n<td>Cette cat\u00e9gorie est hors de la port\u00e9e de cette ligne directrice.<\/td>\n<\/tr>\n<tr>\n<td>18,5 \u2264 IMC \u2264 24,9<\/td>\n<td>Poids sant\u00e9<\/td>\n<td>N\u2019offrez pas d\u2019interventions comportementales structur\u00e9es et formelles ax\u00e9es sur la pr\u00e9vention du gain pond\u00e9ral chez les adultes <em>(recommandation faible, donn\u00e9es\u00a0probantes de tr\u00e8s faible qualit\u00e9)<\/em>.<\/td>\n<\/tr>\n<tr>\n<td>25 \u2264 IMC \u2264 29,9<\/td>\n<td>En surpoids<\/td>\n<td>Discutez avec votre patient\u00a0et offrez-lui ou r\u00e9f\u00e9rez-lui des interventions comportementales structur\u00e9es visant la perte de poids\u00a0<em>(recommandation faible; donn\u00e9es probantes\u00a0de qualit\u00e9 moyenne)<\/em>.<\/td>\n<\/tr>\n<tr>\n<td>30 \u2264 IMC \u2264 39,9<\/td>\n<td>Ob\u00e8se<\/td>\n<td>Discutez avec votre patient \u00a0et ooffrez-lui ou r\u00e9f\u00e9rez-lui des interventions comportementales structur\u00e9es visant\u00a0la perte de poids\u00a0<em>(recommandation faible; donn\u00e9es probantes de qualit\u00e9 moyenne)<\/em>.<\/td>\n<\/tr>\n<tr>\n<td>30 \u2264 IMC \u2264 39,9<\/td>\n<td>Ob\u00e8se et \u00e0 risque accru de diab\u00e8te<sup>ii<\/sup><\/td>\n<td>Offrez \u00e0 votre patient ou r\u00e9f\u00e9rez-lui des interventions comportementales structur\u00e9es visant\u00a0la perte de poids\u00a0<em>(recommandation forte; donn\u00e9es probantes de qualit\u00e9 moyenne)<\/em><\/td>\n<\/tr>\n<tr>\n<td>IMC &gt; 40<\/td>\n<td>Ob\u00e8se morbide<\/td>\n<td>Cette cat\u00e9gorie est hors de la port\u00e9e de cette ligne directrice.<\/td>\n<\/tr>\n<\/tbody>\n<\/table>\n<p>&nbsp;<\/p>\n<h3>Qu\u2019entend-t-on par des \u201cvisites en soins primaires appropri\u00e9es\u201d?<\/h3>\n<ul>\n<li>Des visites de routine, visites pour renouveler des prescriptions et toute visite que le professionel en soins primaires consid\u00e8re appropri\u00e9e.<\/li>\n<\/ul>\n<h3>Qu\u2019entend-t-on par \u201cinterventions comportementales structur\u00e9es\u201d?<\/h3>\n<ul>\n<li>Des programmes ax\u00e9s sur la modification des comportements qui impliquent plusieurs sessions r\u00e9parties sur une p\u00e9riode de plusieurs semaines \u00e0 plusieurs mois.<\/li>\n<li><strong>Les programmes recommand\u00e9s devraient cibler:<\/strong>\n<ul>\n<li>La modification du r\u00e9gime alimentaire<\/li>\n<li>L\u2019augmentation du niveau d\u2019activit\u00e9 physique<\/li>\n<li>Les changements d&rsquo;habitudes de vie<\/li>\n<li>Toute combinaison de ces \u00e9l\u00e9ments<\/li>\n<\/ul>\n<\/li>\n<li><strong>Des programmes de gestion de l\u2019ob\u00e9sit\u00e9 pourraient aussi inclure:<\/strong>\n<ul>\n<li>Le counselling<\/li>\n<li>De l\u2019\u00e9ducation ou du soutien<\/li>\n<li>Des changements environmentaux (par exemple: l\u2019utilisation d\u2019une plus petite assiette)<\/li>\n<\/ul>\n<\/li>\n<\/ul>\n<p><strong>Puis-je montrer \u00e0 mes patients comment calculer leur propre IMC? Puis-je simplement l\u2019estimer?<\/strong><\/p>\n<ul>\n<li>Nous recommandons que le m\u00e9decin (ou autre membre de l\u2019\u00e9quipe de soins) mesure la grandeur\u00a0et le poids pour calculer l\u2019IMC du patient<\/li>\n<li>Les adultes ont tendance \u00e0 surestimer leur propre grandeur\u00a0et sous-estimer leur poids<\/li>\n<li>Une estimation visuelle par le clinicien est souvent inexacte et ne d\u00e9tectera pas les gains relativement minimes qui se pr\u00e9sentent chez la plupart des adultes<\/li>\n<\/ul>\n<p><strong>Tableau d&rsquo;IMC<\/strong><\/p>\n<div>\n<table class=\" aligncenter\">\n<thead>\n<tr>\n<th colspan=\"2\" rowspan=\"2\"><\/th>\n<th scope=\"col\">95 lbs<\/th>\n<th scope=\"col\">100 lbs<\/th>\n<th scope=\"col\">105 lbs<\/th>\n<th scope=\"col\">110 lbs<\/th>\n<th scope=\"col\">115 lbs<\/th>\n<th scope=\"col\">120 lbs<\/th>\n<th scope=\"col\">125 lbs<\/th>\n<th scope=\"col\">130 lbs<\/th>\n<th scope=\"col\">135 lbs<\/th>\n<th scope=\"col\">140 lbs<\/th>\n<th scope=\"col\">145 lbs<\/th>\n<th scope=\"col\">150 lbs<\/th>\n<th scope=\"col\">155 lbs<\/th>\n<th scope=\"col\">160 lbs<\/th>\n<th scope=\"col\">165 lbs<\/th>\n<th scope=\"col\">170 lbs<\/th>\n<th scope=\"col\">175 lbs<\/th>\n<th scope=\"col\">180 lbs<\/th>\n<th scope=\"col\">185 lbs<\/th>\n<th scope=\"col\">190 lbs<\/th>\n<th scope=\"col\">195 lbs<\/th>\n<th scope=\"col\">200 lbs<\/th>\n<th scope=\"col\">205 lbs<\/th>\n<th scope=\"col\">210 lbs<\/th>\n<th scope=\"col\">215 lbs<\/th>\n<th scope=\"col\">220 lbs<\/th>\n<th scope=\"col\">225 lbs<\/th>\n<th scope=\"col\">230 lbs<\/th>\n<th scope=\"col\">235 lbs<\/th>\n<th scope=\"col\">240 lbs<\/th>\n<\/tr>\n<tr>\n<th scope=\"col\">43 kgs<\/th>\n<th scope=\"col\">45 kgs<\/th>\n<th scope=\"col\">47 kgs<\/th>\n<th scope=\"col\">50 kgs<\/th>\n<th scope=\"col\">52 kgs<\/th>\n<th scope=\"col\">54 kgs<\/th>\n<th scope=\"col\">56 kgs<\/th>\n<th scope=\"col\">59 kgs<\/th>\n<th scope=\"col\">61 kgs<\/th>\n<th scope=\"col\">63 kgs<\/th>\n<th scope=\"col\">65 kgs<\/th>\n<th scope=\"col\">68 kgs<\/th>\n<th scope=\"col\">70 kgs<\/th>\n<th scope=\"col\">72 kgs<\/th>\n<th scope=\"col\">75 kgs<\/th>\n<th scope=\"col\">77 kgs<\/th>\n<th scope=\"col\">79 kgs<\/th>\n<th scope=\"col\">81 kgs<\/th>\n<th scope=\"col\">84 kgs<\/th>\n<th scope=\"col\">86 kgs<\/th>\n<th scope=\"col\">88 kgs<\/th>\n<th scope=\"col\">90 kgs<\/th>\n<th scope=\"col\">93 kgs<\/th>\n<th scope=\"col\">95 kgs<\/th>\n<th scope=\"col\">97 kgs<\/th>\n<th scope=\"col\">99 kgs<\/th>\n<th scope=\"col\">102 kgs<\/th>\n<th scope=\"col\">104 kgs<\/th>\n<th scope=\"col\">106 kgs<\/th>\n<th scope=\"col\">109 kgs<\/th>\n<\/tr>\n<\/thead>\n<tbody>\n<tr>\n<th scope=\"row\">5\u20320\u2033<\/th>\n<th scope=\"row\">152.5 cm<\/th>\n<td>19<\/td>\n<td>20<\/td>\n<td>21<\/td>\n<td>21<\/td>\n<td>22<\/td>\n<td>23<\/td>\n<td>24<\/td>\n<td>25<\/td>\n<td>26<\/td>\n<td>27<\/td>\n<td>28<\/td>\n<td>29<\/td>\n<td>30<\/td>\n<td>31<\/td>\n<td>32<\/td>\n<td>33<\/td>\n<td>34<\/td>\n<td>35<\/td>\n<td>36<\/td>\n<td>37<\/td>\n<td>38<\/td>\n<td>39<\/td>\n<td>40<\/td>\n<td>41<\/td>\n<td>42<\/td>\n<td>43<\/td>\n<td>44<\/td>\n<td>45<\/td>\n<td>46<\/td>\n<td>47<\/td>\n<\/tr>\n<tr>\n<th scope=\"row\">5\u20321\u2033<\/th>\n<th scope=\"row\">155 cm<\/th>\n<td>18<\/td>\n<td>19<\/td>\n<td>20<\/td>\n<td>21<\/td>\n<td>22<\/td>\n<td>23<\/td>\n<td>24<\/td>\n<td>25<\/td>\n<td>26<\/td>\n<td>26<\/td>\n<td>27<\/td>\n<td>28<\/td>\n<td>29<\/td>\n<td>30<\/td>\n<td>31<\/td>\n<td>32<\/td>\n<td>33<\/td>\n<td>34<\/td>\n<td>35<\/td>\n<td>36<\/td>\n<td>37<\/td>\n<td>38<\/td>\n<td>39<\/td>\n<td>40<\/td>\n<td>41<\/td>\n<td>42<\/td>\n<td>43<\/td>\n<td>43<\/td>\n<td>44<\/td>\n<td>45<\/td>\n<\/tr>\n<tr>\n<th scope=\"row\">5\u20322\u2033<\/th>\n<th scope=\"row\">157.5 cm<\/th>\n<td>17<\/td>\n<td>18<\/td>\n<td>19<\/td>\n<td>20<\/td>\n<td>21<\/td>\n<td>22<\/td>\n<td>23<\/td>\n<td>24<\/td>\n<td>25<\/td>\n<td>26<\/td>\n<td>27<\/td>\n<td>27<\/td>\n<td>28<\/td>\n<td>29<\/td>\n<td>30<\/td>\n<td>31<\/td>\n<td>32<\/td>\n<td>33<\/td>\n<td>34<\/td>\n<td>35<\/td>\n<td>36<\/td>\n<td>37<\/td>\n<td>37<\/td>\n<td>38<\/td>\n<td>39<\/td>\n<td>40<\/td>\n<td>41<\/td>\n<td>42<\/td>\n<td>43<\/td>\n<td>44<\/td>\n<\/tr>\n<tr>\n<th scope=\"row\">5\u20323\u2033<\/th>\n<th scope=\"row\">160 cm<\/th>\n<td>17<\/td>\n<td>18<\/td>\n<td>19<\/td>\n<td>19<\/td>\n<td>20<\/td>\n<td>21<\/td>\n<td>22<\/td>\n<td>23<\/td>\n<td>24<\/td>\n<td>25<\/td>\n<td>26<\/td>\n<td>27<\/td>\n<td>27<\/td>\n<td>28<\/td>\n<td>29<\/td>\n<td>30<\/td>\n<td>31<\/td>\n<td>32<\/td>\n<td>33<\/td>\n<td>34<\/td>\n<td>35<\/td>\n<td>35<\/td>\n<td>36<\/td>\n<td>37<\/td>\n<td>38<\/td>\n<td>39<\/td>\n<td>40<\/td>\n<td>41<\/td>\n<td>42<\/td>\n<td>43<\/td>\n<\/tr>\n<tr>\n<th scope=\"row\">5\u20324\u2033<\/th>\n<th scope=\"row\">162.5 cm<\/th>\n<td>16<\/td>\n<td>17<\/td>\n<td>18<\/td>\n<td>19<\/td>\n<td>20<\/td>\n<td>21<\/td>\n<td>21<\/td>\n<td>22<\/td>\n<td>23<\/td>\n<td>24<\/td>\n<td>25<\/td>\n<td>26<\/td>\n<td>27<\/td>\n<td>27<\/td>\n<td>28<\/td>\n<td>29<\/td>\n<td>30<\/td>\n<td>31<\/td>\n<td>32<\/td>\n<td>33<\/td>\n<td>33<\/td>\n<td>34<\/td>\n<td>35<\/td>\n<td>36<\/td>\n<td>37<\/td>\n<td>38<\/td>\n<td>39<\/td>\n<td>39<\/td>\n<td>40<\/td>\n<td>41<\/td>\n<\/tr>\n<tr>\n<th scope=\"row\">5\u20325\u2033<\/th>\n<th scope=\"row\">165 cm<\/th>\n<td>16<\/td>\n<td>17<\/td>\n<td>18<\/td>\n<td>18<\/td>\n<td>19<\/td>\n<td>20<\/td>\n<td>21<\/td>\n<td>22<\/td>\n<td>22<\/td>\n<td>23<\/td>\n<td>24<\/td>\n<td>25<\/td>\n<td>26<\/td>\n<td>27<\/td>\n<td>27<\/td>\n<td>28<\/td>\n<td>29<\/td>\n<td>30<\/td>\n<td>31<\/td>\n<td>32<\/td>\n<td>32<\/td>\n<td>33<\/td>\n<td>34<\/td>\n<td>35<\/td>\n<td>36<\/td>\n<td>37<\/td>\n<td>37<\/td>\n<td>38<\/td>\n<td>39<\/td>\n<td>40<\/td>\n<\/tr>\n<tr>\n<th scope=\"row\">5\u20326\u2033<\/th>\n<th scope=\"row\">167.5 cm<\/th>\n<td>15<\/td>\n<td>16<\/td>\n<td>17<\/td>\n<td>18<\/td>\n<td>19<\/td>\n<td>19<\/td>\n<td>20<\/td>\n<td>21<\/td>\n<td>22<\/td>\n<td>23<\/td>\n<td>23<\/td>\n<td>24<\/td>\n<td>25<\/td>\n<td>26<\/td>\n<td>27<\/td>\n<td>27<\/td>\n<td>28<\/td>\n<td>29<\/td>\n<td>30<\/td>\n<td>31<\/td>\n<td>31<\/td>\n<td>32<\/td>\n<td>33<\/td>\n<td>34<\/td>\n<td>35<\/td>\n<td>36<\/td>\n<td>36<\/td>\n<td>37<\/td>\n<td>38<\/td>\n<td>39<\/td>\n<\/tr>\n<tr>\n<th scope=\"row\">5\u20327\u2033<\/th>\n<th scope=\"row\">170 cm<\/th>\n<td>15<\/td>\n<td>16<\/td>\n<td>17<\/td>\n<td>17<\/td>\n<td>18<\/td>\n<td>19<\/td>\n<td>20<\/td>\n<td>20<\/td>\n<td>21<\/td>\n<td>22<\/td>\n<td>23<\/td>\n<td>23<\/td>\n<td>24<\/td>\n<td>25<\/td>\n<td>26<\/td>\n<td>27<\/td>\n<td>27<\/td>\n<td>28<\/td>\n<td>29<\/td>\n<td>30<\/td>\n<td>31<\/td>\n<td>31<\/td>\n<td>32<\/td>\n<td>33<\/td>\n<td>34<\/td>\n<td>34<\/td>\n<td>35<\/td>\n<td>36<\/td>\n<td>37<\/td>\n<td>38<\/td>\n<\/tr>\n<tr>\n<th scope=\"row\">5\u20328\u2033<\/th>\n<th scope=\"row\">172.5 cm<\/th>\n<td>14<\/td>\n<td>15<\/td>\n<td>16<\/td>\n<td>17<\/td>\n<td>17<\/td>\n<td>18<\/td>\n<td>19<\/td>\n<td>20<\/td>\n<td>21<\/td>\n<td>21<\/td>\n<td>22<\/td>\n<td>23<\/td>\n<td>24<\/td>\n<td>24<\/td>\n<td>25<\/td>\n<td>26<\/td>\n<td>27<\/td>\n<td>27<\/td>\n<td>28<\/td>\n<td>29<\/td>\n<td>30<\/td>\n<td>30<\/td>\n<td>31<\/td>\n<td>32<\/td>\n<td>33<\/td>\n<td>33<\/td>\n<td>34<\/td>\n<td>35<\/td>\n<td>36<\/td>\n<td>36<\/td>\n<\/tr>\n<tr>\n<th scope=\"row\">5\u20329\u2033<\/th>\n<th scope=\"row\">175 cm<\/th>\n<td>14<\/td>\n<td>15<\/td>\n<td>16<\/td>\n<td>16<\/td>\n<td>17<\/td>\n<td>18<\/td>\n<td>18<\/td>\n<td>19<\/td>\n<td>20<\/td>\n<td>21<\/td>\n<td>21<\/td>\n<td>22<\/td>\n<td>23<\/td>\n<td>24<\/td>\n<td>24<\/td>\n<td>25<\/td>\n<td>26<\/td>\n<td>27<\/td>\n<td>27<\/td>\n<td>28<\/td>\n<td>29<\/td>\n<td>30<\/td>\n<td>30<\/td>\n<td>31<\/td>\n<td>32<\/td>\n<td>32<\/td>\n<td>33<\/td>\n<td>34<\/td>\n<td>35<\/td>\n<td>35<\/td>\n<\/tr>\n<tr>\n<th scope=\"row\">5\u203210\u2033<\/th>\n<th scope=\"row\">177.5 cm<\/th>\n<td>14<\/td>\n<td>14<\/td>\n<td>16<\/td>\n<td>16<\/td>\n<td>16<\/td>\n<td>17<\/td>\n<td>18<\/td>\n<td>19<\/td>\n<td>19<\/td>\n<td>20<\/td>\n<td>21<\/td>\n<td>22<\/td>\n<td>22<\/td>\n<td>23<\/td>\n<td>24<\/td>\n<td>24<\/td>\n<td>25<\/td>\n<td>26<\/td>\n<td>27<\/td>\n<td>27<\/td>\n<td>28<\/td>\n<td>29<\/td>\n<td>29<\/td>\n<td>30<\/td>\n<td>31<\/td>\n<td>32<\/td>\n<td>32<\/td>\n<td>33<\/td>\n<td>34<\/td>\n<td>34<\/td>\n<\/tr>\n<tr>\n<th scope=\"row\">5\u203211\u2033<\/th>\n<th scope=\"row\">180 cm<\/th>\n<td>13<\/td>\n<td>14<\/td>\n<td>15<\/td>\n<td>15<\/td>\n<td>16<\/td>\n<td>17<\/td>\n<td>17<\/td>\n<td>18<\/td>\n<td>19<\/td>\n<td>20<\/td>\n<td>20<\/td>\n<td>21<\/td>\n<td>22<\/td>\n<td>22<\/td>\n<td>23<\/td>\n<td>24<\/td>\n<td>24<\/td>\n<td>25<\/td>\n<td>26<\/td>\n<td>26<\/td>\n<td>27<\/td>\n<td>28<\/td>\n<td>29<\/td>\n<td>29<\/td>\n<td>30<\/td>\n<td>31<\/td>\n<td>31<\/td>\n<td>32<\/td>\n<td>33<\/td>\n<td>33<\/td>\n<\/tr>\n<tr>\n<th scope=\"row\">6\u20320\u2033<\/th>\n<th scope=\"row\">182.5 cm<\/th>\n<td>13<\/td>\n<td>14<\/td>\n<td>14<\/td>\n<td>15<\/td>\n<td>16<\/td>\n<td>16<\/td>\n<td>17<\/td>\n<td>18<\/td>\n<td>18<\/td>\n<td>19<\/td>\n<td>20<\/td>\n<td>20<\/td>\n<td>21<\/td>\n<td>22<\/td>\n<td>22<\/td>\n<td>23<\/td>\n<td>24<\/td>\n<td>24<\/td>\n<td>25<\/td>\n<td>26<\/td>\n<td>26<\/td>\n<td>27<\/td>\n<td>28<\/td>\n<td>28<\/td>\n<td>29<\/td>\n<td>30<\/td>\n<td>31<\/td>\n<td>31<\/td>\n<td>32<\/td>\n<td>33<\/td>\n<\/tr>\n<tr>\n<th scope=\"row\">6\u20321\u2033<\/th>\n<th scope=\"row\">185 cm<\/th>\n<td>13<\/td>\n<td>13<\/td>\n<td>14<\/td>\n<td>15<\/td>\n<td>15<\/td>\n<td>16<\/td>\n<td>16<\/td>\n<td>17<\/td>\n<td>18<\/td>\n<td>18<\/td>\n<td>19<\/td>\n<td>20<\/td>\n<td>20<\/td>\n<td>21<\/td>\n<td>22<\/td>\n<td>22<\/td>\n<td>23<\/td>\n<td>24<\/td>\n<td>24<\/td>\n<td>25<\/td>\n<td>26<\/td>\n<td>26<\/td>\n<td>27<\/td>\n<td>28<\/td>\n<td>28<\/td>\n<td>29<\/td>\n<td>30<\/td>\n<td>30<\/td>\n<td>31<\/td>\n<td>32<\/td>\n<\/tr>\n<tr>\n<th scope=\"row\">6\u20322\u2033<\/th>\n<th scope=\"row\">187.5 cm<\/th>\n<td>12<\/td>\n<td>13<\/td>\n<td>13<\/td>\n<td>14<\/td>\n<td>15<\/td>\n<td>15<\/td>\n<td>16<\/td>\n<td>17<\/td>\n<td>17<\/td>\n<td>18<\/td>\n<td>19<\/td>\n<td>19<\/td>\n<td>20<\/td>\n<td>21<\/td>\n<td>21<\/td>\n<td>22<\/td>\n<td>22<\/td>\n<td>23<\/td>\n<td>24<\/td>\n<td>24<\/td>\n<td>25<\/td>\n<td>26<\/td>\n<td>26<\/td>\n<td>27<\/td>\n<td>28<\/td>\n<td>28<\/td>\n<td>29<\/td>\n<td>30<\/td>\n<td>30<\/td>\n<td>31<\/td>\n<\/tr>\n<tr>\n<th scope=\"row\">6\u20323\u2033<\/th>\n<th scope=\"row\">190 cm<\/th>\n<td>12<\/td>\n<td>12<\/td>\n<td>13<\/td>\n<td>14<\/td>\n<td>14<\/td>\n<td>15<\/td>\n<td>16<\/td>\n<td>16<\/td>\n<td>17<\/td>\n<td>17<\/td>\n<td>18<\/td>\n<td>19<\/td>\n<td>19<\/td>\n<td>20<\/td>\n<td>21<\/td>\n<td>21<\/td>\n<td>22<\/td>\n<td>22<\/td>\n<td>23<\/td>\n<td>24<\/td>\n<td>24<\/td>\n<td>25<\/td>\n<td>26<\/td>\n<td>26<\/td>\n<td>27<\/td>\n<td>27<\/td>\n<td>28<\/td>\n<td>29<\/td>\n<td>29<\/td>\n<td>30<\/td>\n<\/tr>\n<tr>\n<th scope=\"row\">6\u20324\u2033<\/th>\n<th scope=\"row\">192.5 cm<\/th>\n<td>12<\/td>\n<td>12<\/td>\n<td>13<\/td>\n<td>13<\/td>\n<td>14<\/td>\n<td>15<\/td>\n<td>15<\/td>\n<td>16<\/td>\n<td>16<\/td>\n<td>17<\/td>\n<td>18<\/td>\n<td>18<\/td>\n<td>19<\/td>\n<td>19<\/td>\n<td>20<\/td>\n<td>21<\/td>\n<td>21<\/td>\n<td>22<\/td>\n<td>23<\/td>\n<td>23<\/td>\n<td>24<\/td>\n<td>24<\/td>\n<td>25<\/td>\n<td>26<\/td>\n<td>26<\/td>\n<td>27<\/td>\n<td>27<\/td>\n<td>28<\/td>\n<td>29<\/td>\n<td>29<\/td>\n<\/tr>\n<\/tbody>\n<\/table>\n<\/div>\n<ol>\n<li>Rep\u00e9rez votre grandeur\u00a0sur l\u2019\u00e9chelle de gauche<\/li>\n<li>Rep\u00e9rez votre poids sur l\u2019\u00e9chelle du haut<\/li>\n<li>Votre IMC figure dans la case d\u2019intersection de ces mesures<\/li>\n<\/ol>\n<p>(Par exemple: quelqu\u2019un qui mesure 5\u20329\u2033 et qui p\u00e8se 145lbs a un IMC de 21)<\/p>\n<ul>\n<li>Poids insuffisant: IMC &lt; 18,5<\/li>\n<li>Poids sant\u00e9: IMC 18,5 \u00e0 24,9<\/li>\n<li>Surpoids: IMC 25 \u00e0 29,9<\/li>\n<li>Ob\u00e8se: IMC\u2265 30<\/li>\n<\/ul>\n<section id=\"footnotes\" class=\"ctfphc-section\">\n<h3>NOTES<\/h3>\n<ol type=\"i\">\n<li id=\"fn-i\" value=\"i\">Pour une explication des cat\u00e9gories de recommandation GRADE et de la qualit\u00e9 des donn\u00e9es probantes, veuillez consulter <a href=\"https:\/\/canadiantaskforce.ca\/methodologie\/grade\/?lang=fr\">notre page GRADE<\/a>.<\/li>\n<li id=\"fn-ii\" value=\"ii\">Le statut de \u201crisque accru\u201d est d\u00e9finit par un risque sur 10 ans de diab\u00e8te de \u2265 33%, ce qui peut \u00eatre \u00e9valu\u00e9 en utilisant les outils d\u2019\u00e9valuation de risque <a href=\"https:\/\/canadiantaskforce.ca\/tools-resources\/diabete-de-type-2\/diabete-de-type-2-canrisk\/?lang=fr\">CANRISK<\/a> ou <a href=\"https:\/\/canadiantaskforce.ca\/tools-resources\/diabete-de-type-2\/diabete-de-type-2-findrisc-pour-patients\/?lang=fr\">FINDRISC<\/a>.<\/li>\n<\/ol>\n<\/section>\n<\/div><\/div><\/div><\/div>\n","protected":false},"excerpt":{"rendered":"","protected":false},"author":2,"featured_media":8955,"parent":11077,"menu_order":0,"comment_status":"closed","ping_status":"closed","template":"","meta":{"_acf_changed":false,"footnotes":""},"categories":[228,218],"tags":[],"class_list":["post-10302","page","type-page","status-publish","has-post-thumbnail","hentry","category-obesite-adulte","category-outils"],"acf":[],"_links":{"self":[{"href":"https:\/\/canadiantaskforce.ca\/fr\/wp-json\/wp\/v2\/pages\/10302","targetHints":{"allow":["GET"]}}],"collection":[{"href":"https:\/\/canadiantaskforce.ca\/fr\/wp-json\/wp\/v2\/pages"}],"about":[{"href":"https:\/\/canadiantaskforce.ca\/fr\/wp-json\/wp\/v2\/types\/page"}],"author":[{"embeddable":true,"href":"https:\/\/canadiantaskforce.ca\/fr\/wp-json\/wp\/v2\/users\/2"}],"replies":[{"embeddable":true,"href":"https:\/\/canadiantaskforce.ca\/fr\/wp-json\/wp\/v2\/comments?post=10302"}],"version-history":[{"count":2,"href":"https:\/\/canadiantaskforce.ca\/fr\/wp-json\/wp\/v2\/pages\/10302\/revisions"}],"predecessor-version":[{"id":28569,"href":"https:\/\/canadiantaskforce.ca\/fr\/wp-json\/wp\/v2\/pages\/10302\/revisions\/28569"}],"up":[{"embeddable":true,"href":"https:\/\/canadiantaskforce.ca\/fr\/wp-json\/wp\/v2\/pages\/11077"}],"wp:featuredmedia":[{"embeddable":true,"href":"https:\/\/canadiantaskforce.ca\/fr\/wp-json\/wp\/v2\/media\/8955"}],"wp:attachment":[{"href":"https:\/\/canadiantaskforce.ca\/fr\/wp-json\/wp\/v2\/media?parent=10302"}],"wp:term":[{"taxonomy":"category","embeddable":true,"href":"https:\/\/canadiantaskforce.ca\/fr\/wp-json\/wp\/v2\/categories?post=10302"},{"taxonomy":"post_tag","embeddable":true,"href":"https:\/\/canadiantaskforce.ca\/fr\/wp-json\/wp\/v2\/tags?post=10302"}],"curies":[{"name":"wp","href":"https:\/\/api.w.org\/{rel}","templated":true}]}}