{"id":10337,"date":"2016-05-02T10:32:15","date_gmt":"2016-05-02T14:32:15","guid":{"rendered":"http:\/\/canadiantaskforce.ca\/general-information\/?lang=fr"},"modified":"2024-04-16T10:11:04","modified_gmt":"2024-04-16T14:11:04","slug":"general-information","status":"publish","type":"page","link":"https:\/\/canadiantaskforce.ca\/fr\/general-information\/","title":{"rendered":"Grand public"},"content":{"rendered":"<div class='fullwidth-section  ' style=\"background-repeat:no-repeat;background-position:left top;\"><div class=\"container\"><div class=\"dt-sc-tabs-vertical2-container\"><ul id=\"menu-grandpublic\" class=\"dt-sc-tabs-vertical2-frame\"><li id=\"menu-item-11809\" class=\"menu-item menu-item-type-post_type menu-item-object-page menu-item-11809\"><a href=\"https:\/\/canadiantaskforce.ca\/fr\/lignes-directrices-publiees-public\/\">Lignes directrices publi\u00e9es<\/a><\/li>\n<\/ul><div class=\"dt-sc-tabs-vertical2-frame-content\"><p>Le Groupe d\u2019\u00e9tude canadien sur les soins de sant\u00e9 pr\u00e9ventifs a \u00e9t\u00e9 mis sur pied par l\u2019Agence de la sant\u00e9 publique du Canada (ASPC) pour \u00e9laborer des lignes directrices de pratique clinique aidant les professionnels en soins primaires (p. ex., m\u00e9decins de famille et infirmi\u00e8res praticiennes) \u00e0 dispenser les soins de sant\u00e9 pr\u00e9ventifs. Le\u00a0Groupe d&rsquo;\u00e9tude canadien est constitu\u00e9 d\u2019un comit\u00e9 ind\u00e9pendant d\u2019experts qui \u00e9labore les lignes directrices sur la base d\u2019une analyse syst\u00e9matique des donn\u00e9es scientifiques probantes et les diffuse dans l\u2019ensemble du Canada.<\/p>\n<p>&nbsp;<\/p>\n<h3>Apportez votre contribution<\/h3>\n<p>Le G\u00c9CSSP invite\u00a0la population \u00e0 participer \u00e0 certaines de ses activit\u00e9s. Vous trouverez de plus amples informations sur les modalit\u00e9s de participation ci-dessous. Nous encourageons la collaboration de personnes de l\u2019ensemble du Canada chaque fois que l\u2019occasion se pr\u00e9sente.<\/p>\n<ul>\n<li><span style=\"text-decoration: underline\"><u>Essai d\u2019utilisabilit\u00e9<\/u>:<\/span> \u00a0Pour chacune de ses lignes directrices, le Groupe d&rsquo;\u00e9tude canadien met au point des outils d\u2019application des connaissances aidant les m\u00e9decins et les patients \u00e0 prendre des d\u00e9cisions de soins de sant\u00e9 pr\u00e9ventifs conformes \u00e0 ladite ligne directrice. Afin de garantir l\u2019utilit\u00e9 des outils, nous demandons \u00e0 des membres de la population de nous fournir une r\u00e9troaction. Si vous souhaitez examiner et commenter l\u2019un de nos prochains outils accompagnant les lignes directrices, merci d\u2019envoyer un courriel \u00e0 Rossella Scoleri, assistante de recherche, \u00e0 l\u2019adresse <a href=\"mailto:ScoleriR@smh.ca\">ScoleriR@smh.ca<\/a>\u00a0pour obtenir plus de d\u00e9tails. La participation \u00e0 un groupe de discussion par t\u00e9l\u00e9conf\u00e9rence d\u2019une heure (aucun d\u00e9placement requis) donne droit \u00e0 une indemnisation de 21\u00a0$.<\/li>\n<li><span style=\"text-decoration: underline\"><u>Implication des patients dans l\u2019\u00e9laboration des lignes directrices<\/u>:<\/span> \u00a0Le G\u00c9CSSP fait participer la population \u00e0 son processus d\u2019\u00e9laboration de lignes directrices. Concr\u00e8tement, le Groupe d&rsquo;\u00e9tude canadien utilise la r\u00e9troaction des patients pour guider la recherche de donn\u00e9es probantes sur le th\u00e8me des lignes directrices et mettre au point des outils d\u2019application des connaissances correspondants. Si vous souhaitez apporter votre contribution, merci d\u2019envoyer un courriel \u00e0 Rossella Scoleri, assistante de recherche, \u00e0 l\u2019adresse <a href=\"mailto:ScoleriR@smh.ca\">ScoleriR@smh.ca<\/a>\u00a0pour obtenir plus de d\u00e9tails. Nous offrons une indemnisation de 50 $ et toutes les t\u00e2ches sont effectu\u00e9es \u00e0 distance (aucun d\u00e9placement requis).<\/li>\n<\/ul>\n<\/div><\/div><\/div><\/div>\n","protected":false},"excerpt":{"rendered":"","protected":false},"author":2,"featured_media":0,"parent":0,"menu_order":23,"comment_status":"closed","ping_status":"closed","template":"","meta":{"_acf_changed":false,"footnotes":""},"categories":[],"tags":[],"class_list":["post-10337","page","type-page","status-publish","hentry"],"acf":[],"_links":{"self":[{"href":"https:\/\/canadiantaskforce.ca\/fr\/wp-json\/wp\/v2\/pages\/10337","targetHints":{"allow":["GET"]}}],"collection":[{"href":"https:\/\/canadiantaskforce.ca\/fr\/wp-json\/wp\/v2\/pages"}],"about":[{"href":"https:\/\/canadiantaskforce.ca\/fr\/wp-json\/wp\/v2\/types\/page"}],"author":[{"embeddable":true,"href":"https:\/\/canadiantaskforce.ca\/fr\/wp-json\/wp\/v2\/users\/2"}],"replies":[{"embeddable":true,"href":"https:\/\/canadiantaskforce.ca\/fr\/wp-json\/wp\/v2\/comments?post=10337"}],"version-history":[{"count":4,"href":"https:\/\/canadiantaskforce.ca\/fr\/wp-json\/wp\/v2\/pages\/10337\/revisions"}],"predecessor-version":[{"id":18292,"href":"https:\/\/canadiantaskforce.ca\/fr\/wp-json\/wp\/v2\/pages\/10337\/revisions\/18292"}],"wp:attachment":[{"href":"https:\/\/canadiantaskforce.ca\/fr\/wp-json\/wp\/v2\/media?parent=10337"}],"wp:term":[{"taxonomy":"category","embeddable":true,"href":"https:\/\/canadiantaskforce.ca\/fr\/wp-json\/wp\/v2\/categories?post=10337"},{"taxonomy":"post_tag","embeddable":true,"href":"https:\/\/canadiantaskforce.ca\/fr\/wp-json\/wp\/v2\/tags?post=10337"}],"curies":[{"name":"wp","href":"https:\/\/api.w.org\/{rel}","templated":true}]}}