{"id":10347,"date":"2016-04-30T12:55:37","date_gmt":"2016-04-30T16:55:37","guid":{"rendered":"http:\/\/canadiantaskforce.ca\/get-involved\/?lang=fr"},"modified":"2024-04-16T10:11:44","modified_gmt":"2024-04-16T14:11:44","slug":"get-involved","status":"publish","type":"page","link":"https:\/\/canadiantaskforce.ca\/fr\/get-involved\/","title":{"rendered":"Apportez votre contribution"},"content":{"rendered":"<div class='fullwidth-section  ' style=\"background-repeat:no-repeat;background-position:left top;\"><div class=\"container\"><div class=\"dt-sc-tabs-vertical2-container\"><ul id=\"menu-getinvolved-french\" class=\"dt-sc-tabs-vertical2-frame\"><li id=\"menu-item-22814\" class=\"menu-item menu-item-type-post_type menu-item-object-page menu-item-22814\"><a href=\"https:\/\/canadiantaskforce.ca\/fr\/?page_id=22507\">RCP-GEC<\/a><\/li>\n<li id=\"menu-item-28313\" class=\"menu-item menu-item-type-post_type menu-item-object-page menu-item-28313\"><a href=\"https:\/\/canadiantaskforce.ca\/fr\/?page_id=28207\">Mise \u00e0 jour sur le d\u00e9pistage du cancer du sein \u2013 soumissions publiques<\/a><\/li>\n<\/ul><div class=\"dt-sc-tabs-vertical2-frame-content\"><p>Le Groupe d&rsquo;\u00e9tude canadien fait participer des professionnels en soins primaires \u00e0 bon nombre de ses activit\u00e9s. Vous trouverez de plus amples informations sur les modalit\u00e9s de participation en cliquant sur les liens ci-dessous.<\/p>\n<p>&nbsp;<\/p>\n<h3>Participez aux activit\u00e9s<\/h3>\n<ul>\n<li><u>Essai d\u2019utilisabilit<\/u><u>\u00e9 &#8211;\u00a0praticiens<\/u>: Le Groupe d&rsquo;\u00e9tude canadien met au point des outils d\u2019application des connaissances destin\u00e9s aux m\u00e9decins et aux patients en compl\u00e9ment de chacune de ses lignes directrices. Nous effectuons des essais d\u2019utilisabilit\u00e9 avec des professionnels pour nous assurer de la pertinence et de la commodit\u00e9 du contenu, de la mise en page, de la navigation et de l\u2019aspect visuel de ces outils. Si vous souhaitez examiner et commenter l\u2019un de nos prochains outils accompagnant les lignes directrices, merci d\u2019envoyer un courriel \u00e0 l\u2019adresse\u00a0<a href=\"mailto:KTteam@canadiantaskforce.ca\">KTteam@canadiantaskforce.ca<\/a>\u00a0pour obtenir plus de d\u00e9tails. Aucun d\u00e9placement requis.\u00a0Les participants seront pay\u00e9s pour leur temps.<\/li>\n<li><u>Essai d\u2019utilisabilit<\/u><u>\u00e9 &#8211; grand public<\/u>: Pour chacune de ses lignes directrices, le Groupe d&rsquo;\u00e9tude canadien met au point des outils d\u2019application des connaissances aidant les m\u00e9decins et les patients \u00e0 prendre des d\u00e9cisions de soins de sant\u00e9 pr\u00e9ventifs conformes \u00e0 ladite ligne directrice. Afin de garantir l\u2019utilit\u00e9 des outils, nous demandons \u00e0 des membres de la population de nous fournir une r\u00e9troaction. Si vous souhaitez examiner et commenter l\u2019un de nos prochains outils accompagnant les lignes directrices, merci d\u2019envoyer un courriel \u00e0 l\u2019adresse <a href=\"mailto:KTteam@canadiantaskforce.ca\">KTteam@canadiantaskforce.ca<\/a>\u00a0pour obtenir plus de d\u00e9tails. La participation \u00e0 un groupe de discussion par t\u00e9l\u00e9conf\u00e9rence d\u2019une heure (aucun d\u00e9placement requis) donne droit \u00e0 une indemnisation.<\/li>\n<li><u>Implication des patients dans l\u2019\u00e9laboration des lignes directrices<\/u>: Le G\u00c9CSSP fait participer la population \u00e0 son processus d\u2019\u00e9laboration de lignes directrices. Concr\u00e8tement, le Groupe d&rsquo;\u00e9tude canadien utilise la r\u00e9troaction des patients pour guider la recherche de donn\u00e9es probantes sur le th\u00e8me des lignes directrices et mettre au point des outils d\u2019application des connaissances correspondants. Si vous souhaitez apporter votre contribution, merci d\u2019envoyer un courriel \u00e0 l\u2019adresse <a href=\"mailto:KTteam@canadiantaskforce.ca\">KTteam@canadiantaskforce.ca<\/a>\u00a0pour obtenir plus de d\u00e9tails. Nous offrons une indemnisation de et toutes les t\u00e2ches sont effectu\u00e9es \u00e0 distance (aucun d\u00e9placement requis).<\/li>\n<li><u>\u00c9valuation annuelle<\/u>: Le Groupe d&rsquo;\u00e9tude canadien proc\u00e8de \u00e0 une \u00e9valuation annuelle de son travail afin de mesurer l\u2019impact des activit\u00e9s de diffusion et le degr\u00e9 d\u2019adoption des lignes directrices de pratique clinique, des outils d\u2019application des connaissances (AC) et des ressources d\u2019AC. Nous invitons les professionnels \u00e0 prendre part \u00e0 l\u2019\u00e9valuation en r\u00e9pondant \u00e0 une enqu\u00eate en ligne (qui donne acc\u00e8s au tirage au sort d\u2019un iPad) ou en accordant un entretien t\u00e9l\u00e9phonique d\u2019une heure. Pour davantage d\u2019informations sur les modalit\u00e9s de participation, merci d\u2019envoyer un courriel \u00e0 l\u2019adresse\u00a0<a href=\"mailto:KTteam@canadiantaskforce.ca\">KTteam@canadiantaskforce.ca<\/a>. Les enqu\u00eates et les entretiens sont r\u00e9alis\u00e9s chaque ann\u00e9e, en janvier et en f\u00e9vrier.\u00a0Les participants seront pay\u00e9s pour leur temps.<\/li>\n<\/ul>\n<p>&nbsp;<\/p>\n<\/div><\/div><\/div><\/div>\n","protected":false},"excerpt":{"rendered":"","protected":false},"author":2,"featured_media":0,"parent":0,"menu_order":127,"comment_status":"closed","ping_status":"closed","template":"tpl-fullwidth.php","meta":{"_acf_changed":false,"footnotes":""},"categories":[],"tags":[],"class_list":["post-10347","page","type-page","status-publish","hentry"],"acf":[],"_links":{"self":[{"href":"https:\/\/canadiantaskforce.ca\/fr\/wp-json\/wp\/v2\/pages\/10347","targetHints":{"allow":["GET"]}}],"collection":[{"href":"https:\/\/canadiantaskforce.ca\/fr\/wp-json\/wp\/v2\/pages"}],"about":[{"href":"https:\/\/canadiantaskforce.ca\/fr\/wp-json\/wp\/v2\/types\/page"}],"author":[{"embeddable":true,"href":"https:\/\/canadiantaskforce.ca\/fr\/wp-json\/wp\/v2\/users\/2"}],"replies":[{"embeddable":true,"href":"https:\/\/canadiantaskforce.ca\/fr\/wp-json\/wp\/v2\/comments?post=10347"}],"version-history":[{"count":5,"href":"https:\/\/canadiantaskforce.ca\/fr\/wp-json\/wp\/v2\/pages\/10347\/revisions"}],"predecessor-version":[{"id":19864,"href":"https:\/\/canadiantaskforce.ca\/fr\/wp-json\/wp\/v2\/pages\/10347\/revisions\/19864"}],"wp:attachment":[{"href":"https:\/\/canadiantaskforce.ca\/fr\/wp-json\/wp\/v2\/media?parent=10347"}],"wp:term":[{"taxonomy":"category","embeddable":true,"href":"https:\/\/canadiantaskforce.ca\/fr\/wp-json\/wp\/v2\/categories?post=10347"},{"taxonomy":"post_tag","embeddable":true,"href":"https:\/\/canadiantaskforce.ca\/fr\/wp-json\/wp\/v2\/tags?post=10347"}],"curies":[{"name":"wp","href":"https:\/\/api.w.org\/{rel}","templated":true}]}}