{"id":10413,"date":"2016-10-06T14:22:18","date_gmt":"2016-10-06T18:22:18","guid":{"rendered":"http:\/\/canadiantaskforce.ca\/?page_id=10413&#038;lang=fr"},"modified":"2024-04-16T10:11:58","modified_gmt":"2024-04-16T14:11:58","slug":"cancer-de-la-prostate-resume-graphique","status":"publish","type":"page","link":"https:\/\/canadiantaskforce.ca\/fr\/tools-resources\/cancer-de-la-prostate-resume-graphique\/","title":{"rendered":"Cancer de la prostate\u2014R\u00e9sum\u00e9 graphique"},"content":{"rendered":"<div class='fullwidth-section  ' style=\"background-repeat:no-repeat;background-position:left top;\"><div class=\"container\"><div class=\"dt-sc-tabs-vertical2-container\"><ul id=\"menu-outilsressources\" class=\"dt-sc-tabs-vertical2-frame\"><li id=\"menu-item-14151\" class=\"menu-item menu-item-type-post_type menu-item-object-page menu-item-14151\"><a href=\"https:\/\/canadiantaskforce.ca\/fr\/tools-resources\/\">Outils de d\u00e9pistage<\/a><\/li>\n<li id=\"menu-item-14150\" class=\"menu-item menu-item-type-post_type menu-item-object-page menu-item-14150\"><a href=\"https:\/\/canadiantaskforce.ca\/fr\/?page_id=11228\">Vid\u00e9os<\/a><\/li>\n<\/ul><div class=\"dt-sc-tabs-vertical2-frame-content\"><div class='pdfdownload'><h5>Version PDF<\/h5><hr><div class='pdfdownload-text'> <a href=\"https:\/\/canadiantaskforce.ca\/wp-content\/uploads\/2016\/10\/2014-prostate-cancer-infographic-fr.pdf\" target=\"_blank\" rel=\"noopener\">T\u00e9l\u00e9charger le PDF &#8211; Fran\u00e7ais<\/a><\/div><\/div>\n<p><a href=\"https:\/\/canadiantaskforce.ca\/wp-content\/uploads\/2024\/01\/CTFPHC_Prostate-Cancer-Infographic_FINAL_2023_Arabic.pdf\">T\u00e9l\u00e9charger le PDF &#8211; Arabe<\/a><\/p>\n<p><a href=\"https:\/\/canadiantaskforce.ca\/wp-content\/uploads\/2024\/01\/CTFPHC_Prostate-Cancer-Infographic_FINAL_2023_Punjabi.pdf\">T\u00e9l\u00e9charger le PDF &#8211; Panjabi<\/a><\/p>\n<p><a href=\"https:\/\/canadiantaskforce.ca\/wp-content\/uploads\/2024\/01\/CTFPHC_Prostate-Cancer-Infographic_FINAL_2023_Traditional-Chinese.pdf\">T\u00e9l\u00e9charger le PDF &#8211; Chinois traditionnel<\/a><\/p>\n<div class='back'><h4><span class='fa fa-angle-left'><\/span>&nbsp;<a href='\/lignesdirectrives\/lignes-directrices-publiees\/cancer-de-la-prostate\/?lang=fr'>Retour<\/a><\/h4><\/div>\n<p>Les inconv\u00e9nients du d\u00e9pistage l\u2019emportent sur les avantages.<\/p>\n<p><strong>R\u00c9SULTATS DU D\u00c9PISTAGE DE 1000 HOMMES \u00c0 L&rsquo;AIDE DU TEST DE L&rsquo;APS<sup>i<\/sup><\/strong><\/p>\n<p><a href=\"https:\/\/canadiantaskforce.ca\/wp-content\/uploads\/2016\/10\/frinfographic.png\"><img loading=\"lazy\" decoding=\"async\" class=\"aligncenter size-full wp-image-10415\" src=\"https:\/\/canadiantaskforce.ca\/wp-content\/uploads\/2016\/10\/frinfographic.png\" alt=\"frinfographic\" width=\"801\" height=\"601\" srcset=\"https:\/\/canadiantaskforce.ca\/wp-content\/uploads\/2016\/10\/frinfographic.png 801w, https:\/\/canadiantaskforce.ca\/wp-content\/uploads\/2016\/10\/frinfographic-600x450.png 600w, https:\/\/canadiantaskforce.ca\/wp-content\/uploads\/2016\/10\/frinfographic-300x225.png 300w, https:\/\/canadiantaskforce.ca\/wp-content\/uploads\/2016\/10\/frinfographic-768x576.png 768w, https:\/\/canadiantaskforce.ca\/wp-content\/uploads\/2016\/10\/frinfographic-100x75.png 100w, https:\/\/canadiantaskforce.ca\/wp-content\/uploads\/2016\/10\/frinfographic-650x488.png 650w, https:\/\/canadiantaskforce.ca\/wp-content\/uploads\/2016\/10\/frinfographic-633x475.png 633w, https:\/\/canadiantaskforce.ca\/wp-content\/uploads\/2016\/10\/frinfographic-489x367.png 489w, https:\/\/canadiantaskforce.ca\/wp-content\/uploads\/2016\/10\/frinfographic-420x315.png 420w, https:\/\/canadiantaskforce.ca\/wp-content\/uploads\/2016\/10\/frinfographic-434x326.png 434w, https:\/\/canadiantaskforce.ca\/wp-content\/uploads\/2016\/10\/frinfographic-70x53.png 70w\" sizes=\"auto, (max-width: 801px) 100vw, 801px\" \/><\/a><\/p>\n<ul>\n<li><strong>720<\/strong> hommes pr\u00e9senteront un r\u00e9sultat n\u00e9gatif au dosage de l\u2019APS<\/li>\n<li><strong>178<\/strong> hommes ayant un dosage d\u2019APS positif subiront d\u2019autres tests qui se r\u00e9v\u00e9leront n\u00e9gatifs pour le cancer de la prostate\n<ul>\n<li><strong>4<\/strong> hommes sur ces 178 pr\u00e9senteront des complications de la biopsie, telle qu\u2019infection et saignement suffisamment grave pour justifier une hospitalisation<\/li>\n<\/ul>\n<\/li>\n<li><strong>102<\/strong> hommes recevront un diagnostic de cancer de la prostate\n<ul>\n<li><strong>33<\/strong> de ces 102 cancers de la prostate n\u2019auraient caus\u00e9 ni maladie ni d\u00e9c\u00e8s. En raison de l\u2019incertitude face \u00e0 la progression \u00e9ventuelle du cancer, la plupart des hommes choisiront le traitement, avec le risque de complications qu\u2019il comporte<\/li>\n<li><strong>5<\/strong> hommes mourront du cancer de la prostate malgr\u00e9 les tests de l\u2019APS<\/li>\n<li><strong>1<\/strong> homme survivra au cancer de la prostate gr\u00e2ce au test de l\u2019APS<\/li>\n<\/ul>\n<\/li>\n<\/ul>\n<p><strong>QUELS SONT MES RISQUES SI JE NE SUBIS PAS LE D\u00c9PISTAGE?<\/strong><\/p>\n<ul>\n<li>Chez les hommes <em>soumis au d\u00e9pistage<\/em> par dosage de l\u2019APS, le risque de mourir d\u2019un cancer de la prostate est de 5 sur 1,000 <em>Chez les hommes<\/em> non soumis au d\u00e9pistage <em>par dosage de l\u2019APS, le risque de mourir d\u2019un cancer de la prostate est de 6 sur 1000<\/em> Dans bien des cas, le cancer de la prostate n\u2019est pas \u2013et ne deviendra pas mortel.<\/li>\n<\/ul>\n<p><strong>N\u2019EST-IL PAS PR\u00c9F\u00c9RABLE DE SE FAIRE D\u00c9PISTER QUE DE NE RIEN FAIRE?<\/strong><\/p>\n<ul>\n<li>Le d\u00e9pistage par l\u2019APS m\u00e8ne souvent \u00e0 des tests suppl\u00e9mentaires, ce qui entra\u00eene souvent d\u2019autres risques et probl\u00e8mes.<\/li>\n<li>Par exemple, une biopsie est associ\u00e9e \u00e0 plusieurs inconv\u00e9nients potentiels tels des infections, le sang dans l\u2019urine ou m\u00eame la mort.<\/li>\n<li>De plus, si ces tests conduisent au traitement, tel une prostectomie(ablation de la prostate,) les chances d\u2019incontinence urinaire et de dysfonction \u00e9rectile augmentent significativement.D\u2019autres complications post-chirurgicales \u00e0 court terme comprennent les infections, les chirurgies suppl\u00e9mentaires accompagn\u00e9es de transfusions sanguines et la mort.<\/li>\n<\/ul>\n<p><strong>QUE RECOMMANDE LE GROUPE D&rsquo;\u00c9TUDE CANADIEN SUR LES SOINS DE SANT\u00c9 PR\u00c9VENTIFS?<\/strong><\/p>\n<ul>\n<li>\u00c9tant donn\u00e9 l\u2019absence de preuves convaincantes d\u00e9montrant une r\u00e9duction de la mortalit\u00e9 due au cancer de la prostate suite au d\u00e9pistage par test de l\u2019APS et puisqu\u2019il existe des preuves coh\u00e9rentes d\u2019inconv\u00e9nients caus\u00e9s par le d\u00e9pistage et le traitement actif, le GECSSP recommande de ne pas d\u00e9pister le cancer de la prostate \u00e0 l\u2019aide du test de l\u2019APS.<\/li>\n<li>Pour de plus amples informations sur les recommandations du Groupe d\u2019\u00e9tude canadien sur les soins de sant\u00e9 pr\u00e9ventifs, veuillez consulter <a href=\"https:\/\/canadiantaskforce.ca\/portfolios\/depistage-du-cancer-de-la-prostate\/?lang=fr\">notre Ligne directrice sur le d\u00e9pistage du cancer de la prostate<\/a>.<\/li>\n<\/ul>\n<p><strong>QUELS SONT LES AVANTAGES DU D\u00c9PISTAGE?<\/strong><\/p>\n<p>Le risque de mourir du cancer de la prostate est r\u00e9duit \u2013 1 homme par 1000 \u00e9chappera \u00e0 la mort gr\u00e2ce au d\u00e9pistage qu\u2019il a subi.<\/p>\n<p><strong>NOTE<\/strong><\/p>\n<p>Les statistiques reli\u00e9es aux avantages et inconv\u00e9nients ont \u00e9t\u00e9 calcul\u00e9es \u00e0 partir du \u00ab European Randomized Study of Screening for Prostate Cancer (ERSPC)\u00bb<\/p>\n<p><strong>NOTE<\/strong><\/p>\n<p>i. \u00c2g\u00e9s de 55 \u00e0 69 ans, d\u00e9pist\u00e9s sur une p\u00e9riode de 13 ans et avec un seuil de d\u00e9pistage de l\u2019APS de 3,0 ng\/ml<\/p>\n<\/div><\/div><\/div><\/div>\n","protected":false},"excerpt":{"rendered":"","protected":false},"author":2,"featured_media":9509,"parent":10330,"menu_order":0,"comment_status":"closed","ping_status":"closed","template":"","meta":{"_acf_changed":false,"footnotes":""},"categories":[220,218],"tags":[],"class_list":["post-10413","page","type-page","status-publish","has-post-thumbnail","hentry","category-cancer-de-la-prostate","category-outils"],"acf":[],"_links":{"self":[{"href":"https:\/\/canadiantaskforce.ca\/fr\/wp-json\/wp\/v2\/pages\/10413","targetHints":{"allow":["GET"]}}],"collection":[{"href":"https:\/\/canadiantaskforce.ca\/fr\/wp-json\/wp\/v2\/pages"}],"about":[{"href":"https:\/\/canadiantaskforce.ca\/fr\/wp-json\/wp\/v2\/types\/page"}],"author":[{"embeddable":true,"href":"https:\/\/canadiantaskforce.ca\/fr\/wp-json\/wp\/v2\/users\/2"}],"replies":[{"embeddable":true,"href":"https:\/\/canadiantaskforce.ca\/fr\/wp-json\/wp\/v2\/comments?post=10413"}],"version-history":[{"count":8,"href":"https:\/\/canadiantaskforce.ca\/fr\/wp-json\/wp\/v2\/pages\/10413\/revisions"}],"predecessor-version":[{"id":28749,"href":"https:\/\/canadiantaskforce.ca\/fr\/wp-json\/wp\/v2\/pages\/10413\/revisions\/28749"}],"up":[{"embeddable":true,"href":"https:\/\/canadiantaskforce.ca\/fr\/wp-json\/wp\/v2\/pages\/10330"}],"wp:featuredmedia":[{"embeddable":true,"href":"https:\/\/canadiantaskforce.ca\/fr\/wp-json\/wp\/v2\/media\/9509"}],"wp:attachment":[{"href":"https:\/\/canadiantaskforce.ca\/fr\/wp-json\/wp\/v2\/media?parent=10413"}],"wp:term":[{"taxonomy":"category","embeddable":true,"href":"https:\/\/canadiantaskforce.ca\/fr\/wp-json\/wp\/v2\/categories?post=10413"},{"taxonomy":"post_tag","embeddable":true,"href":"https:\/\/canadiantaskforce.ca\/fr\/wp-json\/wp\/v2\/tags?post=10413"}],"curies":[{"name":"wp","href":"https:\/\/api.w.org\/{rel}","templated":true}]}}