{"id":10594,"date":"2016-10-12T11:25:21","date_gmt":"2016-10-12T15:25:21","guid":{"rendered":"http:\/\/canadiantaskforce.ca\/?page_id=10594&#038;lang=fr"},"modified":"2025-01-10T12:34:35","modified_gmt":"2025-01-10T17:34:35","slug":"diabete-de-type-2-findrisc-pour-cliniciens","status":"publish","type":"page","link":"https:\/\/canadiantaskforce.ca\/fr\/tools-resources\/diabete-de-type-2\/diabete-de-type-2-findrisc-pour-cliniciens\/","title":{"rendered":"Diab\u00e8te de type 2\u2014FINDRISC pour cliniciens"},"content":{"rendered":"<div class='fullwidth-section  ' style=\"background-repeat:no-repeat;background-position:left top;\"><div class=\"container\"><div class=\"dt-sc-tabs-vertical2-container\"><ul id=\"menu-outilsressources\" class=\"dt-sc-tabs-vertical2-frame\"><li id=\"menu-item-14151\" class=\"menu-item menu-item-type-post_type menu-item-object-page menu-item-14151\"><a href=\"https:\/\/canadiantaskforce.ca\/fr\/tools-resources\/\">Outils de d\u00e9pistage<\/a><\/li>\n<li id=\"menu-item-14150\" class=\"menu-item menu-item-type-post_type menu-item-object-page menu-item-14150\"><a href=\"https:\/\/canadiantaskforce.ca\/fr\/?page_id=11228\">Vid\u00e9os<\/a><\/li>\n<\/ul><div class=\"dt-sc-tabs-vertical2-frame-content\"><div class='pdfdownload'><h5>Version PDF<\/h5><hr><div class='pdfdownload-text'><a href=\"https:\/\/canadiantaskforce.ca\/wp-content\/uploads\/2018\/05\/Diabetes-Clinician-Algorithm-FR_13-06-27_v2.pdf\">T\u00e9l\u00e9charger le PDF<\/a><\/div><\/div>\n<div class='back'><h4><span class='fa fa-angle-left'><\/span>&nbsp;<a href='\/lignesdirectrives\/lignes-directrices-publiees\/diabete-de-type-2\/?lang=fr'>Retour<\/a><\/h4><\/div>\n<h3>INTRODUCTION<\/h3>\n<p>\u00c0 l\u2019aide du calculateur de risque ci-dessous, d\u00e9terminez le risque de votre patient. Puis, continuez au tableau ci-dessous pour calculer le risque de diab\u00e8te de votre patient. Veuillez noter qu\u2019il existe un <a href=\"https:\/\/canadiantaskforce.ca\/tools-resources\/type-2-diabetes-2\/type-2-diabetes-patient-findrisc\/?lang=fr\">Calculateur de risque de diab\u00e8te de type 2 pour les patients<\/a>.<\/p>\n<p>Remarque: Les recommandations sont formul\u00e9es pour le d\u00e9pistage du diab\u00e8te de type 2 chez les adultes asymptomatiques en fonction des analyses de sang. Ces recommandations ne s\u2019appliquent pas aux adultes qui ont d\u00e9j\u00e0 re\u00e7u un diagnostic de diab\u00e8te de type 2, aux adultes ayant un risque de diab\u00e8te de type 1 ou \u00e0 ceux pr\u00e9sentant des sympt\u00f4mes du diab\u00e8te. Les sympt\u00f4mes du diab\u00e8te incluent : une soif inhabituelle, une miction\u00a0fr\u00e9quente, un changement de poids (prise ou perte), une fatigue extr\u00eame ou un manque d\u2019\u00e9nergie, une vision trouble, des infections fr\u00e9quentes et r\u00e9currentes, des coupures et des blessures qui mettent du temps \u00e0 gu\u00e9rir, un fourmillement ou un engourdissement dans les mains ou les pieds.<\/p>\n<h3><\/h3>\n<h3>INSTRUCTIONS<\/h3>\n<p>Additionnez les points pour d\u00e9terminer le score du risque total du patient.<\/p>\n<p>Utilisez les r\u00e9sultats de votre patient obtenus avec le calculateur de risque dans le diagramme pour d\u00e9terminer les recommandations de d\u00e9pistage du Groupe d\u2019\u00e9tude canadien sur les soins de sant\u00e9 pr\u00e9ventifs (GECSSP).<\/p>\n<h3><\/h3>\n<h3>CALCULATEUR DU RISQUE<\/h3>\n<ol>\n<li>Quel est l\u2019\u00e2ge de votre patient?<\/li>\n<\/ol>\n<p style=\"padding-left: 90px\">a. Entre 18 et 44 ans\n(0 point)<\/p>\n<p style=\"padding-left: 90px\">b. Entre 45 et 54 ans\n(2 points)<\/p>\n<p style=\"padding-left: 90px\">c. Entre 55 et 64 ans\n(3 points)<\/p>\n<p style=\"padding-left: 90px\">d. 65 ans et plus\n(4 points)<\/p>\n<p style=\"padding-left: 30px\">2. Quel est l\u2019indice de masse corporelle de votre patient ?<\/p>\n<p style=\"padding-left: 90px\"><a href=\"http:\/\/www.dietitians.ca\/Your-Health\/Assess-Yourself\/Assess-Your-BMI\/BMI-Adult.aspx\" target=\"_blank\" rel=\"noopener\">Voir dietitians.ca pour un calculateur d\u2019IMC<\/a><\/p>\n<p style=\"padding-left: 90px\">a. Normal (inf\u00e9rieur \u00e0 25,0 kg\/m\u00b2)\n(0 point)<\/p>\n<p style=\"padding-left: 90px\">b. En surpoids (entre 25,0 et 29,9 kg\/m\u00b2)\n(1 point)<\/p>\n<p style=\"padding-left: 90px\">c. Ob\u00e8se (30,0 kg\/m\u00b2 ou plus)\n(3 points)<\/p>\n<p style=\"padding-left: 30px\">3. Quel est le tour de taille de votre patient?<\/p>\n<p style=\"padding-left: 90px\">La mesure du tour de taille est prise sous les c\u00f4tes (en g\u00e9n\u00e9ral au niveau du nombril).<\/p>\n<p style=\"padding-left: 90px\">a. Moins de 94 cm (&lt; 37 pouces) pour les hommes; ou\nMoins de 80 cm (&lt; 31 pouces) pour les femmes\n(0 point)<\/p>\n<p style=\"padding-left: 90px\">b. Entre 94 et 102 cm (entre environ 37 pouces et 40 pouces) pour les hommes; ou\nEntre 80 et 88 cm (entre environ 31 pouces et 35 pouces) pour les femmes\n(3 points)<\/p>\n<p style=\"padding-left: 90px\">c. Plus de 102 cm (plus de 40 pouces environ)\u00a0pour les hommes; ou Plus de 88 cm (plus de 35 pouces environ) pour les femmes (4 points)<\/p>\n<p style=\"padding-left: 30px\">4. Votre patient est-il physiquement actif pendant plus de 30 minutes chaque jour?<\/p>\n<p style=\"padding-left: 90px\">Cela inclut l\u2019activit\u00e9 physique au travail, pendant les loisirs ou la routine quotidienne.<\/p>\n<p style=\"padding-left: 90px\">a. Oui\n(0 point)<\/p>\n<p style=\"padding-left: 90px\">b. Non\n(2 points)<\/p>\n<p style=\"padding-left: 30px\">5. \u00c0 quelle fr\u00e9quence votre patient mange-t-il des l\u00e9gumes et des fruits?<\/p>\n<p style=\"padding-left: 90px\">a. Tous les jours\n(0 point)<\/p>\n<p style=\"padding-left: 90px\">b. Pas tous les jours\n(1 point)<\/p>\n<p style=\"padding-left: 30px\">6. Votre patient a-t-il d\u00e9j\u00e0 pris des m\u00e9dicaments pour l\u2019hypertension art\u00e9rielle de mani\u00e8re r\u00e9guli\u00e8re?<\/p>\n<p style=\"padding-left: 90px\">a. Non\n(0 point)<\/p>\n<p style=\"padding-left: 90px\">b. Oui\n(2 points)<\/p>\n<p style=\"padding-left: 30px\">7. A-t-on d\u00e9j\u00e0 remarqu\u00e9 que votre patient avait une glyc\u00e9mie \u00e9lev\u00e9e (p. ex. au cours d\u2019un examen de sant\u00e9, durant une maladie ou une grossesse)?<\/p>\n<p style=\"padding-left: 90px\">a. Non\n(0 point)<\/p>\n<p style=\"padding-left: 90px\">b. Oui\n(5 points)<\/p>\n<p style=\"padding-left: 30px\">8. Des membres de la famille imm\u00e9diate de votre patient ou d\u2019autres membres de sa famille ont-ils re\u00e7u un diagnostic de diab\u00e8te (type 1 ou 2)?<\/p>\n<p style=\"padding-left: 90px\">Cette question s\u2019applique uniquement aux parents biologiques.<\/p>\n<p style=\"padding-left: 90px\">a. Non\n(0 point)<\/p>\n<p style=\"padding-left: 90px\">b. Oui : grand-parent, tante, oncle ou cousin germain (mais pas parent, fr\u00e8re, soeur ou enfant)\n(3 points)<\/p>\n<p style=\"padding-left: 90px\">c. Oui : parent, fr\u00e8re, soeur ou propre enfant\n(5 points)<\/p>\n<h3><\/h3>\n<h3>R\u00e9sultats<\/h3>\n<table>\n<thead>\n<tr>\n<th scope=\"col\">Note<\/th>\n<th scope=\"col\">Risque<\/th>\n<th scope=\"col\">\u00a0Recommandation<\/th>\n<\/tr>\n<\/thead>\n<tbody>\n<tr>\n<td>0\u201314 points<\/td>\n<td>Risque faible \u00e0 mod\u00e9r\u00e91 \u00e0 17 % de risque d\u2019\u00eatre diab\u00e9tique dans les 10 prochaines ann\u00e9es<\/td>\n<td>Nous recommandons de <em>ne pas faire de d\u00e9pistage<\/em> pour le diab\u00e8te de type 2.<\/td>\n<\/tr>\n<tr>\n<td>15\u201320 points<\/td>\n<td>Risque \u00e9lev\u00e933 % de risque d\u2019\u00eatre diab\u00e9tique dans les 10 prochaines ann\u00e9es<\/td>\n<td>Nous recommandons de faire un <em>d\u00e9pistage tous les 3 \u00e0 5 ans<\/em> avec l\u2019h\u00e9moglobine A1C.<\/td>\n<\/tr>\n<tr>\n<td>21+\npoints<\/td>\n<td>Risque tr\u00e8s \u00e9lev\u00e950 % de risque d\u2019\u00eatre diab\u00e9tique dans les 10 prochaines ann\u00e9es<\/td>\n<td>Nous recommandons de faire un <em>d\u00e9pistage annuel<\/em> avec l\u2019h\u00e9moglobine A1C.<\/td>\n<\/tr>\n<\/tbody>\n<\/table>\n<h3>CALCULATEUR DE RISQUE<\/h3>\n<p>Le Groupe d\u2019\u00e9tude canadien sur les soins de sant\u00e9 pr\u00e9ventifs a choisi le questionnaire de risque FINDRISC comme questionnaire privil\u00e9gi\u00e9 \u00e9tant donn\u00e9 qu\u2019il a \u00e9t\u00e9 valid\u00e9 et a une pr\u00e9cision de test semblable \u00e0 celle du questionnaire canadien sur le risque de diab\u00e8te CANRISK. Son utilisation a permis d\u2019am\u00e9liorer les r\u00e9sultats de\u00a0sant\u00e9 importants pour les\u00a0patients (p. ex. r\u00e9duction de l\u2019incidence du diab\u00e8te en le combinant \u00e0 une intervention d\u2019\u00e9ducation).<\/p>\n<p>Les r\u00e9sultats de sant\u00e9 importants pour les patients sont les r\u00e9sultats qui sont tr\u00e8s pertinents pour les patients et valoris\u00e9s par ces derniers, notamment la qualit\u00e9 de vie, le contr\u00f4le de la douleur ou tout autre soulagement des sympt\u00f4mes. L\u2019examen de la litt\u00e9rature\u00a0n\u2019a pas permis de d\u00e9terminer des \u00e9tudes faisant un compte rendu de l\u2019incidence de CANRISK sur les r\u00e9sultats importants pour les patients. Le questionnaire CANRISK n\u2019a \u00e9t\u00e9 valid\u00e9 que dans le cadre d\u2019une analyse transversale avec \u00e9chantillon de commodit\u00e9 de patients et est plus long que le questionnaire FINDRISC.<\/p>\n<p>Il n\u2019y a aucune preuve pour orienter la fr\u00e9quence optimale de calcul du risque. D\u2019apr\u00e8s les donn\u00e9es sur les intervalles de d\u00e9pistage, le GECSSP\u00a0recommande un calcul du risque au moins tous les 3 \u00e0 5 ans pour les adultes \u00e2g\u00e9s de 18 ans et plus.<\/p>\n<ul>\n<li><a href=\"http:\/\/www.diabetes.fi\/files\/1100\/Type2diabetesRiskTest_.jpg\" target=\"_blank\" rel=\"noopener\">Questionnaire FINDRISC<\/a>\u00a0(en anglais)<\/li>\n<li><a href=\"http:\/\/www.canadiensensante.gc.ca\/diseases-conditions-maladies-affections\/disease-maladie\/diabetes-diabete\/canrisk\/index-fra.php?utm_source=VanityURL&amp;utm_medium=URL&amp;utm_campaign=santepublique.gc.ca\/CANRISK\" target=\"_blank\" rel=\"noopener\">Questionnaire CANRISK<\/a><\/li>\n<\/ul>\n<h3><\/h3>\n<h3>CHOIX DU TEST DE D\u00c9PISTAGE<\/h3>\n<p>Le Groupe d\u2019\u00e9tude a s\u00e9lectionn\u00e9 le test de d\u00e9pistage de l\u2019h\u00e9moglobine A1C comme \u00e9tant celui de premier choix, mais a remarqu\u00e9 que la mesure de la glyc\u00e9mie \u00e0 jeun et le test de tol\u00e9rance au glucose \u00e9taient d\u2019autres options acceptables. L&rsquo;A1C est couramment appel\u00e9 h\u00e9moglobine glyqu\u00e9e, h\u00e9moglobine glycosyl\u00e9e, h\u00e9moglobine A1c, HbA1c, Hb1c ou HbA1c. Une mesure de l\u2019h\u00e9moglobine A1C de 6,5 % est la valeur limite recommand\u00e9e pour un diagnostic de diab\u00e8te, mais une valeur inf\u00e9rieure \u00e0 6,5 % n\u2019exclut pas un diab\u00e8te diagnostiqu\u00e9 au moyen de tests de glyc\u00e9mie. L\u2019h\u00e9moglobine A1C devrait \u00eatre mesur\u00e9e \u00e0 l\u2019aide d\u2019un dosage normalis\u00e9 et valid\u00e9.<\/p>\n<h3><\/h3>\n<h3>SOURCE<\/h3>\n<p>Le questionnaire \u00ab\u00a0Finnish Diabetes Risk Score\u00a0\u00bb (score finlandais de risque du diab\u00e8te) par la professeure auxiliaire Jaana Lindstr\u00f6m, Unit\u00e9 de pr\u00e9vention du diab\u00e8te, Service de pr\u00e9vention des maladies chroniques, Institut national pour la sant\u00e9 et le mieux-\u00eatre, Helsinki, Finlande et le professeur Jaakko Tuomilehto, Centre de pr\u00e9vention vasculaire, Danube-University Krems, Krems, Autriche<\/p>\n<\/div><\/div><\/div><\/div>\n","protected":false},"excerpt":{"rendered":"","protected":false},"author":2,"featured_media":8999,"parent":11088,"menu_order":0,"comment_status":"closed","ping_status":"closed","template":"","meta":{"_acf_changed":false,"footnotes":""},"categories":[226,218],"tags":[],"class_list":["post-10594","page","type-page","status-publish","has-post-thumbnail","hentry","category-diabete-de-type-2","category-outils"],"acf":[],"_links":{"self":[{"href":"https:\/\/canadiantaskforce.ca\/fr\/wp-json\/wp\/v2\/pages\/10594","targetHints":{"allow":["GET"]}}],"collection":[{"href":"https:\/\/canadiantaskforce.ca\/fr\/wp-json\/wp\/v2\/pages"}],"about":[{"href":"https:\/\/canadiantaskforce.ca\/fr\/wp-json\/wp\/v2\/types\/page"}],"author":[{"embeddable":true,"href":"https:\/\/canadiantaskforce.ca\/fr\/wp-json\/wp\/v2\/users\/2"}],"replies":[{"embeddable":true,"href":"https:\/\/canadiantaskforce.ca\/fr\/wp-json\/wp\/v2\/comments?post=10594"}],"version-history":[{"count":8,"href":"https:\/\/canadiantaskforce.ca\/fr\/wp-json\/wp\/v2\/pages\/10594\/revisions"}],"predecessor-version":[{"id":31619,"href":"https:\/\/canadiantaskforce.ca\/fr\/wp-json\/wp\/v2\/pages\/10594\/revisions\/31619"}],"up":[{"embeddable":true,"href":"https:\/\/canadiantaskforce.ca\/fr\/wp-json\/wp\/v2\/pages\/11088"}],"wp:featuredmedia":[{"embeddable":true,"href":"https:\/\/canadiantaskforce.ca\/fr\/wp-json\/wp\/v2\/media\/8999"}],"wp:attachment":[{"href":"https:\/\/canadiantaskforce.ca\/fr\/wp-json\/wp\/v2\/media?parent=10594"}],"wp:term":[{"taxonomy":"category","embeddable":true,"href":"https:\/\/canadiantaskforce.ca\/fr\/wp-json\/wp\/v2\/categories?post=10594"},{"taxonomy":"post_tag","embeddable":true,"href":"https:\/\/canadiantaskforce.ca\/fr\/wp-json\/wp\/v2\/tags?post=10594"}],"curies":[{"name":"wp","href":"https:\/\/api.w.org\/{rel}","templated":true}]}}