{"id":10611,"date":"2016-10-12T11:53:56","date_gmt":"2016-10-12T15:53:56","guid":{"rendered":"http:\/\/canadiantaskforce.ca\/?page_id=10611&#038;lang=fr"},"modified":"2024-04-16T10:12:27","modified_gmt":"2024-04-16T14:12:27","slug":"diabete-de-type-2-faq-pour-patients","status":"publish","type":"page","link":"https:\/\/canadiantaskforce.ca\/fr\/tools-resources\/diabete-de-type-2\/diabete-de-type-2-faq-pour-patients\/","title":{"rendered":"Diab\u00e8te de type 2\u2014FAQ pour patients"},"content":{"rendered":"<div class='fullwidth-section  ' style=\"background-repeat:no-repeat;background-position:left top;\"><div class=\"container\"><div class=\"dt-sc-tabs-vertical2-container\"><ul id=\"menu-outilsressources\" class=\"dt-sc-tabs-vertical2-frame\"><li id=\"menu-item-14151\" class=\"menu-item menu-item-type-post_type menu-item-object-page menu-item-14151\"><a href=\"https:\/\/canadiantaskforce.ca\/fr\/tools-resources\/\">Outils de d\u00e9pistage<\/a><\/li>\n<li id=\"menu-item-14150\" class=\"menu-item menu-item-type-post_type menu-item-object-page menu-item-14150\"><a href=\"https:\/\/canadiantaskforce.ca\/fr\/?page_id=11228\">Vid\u00e9os<\/a><\/li>\n<\/ul><div class=\"dt-sc-tabs-vertical2-frame-content\"><div class='pdfdownload'><h5>Version PDF<\/h5><hr><div class='pdfdownload-text'><a href=\"https:\/\/canadiantaskforce.ca\/wp-content\/uploads\/2016\/10\/2012-type-2-diabetes-patient-faq-fr.pdf\" target=\"_blank\" rel=\"noopener\">T\u00e9l\u00e9charger le PDF<\/a><\/div><\/div>\n<div class='back'><h4><span class='fa fa-angle-left'><\/span>&nbsp;<a href='\/lignesdirectrives\/lignes-directrices-publiees\/diabete-de-type-2\/?lang=fr'>Retour<\/a><\/h4><\/div>\n<h3>INFORMATION AU SUJET DU DIAB\u00c8TE<\/h3>\n<p>&nbsp;<\/p>\n<h3>Qu\u2019est-ce que le diab\u00e8te de type 2?<\/h3>\n<p>Le diab\u00e8te de type 2 est une maladie qui se caract\u00e9rise par une incapacit\u00e9 du corps \u00e0 produire suffisamment d\u2019insuline ou \u00e0 utiliser correctement l\u2019insuline qu\u2019il produit. L\u2019insuline est une hormone qui contr\u00f4le la quantit\u00e9 de glucose (sucre) dans votre sang, et si vous souffrez du diab\u00e8te de type 2, le glucose s\u2019accumule dans votre sang plut\u00f4t que d\u2019\u00eatre utilis\u00e9 pour produire de l\u2019\u00e9nergie. Le diab\u00e8te de type 2 peut \u00eatre pris en charge, mais s\u2019il n\u2019est pas trait\u00e9 ou s\u2019il n\u2019est pas pris en charge de mani\u00e8re appropri\u00e9e, il peut entra\u00eener des complications graves sur la sant\u00e9, notamment :<\/p>\n<ul>\n<li>Cardiopathie et maladie des vaisseaux sanguins<\/li>\n<li>L\u00e9sions nerveuses<\/li>\n<li>Maladies oculaires<\/li>\n<li>N\u00e9phropathie<\/li>\n<li>Maladie d\u2019Alzheimer<\/li>\n<li>Affections de la peau et de la bouche (infections bact\u00e9riennes, infections fongiques et infections des gencives)<\/li>\n<li>Probl\u00e8mes auditifs<\/li>\n<li>Ost\u00e9oporose<\/li>\n<\/ul>\n<p>&nbsp;<\/p>\n<h3>Quelles sont les diff\u00e9rences entre le diab\u00e8te de type 1, le diab\u00e8te de type 2 et le diab\u00e8te gestationnel?<\/h3>\n<p>Le diab\u00e8te de type 1 appara\u00eet lorsque le pancr\u00e9as est incapable de produire de l\u2019insuline et commence g\u00e9n\u00e9ralement au cours de l\u2019enfance ou de l\u2019adolescence. Le diab\u00e8te de type 2 appara\u00eet lorsque le pancr\u00e9as ne produit pas suffisamment d\u2019insuline ou qu\u2019il n\u2019utilise pas correctement l\u2019insuline qu\u2019il produit. Il appara\u00eet g\u00e9n\u00e9ralement \u00e0 l\u2019\u00e2ge adulte. Le diab\u00e8te gestationnel correspond \u00e0 un \u00e9tat temporaire qui appara\u00eet au cours de la grossesse et qui peut accro\u00eetre le risque de diab\u00e8te de type 2 plus tard au cours de la vie.<\/p>\n<p>&nbsp;<\/p>\n<h3>Quelle est la cause du diab\u00e8te de type 2?<\/h3>\n<p>Lorsque plusieurs aspects de votre mode de vie commencent \u00e0 avoir des effets sur le fonctionnement de votre pancr\u00e9as, cela peut accro\u00eetre votre risque de d\u00e9velopper le diab\u00e8te de type 2. Ces aspects du mode de vie comprennent un exc\u00e8s de poids, une tension art\u00e9rielle \u00e9lev\u00e9e et un taux \u00e9lev\u00e9 de cholest\u00e9rol. Les facteurs g\u00e9n\u00e9tiques contribuent \u00e9galement \u00e0 l\u2019apparition du diab\u00e8te; les personnes ayant des ant\u00e9c\u00e9dents familiaux de diab\u00e8te sont plus \u00e0 risque de d\u00e9velopper cette maladie.<\/p>\n<p>&nbsp;<\/p>\n<h3>En quoi consiste l\u2019indice de masse corporelle et en quoi est-il li\u00e9 au diab\u00e8te de type 2?<\/h3>\n<p>L\u2019indice de masse corporelle est une mesure des tissus adipeux \u00e9tablie d\u2019apr\u00e8s une formule qui calcule le rapport entre votre taille et votre poids. Il peut vous r\u00e9v\u00e9ler si votre masse corporelle se situe dans la cat\u00e9gorie de l\u2019embonpoint ou de l\u2019ob\u00e9sit\u00e9. Le fait de souffrir d\u2019embonpoint ou d\u2019ob\u00e9sit\u00e9 peut accro\u00eetre votre risque de d\u00e9velopper le diab\u00e8te de type 2.<\/p>\n<p>&nbsp;<\/p>\n<h3>Quels sont les sympt\u00f4mes du diab\u00e8te de type 2?<\/h3>\n<p>Les sympt\u00f4mes habituels du diab\u00e8te incluent:<\/p>\n<ul>\n<li>Soif inhabituelle<\/li>\n<li>Miction fr\u00e9quente<\/li>\n<li>Fluctuation de poids (prise ou perte)<\/li>\n<li>Fatigue extr\u00eame ou manque d\u2019\u00e9nergie<\/li>\n<li>Vision trouble<\/li>\n<li>Infections fr\u00e9quentes et r\u00e9currentes<\/li>\n<li>Plaies qui gu\u00e9rissent lentement<\/li>\n<li>Picotement ou engourdissement des mains et des pieds<\/li>\n<\/ul>\n<h3>Est-il possible de souffrir du diab\u00e8te sans avoir aucun sympt\u00f4me?<\/h3>\n<p>Oui, le diab\u00e8te de type 2 se d\u00e9veloppe souvent \u00e0 un \u00e2ge moyen sur une p\u00e9riode allant de plusieurs mois \u00e0 plusieurs ann\u00e9es, et les sympt\u00f4mes peuvent \u00eatre inexistants \u00e0 tr\u00e8s l\u00e9gers; certaines personnes peuvent uniquement avoir la sensation de \u00ab vieillir \u00bb.<\/p>\n<p>&nbsp;<\/p>\n<h3>Le diab\u00e8te de type 2 est-il mortel?<\/h3>\n<p>Le diab\u00e8te de type 2 peut \u00eatre pris en charge, mais s\u2019il n\u2019est pas trait\u00e9 ou s\u2019il n\u2019est pas pris en charge de mani\u00e8re appropri\u00e9e, il peut entra\u00eener des complications graves sur la sant\u00e9, notamment :<\/p>\n<ul>\n<li>L\u00e9sions nerveuses, entra\u00eenant douleur, picotement et perte de sensibilit\u00e9<\/li>\n<li>Probl\u00e8mes de digestion en raison de l\u00e9sions nerveuses<\/li>\n<li>L\u00e9sions r\u00e9nales ou insuffisance r\u00e9nale<\/li>\n<li>Risque accru de crise cardiaque et d\u2019accident vasculaire c\u00e9r\u00e9bral<\/li>\n<li>Troubles oculaires, notamment vision trouble (en particulier la nuit), sensibilit\u00e9 \u00e0 la lumi\u00e8re ou c\u00e9cit\u00e9<\/li>\n<li>Plaies et infections au pied ou \u00e0 la peau, menant \u00e0 l&rsquo;amputation<\/li>\n<\/ul>\n<h3>Le diab\u00e8te de type 2 peut-il \u00eatre \u00e9vit\u00e9?<\/h3>\n<p>Le d\u00e9veloppement du diab\u00e8te de type 2 peut parfois \u00eatre ralenti ou \u00e9vit\u00e9 en modifiant votre mode de vie, en particulier gr\u00e2ce \u00e0 une perte de poids mod\u00e9r\u00e9e (d\u2019environ 5 % si vous souffrez d\u2019embonpoint) et en augmentant votre activit\u00e9 physique; cependant, toutes les personnes ne parviendront pas \u00e0 \u00e9viter le diab\u00e8te. Tout d\u00e9pend \u00e9galement des ant\u00e9c\u00e9dents familiaux et d\u2019autres facteurs, mais de bonnes habitudes de vie diminuent le besoin de recourir aux m\u00e9dicaments et am\u00e9liorent la qualit\u00e9 de vie. D\u2019autres bonnes habitudes de vie comprennent par exemple :<\/p>\n<ul>\n<li>Un r\u00e9gime alimentaire sain, qui comprend une quantit\u00e9 ad\u00e9quate de fruits, de l\u00e9gumes et de fibres et qui r\u00e9duit au minimum la consommation de gras, de sel et d\u2019alcool<\/li>\n<li>Le fait d\u2019assurer un contr\u00f4le ad\u00e9quat de la pression art\u00e9rielle et du cholest\u00e9rol<\/li>\n<li>Le fait de ne pas fumer<\/li>\n<\/ul>\n<p>&nbsp;<\/p>\n<h3><strong>LE D\u00c9PISTAGE DU DIAB\u00c8TE DE TYPE 2<\/strong><\/h3>\n<h3>Devrais-je subir un d\u00e9pistage du diab\u00e8te de type 2?<\/h3>\n<p>Pour examiner les recommandations du Groupe d\u2019\u00e9tude canadien sur les soins de sant\u00e9 pr\u00e9ventifs (GECSSP) au sujet du d\u00e9pistage des adultes ne pr\u00e9sentant pas de sympt\u00f4mes du diab\u00e8te, veuillez consulter notre calculateur de risque de diab\u00e8te de type 2 \u00e0 l\u2019usage des patients. Votre niveau de risque est calcul\u00e9 en fonction de facteurs tels que :<\/p>\n<ul>\n<li>\u00c2ge<\/li>\n<li>Cat\u00e9gorie de l\u2019indice de masse corporelle<\/li>\n<li>Tour de taille<\/li>\n<li>Activit\u00e9 physique<\/li>\n<li>R\u00e9gime alimentaire (fruits et l\u00e9gumes)<\/li>\n<li>Utilisation de m\u00e9dicaments contre la tension<\/li>\n<li>Ant\u00e9c\u00e9dents de glyc\u00e9mie \u00e9lev\u00e9e<\/li>\n<li>Ant\u00e9c\u00e9dents familiaux de diab\u00e8te<\/li>\n<\/ul>\n<h3>Quelle est l\u2019importance de ces recommandations?<\/h3>\n<p>Le diab\u00e8te de type 2 est une affection grave qui touche le corps entier et qui r\u00e9duit la qualit\u00e9 de vie sous l\u2019effet de sympt\u00f4mes tels que la fatigue, des fluctuations de poids et une soif excessive. Il accro\u00eet \u00e9galement le risque de complications telles que :<\/p>\n<ul>\n<li>Cardiopathie<\/li>\n<li>Insuffisance r\u00e9nale<\/li>\n<li>C\u00e9cit\u00e9<\/li>\n<li>L\u00e9sions nerveuses<\/li>\n<li>Amputation d&rsquo;un membre<\/li>\n<\/ul>\n<p>Cependant, il a \u00e9t\u00e9 d\u00e9montr\u00e9 que les personnes qui prennent en charge et qui contr\u00f4lent leur diab\u00e8te \u00e0 un stade pr\u00e9coce peuvent r\u00e9duire au minimum le risque li\u00e9 \u00e0 ces complications.<\/p>\n<p>&nbsp;<\/p>\n<h3>Quels sont les avantages li\u00e9s au d\u00e9pistage du diab\u00e8te de type 2?<\/h3>\n<p>Un diagnostic pr\u00e9coce du diab\u00e8te de type 2 permet une prise en charge pr\u00e9coce via l\u2019alimentation, l\u2019exercice et les m\u00e9dicaments (au besoin) qui peuvent en retarder l\u2019apparition ou r\u00e9duire le risque de d\u00e9velopper des complications diab\u00e9tiques.<\/p>\n<p>&nbsp;<\/p>\n<h3>Existe-t-il des inconv\u00e9nients li\u00e9s au d\u00e9pistage du diab\u00e8te de type 2?<\/h3>\n<p>Certaines personnes peuvent \u00eatre inqui\u00e8tes \u00e0 l\u2019id\u00e9e de subir un test de d\u00e9pistage du diab\u00e8te de type 2, et les personnes ayant re\u00e7u un diagnostic peuvent ressentir de l\u2019anxi\u00e9t\u00e9 \u00e0 ce sujet.<\/p>\n<p>&nbsp;<\/p>\n<h3>Quelle est la meilleure fa\u00e7on de subir un d\u00e9pistage du diab\u00e8te de type 2?<\/h3>\n<p>Le Groupe d\u2019\u00e9tude canadien sur les soins de sant\u00e9 pr\u00e9ventifs a s\u00e9lectionn\u00e9 le test A1C en tant que test de d\u00e9pistage privil\u00e9gi\u00e9, car le petit \u00e9chantillon de sang n\u00e9cessaire peut \u00eatre pr\u00e9lev\u00e9 \u00e0 n\u2019importe quel moment de la journ\u00e9e et est aussi pr\u00e9cis que les autres tests. Le test A1C correspond \u00e0 un simple test de laboratoire qui refl\u00e8te\u00a0votre niveau de glyc\u00e9mie moyen au cours des trois derniers mois. Un petit \u00e9chantillon de sang peut \u00eatre pr\u00e9lev\u00e9 \u00e0 n\u2019importe quel moment de la journ\u00e9e pour v\u00e9rifier votre taux d\u2019A1C. Le test est souvent utilis\u00e9 pour diagnostiquer les diab\u00e8tes de type 1 et 2 et pour \u00e9valuer la fa\u00e7on dont les personnes ayant d\u00e9j\u00e0 re\u00e7u un diagnostic de diab\u00e8te g\u00e8rent la maladie. Vous pouvez manger et boire normalement avant le test, qui ne n\u00e9cessite pas d\u2019\u00eatre \u00e0 jeun. Les autres tests acceptables sont la mesure de la glyc\u00e9mie \u00e0 jeun et le test de tol\u00e9rance au glucose.<\/p>\n<p>&nbsp;<\/p>\n<h3><strong>TRAITEMENT DU DIAB\u00c8TE DE TYPE 2<\/strong><\/h3>\n<h3>Comment traite-t-on le diab\u00e8te de type 2?<\/h3>\n<p>Le diab\u00e8te de type 2 peut \u00eatre trait\u00e9 de la fa\u00e7on suivante :<\/p>\n<ul>\n<li>Activit\u00e9 physique<\/li>\n<li>Un r\u00e9gime alimentaire sain<\/li>\n<li>M\u00e9dicaments ou insuline<\/li>\n<li>Une combinaison de ces traitements<\/li>\n<\/ul>\n<p>Le type de traitement que vous entamez d\u00e9pend de vos niveaux de glyc\u00e9mie. Toutes les personnes souffrant d\u2019un diab\u00e8te de type 2 devraient adopter un mode de vie sain. Certaines personnes peuvent\u00a0aussi avoir besoin de m\u00e9dicaments oraux pour assurer un meilleur contr\u00f4le de leur taux de sucre dans le sang. L\u2019insuline est prescrite aux patients lorsque leur diab\u00e8te de type 2 devient plus grave.<\/p>\n<p>&nbsp;<\/p>\n<h3>Peut-on gu\u00e9rir du diab\u00e8te de type 2?<\/h3>\n<p>Non, mais il peut \u00eatre pris en charge \u00e0 l\u2019aide d\u2019un mode de vie sain et de m\u00e9dicaments.<\/p>\n<h3>Un de mes parents plus \u00e2g\u00e9 souffrait du diab\u00e8te sans \u00eatre trait\u00e9. Qu\u2019est-ce qui a chang\u00e9?<\/h3>\n<p>Des \u00e9tudes bien con\u00e7ues et men\u00e9es \u00e0 long terme ont \u00e9tabli que l\u2019absence de contr\u00f4le du diab\u00e8te faisait courir aux personnes un risque tr\u00e8s \u00e9lev\u00e9 de complications sur la sant\u00e9, alors que le contr\u00f4le du diab\u00e8te a un effet protecteur.<\/p>\n<\/div><\/div><\/div><\/div>\n","protected":false},"excerpt":{"rendered":"","protected":false},"author":2,"featured_media":9000,"parent":11088,"menu_order":1,"comment_status":"closed","ping_status":"closed","template":"","meta":{"_acf_changed":false,"footnotes":""},"categories":[226,218],"tags":[],"class_list":["post-10611","page","type-page","status-publish","has-post-thumbnail","hentry","category-diabete-de-type-2","category-outils"],"acf":[],"_links":{"self":[{"href":"https:\/\/canadiantaskforce.ca\/fr\/wp-json\/wp\/v2\/pages\/10611","targetHints":{"allow":["GET"]}}],"collection":[{"href":"https:\/\/canadiantaskforce.ca\/fr\/wp-json\/wp\/v2\/pages"}],"about":[{"href":"https:\/\/canadiantaskforce.ca\/fr\/wp-json\/wp\/v2\/types\/page"}],"author":[{"embeddable":true,"href":"https:\/\/canadiantaskforce.ca\/fr\/wp-json\/wp\/v2\/users\/2"}],"replies":[{"embeddable":true,"href":"https:\/\/canadiantaskforce.ca\/fr\/wp-json\/wp\/v2\/comments?post=10611"}],"version-history":[{"count":1,"href":"https:\/\/canadiantaskforce.ca\/fr\/wp-json\/wp\/v2\/pages\/10611\/revisions"}],"predecessor-version":[{"id":29092,"href":"https:\/\/canadiantaskforce.ca\/fr\/wp-json\/wp\/v2\/pages\/10611\/revisions\/29092"}],"up":[{"embeddable":true,"href":"https:\/\/canadiantaskforce.ca\/fr\/wp-json\/wp\/v2\/pages\/11088"}],"wp:featuredmedia":[{"embeddable":true,"href":"https:\/\/canadiantaskforce.ca\/fr\/wp-json\/wp\/v2\/media\/9000"}],"wp:attachment":[{"href":"https:\/\/canadiantaskforce.ca\/fr\/wp-json\/wp\/v2\/media?parent=10611"}],"wp:term":[{"taxonomy":"category","embeddable":true,"href":"https:\/\/canadiantaskforce.ca\/fr\/wp-json\/wp\/v2\/categories?post=10611"},{"taxonomy":"post_tag","embeddable":true,"href":"https:\/\/canadiantaskforce.ca\/fr\/wp-json\/wp\/v2\/tags?post=10611"}],"curies":[{"name":"wp","href":"https:\/\/api.w.org\/{rel}","templated":true}]}}