{"id":10678,"date":"2016-10-12T13:03:45","date_gmt":"2016-10-12T17:03:45","guid":{"rendered":"http:\/\/canadiantaskforce.ca\/?page_id=10678&#038;lang=fr"},"modified":"2024-04-16T10:11:09","modified_gmt":"2024-04-16T14:11:09","slug":"diabete-de-type-2-resume-a-lintention-des-cliniciens","status":"publish","type":"page","link":"https:\/\/canadiantaskforce.ca\/fr\/diabete-de-type-2-resume-a-lintention-des-cliniciens\/","title":{"rendered":"Diab\u00e8te de type 2\u2014R\u00e9sum\u00e9 \u00e0 l&rsquo;intention des cliniciens"},"content":{"rendered":"<div class='fullwidth-section  ' style=\"background-repeat:no-repeat;background-position:left top;\"><div class=\"container\"><div class=\"dt-sc-tabs-vertical2-container\"><ul id=\"menu-guidelines-french\" class=\"dt-sc-tabs-vertical2-frame\"><li id=\"menu-item-14161\" class=\"menu-item menu-item-type-post_type menu-item-object-page menu-item-has-children menu-item-14161\"><a href=\"https:\/\/canadiantaskforce.ca\/fr\/lignesdirectrives\/lignes-directrices-publiees\/\">Lignes directrices publi\u00e9es<\/a>\n<ul class=\"sub-menu\">\n\t<li id=\"menu-item-10358\" class=\"menu-item menu-item-type-post_type menu-item-object-page menu-item-10358\"><a href=\"https:\/\/canadiantaskforce.ca\/fr\/lignesdirectrives\/\">Aper\u00e7u<\/a><\/li>\n\t<li id=\"menu-item-22231\" class=\"menu-item menu-item-type-post_type menu-item-object-page menu-item-22231\"><a href=\"https:\/\/canadiantaskforce.ca\/fr\/lignesdirectrives\/lignes-directrices-publiees\/adenocarcinome-oesophagien\/\">Ad\u00e9nocarcinome \u0153sophagien (2020)<\/a><\/li>\n\t<li id=\"menu-item-20198\" class=\"menu-item menu-item-type-post_type menu-item-object-page menu-item-20198\"><a href=\"https:\/\/canadiantaskforce.ca\/fr\/lignesdirectrives\/lignes-directrices-publiees\/anevrisme-aortique-abdominal\/\">An\u00e9vrisme de l\u2019aorte abdominale (2017)<\/a><\/li>\n\t<li id=\"menu-item-17776\" class=\"menu-item menu-item-type-post_type menu-item-object-page menu-item-17776\"><a href=\"https:\/\/canadiantaskforce.ca\/fr\/lignesdirectrives\/lignes-directrices-publiees\/bacteriurie-asymptomatique\/\">Bact\u00e9riurie asymptomatique au cours de la grossesse (2018)<\/a><\/li>\n\t<li id=\"menu-item-29979\" class=\"menu-item menu-item-type-post_type menu-item-object-page menu-item-29979\"><a href=\"https:\/\/canadiantaskforce.ca\/fr\/lignesdirectrives\/lignes-directrices-publiees\/cancer-du-sein-mise-a-jour-2024\/\">[Archiv\u00e9] Cancer du Sein (mise \u00e0 jour) -Recommandations provisoires (2024)<\/a><\/li>\n\t<li id=\"menu-item-10816\" class=\"menu-item menu-item-type-post_type menu-item-object-page menu-item-10816\"><a href=\"https:\/\/canadiantaskforce.ca\/fr\/lignesdirectrives\/lignes-directrices-publiees\/cancer-colorectal\/\">Cancer colorectal (2016)<\/a><\/li>\n\t<li id=\"menu-item-10817\" class=\"menu-item menu-item-type-post_type menu-item-object-page menu-item-10817\"><a href=\"https:\/\/canadiantaskforce.ca\/fr\/lignesdirectrives\/lignes-directrices-publiees\/cancer-de-la-prostate\/\">Cancer de la prostate (2014)<\/a><\/li>\n\t<li id=\"menu-item-10818\" class=\"menu-item menu-item-type-post_type menu-item-object-page menu-item-10818\"><a href=\"https:\/\/canadiantaskforce.ca\/fr\/lignesdirectrives\/lignes-directrices-publiees\/cancer-du-col-de-luterus\/\">Cancer du col de l\u2019ut\u00e9rus (2013)<\/a><\/li>\n\t<li id=\"menu-item-10819\" class=\"menu-item menu-item-type-post_type menu-item-object-page menu-item-10819\"><a href=\"https:\/\/canadiantaskforce.ca\/fr\/lignesdirectrives\/lignes-directrices-publiees\/cancer-du-poumon\/\">Cancer du poumon (2016)<\/a><\/li>\n\t<li id=\"menu-item-23926\" class=\"menu-item menu-item-type-post_type menu-item-object-page menu-item-23926\"><a href=\"https:\/\/canadiantaskforce.ca\/fr\/lignesdirectrives\/lignes-directrices-publiees\/chlamydia-et-gonorrhee\/\">Chlamydia et gonorrh\u00e9e (2021)<\/a><\/li>\n\t<li id=\"menu-item-10821\" class=\"menu-item menu-item-type-post_type menu-item-object-page menu-item-10821\"><a href=\"https:\/\/canadiantaskforce.ca\/fr\/lignesdirectrives\/lignes-directrices-publiees\/deficience-cognitive\/\">D\u00e9ficience cognitive (2024)<\/a><\/li>\n\t<li id=\"menu-item-33166\" class=\"menu-item menu-item-type-post_type menu-item-object-page menu-item-33166\"><a href=\"https:\/\/canadiantaskforce.ca\/fr\/lignesdirectrives\/lignes-directrices-publiees\/depression-chez-ladulte-mise-a-jour\/\">D\u00e9pression chez l\u2019adulte (mise \u00e0 jour) (2025)<\/a><\/li>\n\t<li id=\"menu-item-25495\" class=\"menu-item menu-item-type-post_type menu-item-object-page menu-item-25495\"><a href=\"https:\/\/canadiantaskforce.ca\/fr\/lignesdirectrives\/lignes-directrices-publiees\/depression-pendant-la-grossesse-et-la-periode-postnatale\/\">D\u00e9pression pendant la grossesse et la p\u00e9riode postnatale (2022)<\/a><\/li>\n\t<li id=\"menu-item-10823\" class=\"menu-item menu-item-type-post_type menu-item-object-page menu-item-10823\"><a href=\"https:\/\/canadiantaskforce.ca\/fr\/lignesdirectrives\/lignes-directrices-publiees\/diabete-de-type-2\/\">Diab\u00e8te de type 2 (2012)<\/a><\/li>\n\t<li id=\"menu-item-22278\" class=\"menu-item menu-item-type-post_type menu-item-object-page menu-item-22278\"><a href=\"https:\/\/canadiantaskforce.ca\/fr\/lignesdirectrives\/lignes-directrices-publiees\/dysfonctionnement-thyroidien\/\">Dysfonctionnement thyro\u00efdien (2019)<\/a><\/li>\n\t<li id=\"menu-item-10824\" class=\"menu-item menu-item-type-post_type menu-item-object-page menu-item-10824\"><a href=\"https:\/\/canadiantaskforce.ca\/fr\/lignesdirectrives\/lignes-directrices-publiees\/pelvic-exam\/\">Examen pelvien (2016)<\/a><\/li>\n\t<li id=\"menu-item-27545\" class=\"menu-item menu-item-type-post_type menu-item-object-page menu-item-27545\"><a href=\"https:\/\/canadiantaskforce.ca\/fr\/lignesdirectrives\/lignes-directrices-publiees\/fracture-de-fragilisation\/\">Fracture De Fragilisation (2023)<\/a><\/li>\n\t<li id=\"menu-item-13025\" class=\"menu-item menu-item-type-post_type menu-item-object-page menu-item-13025\"><a href=\"https:\/\/canadiantaskforce.ca\/fr\/lignesdirectrives\/lignes-directrices-publiees\/hepatite-c\/\">H\u00e9patite C (2017)<\/a><\/li>\n\t<li id=\"menu-item-10825\" class=\"menu-item menu-item-type-post_type menu-item-object-page menu-item-10825\"><a href=\"https:\/\/canadiantaskforce.ca\/fr\/lignesdirectrives\/lignes-directrices-publiees\/hypertension-arterielle\/\">Hypertension art\u00e9rielle (2012)<\/a><\/li>\n\t<li id=\"menu-item-10828\" class=\"menu-item menu-item-type-post_type menu-item-object-page menu-item-10828\"><a href=\"https:\/\/canadiantaskforce.ca\/fr\/lignesdirectrives\/lignes-directrices-publiees\/retard-de-developpement\/\">Retard de d\u00e9veloppement (2016)<\/a><\/li>\n\t<li id=\"menu-item-32710\" class=\"menu-item menu-item-type-post_type menu-item-object-page menu-item-32710\"><a href=\"https:\/\/canadiantaskforce.ca\/fr\/lignesdirectrives\/lignes-directrices-publiees\/tabagisme-chez-ladulte\/\">Tabagisme chez l\u2019adulte (2025)<\/a><\/li>\n\t<li id=\"menu-item-12541\" class=\"menu-item menu-item-type-post_type menu-item-object-page menu-item-12541\"><a href=\"https:\/\/canadiantaskforce.ca\/fr\/lignesdirectrives\/lignes-directrices-publiees\/tabagisme-chez-les-enfants-et-les-adolescents\/\">Tabagisme chez les enfants et les adolescents (2017)<\/a><\/li>\n\t<li id=\"menu-item-17149\" class=\"menu-item menu-item-type-post_type menu-item-object-page menu-item-17149\"><a href=\"https:\/\/canadiantaskforce.ca\/fr\/lignesdirectrives\/lignes-directrices-publiees\/troubles-de-la-vision\/\">Troubles de la vision (2018)<\/a><\/li>\n<\/ul>\n<\/li>\n<li id=\"menu-item-31045\" class=\"menu-item menu-item-type-post_type menu-item-object-page menu-item-31045\"><a href=\"https:\/\/canadiantaskforce.ca\/fr\/lignesdirectrives\/scores-d-evaluation-ecri\/\">Scores d\u2019\u00e9valuation (ECRI)<\/a><\/li>\n<li id=\"menu-item-19784\" class=\"menu-item menu-item-type-post_type menu-item-object-page menu-item-19784\"><a href=\"https:\/\/canadiantaskforce.ca\/fr\/lignesdirectrives\/revues-systematiques-et-protocoles\/\">Revues Syst\u00e9matiques et Protocoles<\/a><\/li>\n<li id=\"menu-item-19879\" class=\"menu-item menu-item-type-post_type menu-item-object-page menu-item-has-children menu-item-19879\"><a href=\"https:\/\/canadiantaskforce.ca\/fr\/methodologie\/\">[Archiv\u00e9]\u00a0M\u00e9thodologie<\/a>\n<ul class=\"sub-menu\">\n\t<li id=\"menu-item-19880\" class=\"menu-item menu-item-type-post_type menu-item-object-page menu-item-19880\"><a href=\"https:\/\/canadiantaskforce.ca\/fr\/methodologie\/\">Manuel des proc\u00e9dures<\/a><\/li>\n\t<li id=\"menu-item-19881\" class=\"menu-item menu-item-type-post_type menu-item-object-page menu-item-19881\"><a href=\"https:\/\/canadiantaskforce.ca\/fr\/methodologie\/grade\/\">GRADE<\/a><\/li>\n\t<li id=\"menu-item-19882\" class=\"menu-item menu-item-type-post_type menu-item-object-page menu-item-19882\"><a href=\"https:\/\/canadiantaskforce.ca\/fr\/methodologie\/protocole-relatif-aux-preferences-des-patients\/\">Protocole de participation du patient<\/a><\/li>\n\t<li id=\"menu-item-28459\" class=\"menu-item menu-item-type-post_type menu-item-object-page menu-item-28459\"><a href=\"https:\/\/canadiantaskforce.ca\/fr\/methodologie\/updating-reaffirmation-and-sunsetting-clinical-practice-guidelines-methods-from-the-canadian-task-force-on-preventive-health-care\/\">Mise \u00e0 jour, r\u00e9affirmation et caducit\u00e9 des\u00a0lignes directrices de pratique clinique\u00a0<\/a><\/li>\n<\/ul>\n<\/li>\n<li id=\"menu-item-27713\" class=\"menu-item menu-item-type-post_type menu-item-object-page menu-item-has-children menu-item-27713\"><a href=\"https:\/\/canadiantaskforce.ca\/fr\/lignesdirectrives\/autres-publications\/\">Autres publications<\/a>\n<ul class=\"sub-menu\">\n\t<li id=\"menu-item-19587\" class=\"menu-item menu-item-type-post_type menu-item-object-page menu-item-19587\"><a href=\"https:\/\/canadiantaskforce.ca\/fr\/lignesdirectrives\/serie-prevention-en-pratique\/\">S\u00e9rie Pr\u00e9vention en pratique<\/a><\/li>\n\t<li id=\"menu-item-19491\" class=\"menu-item menu-item-type-post_type menu-item-object-page menu-item-19491\"><a href=\"https:\/\/canadiantaskforce.ca\/fr\/lignesdirectrives\/visites-periodiques-en-sante-preventive\/\">Visites p\u00e9riodiques en sant\u00e9 pr\u00e9ventive<\/a><\/li>\n<\/ul>\n<\/li>\n<\/ul><div class=\"dt-sc-tabs-vertical2-frame-content\"><div class='pdfdownload'><h5>Version PDF<\/h5><hr><div class='pdfdownload-text'><a href=\"https:\/\/canadiantaskforce.ca\/wp-content\/uploads\/2016\/10\/2012-type-2-diabetes-clinician-summary-fr.pdf\">T\u00e9l\u00e9charger le PDF<\/a><\/div><\/div>\n<h3>POPULATION<\/h3>\n<p>Les recommandations sont formul\u00e9es pour le d\u00e9pistage du diab\u00e8te de type 2 chez les adultes asymptomatiques. Elles ne s\u2019appliquent pas aux personnes \u00e0 risque de d\u00e9velopper le diab\u00e8te de type 1 ou \u00e0 celles qui pr\u00e9sentent des sympt\u00f4mes du diab\u00e8te.<\/p>\n<p>&nbsp;<\/p>\n<h3>FARDEAU DE LA MALADIE<\/h3>\n<p>En 2008-2009, environ 2,3 millions de Canadiens (6,8%) \u00e9taient atteints de diab\u00e8te et 480 000 autres (1,4 %) ne savaient pas qu\u2019ils en \u00e9taient atteints. Au cours de cette p\u00e9riode, la pr\u00e9valence du diab\u00e8te diagnostiqu\u00e9 a augment\u00e9 de 70 %. La plus forte hausse relative de la pr\u00e9valence a \u00e9t\u00e9 observ\u00e9e au sein des groupes d\u2019\u00e2ge des 35 \u00e0 39 ans et des 40 \u00e0 44 ans, o\u00f9 la proportion a doubl\u00e9. Pr\u00e8s de la moiti\u00e9 des nouveaux cas de diab\u00e8te ont \u00e9t\u00e9 diagnostiqu\u00e9s chez des personnes \u00e2g\u00e9es de 45 \u00e0 64 ans. Les cons\u00e9quences \u00e0 long terme du diab\u00e8te de type 2 comprennent des complications d\u2019ordre microvasculaire (r\u00e9tinopathie, n\u00e9phropathie, neuropathie) et macrovasculaire (accident vasculaire c\u00e9r\u00e9bral, infarctus du myocarde).<\/p>\n<p>&nbsp;<\/p>\n<h3>INTERVENTION: TEST SANGUIN DE L\u2019H\u00c9MOGLOBINE A1C<sup>i<\/sup><\/h3>\n<table>\n<thead>\n<tr>\n<th scope=\"col\">Recommandation<\/th>\n<th scope=\"col\">Force de la recommandation<\/th>\n<th scope=\"col\">Justification des recommandations<\/th>\n<\/tr>\n<\/thead>\n<tbody>\n<tr>\n<td>Pour les adultes ayant un risque faible \u00e0 mod\u00e9r\u00e9<sup>ii\u00a0<\/sup><sup>iii<\/sup>, nous recommandons de ne pas proc\u00e9der \u00e0 un d\u00e9pistage syst\u00e9matique pour le diab\u00e8te de type 2.<\/td>\n<td>Recommandation faible; donn\u00e9es probantes de faible qualit\u00e9<\/td>\n<td>Aucune preuve ne d\u00e9montre des r\u00e9sultats cliniques am\u00e9lior\u00e9s en proc\u00e9dant au d\u00e9pistage chez les adultes ayant un risque faible \u00e0 mod\u00e9r\u00e9 de diab\u00e8te. Une seule \u00e9tude avec \u00e9chantillon en grappes randomis\u00e9 n\u2019a montr\u00e9 aucun b\u00e9n\u00e9fice du d\u00e9pistage sur la mortalit\u00e9 chez les adultes entre 40 et 69 ans ayant un risque faible \u00e0 mod\u00e9r\u00e9 de diab\u00e8te.<\/td>\n<\/tr>\n<tr>\n<td>Pour les adultes ayant un risque \u00e9lev\u00e9, nous recommandons de proc\u00e9der \u00e0 un d\u00e9pistage syst\u00e9matique tous les trois \u00e0 cinq ans en faisant un test sanguin de l\u2019h\u00e9moglobine A1C.<sup>i\u00a0<\/sup><sup>ii\u00a0<\/sup><sup>iii<\/sup><\/td>\n<td>Recommandation faible; donn\u00e9es probantes de faible qualit\u00e9<\/td>\n<td>D\u2019apr\u00e8s des donn\u00e9es d&rsquo;\u00e9tudes de mod\u00e9lisation, le d\u00e9pistage r\u00e9alis\u00e9 tous les 3 \u00e0 5\u00a0ans chez les adultes de 40 ans et plus\u00a0ayant un risque faible \u00e0 mod\u00e9r\u00e9 \u00a0et chez les adultes de tout \u00e2ge ayant un risque \u00e9lev\u00e9:<\/p>\n<ul>\n<ul>\n<li>donne lieu \u00e0 des taux moins \u00e9lev\u00e9s d\u2019infarctus du myocarde, de complications d\u2019ordre microvasculaire et de d\u00e9c\u00e8s;<\/li>\n<li>conserve presque tous les avantages du d\u00e9pistage annuel, mais r\u00e9duit les effets ind\u00e9sirables, les inconv\u00e9nients et les co\u00fbts.<\/li>\n<\/ul>\n<\/ul>\n<\/td>\n<\/tr>\n<tr>\n<td>Pour les adultes ayant un risque tr\u00e8s \u00e9lev\u00e9,<sup>ii\u00a0<\/sup><sup>iii<\/sup>nous recommandons de proc\u00e9der \u00e0 un d\u00e9pistage syst\u00e9matique annuel en faisant un test sanguin de l\u2019h\u00e9moglobine A1C.<sup>i<\/sup><\/td>\n<td>Recommandation faible; donn\u00e9es probantes de faible qualit\u00e9<\/td>\n<td>Selon les donn\u00e9es d\u2019une \u00e9tude de mod\u00e9lisation, le d\u00e9pistage r\u00e9alis\u00e9 chaque ann\u00e9e chez les personnes ayant un risque tr\u00e8s \u00e9lev\u00e9 entra\u00eene une r\u00e9duction des complications li\u00e9es au diab\u00e8te et du nombre de d\u00e9c\u00e8s.<\/td>\n<\/tr>\n<\/tbody>\n<\/table>\n<p>&nbsp;<\/p>\n<h3>M\u00c9THODE DE S\u00c9LECTION DU CALCULATEUR DE RISQUE<\/h3>\n<p>Dans le cas du questionnaire FINDRISC, il y avait preuve de validation interne et externe, de recherche prospective, de pr\u00e9cision des tests semblable \u00e0 celle du questionnaire CANRISK et d\u2019am\u00e9lioration des r\u00e9sultats importants pour les patients (c.-\u00e0-d. une r\u00e9duction de l\u2019incidence du diab\u00e8te en le combinant \u00e0 une intervention d\u2019\u00e9ducation).<\/p>\n<p>&nbsp;<\/p>\n<h3>M\u00c9THODE DE S\u00c9LECTION DU TEST DE D\u00c9PISTAGE<\/h3>\n<p>Selon les donn\u00e9es probantes, l\u2019efficacit\u00e9 des mesures de l\u2019h\u00e9moglobine A1C et de la glyc\u00e9mie est semblable pour pr\u00e9voir la possibilit\u00e9 du diab\u00e8te de type 2 et les complications d\u2019ordre microvasculaire connexes telles que la r\u00e9tinopathie. Le GECSSP a accord\u00e9 une plus grande valeur aux avantages pour les patients et \u00e0 la capacit\u00e9 du test sanguin de l\u2019h\u00e9moglobine A1C de tenir compte de la variabilit\u00e9 dans les niveaux de glyc\u00e9mie et a accord\u00e9 moins d\u2019importance au faible risque d\u2019interf\u00e9rence par la maladie grave et les h\u00e9moglobinopathies sur la mesure de l\u2019h\u00e9moglobine A1C pour certains dosages.<\/p>\n<p>&nbsp;<\/p>\n<h3>INCONV\u00c9NIENTS DES TESTS<\/h3>\n<p>Un faible co\u00fbt, de l\u2019inconfort et de l\u2019anxi\u00e9t\u00e9 sont associ\u00e9s aux tests sanguins. Le d\u00e9pistage peut aussi donner lieu \u00e0 un surdiagnostic, \u00e0 une enqu\u00eate et des traitements inappropri\u00e9s, \u00e0 des effets ind\u00e9sirables \u00e9vitables et \u00e0 des co\u00fbts psychosociaux inutiles. Cependant, nous n&rsquo;avons trouv\u00e9 aucune \u00e9tude qui examine\u00a0en profondeur ces probl\u00e8mes dans le cas du diab\u00e8te.<\/p>\n<p>&nbsp;<\/p>\n<h3>D\u00c9TAILS DU SERVICE RECOMMAND\u00c9<\/h3>\n<h4>Valeurs et pr\u00e9f\u00e9rences<\/h4>\n<p>Selon des \u00e9tudes, les patients qui participent aux programmes de d\u00e9pistage veulent que les m\u00e9decins cernent le diab\u00e8te et ses facteurs de risque, qu\u2019ils fournissent des renseignements clairs quant \u00e0 la gestion des facteurs de risque et donnent des conseils sur les fa\u00e7ons d\u2019\u00e9viter les complications du diab\u00e8te. Les calculateurs de risque peuvent servir d\u2019outil pour renseigner les patients sur les facteurs de risque et l\u2019importance des interventions pr\u00e9coces ax\u00e9es sur le mode de vie dans le cas des personnes ayant un risque \u00e9lev\u00e9 et un risque tr\u00e8s \u00e9lev\u00e9.<\/p>\n<p>&nbsp;<\/p>\n<h4>R\u00e9percussions sur les ressources<\/h4>\n<p>Les tests sanguins sont n\u00e9cessaires pour les personnes ayant un risque \u00e9lev\u00e9 et un risque tr\u00e8s \u00e9lev\u00e9 de d\u00e9velopper le diab\u00e8te.<\/p>\n<p>&nbsp;<\/p>\n<h4>Points \u00e0 consid\u00e9rer pour la mise en oeuvre<\/h4>\n<p>Il faut envisager d\u2019int\u00e9grer le calcul du risque au syst\u00e8me de dossiers \u00e9lectroniques afin de pouvoir estimer le risque de d\u00e9velopper le diab\u00e8te. Un rappel de d\u00e9pistage pour les patients ayant un risque \u00e9lev\u00e9 tous les trois \u00e0 cinq ans pourrait \u00e9galement \u00eatre utile. Certains groupes ethniques (Autochtones, Asiatiques du Sud, Latino-Am\u00e9ricains et Africains) ont un risque accru de d\u00e9velopper le diab\u00e8te et sont plus susceptibles d\u2019avoir des r\u00e9sultats de sant\u00e9 m\u00e9diocres associ\u00e9s au diab\u00e8te.<\/p>\n<p>&nbsp;<\/p>\n<h3>NOTES<\/h3>\n<p>i. Le Groupe d\u2019\u00e9tude a s\u00e9lectionn\u00e9 le test sanguin de l\u2019h\u00e9moglobine A1C comme \u00e9tant celui de premier choix, mais a consid\u00e9r\u00e9 la mesure de la glyc\u00e9mie \u00e0 jeun et le test de tol\u00e9rance au glucose comme d\u2019autres options acceptables. Une mesure de l\u2019h\u00e9moglobine A1C inf\u00e9rieure \u00e0 6,5 % est la valeur limite recommand\u00e9e pour un diagnostic de diab\u00e8te, mais les valeurs sup\u00e9rieures ou \u00e9gales \u00e0 6,5 % n\u2019excluent pas un diab\u00e8te diagnostiqu\u00e9 au moyen de tests de glyc\u00e9mie. L\u2019h\u00e9moglobine A1C devrait \u00eatre mesur\u00e9e \u00e0 l\u2019aide d\u2019un dosage normalis\u00e9 et valid\u00e9.<\/p>\n<p>ii Risque de d\u00e9velopper le diab\u00e8te sur dix ans:<\/p>\n<p><strong>Faible risque<\/strong>\nde 1 \u00f7 100 \u00e0 1 \u00f7 25 = de 1% \u00e0 4%\n<strong>Risque moyen<\/strong>\n1 \u00f7 6 = 17%\n<strong>Risque \u00e9lev\u00e9<\/strong>\n1 \u00f7 3 = 33%\n<strong>Risque tr\u00e8s \u00e9lev\u00e9<\/strong>\n1 \u00f7 2 = 50%\nDans le cas des adultes de 18 ans et plus, nous recommandons de calculer le risque au moins une fois tous les trois \u00e0 cinq ans lorsque des facteurs de risque sont pr\u00e9sents (p. ex. ob\u00e9sit\u00e9 et hypertension).<\/p>\n<p>iii. Le Groupe d\u2019\u00e9tude a choisi le questionnaire FINDRISC en tant que calculateur de risque valid\u00e9 de premier choix, mais a consid\u00e9r\u00e9 le questionnaire CANRISK comme un autre calculateur acceptable. Les facteurs pris en compte dans ces deux questionnaires comprennent l\u2019\u00e2ge, l\u2019ob\u00e9sit\u00e9, les ant\u00e9c\u00e9dents de niveau de glyc\u00e9mie \u00e9lev\u00e9, les ant\u00e9c\u00e9dents d\u2019hypertension, les ant\u00e9c\u00e9dents familiaux de diab\u00e8te, les faibles niveaux d\u2019activit\u00e9 et la consommation limit\u00e9e de fruits et de l\u00e9gumes.<\/p>\n<p>&nbsp;<\/p>\n<\/div><\/div><\/div><\/div>\n","protected":false},"excerpt":{"rendered":"","protected":false},"author":2,"featured_media":0,"parent":0,"menu_order":45,"comment_status":"closed","ping_status":"closed","template":"","meta":{"_acf_changed":false,"footnotes":""},"categories":[218],"tags":[],"class_list":["post-10678","page","type-page","status-publish","hentry","category-outils"],"acf":[],"_links":{"self":[{"href":"https:\/\/canadiantaskforce.ca\/fr\/wp-json\/wp\/v2\/pages\/10678","targetHints":{"allow":["GET"]}}],"collection":[{"href":"https:\/\/canadiantaskforce.ca\/fr\/wp-json\/wp\/v2\/pages"}],"about":[{"href":"https:\/\/canadiantaskforce.ca\/fr\/wp-json\/wp\/v2\/types\/page"}],"author":[{"embeddable":true,"href":"https:\/\/canadiantaskforce.ca\/fr\/wp-json\/wp\/v2\/users\/2"}],"replies":[{"embeddable":true,"href":"https:\/\/canadiantaskforce.ca\/fr\/wp-json\/wp\/v2\/comments?post=10678"}],"version-history":[{"count":1,"href":"https:\/\/canadiantaskforce.ca\/fr\/wp-json\/wp\/v2\/pages\/10678\/revisions"}],"predecessor-version":[{"id":20860,"href":"https:\/\/canadiantaskforce.ca\/fr\/wp-json\/wp\/v2\/pages\/10678\/revisions\/20860"}],"wp:attachment":[{"href":"https:\/\/canadiantaskforce.ca\/fr\/wp-json\/wp\/v2\/media?parent=10678"}],"wp:term":[{"taxonomy":"category","embeddable":true,"href":"https:\/\/canadiantaskforce.ca\/fr\/wp-json\/wp\/v2\/categories?post=10678"},{"taxonomy":"post_tag","embeddable":true,"href":"https:\/\/canadiantaskforce.ca\/fr\/wp-json\/wp\/v2\/tags?post=10678"}],"curies":[{"name":"wp","href":"https:\/\/api.w.org\/{rel}","templated":true}]}}