{"id":10763,"date":"2024-05-01T10:41:00","date_gmt":"2024-05-01T14:41:00","guid":{"rendered":"http:\/\/canadiantaskforce.ca\/?page_id=10763"},"modified":"2024-08-20T16:02:45","modified_gmt":"2024-08-20T20:02:45","slug":"deficience-cognitive","status":"publish","type":"page","link":"https:\/\/canadiantaskforce.ca\/fr\/lignesdirectrives\/lignes-directrices-publiees\/deficience-cognitive\/","title":{"rendered":"D\u00e9ficience cognitive (2024)"},"content":{"rendered":"<div id=\"lipsum\">\n<section id=\"summary\" class=\"ctfphc-section\">\n<div class=\"breastcancer-notice\">\n<p>Ces recommandations ont \u00e9t\u00e9 r\u00e9affirm\u00e9es en 2024.<\/p>\n<\/div>\n<h3><strong>R\u00e9sum\u00e9 des recommandations pour les cliniciens et les responsables des politiques<\/strong><\/h3>\n<p><em>Le Groupe d\u2019\u00e9tude canadien sur les soins de sant\u00e9 pr\u00e9ventifs (Groupe d\u2019\u00e9tude canadien) recommande de ne pas soumettre les personnes \u00e2g\u00e9es asymptomatiques (\u2265 65\u00a0ans) \u00e0 un d\u00e9pistage de la d\u00e9ficience cognitive \u00e0 l\u2019aide d\u2019instruments. (Recommandation forte; donn\u00e9es de faible certitude)<\/em><\/p>\n<p>Cette recommandation concerne le d\u00e9pistage et ne s\u2019applique pas aux personnes symptomatiques telles que celles qui s\u2019inqui\u00e8tent de leurs propres performances cognitives (c&rsquo;est-\u00e0-dire le patient s\u2019est plaint de changements cognitifs aupr\u00e8s de son clinicien ou d\u2019autres personnes) ou qui sont soup\u00e7onn\u00e9es d\u2019\u00eatre atteintes de <em>d\u00e9ficience cognitive <\/em>l\u00e9g\u00e8re ou de d\u00e9mence par des cliniciens ou des non-cliniciens (aides-soignants, famille ou amis) et\/ou qui pr\u00e9sentent des signes ou des sympt\u00f4mes visibles de <em>d\u00e9ficience cognitive <\/em>l\u00e9g\u00e8re ou de d\u00e9mence (tels qu\u2019une perte de m\u00e9moire, des troubles du langage, de l\u2019attention, de la fonction visuo-spatiale ou ex\u00e9cutive, ou des sympt\u00f4mes comportementaux ou psychologiques pouvant avoir une incidence l\u00e9g\u00e8re ou importante sur la vie quotidienne ou les activit\u00e9s habituelles d\u2019un patient).<\/p>\n<p>La r\u00e9affirmation de la recommandation forte contre le d\u00e9pistage est bas\u00e9e sur de nouvelles donn\u00e9es probantes qui sont coh\u00e9rentes avec la ligne directrice de 2016. Un nouvel essai contr\u00f4l\u00e9 randomis\u00e9 n\u2019a montr\u00e9 aucune diff\u00e9rence dans la qualit\u00e9 de vie li\u00e9e \u00e0 la sant\u00e9, l\u2019incidence de <em>d\u00e9ficience cognitive <\/em>l\u00e9g\u00e8re, de la maladie d\u2019Alzheimer ou d\u2019autres d\u00e9mences, l\u2019utilisation des soins de sant\u00e9, la planification des soins avanc\u00e9s et les prescriptions d\u2019inhibiteurs de l\u2019ac\u00e9tylcholinest\u00e9rase ou de m\u00e9mantine chez les patients d\u00e9pist\u00e9s pour une d\u00e9mence. En outre, le Groupe d\u2019\u00e9tude canadien a estim\u00e9 que le co\u00fbt d\u2019opportunit\u00e9 du d\u00e9pistage de toutes les personnes \u00e2g\u00e9es asymptomatiques \u00e9tait important.<\/p>\n<\/section>\n<\/div>\n<p><a name=\"documents\"><\/a><\/p>\n<h3>Documents additionnels<\/h3>\n<ul>\n<li><a href=\"https:\/\/canadiantaskforce.ca\/deficience-cognitive-resume-a-lintention-des-cliniciens\/?lang=fr\">R\u00e9sum\u00e9 \u00e0 l&rsquo;intention des cliniciens <\/a><\/li>\n<li><a href=\"https:\/\/canadiantaskforce.ca\/wp-content\/uploads\/2016\/01\/2015-cognitive-impairment-protocol-en.pdf\" target=\"_blank\" rel=\"noopener noreferrer\">Protocole de d\u00e9pistage <\/a> (pdf, anglais)<\/li>\n<li><a href=\"https:\/\/canadiantaskforce.ca\/wp-content\/uploads\/2016\/01\/ctfphccognitive-impairmenttreatment-protocol-final.pdf\" target=\"_blank\" rel=\"noopener noreferrer\">Protocole de traitement (DCL) <\/a> (pdf, anglais)<\/li>\n<li><a href=\"https:\/\/canadiantaskforce.ca\/wp-content\/uploads\/2016\/01\/mcioct-28.pdf\" target=\"_blank\" rel=\"noopener noreferrer\">Traitement du d\u00e9ficit cognitif l\u00e9ger (DCL) : Examen syst\u00e9matique et M\u00e9ta-analyse <\/a> (pdf, anglais)<\/li>\n<li><a href=\"https:\/\/canadiantaskforce.ca\/wp-content\/uploads\/2016\/01\/E419.full_.pdf\" target=\"_blank\" rel=\"noopener noreferrer\">Revue syst\u00e9matique publi\u00e9e <\/a> (pdf, anglais)<\/li>\n<li><a href=\"https:\/\/canadiantaskforce.ca\/wp-content\/uploads\/2016\/01\/ctfphcmci-treatmentexcluded-studies-list.pdf\" target=\"_blank\" rel=\"noopener noreferrer\">Traitement du d\u00e9ficit cognitif l\u00e9ger : Liste des \u00e9tudes exclues <\/a> (pdf, anglais)<\/li>\n<li><a href=\"https:\/\/canadiantaskforce.ca\/wp-content\/uploads\/2016\/01\/cisummarydelivables-2.pdf\" target=\"_blank\" rel=\"noopener noreferrer\">Livrable du CASDP <\/a> (pdf, anglais)<\/li>\n<li><a href=\"https:\/\/canadiantaskforce.ca\/cognitive-impairment-cmaj-author-podcast\/\">Baladodiffusion de l\u2019auteur du JAMC<\/a>\u00a0(anglais)<\/li>\n<li><a href=\"https:\/\/canadiantaskforce.ca\/cognitive-impairment-guideline-presentation\/?lang=fr\">Pr\u00e9sentation de la ligne directrice<\/a><\/li>\n<li><a href=\"https:\/\/canadiantaskforce.ca\/wp-content\/uploads\/2024\/08\/CogImpReaffirm-Manuscript-V20240801-FR_Final.pdf\">Manuscrit de r\u00e9affirmation<\/a> (pdf)<\/li>\n<li><a href=\"https:\/\/canadiantaskforce.ca\/wp-content\/uploads\/2024\/06\/20240603CogImpReaffirm_Appendices.pdf\">Annexes du manuscrit de r\u00e9affirmation<\/a> (pdf, anglais)<\/li>\n<li><a href=\"https:\/\/canadiantaskforce.ca\/wp-content\/uploads\/2024\/07\/Screening-for-Cognitive-Impairment-A-CADTH-rapid-response-search-update-to-inform-the-CTFPHC-reaffirmation-2020.pdf\">D\u00e9pistage de la d\u00e9ficience cognitive : une mise \u00e0 jour de la recherche de r\u00e9ponse rapide de l&rsquo;ACMTS pour informer la r\u00e9affirmation du Groupe d&rsquo;\u00e9tude canadien sur les soins de sant\u00e9 pr\u00e9ventifs (2020)<\/a> (pdf, anglais)<\/li>\n<li><a href=\"https:\/\/canadiantaskforce.ca\/wp-content\/uploads\/2024\/07\/Screening-for-Cognitive-Impairment-A-CADTH-rapid-response-search-update-to-inform-the-CTFPHC-reaffirmation-2022.pdf\">D\u00e9pistage de la d\u00e9ficience cognitive : une mise \u00e0 jour de la recherche de r\u00e9ponse rapide de l&rsquo;ACMTS pour informer la r\u00e9affirmation du Groupe d&rsquo;\u00e9tude canadien sur les soins de sant\u00e9 pr\u00e9ventifs (2022)<\/a> (pdf, anglais)<\/li>\n<\/ul>\n\n\n<h3 class=\"wp-block-heading\"><strong>Les scores d&rsquo;\u00e9valuation d&rsquo;ECRI<\/strong>&nbsp;<\/h3>\n\n\n\n<p><a href=\"https:\/\/guidelines.ecri.org\/about\">ECRI Guidelines Trust<\/a> \u00e9value les lignes directrices en fonction de leur conformit\u00e9 aux Normes de l&rsquo;Acad\u00e9mie nationale de m\u00e9decine pour des lignes directrices fiables. Retrouvez les scores d\u2019\u00e9valuation du ECRI pour cette ligne directrice <a href=\"https:\/\/canadiantaskforce.ca\/lignesdirectrives\/scores-d-evaluation-ecri\/?lang=fr\">ici<\/a><em>.<\/em> \u00c0 noter, les scores s&rsquo;appliquent \u00e0 la ligne directrice originale de 2016.<\/p>\n","protected":false},"excerpt":{"rendered":"<p>Ces recommandations ont \u00e9t\u00e9 r\u00e9affirm\u00e9es en 2024. R\u00e9sum\u00e9 des recommandations pour les cliniciens et les responsables des politiques Le Groupe d\u2019\u00e9tude canadien sur les soins de sant\u00e9 pr\u00e9ventifs (Groupe d\u2019\u00e9tude canadien) recommande de ne pas soumettre les personnes \u00e2g\u00e9es asymptomatiques (\u2265 65\u00a0ans) \u00e0 un d\u00e9pistage de la d\u00e9ficience cognitive \u00e0 l\u2019aide d\u2019instruments. (Recommandation forte; donn\u00e9es [&hellip;]<\/p>\n","protected":false},"author":2,"featured_media":0,"parent":9821,"menu_order":10,"comment_status":"closed","ping_status":"closed","template":"tpl-guidelines.php","meta":{"_acf_changed":false,"footnotes":""},"categories":[195,196],"tags":[186,198,190,200,188,199],"class_list":["post-10763","page","type-page","status-publish","hentry","category-lignes-directrices","category-publiees","tag-female","tag-female-fr","tag-male","tag-male-fr","tag-older-adult","tag-older-adult-fr"],"acf":[],"_links":{"self":[{"href":"https:\/\/canadiantaskforce.ca\/fr\/wp-json\/wp\/v2\/pages\/10763","targetHints":{"allow":["GET"]}}],"collection":[{"href":"https:\/\/canadiantaskforce.ca\/fr\/wp-json\/wp\/v2\/pages"}],"about":[{"href":"https:\/\/canadiantaskforce.ca\/fr\/wp-json\/wp\/v2\/types\/page"}],"author":[{"embeddable":true,"href":"https:\/\/canadiantaskforce.ca\/fr\/wp-json\/wp\/v2\/users\/2"}],"replies":[{"embeddable":true,"href":"https:\/\/canadiantaskforce.ca\/fr\/wp-json\/wp\/v2\/comments?post=10763"}],"version-history":[{"count":15,"href":"https:\/\/canadiantaskforce.ca\/fr\/wp-json\/wp\/v2\/pages\/10763\/revisions"}],"predecessor-version":[{"id":31063,"href":"https:\/\/canadiantaskforce.ca\/fr\/wp-json\/wp\/v2\/pages\/10763\/revisions\/31063"}],"up":[{"embeddable":true,"href":"https:\/\/canadiantaskforce.ca\/fr\/wp-json\/wp\/v2\/pages\/9821"}],"wp:attachment":[{"href":"https:\/\/canadiantaskforce.ca\/fr\/wp-json\/wp\/v2\/media?parent=10763"}],"wp:term":[{"taxonomy":"category","embeddable":true,"href":"https:\/\/canadiantaskforce.ca\/fr\/wp-json\/wp\/v2\/categories?post=10763"},{"taxonomy":"post_tag","embeddable":true,"href":"https:\/\/canadiantaskforce.ca\/fr\/wp-json\/wp\/v2\/tags?post=10763"}],"curies":[{"name":"wp","href":"https:\/\/api.w.org\/{rel}","templated":true}]}}