{"id":10802,"date":"2016-03-12T12:05:44","date_gmt":"2016-03-12T17:05:44","guid":{"rendered":"http:\/\/canadiantaskforce.ca\/?page_id=10802"},"modified":"2024-04-16T10:14:15","modified_gmt":"2024-04-16T14:14:15","slug":"pelvic-exam","status":"publish","type":"page","link":"https:\/\/canadiantaskforce.ca\/fr\/lignesdirectrives\/lignes-directrices-publiees\/pelvic-exam\/","title":{"rendered":"Examen pelvien (2016)"},"content":{"rendered":"<div class=\"shadedbox\">\n<h4>Ligne directrice de l\u2019American College of Physicians adopt\u00e9e par le Groupe d&rsquo;\u00e9tude canadien<\/h4>\n<\/div>\n<h3>R\u00e9sum\u00e9 des recommandations \u00e0 l&rsquo;intention des cliniciens et des responsables des politiques<\/h3>\n<p>Le Groupe d\u2019\u00e9tude canadien sur les soins de sant\u00e9 pr\u00e9ventifs <strong>a adopt\u00e9<\/strong> la recommandation 2014 de l\u2019American College of Physicians (ACP) sur l\u2019utilisation des examens pelviens pour d\u00e9pister les cancers (autres que le cancer du col de l\u2019ut\u00e9rus), la maladie inflammatoire pelvienne et d\u2019autres affections gyn\u00e9cologiques.\u00a0La recommandation s\u2019applique \u00e0 l\u2019examen pelvien de d\u00e9pistage chez les femmes adultes asymptomatiques et non enceintes. Il convient toutefois de remarquer que l\u2019examen pelvien se justifie dans d\u2019autres situations cliniques, telles que le diagnostic d\u2019affections gyn\u00e9cologiques chez les femmes manifestant des sympt\u00f4mes ou le suivi d\u2019une affection diagnostiqu\u00e9e ant\u00e9rieurement.<\/p>\n<p>&nbsp;<\/p>\n<h3>Recommandation<\/h3>\n<ul>\n<li>Le Groupe d&rsquo;\u00e9tude canadien recommande de ne pas effectuer d\u2019examen pelvien pour d\u00e9pister les cancers non cervicaux, la maladie inflammatoire pelvienne ou d\u2019autres affections gyn\u00e9cologiques chez les femmes asymptomatiques.<br \/>\n<em>(Recommandation forte; donn\u00e9es probantes de qualit\u00e9 moyenne)<\/em><\/li>\n<\/ul>\n<p><a name=\"documents\"><\/a><\/p>\n<p>&nbsp;<\/p>\n<h3>Additional Documents<\/h3>\n<ul>\n<li><a href=\"http:\/\/annals.org\/article.aspx?articleid=1884537\" target=\"_blank\" rel=\"noopener noreferrer\">Guide de pratique Clinique de I\u2019ACP <\/a>\u00a0(anglais)<\/li>\n<li><a href=\"http:\/\/www.hsrd.research.va.gov\/publications\/esp\/pelvic-exam-EXEC.pdf\" target=\"_blank\" rel=\"noopener noreferrer\">Examen syst\u00e9matique<\/a> (pdf, anglais)<\/li>\n<\/ul>\n","protected":false},"excerpt":{"rendered":"<p>Ligne directrice de l\u2019American College of Physicians adopt\u00e9e par le Groupe d&rsquo;\u00e9tude canadien R\u00e9sum\u00e9 des recommandations \u00e0 l&rsquo;intention des cliniciens et des responsables des politiques Le Groupe d\u2019\u00e9tude canadien sur les soins de sant\u00e9 pr\u00e9ventifs a adopt\u00e9 la recommandation 2014 de l\u2019American College of Physicians (ACP) sur l\u2019utilisation des examens pelviens pour d\u00e9pister les cancers [&hellip;]<\/p>\n","protected":false},"author":2,"featured_media":0,"parent":9821,"menu_order":21,"comment_status":"closed","ping_status":"closed","template":"tpl-guidelines.php","meta":{"_acf_changed":false,"footnotes":""},"categories":[195,196],"tags":[187,186],"class_list":["post-10802","page","type-page","status-publish","hentry","category-lignes-directrices","category-publiees","tag-adult","tag-female"],"acf":[],"_links":{"self":[{"href":"https:\/\/canadiantaskforce.ca\/fr\/wp-json\/wp\/v2\/pages\/10802","targetHints":{"allow":["GET"]}}],"collection":[{"href":"https:\/\/canadiantaskforce.ca\/fr\/wp-json\/wp\/v2\/pages"}],"about":[{"href":"https:\/\/canadiantaskforce.ca\/fr\/wp-json\/wp\/v2\/types\/page"}],"author":[{"embeddable":true,"href":"https:\/\/canadiantaskforce.ca\/fr\/wp-json\/wp\/v2\/users\/2"}],"replies":[{"embeddable":true,"href":"https:\/\/canadiantaskforce.ca\/fr\/wp-json\/wp\/v2\/comments?post=10802"}],"version-history":[{"count":5,"href":"https:\/\/canadiantaskforce.ca\/fr\/wp-json\/wp\/v2\/pages\/10802\/revisions"}],"predecessor-version":[{"id":20228,"href":"https:\/\/canadiantaskforce.ca\/fr\/wp-json\/wp\/v2\/pages\/10802\/revisions\/20228"}],"up":[{"embeddable":true,"href":"https:\/\/canadiantaskforce.ca\/fr\/wp-json\/wp\/v2\/pages\/9821"}],"wp:attachment":[{"href":"https:\/\/canadiantaskforce.ca\/fr\/wp-json\/wp\/v2\/media?parent=10802"}],"wp:term":[{"taxonomy":"category","embeddable":true,"href":"https:\/\/canadiantaskforce.ca\/fr\/wp-json\/wp\/v2\/categories?post=10802"},{"taxonomy":"post_tag","embeddable":true,"href":"https:\/\/canadiantaskforce.ca\/fr\/wp-json\/wp\/v2\/tags?post=10802"}],"curies":[{"name":"wp","href":"https:\/\/api.w.org\/{rel}","templated":true}]}}