{"id":10805,"date":"2014-11-04T12:11:51","date_gmt":"2014-11-04T17:11:51","guid":{"rendered":"http:\/\/canadiantaskforce.ca\/?page_id=10805"},"modified":"2020-08-31T13:58:03","modified_gmt":"2020-08-31T17:58:03","slug":"cancer-de-la-prostate","status":"publish","type":"page","link":"https:\/\/canadiantaskforce.ca\/fr\/lignesdirectrives\/lignes-directrices-publiees\/cancer-de-la-prostate\/","title":{"rendered":"Cancer de la prostate (2014)"},"content":{"rendered":"<div id=\"lipsum\">\n<h3>R\u00e9sum\u00e9 des recommandations\u00a0pour les cliniciens et les responsables des politiques<\/h3>\n<p>Ces lignes directrices s\u2019appliquent \u00e0 tout homme n\u2019ayant pas pr\u00e9alablement re\u00e7u un diagnostic du cancer de la prostate. Cela inclut les hommes pr\u00e9sentant des sympt\u00f4mes du bas appareil urinaire (nycturie, urgence, fr\u00e9quence, d\u00e9bit urinaire faible) ou souffrant d\u2019hyperplasie b\u00e9nigne de la prostate (HBP).<\/p>\n<p>&nbsp;<\/p>\n<h3>Recommandations<\/h3>\n<ul>\n<li>Pour les hommes \u00e2g\u00e9s de moins de 55 ans, nous recommandons de ne pas d\u00e9pister le cancer de la prostate avec le test de l\u2019antig\u00e8ne prostatique sp\u00e9cifique.<br \/>\n<em>(Recommandation\u00a0forte; donn\u00e9es de faible qualit\u00e9)<\/em><\/li>\n<li>Pour les hommes \u00e2g\u00e9s de 55-69 ans, nous recommandons de ne pas d\u00e9pister le cancer de la prostate avec le test de l\u2019antig\u00e8ne prostatique sp\u00e9cifique.<br \/>\n<em>(Recommandation faible; donn\u00e9es de qualit\u00e9 moyenne)<\/em><\/li>\n<li>Pour les hommes de 70 ans et plus, nous recommandons de ne pas d\u00e9pister le cancer de la prostate avec le test de l\u2019antig\u00e8ne prostatique sp\u00e9cifique.<br \/>\n<em>(Recommandation forte; donn\u00e9es de faible qualit\u00e9)<\/em><\/li>\n<\/ul>\n<\/div>\n<p><a name=\"documents\"><\/a><\/p>\n<p>&nbsp;<\/p>\n<h3>Documents additionnels<\/h3>\n<ul>\n<li><a href=\"https:\/\/canadiantaskforce.ca\/cancer-de-la-prostate-resume-a-lintention-des-cliniciens\/?lang=fr\">R\u00e9sum\u00e9 \u00e0 l&rsquo;intention des cliniciens <\/a><\/li>\n<li><a href=\"https:\/\/canadiantaskforce.ca\/wp-content\/uploads\/2014\/11\/2014-prostate-cancer-protocol-en.pdf\" target=\"_blank\" rel=\"noopener noreferrer\">Protocole<\/a> (pdf, anglais)<\/li>\n<li><a href=\"https:\/\/canadiantaskforce.ca\/wp-content\/uploads\/2014\/11\/2014-prostate-cancer-systematic-review-en.pdf\" target=\"_blank\" rel=\"noopener noreferrer\">Examen syst\u00e9matique<\/a> (pdf, anglais)<\/li>\n<li><a href=\"http:\/\/cmajopen.ca\/content\/4\/1\/E73.full.pdf+html\" target=\"_blank\" rel=\"noopener noreferrer\">Tendances de l\u2019incidence et de la mortalit\u00e9 <\/a> (pdf, anglais)<\/li>\n<li><a href=\"https:\/\/canadiantaskforce.ca\/cancer-de-la-prostate-presentation-de-la-ligne-directrice\/?lang=fr\">Pr\u00e9sentation de la ligne directrice<\/a><\/li>\n<\/ul>\n<p>&nbsp;<\/p>\n","protected":false},"excerpt":{"rendered":"<p>R\u00e9sum\u00e9 des recommandations\u00a0pour les cliniciens et les responsables des politiques Ces lignes directrices s\u2019appliquent \u00e0 tout homme n\u2019ayant pas pr\u00e9alablement re\u00e7u un diagnostic du cancer de la prostate. Cela inclut les hommes pr\u00e9sentant des sympt\u00f4mes du bas appareil urinaire (nycturie, urgence, fr\u00e9quence, d\u00e9bit urinaire faible) ou souffrant d\u2019hyperplasie b\u00e9nigne de la prostate (HBP). &nbsp; Recommandations [&hellip;]<\/p>\n","protected":false},"author":2,"featured_media":0,"parent":9821,"menu_order":22,"comment_status":"closed","ping_status":"closed","template":"tpl-guidelines.php","meta":{"_acf_changed":false,"footnotes":""},"categories":[195,196],"tags":[197,200,199],"class_list":["post-10805","page","type-page","status-publish","hentry","category-lignes-directrices","category-publiees","tag-adult-fr","tag-male-fr","tag-older-adult-fr"],"acf":[],"_links":{"self":[{"href":"https:\/\/canadiantaskforce.ca\/fr\/wp-json\/wp\/v2\/pages\/10805","targetHints":{"allow":["GET"]}}],"collection":[{"href":"https:\/\/canadiantaskforce.ca\/fr\/wp-json\/wp\/v2\/pages"}],"about":[{"href":"https:\/\/canadiantaskforce.ca\/fr\/wp-json\/wp\/v2\/types\/page"}],"author":[{"embeddable":true,"href":"https:\/\/canadiantaskforce.ca\/fr\/wp-json\/wp\/v2\/users\/2"}],"replies":[{"embeddable":true,"href":"https:\/\/canadiantaskforce.ca\/fr\/wp-json\/wp\/v2\/comments?post=10805"}],"version-history":[{"count":5,"href":"https:\/\/canadiantaskforce.ca\/fr\/wp-json\/wp\/v2\/pages\/10805\/revisions"}],"predecessor-version":[{"id":22746,"href":"https:\/\/canadiantaskforce.ca\/fr\/wp-json\/wp\/v2\/pages\/10805\/revisions\/22746"}],"up":[{"embeddable":true,"href":"https:\/\/canadiantaskforce.ca\/fr\/wp-json\/wp\/v2\/pages\/9821"}],"wp:attachment":[{"href":"https:\/\/canadiantaskforce.ca\/fr\/wp-json\/wp\/v2\/media?parent=10805"}],"wp:term":[{"taxonomy":"category","embeddable":true,"href":"https:\/\/canadiantaskforce.ca\/fr\/wp-json\/wp\/v2\/categories?post=10805"},{"taxonomy":"post_tag","embeddable":true,"href":"https:\/\/canadiantaskforce.ca\/fr\/wp-json\/wp\/v2\/tags?post=10805"}],"curies":[{"name":"wp","href":"https:\/\/api.w.org\/{rel}","templated":true}]}}