{"id":11297,"date":"2016-10-18T15:39:29","date_gmt":"2016-10-18T19:39:29","guid":{"rendered":"http:\/\/canadiantaskforce.ca\/?page_id=11297&#038;lang=fr"},"modified":"2017-07-17T15:18:33","modified_gmt":"2017-07-17T19:18:33","slug":"vih","status":"publish","type":"page","link":"https:\/\/canadiantaskforce.ca\/fr\/lignesdirectrives\/appraised-guidelines\/vih\/","title":{"rendered":"VIH"},"content":{"rendered":"<div class='fullwidth-section  ' style=\"background-repeat:no-repeat;background-position:left top;\"><div class=\"container\"><div class=\"dt-sc-tabs-vertical2-container\"><ul id=\"menu-guidelines-french\" class=\"dt-sc-tabs-vertical2-frame\"><li id=\"menu-item-14161\" class=\"menu-item menu-item-type-post_type menu-item-object-page menu-item-has-children menu-item-14161\"><a href=\"https:\/\/canadiantaskforce.ca\/fr\/lignesdirectrives\/lignes-directrices-publiees\/\">Lignes directrices publi\u00e9es<\/a>\n<ul class=\"sub-menu\">\n\t<li id=\"menu-item-10358\" class=\"menu-item menu-item-type-post_type menu-item-object-page menu-item-10358\"><a href=\"https:\/\/canadiantaskforce.ca\/fr\/lignesdirectrives\/\">Aper\u00e7u<\/a><\/li>\n\t<li id=\"menu-item-22231\" class=\"menu-item menu-item-type-post_type menu-item-object-page menu-item-22231\"><a href=\"https:\/\/canadiantaskforce.ca\/fr\/lignesdirectrives\/lignes-directrices-publiees\/adenocarcinome-oesophagien\/\">Ad\u00e9nocarcinome \u0153sophagien (2020)<\/a><\/li>\n\t<li id=\"menu-item-20198\" class=\"menu-item menu-item-type-post_type menu-item-object-page menu-item-20198\"><a href=\"https:\/\/canadiantaskforce.ca\/fr\/lignesdirectrives\/lignes-directrices-publiees\/anevrisme-aortique-abdominal\/\">An\u00e9vrisme de l\u2019aorte abdominale (2017)<\/a><\/li>\n\t<li id=\"menu-item-17776\" class=\"menu-item menu-item-type-post_type menu-item-object-page menu-item-17776\"><a href=\"https:\/\/canadiantaskforce.ca\/fr\/lignesdirectrives\/lignes-directrices-publiees\/bacteriurie-asymptomatique\/\">Bact\u00e9riurie asymptomatique au cours de la grossesse (2018)<\/a><\/li>\n\t<li id=\"menu-item-29979\" class=\"menu-item menu-item-type-post_type menu-item-object-page menu-item-29979\"><a href=\"https:\/\/canadiantaskforce.ca\/fr\/lignesdirectrives\/lignes-directrices-publiees\/cancer-du-sein-mise-a-jour-2024\/\">[Archiv\u00e9] Cancer du Sein (mise \u00e0 jour) -Recommandations provisoires (2024)<\/a><\/li>\n\t<li id=\"menu-item-10816\" class=\"menu-item menu-item-type-post_type menu-item-object-page menu-item-10816\"><a href=\"https:\/\/canadiantaskforce.ca\/fr\/lignesdirectrives\/lignes-directrices-publiees\/cancer-colorectal\/\">Cancer colorectal (2016)<\/a><\/li>\n\t<li id=\"menu-item-10817\" class=\"menu-item menu-item-type-post_type menu-item-object-page menu-item-10817\"><a href=\"https:\/\/canadiantaskforce.ca\/fr\/lignesdirectrives\/lignes-directrices-publiees\/cancer-de-la-prostate\/\">Cancer de la prostate (2014)<\/a><\/li>\n\t<li id=\"menu-item-10818\" class=\"menu-item menu-item-type-post_type menu-item-object-page menu-item-10818\"><a href=\"https:\/\/canadiantaskforce.ca\/fr\/lignesdirectrives\/lignes-directrices-publiees\/cancer-du-col-de-luterus\/\">Cancer du col de l\u2019ut\u00e9rus (2013)<\/a><\/li>\n\t<li id=\"menu-item-10819\" class=\"menu-item menu-item-type-post_type menu-item-object-page menu-item-10819\"><a href=\"https:\/\/canadiantaskforce.ca\/fr\/lignesdirectrives\/lignes-directrices-publiees\/cancer-du-poumon\/\">Cancer du poumon (2016)<\/a><\/li>\n\t<li id=\"menu-item-23926\" class=\"menu-item menu-item-type-post_type menu-item-object-page menu-item-23926\"><a href=\"https:\/\/canadiantaskforce.ca\/fr\/lignesdirectrives\/lignes-directrices-publiees\/chlamydia-et-gonorrhee\/\">Chlamydia et gonorrh\u00e9e (2021)<\/a><\/li>\n\t<li id=\"menu-item-10821\" class=\"menu-item menu-item-type-post_type menu-item-object-page menu-item-10821\"><a href=\"https:\/\/canadiantaskforce.ca\/fr\/lignesdirectrives\/lignes-directrices-publiees\/deficience-cognitive\/\">D\u00e9ficience cognitive (2024)<\/a><\/li>\n\t<li id=\"menu-item-33166\" class=\"menu-item menu-item-type-post_type menu-item-object-page menu-item-33166\"><a href=\"https:\/\/canadiantaskforce.ca\/fr\/lignesdirectrives\/lignes-directrices-publiees\/depression-chez-ladulte-mise-a-jour\/\">D\u00e9pression chez l\u2019adulte (mise \u00e0 jour) (2025)<\/a><\/li>\n\t<li id=\"menu-item-25495\" class=\"menu-item menu-item-type-post_type menu-item-object-page menu-item-25495\"><a href=\"https:\/\/canadiantaskforce.ca\/fr\/lignesdirectrives\/lignes-directrices-publiees\/depression-pendant-la-grossesse-et-la-periode-postnatale\/\">D\u00e9pression pendant la grossesse et la p\u00e9riode postnatale (2022)<\/a><\/li>\n\t<li id=\"menu-item-10823\" class=\"menu-item menu-item-type-post_type menu-item-object-page menu-item-10823\"><a href=\"https:\/\/canadiantaskforce.ca\/fr\/lignesdirectrives\/lignes-directrices-publiees\/diabete-de-type-2\/\">Diab\u00e8te de type 2 (2012)<\/a><\/li>\n\t<li id=\"menu-item-22278\" class=\"menu-item menu-item-type-post_type menu-item-object-page menu-item-22278\"><a href=\"https:\/\/canadiantaskforce.ca\/fr\/lignesdirectrives\/lignes-directrices-publiees\/dysfonctionnement-thyroidien\/\">Dysfonctionnement thyro\u00efdien (2019)<\/a><\/li>\n\t<li id=\"menu-item-10824\" class=\"menu-item menu-item-type-post_type menu-item-object-page menu-item-10824\"><a href=\"https:\/\/canadiantaskforce.ca\/fr\/lignesdirectrives\/lignes-directrices-publiees\/pelvic-exam\/\">Examen pelvien (2016)<\/a><\/li>\n\t<li id=\"menu-item-27545\" class=\"menu-item menu-item-type-post_type menu-item-object-page menu-item-27545\"><a href=\"https:\/\/canadiantaskforce.ca\/fr\/lignesdirectrives\/lignes-directrices-publiees\/fracture-de-fragilisation\/\">Fracture De Fragilisation (2023)<\/a><\/li>\n\t<li id=\"menu-item-13025\" class=\"menu-item menu-item-type-post_type menu-item-object-page menu-item-13025\"><a href=\"https:\/\/canadiantaskforce.ca\/fr\/lignesdirectrives\/lignes-directrices-publiees\/hepatite-c\/\">H\u00e9patite C (2017)<\/a><\/li>\n\t<li id=\"menu-item-10825\" class=\"menu-item menu-item-type-post_type menu-item-object-page menu-item-10825\"><a href=\"https:\/\/canadiantaskforce.ca\/fr\/lignesdirectrives\/lignes-directrices-publiees\/hypertension-arterielle\/\">Hypertension art\u00e9rielle (2012)<\/a><\/li>\n\t<li id=\"menu-item-10828\" class=\"menu-item menu-item-type-post_type menu-item-object-page menu-item-10828\"><a href=\"https:\/\/canadiantaskforce.ca\/fr\/lignesdirectrives\/lignes-directrices-publiees\/retard-de-developpement\/\">Retard de d\u00e9veloppement (2016)<\/a><\/li>\n\t<li id=\"menu-item-32710\" class=\"menu-item menu-item-type-post_type menu-item-object-page menu-item-32710\"><a href=\"https:\/\/canadiantaskforce.ca\/fr\/lignesdirectrives\/lignes-directrices-publiees\/tabagisme-chez-ladulte\/\">Tabagisme chez l\u2019adulte (2025)<\/a><\/li>\n\t<li id=\"menu-item-12541\" class=\"menu-item menu-item-type-post_type menu-item-object-page menu-item-12541\"><a href=\"https:\/\/canadiantaskforce.ca\/fr\/lignesdirectrives\/lignes-directrices-publiees\/tabagisme-chez-les-enfants-et-les-adolescents\/\">Tabagisme chez les enfants et les adolescents (2017)<\/a><\/li>\n\t<li id=\"menu-item-17149\" class=\"menu-item menu-item-type-post_type menu-item-object-page menu-item-17149\"><a href=\"https:\/\/canadiantaskforce.ca\/fr\/lignesdirectrives\/lignes-directrices-publiees\/troubles-de-la-vision\/\">Troubles de la vision (2018)<\/a><\/li>\n<\/ul>\n<\/li>\n<li id=\"menu-item-31045\" class=\"menu-item menu-item-type-post_type menu-item-object-page menu-item-31045\"><a href=\"https:\/\/canadiantaskforce.ca\/fr\/lignesdirectrives\/scores-d-evaluation-ecri\/\">Scores d\u2019\u00e9valuation (ECRI)<\/a><\/li>\n<li id=\"menu-item-19784\" class=\"menu-item menu-item-type-post_type menu-item-object-page menu-item-19784\"><a href=\"https:\/\/canadiantaskforce.ca\/fr\/lignesdirectrives\/revues-systematiques-et-protocoles\/\">Revues Syst\u00e9matiques et Protocoles<\/a><\/li>\n<li id=\"menu-item-19879\" class=\"menu-item menu-item-type-post_type menu-item-object-page menu-item-has-children menu-item-19879\"><a href=\"https:\/\/canadiantaskforce.ca\/fr\/methodologie\/\">[Archiv\u00e9]\u00a0M\u00e9thodologie<\/a>\n<ul class=\"sub-menu\">\n\t<li id=\"menu-item-19880\" class=\"menu-item menu-item-type-post_type menu-item-object-page menu-item-19880\"><a href=\"https:\/\/canadiantaskforce.ca\/fr\/methodologie\/\">Manuel des proc\u00e9dures<\/a><\/li>\n\t<li id=\"menu-item-19881\" class=\"menu-item menu-item-type-post_type menu-item-object-page menu-item-19881\"><a href=\"https:\/\/canadiantaskforce.ca\/fr\/methodologie\/grade\/\">GRADE<\/a><\/li>\n\t<li id=\"menu-item-19882\" class=\"menu-item menu-item-type-post_type menu-item-object-page menu-item-19882\"><a href=\"https:\/\/canadiantaskforce.ca\/fr\/methodologie\/protocole-relatif-aux-preferences-des-patients\/\">Protocole de participation du patient<\/a><\/li>\n\t<li id=\"menu-item-28459\" class=\"menu-item menu-item-type-post_type menu-item-object-page menu-item-28459\"><a href=\"https:\/\/canadiantaskforce.ca\/fr\/methodologie\/updating-reaffirmation-and-sunsetting-clinical-practice-guidelines-methods-from-the-canadian-task-force-on-preventive-health-care\/\">Mise \u00e0 jour, r\u00e9affirmation et caducit\u00e9 des\u00a0lignes directrices de pratique clinique\u00a0<\/a><\/li>\n<\/ul>\n<\/li>\n<li id=\"menu-item-27713\" class=\"menu-item menu-item-type-post_type menu-item-object-page menu-item-has-children menu-item-27713\"><a href=\"https:\/\/canadiantaskforce.ca\/fr\/lignesdirectrives\/autres-publications\/\">Autres publications<\/a>\n<ul class=\"sub-menu\">\n\t<li id=\"menu-item-19587\" class=\"menu-item menu-item-type-post_type menu-item-object-page menu-item-19587\"><a href=\"https:\/\/canadiantaskforce.ca\/fr\/lignesdirectrives\/serie-prevention-en-pratique\/\">S\u00e9rie Pr\u00e9vention en pratique<\/a><\/li>\n\t<li id=\"menu-item-19491\" class=\"menu-item menu-item-type-post_type menu-item-object-page menu-item-19491\"><a href=\"https:\/\/canadiantaskforce.ca\/fr\/lignesdirectrives\/visites-periodiques-en-sante-preventive\/\">Visites p\u00e9riodiques en sant\u00e9 pr\u00e9ventive<\/a><\/li>\n<\/ul>\n<\/li>\n<\/ul><div class=\"dt-sc-tabs-vertical2-frame-content\"><div class='pdfdownload'><h5>Version PDF<\/h5><hr><div class='pdfdownload-text'><a href=\"https:\/\/canadiantaskforce.ca\/wp-content\/uploads\/2016\/10\/hivfinalen.pdf\">T\u00e9l\u00e9charger le PDF<\/a><\/div><\/div>\n<p><strong>Titre de la ligne directrice<\/strong><\/p>\n<p style=\"padding-left: 30px\">Screening for HIV: U.S. Preventive Services Task Force Recommendation Statement<\/p>\n<p><strong>Concepteur de la ligne directrice<\/strong><\/p>\n<p style=\"padding-left: 30px\">U.S. Preventive Services Task Force<\/p>\n<p><strong>Ann\u00e9e de publication<\/strong><\/p>\n<p style=\"padding-left: 30px\">2013<\/p>\n<p><strong>Ann\u00e9e de l&rsquo;\u00e9valuation critique<\/strong><\/p>\n<p style=\"padding-left: 30px\">2014<\/p>\n<p><strong>Documents<\/strong><\/p>\n<p style=\"padding-left: 30px\"><a class=\"ctfphc-guideline-link\" href=\"http:\/\/www.uspreventiveservicestaskforce.org\/uspstf13\/hiv\/hivfinalrs.htm\" target=\"_blank\" rel=\"external noopener noreferrer\">Voir la publication d&rsquo;origine<\/a><\/p>\n<p>&nbsp;<\/p>\n<p><a href=\"https:\/\/canadiantaskforce.ca\/wp-content\/uploads\/2017\/05\/hiv_v2.png\"><img loading=\"lazy\" decoding=\"async\" class=\"aligncenter size-full wp-image-11299\" src=\"https:\/\/canadiantaskforce.ca\/wp-content\/uploads\/2017\/05\/hiv_v2.png\" alt=\"hiv\" width=\"550\" height=\"222\" \/><\/a><\/p>\n<p>&nbsp;<\/p>\n<h3>APER\u00c7U<\/h3>\n<p>Cette ligne directrice met l\u2019accent sur le d\u00e9pistage du VIH chez les adolescents, les adultes et les femmes enceintes<sup>1<\/sup>.<\/p>\n<p>\u00c0 la fin de 2009, on estimait que 1 148 200<sup>2<\/sup> Am\u00e9ricains \u00e2g\u00e9s de 13 ans et plus \u00e9taient atteints du VIH, soit une pr\u00e9valence de 0,45%. Au Canada, l\u2019estim\u00e9 (qui comprenait aussi les personnes atteintes du SIDA) \u00e9tait de 71 300 en 2011<sup>3<\/sup>, soit une pr\u00e9valence de 0,21%. Ainsi,\u00a0le taux d\u2019incidence aux \u00c9tats-Unis est presque deux fois celui au Canada (19,0 vs 9,9 par 100 000 habitants en 2009<sup>4, 5<\/sup>). Bien que la proportion de cas non-diagnostiqu\u00e9s au Canada est plus \u00e9lev\u00e9e que celle aux \u00c9tats-Unis (25%<sup>3<\/sup> vs 18%<sup>6<\/sup>), on estime que, chez certaines sous-populations am\u00e9ricaines, plus de 50% des gens s\u00e9ropositif \u00a0ignoreraient leur statut.<sup>7<\/sup><\/p>\n<p>Le U.S. Preventive Services Task Force (USPSTF) recommande aux cliniciens de d\u00e9pister tous les adolescents et adultes \u00e2g\u00e9s de 15 \u00e0 65 ans pour l\u2019infection au VIH. Les jeunes adolescents et les personnes \u00e2g\u00e9es qui sont \u00e0 risque accru devraient \u00e9galement subir un d\u00e9pistage.<\/p>\n<p>De plus, l\u2019USPSTF recommande aux cliniciens le d\u00e9pistage du VIH pour toutes les femmes enceintes, y-compris celles qui accouchent et qui n\u2019ont pas \u00e9t\u00e9 test\u00e9es et dont le statut s\u00e9rologique est inconnu.<\/p>\n<p>&nbsp;<\/p>\n<h3>PERTINENCE AU MANDAT DU G\u00c9CSSP<\/h3>\n<p>Toutes les sections de la ligne directrice sont pertinentes au mandat du G\u00c9CSSP de pr\u00e9vention en mati\u00e8re de soins de sant\u00e9 primaires.<\/p>\n<p>&nbsp;<\/p>\n<h3>POPULATION<\/h3>\n<p>Les populations cibl\u00e9es pour le d\u00e9pistage sont les adolescents et les adultes \u00e2g\u00e9s de 15 \u00e0 65 ans, les adolescents plus jeunes et les personnes \u00e2g\u00e9es \u00e0 risque accru d\u2019infection, ainsi que les femmes enceintes.<\/p>\n<p>&nbsp;<\/p>\n<h3>M\u00c9THODE DE SYNTH\u00c8SE DES DONN\u00c9ES PROBANTES<\/h3>\n<p>L\u2019USPSTF a effectu\u00e9 une recherche d\u2019Ovid MEDLINE pour la p\u00e9riode de 2004 \u00e0 juin 2012 et de la Cochrane Library, d\u00e9limit\u00e9e par le deuxi\u00e8me trimestre de 2012. Les articles pertinents publi\u00e9s en anglais ont \u00e9t\u00e9 identifi\u00e9s parmi les listes de r\u00e9f\u00e9rences. La recherche d\u2019\u00e9l\u00e9ments de preuve ciblant les adultes et les adolescents a identifi\u00e9 10 297 r\u00e9sum\u00e9s scientifiques; 876 articles complets ont \u00e9t\u00e9 examin\u00e9s pour leur pertinence, dont 25 ont \u00e9t\u00e9 inclus dans la synth\u00e8se des donn\u00e9es probantes. La recherche ciblant les femmes enceintes a identifi\u00e9 \u00e0 un total de 1 636 r\u00e9sum\u00e9s scientifiques; 387 articles complets ont \u00e9t\u00e9 examin\u00e9s pour leur pertinence, dont 38 \u00e9tudes, issues de 43 publications ont \u00e9t\u00e9 incluses dans la synth\u00e8se des donn\u00e9es probantes.<\/p>\n<p>&nbsp;<\/p>\n<h3>SYST\u00c8ME DE NOTATION<\/h3>\n<p>L\u2019USPSTF attribue 1 de 5 cat\u00e9gories\u00a0alphab\u00e9tiques \u00e0 chaque recommandation: A, B, C, D ou I<sup>8<\/sup>. Ces notes sont bas\u00e9es, en grande partie, sur le niveau de certitude de l\u2019avantage net li\u00e9 \u00e0 la prestation du service.<\/p>\n<p>&nbsp;<\/p>\n<h3>QUALIT\u00c9 M\u00c9THODOLOGIQUE<\/h3>\n<p>Le G\u00c9CSSP a \u00e9valu\u00e9 la qualit\u00e9 m\u00e9thodologique de la ligne directrice en utilisant les crit\u00e8res \u00abAppraisal of Guidelines Research &amp; Evaluation\u00bb (AGREE II)\u00a0(Tableau 1).<\/p>\n<p>Un score de plus de 60% a \u00e9t\u00e9 accord\u00e9 \u00e0 cette ligne directrice pour les domaines suivants\u00a0: champ et objectifs, rigueur d\u2019\u00e9laboration, et ind\u00e9pendance \u00e9ditoriale. Par cons\u00e9quent, le G\u00c9CSSP classifie la ligne directrice comme \u00e9tant une de qualit\u00e9 sup\u00e9rieure. La concordance entre \u00e9valuateurs, mesur\u00e9e par l\u2019\u00e9cart-type (\u00c9T) des scores \u00abAGREE II\u00bb, \u00e9tait \u00e9lev\u00e9e (\u00c9T &lt; 1,5) pour la majorit\u00e9 des domaines.<\/p>\n<section id=\"quality\" class=\"ctfphc-section\">\n<table id=\"table1\">\n<caption>Tableau 1. Score du domaine \u00abAGREE II\u00bb<\/caption>\n<thead>\n<tr>\n<th style=\"text-align: left\" scope=\"col\">Domaine \u00abAGREE II\u00bb<\/th>\n<th scope=\"col\">Score du domaine<\/th>\n<th scope=\"col\">\u00c9cart type<\/th>\n<\/tr>\n<\/thead>\n<tbody>\n<tr>\n<td>Champ et objectifs<\/td>\n<td style=\"text-align: center\">93%<\/td>\n<td style=\"text-align: center\">0.8<\/td>\n<\/tr>\n<tr>\n<td>Participation des groupes concern\u00e9s<\/td>\n<td style=\"text-align: center\">82%<\/td>\n<td style=\"text-align: center\">1.7<\/td>\n<\/tr>\n<tr>\n<td>Rigueur d&rsquo;\u00e9laboration<\/td>\n<td style=\"text-align: center\">88%<\/td>\n<td style=\"text-align: center\">0.8<\/td>\n<\/tr>\n<tr>\n<td>Clart\u00e9 et pr\u00e9sentation<\/td>\n<td style=\"text-align: center\">90%<\/td>\n<td style=\"text-align: center\">0.8<\/td>\n<\/tr>\n<tr>\n<td>Applicabilit\u00e9<\/td>\n<td style=\"text-align: center\">67%<\/td>\n<td style=\"text-align: center\">1.5<\/td>\n<\/tr>\n<tr>\n<td>Ind\u00e9pendance \u00e9ditoriale<\/td>\n<td style=\"text-align: center\">83%<\/td>\n<td style=\"text-align: center\">1.1<\/td>\n<\/tr>\n<tr>\n<td>Note globale<\/td>\n<td style=\"text-align: center\">92%<\/td>\n<td style=\"text-align: center\">1.0<\/td>\n<\/tr>\n<\/tbody>\n<\/table>\n<\/section>\n<section id=\"commentary\" class=\"ctfphc-section\">\n<h3>DISCUSSION<\/h3>\n<p>Le champ et l\u2019objectif de cette ligne directrice sont clairement d\u00e9finis, les recommandations sp\u00e9cifient l\u2019\u00e2ge des adolescents et des adultes cibl\u00e9s et n\u2019imposent pas une limite d\u2019\u00e2ge pour les femmes enceintes. Tous les groupes professionnels concern\u00e9s \u00e9taient repr\u00e9sent\u00e9s durant le processus d\u2019\u00e9laboration, et l\u2019opinion publique a \u00e9t\u00e9 examin\u00e9e avant la publication. De plus, les recommandations sont sp\u00e9cifiques, les m\u00e9thodes utilis\u00e9es sont rigoureuses, et il n\u2019y avait aucun doute par rapport \u00e0 l\u2019ind\u00e9pendance \u00e9ditoriale.<\/p>\n<p>Bien que les preuves indirectes pr\u00e9sent\u00e9es dans la ligne directrice de l\u2019USPSTF \u00e9taient fortes et logiques (d\u00e9montrant que les tests de d\u00e9pistage peuvent effectivement d\u00e9tecter le VIH et que le traitement du VIH d\u00e9tect\u00e9 am\u00e9liore les r\u00e9sultats de sant\u00e9,) il n\u2019y avait aucune preuve directe reliant l\u2019efficacit\u00e9 du d\u00e9pistage aux r\u00e9sultats cliniques.<\/p>\n<p>De plus,\u00a0la pertinence de cette ligne directrice pour la pratique canadienne est incertaine d\u00fb \u00e0 la pr\u00e9valence nettement plus \u00e9lev\u00e9e du VIH aux \u00c9tats-Unis par rapport au Canada.<\/p>\n<p>Les professionnels en soins de sant\u00e9 au Canada devraient consid\u00e9rer le d\u00e9pistage chez les individus pr\u00e9sentant des indicateurs cliniques du VIH ou ayant des facteurs qui augmentent le risque d\u2019exposition \u00e0 l\u2019infection, en se concentrant sur les groupes \u00e0 pr\u00e9valence plus \u00e9lev\u00e9e tels les hommes qui ont des rapports sexuels avec des hommes, les utilisateurs de drogues injectables et les personnes provenant de pays o\u00f9 le VIH est end\u00e9mique<sup>3<\/sup>. Bien que certaines juridictions canadiennes<sup>9, 10<\/sup> \u00a0recommandent le d\u00e9pistage syst\u00e9matique dans certains contextes (par exemple, lors de\u00a0soins primaires et\/ou de soins d\u2019urgence) en r\u00e9ponse \u00e0 leur \u00e9pid\u00e9miologie locale du VIH, il est important de noter que cette pratique n\u2019est pas encore appuy\u00e9e par des preuves directes.<\/p>\n<p>Selon le G\u00c9CSSP, les professionnels en soins\u00a0primaires au Canada devraient continuer \u00e0 offrir le counseling et le d\u00e9pistage du VIH aux individus pouvant \u00eatre \u00e0 risque accru d\u2019exposition au VIH, compte tenu des avantages potentiels de la d\u00e9tection pr\u00e9coce. Les femmes enceintes devraient continuer \u00e0 subir le d\u00e9pistage du VIH suivant les lignes directrices actuelles<sup>11<\/sup>.<\/p>\n<p>&nbsp;<\/p>\n<h3>RECOMMANDATIONS INITIALES<\/h3>\n<p>La ligne directrice compl\u00e8te se trouve sur le site suivant (en anglais)\u00a0: <a href=\"https:\/\/www.uspreventiveservicestaskforce.org\/Page\/Document\/UpdateSummaryFinal\/human-immunodeficiency-virus-hiv-infection-screening\">uspreventiveservicestaskforce.org.<\/a><\/p>\n<ul>\n<li>Les adolescents et les adultes \u00e2g\u00e9s de 15 \u00e0 65 ans, les adolescents plus jeunes, les personnes \u00e2g\u00e9es \u00e0 risque accru d\u2019infection et les femmes enceintes: Effectuez le d\u00e9pistage du VIH.\u00a0<em>(cat\u00e9gorie A)<\/em><\/li>\n<\/ul>\n<p>&nbsp;<\/p>\n<h3>REFERENCES<\/h3>\n<\/section>\n<ol>\n<li>Screening for HIV. U.S. Preventive Services Task Force recommendation statement. Rockville, Maryland: U.S. Preventive Services Task Force; 2013. Available at:\u00a0<a href=\"http:\/\/www.uspreventiveservicestaskforce.org\/uspstf13\/hiv\/hivfinalrs.htm\" target=\"_blank\" rel=\"noopener noreferrer\">http:\/\/www.uspreventiveservicestaskforce.org\/uspstf13\/hiv\/hivfinalrs.htm<\/a>. Accessed 2013 Jun 16.<\/li>\n<li>Centers for Disease Control and Prevention. Diagnoses of HIV infection and AIDS in the United States and dependent areas, 2011. HIV Surveill. Rep. Vol. 23. Available at:\u00a0<a href=\"http:\/\/www.cdc.gov\/hiv\/library\/reports\/surveillance\/2011\/surveillance_report_vol_23.html\" target=\"_blank\" rel=\"noopener noreferrer\">http:\/\/www.cdc.gov\/hiv\/library\/reports\/surveillance\/2011\/surveillance_report_vol_23.html<\/a>. Accessed 2013 Jun 16.<\/li>\n<li>Summary: estimates of HIV prevalence and incidence in Canada, 2011. Ottawa, ON: Public Health Agency of Canada; 2012. Available at:\u00a0<a href=\"http:\/\/www.phac-aspc.gc.ca\/aids-sida\/publication\/survreport\/estimat2011-eng.php\" target=\"_blank\" rel=\"noopener noreferrer\">http:\/\/www.phac-aspc.gc.ca\/aids-sida\/publication\/survreport\/estimat2011-eng.php<\/a>. Accessed 2013 Jun 16.<\/li>\n<li>Prejean J, Song R, Hernandez A, Ziebell R, Green T, Walker F, et al.; HIV Incidence Surveillance Group. Estimated HIV incidence in the United States, 2006\u20132009. PLoS ONE. 2011;6(8):e17502.<\/li>\n<li>Yang Q, Boulos D, Yan P, Zhang F, Remis RS, Schanzer D, et al. Estimates of the number of prevalent and incident human immunodeficiency virus (HIV) infections in Canada, 2008. Can J Public Health. 2010;101(6):486\u2013490.<\/li>\n<li>Centers for Disease Control and Prevention. Monitoring selected national HIV prevention and care objectives by using HIV surveillance data\u2014United States and 6 U.S. dependent areas\u20142010. HIV Surveill Suppl Rep. 2012;17(3, Pt A). Available at: &lt;<a href=\"http:\/\/www.cdc.gov\/hiv\/library\/reports\/surveillance\/2010\/surveillance_Report_vol_17_no_3\" target=\"_blank\" rel=\"noopener noreferrer\">http:\/\/www.cdc.gov\/hiv\/library\/reports\/surveillance\/2010\/surveillance_Report_vol_17_no_3. html<\/a>&gt;. Accessed 2013 Nov 12.<\/li>\n<li>Prevalence and awareness of HIV infection among men who have sex with men\u201421 cities, United States, 2008. MMWR Morb Mortal Wkly Rep. 2010;59(37):1201\u20131207. Available at:\u00a0<a href=\"http:\/\/www.cdc.gov\/mmwr\/pdf\/wk\/mm5937.pdf\" target=\"_blank\" rel=\"noopener noreferrer\">http:\/\/www.cdc.gov\/mmwr\/pdf\/wk\/mm5937.pdf<\/a>. Accessed 2014 Feb 21.<\/li>\n<li>Grade definitions: grade definitions after July 2012. Rockville, Maryland: U.S. Preventive Services Task Force; 2012. Available at:\u00a0<a href=\"http:\/\/www.uspreventiveservicestaskforce.org\/uspstf\/grades.htm\" target=\"_blank\" rel=\"noopener noreferrer\">http:\/\/www.uspreventiveservicestaskforce.org\/uspstf\/grades.htm<\/a>. Accessed 2013 Nov 12.<\/li>\n<li>Stop HIV\/AIDS. Vancouver, BC: British Columbia Centre for Excellence in HIV\/AIDS. Available at:\u00a0<a href=\"http:\/\/www.cfenet.ubc.ca\/stop-hiv-aids\/about\" target=\"_blank\" rel=\"noopener noreferrer\">http:\/\/www.cfenet.ubc.ca\/stop-hiv-aids\/about<\/a>. Accessed 2014 Feb 21.<\/li>\n<li>HIV testing in Saskatchewan. SK HIV Provincial Leadership Team; 2013. Available at:\u00a0<a href=\"http:\/\/www.skhiv.ca\/SK%20HIV%20Testing%20Policy%2Final%20Dec%202012%20(2).pdf\" target=\"_blank\" rel=\"noopener noreferrer\">http:\/\/www.skhiv.ca\/SK%20HIV%20Testing%20Policy%2Final%20Dec%202012%20(2).pdf<\/a>. Accessed 2014 Feb 21.<\/li>\n<li>Human immunodeficiency virus HIV screening and testing guide. Ottawa, ON: Public Health Agency of Canada; 2013. Available at:\u00a0<a href=\"http:\/\/www.phac-aspc.gc.ca\/aids-sida\/guide\/hivstg-vihgdd-eng.php\" target=\"_blank\" rel=\"noopener noreferrer\">http:\/\/www.phac-aspc.gc.ca\/aids-sida\/guide\/hivstg-vihgdd-eng.php<\/a>&gt;. Accessed 2013 Nov 12.<\/li>\n<\/ol>\n<\/div><\/div><\/div><\/div>\n","protected":false},"excerpt":{"rendered":"","protected":false},"author":2,"featured_media":0,"parent":10751,"menu_order":0,"comment_status":"closed","ping_status":"closed","template":"","meta":{"_acf_changed":false,"footnotes":""},"categories":[216,195],"tags":[],"class_list":["post-11297","page","type-page","status-publish","hentry","category-evaluees","category-lignes-directrices"],"acf":[],"_links":{"self":[{"href":"https:\/\/canadiantaskforce.ca\/fr\/wp-json\/wp\/v2\/pages\/11297","targetHints":{"allow":["GET"]}}],"collection":[{"href":"https:\/\/canadiantaskforce.ca\/fr\/wp-json\/wp\/v2\/pages"}],"about":[{"href":"https:\/\/canadiantaskforce.ca\/fr\/wp-json\/wp\/v2\/types\/page"}],"author":[{"embeddable":true,"href":"https:\/\/canadiantaskforce.ca\/fr\/wp-json\/wp\/v2\/users\/2"}],"replies":[{"embeddable":true,"href":"https:\/\/canadiantaskforce.ca\/fr\/wp-json\/wp\/v2\/comments?post=11297"}],"version-history":[{"count":0,"href":"https:\/\/canadiantaskforce.ca\/fr\/wp-json\/wp\/v2\/pages\/11297\/revisions"}],"up":[{"embeddable":true,"href":"https:\/\/canadiantaskforce.ca\/fr\/wp-json\/wp\/v2\/pages\/10751"}],"wp:attachment":[{"href":"https:\/\/canadiantaskforce.ca\/fr\/wp-json\/wp\/v2\/media?parent=11297"}],"wp:term":[{"taxonomy":"category","embeddable":true,"href":"https:\/\/canadiantaskforce.ca\/fr\/wp-json\/wp\/v2\/categories?post=11297"},{"taxonomy":"post_tag","embeddable":true,"href":"https:\/\/canadiantaskforce.ca\/fr\/wp-json\/wp\/v2\/tags?post=11297"}],"curies":[{"name":"wp","href":"https:\/\/api.w.org\/{rel}","templated":true}]}}