{"id":11310,"date":"2016-10-18T16:45:43","date_gmt":"2016-10-18T20:45:43","guid":{"rendered":"http:\/\/canadiantaskforce.ca\/?page_id=11310&#038;lang=fr"},"modified":"2017-07-17T15:15:54","modified_gmt":"2017-07-17T19:15:54","slug":"cancer-de-lovaire","status":"publish","type":"page","link":"https:\/\/canadiantaskforce.ca\/fr\/lignesdirectrives\/appraised-guidelines\/cancer-de-lovaire\/","title":{"rendered":"Cancer de l&rsquo;ovaire"},"content":{"rendered":"<div class='fullwidth-section  ' style=\"background-repeat:no-repeat;background-position:left top;\"><div class=\"container\"><div class=\"dt-sc-tabs-vertical2-container\"><ul id=\"menu-guidelines-french\" class=\"dt-sc-tabs-vertical2-frame\"><li id=\"menu-item-14161\" class=\"menu-item menu-item-type-post_type menu-item-object-page menu-item-has-children menu-item-14161\"><a href=\"https:\/\/canadiantaskforce.ca\/fr\/lignesdirectrives\/lignes-directrices-publiees\/\">Lignes directrices publi\u00e9es<\/a>\n<ul class=\"sub-menu\">\n\t<li id=\"menu-item-10358\" class=\"menu-item menu-item-type-post_type menu-item-object-page menu-item-10358\"><a href=\"https:\/\/canadiantaskforce.ca\/fr\/lignesdirectrives\/\">Aper\u00e7u<\/a><\/li>\n\t<li id=\"menu-item-22231\" class=\"menu-item menu-item-type-post_type menu-item-object-page menu-item-22231\"><a href=\"https:\/\/canadiantaskforce.ca\/fr\/lignesdirectrives\/lignes-directrices-publiees\/adenocarcinome-oesophagien\/\">Ad\u00e9nocarcinome \u0153sophagien (2020)<\/a><\/li>\n\t<li id=\"menu-item-20198\" class=\"menu-item menu-item-type-post_type menu-item-object-page menu-item-20198\"><a href=\"https:\/\/canadiantaskforce.ca\/fr\/lignesdirectrives\/lignes-directrices-publiees\/anevrisme-aortique-abdominal\/\">An\u00e9vrisme de l\u2019aorte abdominale (2017)<\/a><\/li>\n\t<li id=\"menu-item-17776\" class=\"menu-item menu-item-type-post_type menu-item-object-page menu-item-17776\"><a href=\"https:\/\/canadiantaskforce.ca\/fr\/lignesdirectrives\/lignes-directrices-publiees\/bacteriurie-asymptomatique\/\">Bact\u00e9riurie asymptomatique au cours de la grossesse (2018)<\/a><\/li>\n\t<li id=\"menu-item-29979\" class=\"menu-item menu-item-type-post_type menu-item-object-page menu-item-29979\"><a href=\"https:\/\/canadiantaskforce.ca\/fr\/lignesdirectrives\/lignes-directrices-publiees\/cancer-du-sein-mise-a-jour-2024\/\">[Archiv\u00e9] Cancer du Sein (mise \u00e0 jour) -Recommandations provisoires (2024)<\/a><\/li>\n\t<li id=\"menu-item-10816\" class=\"menu-item menu-item-type-post_type menu-item-object-page menu-item-10816\"><a href=\"https:\/\/canadiantaskforce.ca\/fr\/lignesdirectrives\/lignes-directrices-publiees\/cancer-colorectal\/\">Cancer colorectal (2016)<\/a><\/li>\n\t<li id=\"menu-item-10817\" class=\"menu-item menu-item-type-post_type menu-item-object-page menu-item-10817\"><a href=\"https:\/\/canadiantaskforce.ca\/fr\/lignesdirectrives\/lignes-directrices-publiees\/cancer-de-la-prostate\/\">Cancer de la prostate (2014)<\/a><\/li>\n\t<li id=\"menu-item-10818\" class=\"menu-item menu-item-type-post_type menu-item-object-page menu-item-10818\"><a href=\"https:\/\/canadiantaskforce.ca\/fr\/lignesdirectrives\/lignes-directrices-publiees\/cancer-du-col-de-luterus\/\">Cancer du col de l\u2019ut\u00e9rus (2013)<\/a><\/li>\n\t<li id=\"menu-item-10819\" class=\"menu-item menu-item-type-post_type menu-item-object-page menu-item-10819\"><a href=\"https:\/\/canadiantaskforce.ca\/fr\/lignesdirectrives\/lignes-directrices-publiees\/cancer-du-poumon\/\">Cancer du poumon (2016)<\/a><\/li>\n\t<li id=\"menu-item-23926\" class=\"menu-item menu-item-type-post_type menu-item-object-page menu-item-23926\"><a href=\"https:\/\/canadiantaskforce.ca\/fr\/lignesdirectrives\/lignes-directrices-publiees\/chlamydia-et-gonorrhee\/\">Chlamydia et gonorrh\u00e9e (2021)<\/a><\/li>\n\t<li id=\"menu-item-10821\" class=\"menu-item menu-item-type-post_type menu-item-object-page menu-item-10821\"><a href=\"https:\/\/canadiantaskforce.ca\/fr\/lignesdirectrives\/lignes-directrices-publiees\/deficience-cognitive\/\">D\u00e9ficience cognitive (2024)<\/a><\/li>\n\t<li id=\"menu-item-33166\" class=\"menu-item menu-item-type-post_type menu-item-object-page menu-item-33166\"><a href=\"https:\/\/canadiantaskforce.ca\/fr\/lignesdirectrives\/lignes-directrices-publiees\/depression-chez-ladulte-mise-a-jour\/\">D\u00e9pression chez l\u2019adulte (mise \u00e0 jour) (2025)<\/a><\/li>\n\t<li id=\"menu-item-25495\" class=\"menu-item menu-item-type-post_type menu-item-object-page menu-item-25495\"><a href=\"https:\/\/canadiantaskforce.ca\/fr\/lignesdirectrives\/lignes-directrices-publiees\/depression-pendant-la-grossesse-et-la-periode-postnatale\/\">D\u00e9pression pendant la grossesse et la p\u00e9riode postnatale (2022)<\/a><\/li>\n\t<li id=\"menu-item-10823\" class=\"menu-item menu-item-type-post_type menu-item-object-page menu-item-10823\"><a href=\"https:\/\/canadiantaskforce.ca\/fr\/lignesdirectrives\/lignes-directrices-publiees\/diabete-de-type-2\/\">Diab\u00e8te de type 2 (2012)<\/a><\/li>\n\t<li id=\"menu-item-22278\" class=\"menu-item menu-item-type-post_type menu-item-object-page menu-item-22278\"><a href=\"https:\/\/canadiantaskforce.ca\/fr\/lignesdirectrives\/lignes-directrices-publiees\/dysfonctionnement-thyroidien\/\">Dysfonctionnement thyro\u00efdien (2019)<\/a><\/li>\n\t<li id=\"menu-item-10824\" class=\"menu-item menu-item-type-post_type menu-item-object-page menu-item-10824\"><a href=\"https:\/\/canadiantaskforce.ca\/fr\/lignesdirectrives\/lignes-directrices-publiees\/pelvic-exam\/\">Examen pelvien (2016)<\/a><\/li>\n\t<li id=\"menu-item-27545\" class=\"menu-item menu-item-type-post_type menu-item-object-page menu-item-27545\"><a href=\"https:\/\/canadiantaskforce.ca\/fr\/lignesdirectrives\/lignes-directrices-publiees\/fracture-de-fragilisation\/\">Fracture De Fragilisation (2023)<\/a><\/li>\n\t<li id=\"menu-item-13025\" class=\"menu-item menu-item-type-post_type menu-item-object-page menu-item-13025\"><a href=\"https:\/\/canadiantaskforce.ca\/fr\/lignesdirectrives\/lignes-directrices-publiees\/hepatite-c\/\">H\u00e9patite C (2017)<\/a><\/li>\n\t<li id=\"menu-item-10825\" class=\"menu-item menu-item-type-post_type menu-item-object-page menu-item-10825\"><a href=\"https:\/\/canadiantaskforce.ca\/fr\/lignesdirectrives\/lignes-directrices-publiees\/hypertension-arterielle\/\">Hypertension art\u00e9rielle (2012)<\/a><\/li>\n\t<li id=\"menu-item-10828\" class=\"menu-item menu-item-type-post_type menu-item-object-page menu-item-10828\"><a href=\"https:\/\/canadiantaskforce.ca\/fr\/lignesdirectrives\/lignes-directrices-publiees\/retard-de-developpement\/\">Retard de d\u00e9veloppement (2016)<\/a><\/li>\n\t<li id=\"menu-item-32710\" class=\"menu-item menu-item-type-post_type menu-item-object-page menu-item-32710\"><a href=\"https:\/\/canadiantaskforce.ca\/fr\/lignesdirectrives\/lignes-directrices-publiees\/tabagisme-chez-ladulte\/\">Tabagisme chez l\u2019adulte (2025)<\/a><\/li>\n\t<li id=\"menu-item-12541\" class=\"menu-item menu-item-type-post_type menu-item-object-page menu-item-12541\"><a href=\"https:\/\/canadiantaskforce.ca\/fr\/lignesdirectrives\/lignes-directrices-publiees\/tabagisme-chez-les-enfants-et-les-adolescents\/\">Tabagisme chez les enfants et les adolescents (2017)<\/a><\/li>\n\t<li id=\"menu-item-17149\" class=\"menu-item menu-item-type-post_type menu-item-object-page menu-item-17149\"><a href=\"https:\/\/canadiantaskforce.ca\/fr\/lignesdirectrives\/lignes-directrices-publiees\/troubles-de-la-vision\/\">Troubles de la vision (2018)<\/a><\/li>\n<\/ul>\n<\/li>\n<li id=\"menu-item-31045\" class=\"menu-item menu-item-type-post_type menu-item-object-page menu-item-31045\"><a href=\"https:\/\/canadiantaskforce.ca\/fr\/lignesdirectrives\/scores-d-evaluation-ecri\/\">Scores d\u2019\u00e9valuation (ECRI)<\/a><\/li>\n<li id=\"menu-item-19784\" class=\"menu-item menu-item-type-post_type menu-item-object-page menu-item-19784\"><a href=\"https:\/\/canadiantaskforce.ca\/fr\/lignesdirectrives\/revues-systematiques-et-protocoles\/\">Revues Syst\u00e9matiques et Protocoles<\/a><\/li>\n<li id=\"menu-item-19879\" class=\"menu-item menu-item-type-post_type menu-item-object-page menu-item-has-children menu-item-19879\"><a href=\"https:\/\/canadiantaskforce.ca\/fr\/methodologie\/\">[Archiv\u00e9]\u00a0M\u00e9thodologie<\/a>\n<ul class=\"sub-menu\">\n\t<li id=\"menu-item-19880\" class=\"menu-item menu-item-type-post_type menu-item-object-page menu-item-19880\"><a href=\"https:\/\/canadiantaskforce.ca\/fr\/methodologie\/\">Manuel des proc\u00e9dures<\/a><\/li>\n\t<li id=\"menu-item-19881\" class=\"menu-item menu-item-type-post_type menu-item-object-page menu-item-19881\"><a href=\"https:\/\/canadiantaskforce.ca\/fr\/methodologie\/grade\/\">GRADE<\/a><\/li>\n\t<li id=\"menu-item-19882\" class=\"menu-item menu-item-type-post_type menu-item-object-page menu-item-19882\"><a href=\"https:\/\/canadiantaskforce.ca\/fr\/methodologie\/protocole-relatif-aux-preferences-des-patients\/\">Protocole de participation du patient<\/a><\/li>\n\t<li id=\"menu-item-28459\" class=\"menu-item menu-item-type-post_type menu-item-object-page menu-item-28459\"><a href=\"https:\/\/canadiantaskforce.ca\/fr\/methodologie\/updating-reaffirmation-and-sunsetting-clinical-practice-guidelines-methods-from-the-canadian-task-force-on-preventive-health-care\/\">Mise \u00e0 jour, r\u00e9affirmation et caducit\u00e9 des\u00a0lignes directrices de pratique clinique\u00a0<\/a><\/li>\n<\/ul>\n<\/li>\n<li id=\"menu-item-27713\" class=\"menu-item menu-item-type-post_type menu-item-object-page menu-item-has-children menu-item-27713\"><a href=\"https:\/\/canadiantaskforce.ca\/fr\/lignesdirectrives\/autres-publications\/\">Autres publications<\/a>\n<ul class=\"sub-menu\">\n\t<li id=\"menu-item-19587\" class=\"menu-item menu-item-type-post_type menu-item-object-page menu-item-19587\"><a href=\"https:\/\/canadiantaskforce.ca\/fr\/lignesdirectrives\/serie-prevention-en-pratique\/\">S\u00e9rie Pr\u00e9vention en pratique<\/a><\/li>\n\t<li id=\"menu-item-19491\" class=\"menu-item menu-item-type-post_type menu-item-object-page menu-item-19491\"><a href=\"https:\/\/canadiantaskforce.ca\/fr\/lignesdirectrives\/visites-periodiques-en-sante-preventive\/\">Visites p\u00e9riodiques en sant\u00e9 pr\u00e9ventive<\/a><\/li>\n<\/ul>\n<\/li>\n<\/ul><div class=\"dt-sc-tabs-vertical2-frame-content\"><div class='pdfdownload'><h5>Version PDF<\/h5><hr><div class='pdfdownload-text'><a href=\"https:\/\/canadiantaskforce.ca\/wp-content\/uploads\/2016\/10\/ovarian-cancer-frfinal.pdf\" target=\"_blank\" rel=\"noopener noreferrer\">T\u00e9l\u00e9charger le PDF<\/a><\/div><\/div>\n<p><strong>Titre de la ligne directrice<\/strong><\/p>\n<p style=\"padding-left: 30px\">Screening for Ovarian Cancer: U.S. Preventive Services Task Force Reaffirmation Recommendation Statement<\/p>\n<p><strong>Concepteur de la ligne directrice<\/strong><\/p>\n<p style=\"padding-left: 30px\">U.S. Preventive Services Task Force<\/p>\n<p><strong>Ann\u00e9e de publication<\/strong><\/p>\n<p style=\"padding-left: 30px\">2013<\/p>\n<p><strong>Ann\u00e9e de l&rsquo;\u00e9valuation critique<\/strong><\/p>\n<p style=\"padding-left: 30px\">2014<\/p>\n<p><strong>Documents<\/strong><\/p>\n<p style=\"padding-left: 30px\"><a class=\"ctfphc-guideline-link\" href=\"http:\/\/www.uspreventiveservicestaskforce.org\/uspstf12\/ovarian\/ovarcancerrs.htm\" target=\"_blank\" rel=\"external noopener noreferrer\">Voir la publication d&rsquo;origine<\/a>\u00a0(en anglais)<\/p>\n<p><a href=\"https:\/\/canadiantaskforce.ca\/wp-content\/uploads\/2017\/05\/cancerdelovaire_v2.png\"><img loading=\"lazy\" decoding=\"async\" class=\"aligncenter size-full wp-image-11313\" src=\"https:\/\/canadiantaskforce.ca\/wp-content\/uploads\/2017\/05\/cancerdelovaire_v2.png\" alt=\"cancerdelovaire\" width=\"549\" height=\"222\" \/><\/a><\/p>\n<h3>APER\u00c7U<\/h3>\n<p>Cette ligne directrice<sup>1<\/sup> met l\u2019accent sur le d\u00e9pistage du cancer de l\u2019ovaire chez les femmes asymptomatiques. Il r\u00e9affirme la d\u00e9claration de 2004 du U.S. Preventive Services Task Force (USPSTF)<sup>2<\/sup>, qui ne recommandait pas le d\u00e9pistage par \u00e9chographie transvaginale ou par test du s\u00e9rum CA-125 \u00e0 seuil unique. La justification de la recommandation pr\u00e9c\u00e9dente reposait sur le fait que s\u2019il existait des donn\u00e9es probantes\u00a0d\u00e9montrant que le d\u00e9pistage permet de d\u00e9tecter le cancer de l\u2019ovaire \u00e0 un stade pr\u00e9coce, aucun essai n&rsquo;examinait sp\u00e9cifiquement l\u2019effet du d\u00e9pistage sur la mortalit\u00e9. De plus, les inconv\u00e9nients du d\u00e9pistage \u00e9taient \u00e9lev\u00e9s, ce qui aurait contrecarr\u00e9 tout avantage sur la mortalit\u00e9. Depuis la recommandation de 2004, de nouvelles preuves issues d\u2019un essai contr\u00f4l\u00e9 randomis\u00e9 (ECR) ont d\u00e9montr\u00e9 que le d\u00e9pistage ne r\u00e9duit pas la mortalit\u00e9 due au cancer de l\u2019ovaire.<\/p>\n<p>Le cancer de l\u2019ovaire repr\u00e9sente seulement 2,9% des nouveaux diagnostics de cancer annuels (\u00e0 l\u2019exclusion du cancer de la peau) chez les femmes canadiennes, mais est associ\u00e9 \u00e0 un pauvre taux de survie \u00e0 5 ans (42 %)<sup>3<\/sup>. Puisque le cancer de l\u2019ovaire est rare dans la population g\u00e9n\u00e9rale, les tests visant la d\u00e9tection pr\u00e9coce (par \u00e9chographie transvaginale et le test CA-125, seuls ou ensemble) sont associ\u00e9s \u00e0 un taux \u00e9lev\u00e9 de r\u00e9sultats faux positifs : pour chaque 100 femmes qui re\u00e7oivent un r\u00e9sultat de d\u00e9pistage positif, une seule a r\u00e9ellement le cancer de l\u2019ovaire<sup>4<\/sup>. Des r\u00e9sultats faussement positifs peuvent conduire \u00e0 des interventions chirurgicales inutiles et des complications chirurgicales. Bien que certains professionnels effectuent r\u00e9guli\u00e8rement l\u2019examen pelvien bimanuel pour d\u00e9pister le cancer de l\u2019ovaire, l\u2019USPSTF n\u2019a pas identifi\u00e9 d\u2019ECRs qui \u00e9valuaient l\u2019efficacit\u00e9 de cette intervention sur le d\u00e9pistage.<\/p>\n<p>Cette ligne directrice a \u00e9t\u00e9 \u00e9labor\u00e9e aux \u00c9tats-Unis par un groupe d\u2019experts diversifi\u00e9 et s\u2019adresse aux cliniciens.<\/p>\n<p>&nbsp;<\/p>\n<h3>PERTINENCE AU MANDAT DU G\u00c9CSSP<\/h3>\n<p>Toutes les sections de la ligne directrice sont pertinentes au mandat du G\u00c9CSSP de pr\u00e9vention en mati\u00e8re de soins de sant\u00e9 primaires.<\/p>\n<h3>POPULATION<\/h3>\n<p>La population cibl\u00e9e par cette recommandation inclut les femmes asymptomatiques sans mutations g\u00e9n\u00e9tiques connues qui augmenteraient le risque du cancer de l\u2019ovaire.<\/p>\n<p>&nbsp;<\/p>\n<h3>M\u00c9THODE DE SYNTH\u00c8SE DES DONN\u00c9ES PROBANTES<\/h3>\n<p>L\u2019USPSTF avait examin\u00e9 les preuves en 2008, \u00e0 quel point il n\u2019y avait pas de nouvelles preuves adressant les avantages du d\u00e9pistage. Par cons\u00e9quent, la recherche pr\u00e9sente inclut la litt\u00e9rature publi\u00e9e entre le 15 octobre 2007 et le 26 juillet 2011, identifiant ainsi les \u00abpreuves substantielles\u00bb (c\u2019est-\u00e0-dire les ECRs) sur le d\u00e9pistage du cancer de l\u2019ovaire chez les femmes asymptomatiques qui sont devenues disponibles depuis l\u2019examen in\u00e9dit de 2008 de l\u2019USPSTF. Les recherches ont \u00e9t\u00e9 effectu\u00e9es sur les bases de donn\u00e9es suivantes\u00a0: PubMed, MEDLINE et le Cochrane Central Register of Controlled Trials. Les titres et les r\u00e9sum\u00e9s scientifiques de 848 articles ont \u00e9t\u00e9 examin\u00e9s, le texte complet de 30 articles a \u00e9t\u00e9 examin\u00e9, et la recommandation finale a \u00e9t\u00e9 bas\u00e9e sur les donn\u00e9es probantes\u00a0publi\u00e9es dans 4 articles, provenant de 3 ECRs.<\/p>\n<p>&nbsp;<\/p>\n<h3>SYST\u00c8ME DE NOTATION<\/h3>\n<p>L\u2019USPSTF attribue 1 de 5 cat\u00e9gories\u00a0alphab\u00e9tiques \u00e0 chaque recommandation: A, B, C, D ou I<sup>4<\/sup>. Ces cat\u00e9gories\u00a0sont bas\u00e9es, en grande partie, sur le niveau de certitude de l\u2019avantage net li\u00e9 \u00e0 la prestation du service.<\/p>\n<p>&nbsp;<\/p>\n<h3>QUALIT\u00c9 M\u00c9THODOLOGIQUE<\/h3>\n<p>Le G\u00c9CSSP a \u00e9valu\u00e9 la qualit\u00e9 m\u00e9thodologique de la ligne directrice en utilisant les crit\u00e8res \u00abAppraisal of Guidelines Research &amp; Evaluation\u00bb (\u00abAGREE II\u00bb)<sup>1<\/sup> (Tableau 1).<\/p>\n<p>Un score de plus de 60% a \u00e9t\u00e9 accord\u00e9 \u00e0 cette ligne directrice pour les domaines suivants\u00a0: champ et objectifs, rigueur d\u2019\u00e9laboration et ind\u00e9pendance \u00e9ditoriale. Par cons\u00e9quent, le G\u00c9CSSP classifie la ligne directrice comme \u00e9tant une de qualit\u00e9 sup\u00e9rieure. La concordance entre \u00e9valuateurs, telle que mesur\u00e9e par l\u2019\u00e9cart-type (\u00c9T) des scores \u00abAGREE II\u00bb, \u00e9tait \u00e9lev\u00e9e (\u00c9T &lt; 1,5) pour tous les domaines \u00e0 l\u2019exception de applicabilit\u00e9.<\/p>\n<section id=\"quality\" class=\"ctfphc-section\">\n<table id=\"table1\">\n<caption>Tableau 1. Score du domaine \u00abAGREE II\u00bb<\/caption>\n<thead>\n<tr>\n<th style=\"text-align: left\" scope=\"col\">Domaine \u00abAGREE II\u00bb<\/th>\n<th style=\"text-align: center\" scope=\"col\">Score du domaine<\/th>\n<th scope=\"col\">\u00c9cart type<\/th>\n<\/tr>\n<\/thead>\n<tbody>\n<tr>\n<td>Champ et objectifs<\/td>\n<td style=\"text-align: center\">98%<\/td>\n<td style=\"text-align: center\">0.3<\/td>\n<\/tr>\n<tr>\n<td>Participation des groupes concern\u00e9s<\/td>\n<td style=\"text-align: center\">82%<\/td>\n<td style=\"text-align: center\">1.1<\/td>\n<\/tr>\n<tr>\n<td>Rigueur d&rsquo;\u00e9laboration<\/td>\n<td style=\"text-align: center\">90%<\/td>\n<td style=\"text-align: center\">1.0<\/td>\n<\/tr>\n<tr>\n<td>Clart\u00e9 et pr\u00e9sentation<\/td>\n<td style=\"text-align: center\">97%<\/td>\n<td style=\"text-align: center\">0.3<\/td>\n<\/tr>\n<tr>\n<td>Applicabilit\u00e9<\/td>\n<td style=\"text-align: center\">51%<\/td>\n<td style=\"text-align: center\">2.0<\/td>\n<\/tr>\n<tr>\n<td>Ind\u00e9pendance \u00e9ditoriale<\/td>\n<td style=\"text-align: center\">83%<\/td>\n<td style=\"text-align: center\">1.3<\/td>\n<\/tr>\n<tr>\n<td>Note globale<\/td>\n<td style=\"text-align: center\">90%<\/td>\n<td style=\"text-align: center\">0.6<\/td>\n<\/tr>\n<\/tbody>\n<\/table>\n<\/section>\n<section id=\"commentary\" class=\"ctfphc-section\">\n<h3>DISCUSSION<\/h3>\n<p>Dans l\u2019ensemble, l\u2019objectif, les questions de sant\u00e9 et la population cible de cette ligne directrice sont bien d\u00e9finis et clairement pr\u00e9sent\u00e9s. L\u2019\u00e9nonc\u00e9 de la recommandation est logique et cliniquement appropri\u00e9, et il semble \u00eatre appuy\u00e9 par les donn\u00e9es probantes\u00a0disponibles (malgr\u00e9 le fait que les forces et faiblesses des 3 ECRs incluses auraient pu \u00eatre mieux d\u00e9crites). Malgr\u00e9 cette inqui\u00e9tude relativement mineure, la ligne directrice a re\u00e7u une \u00e9valuation favorable par le G\u00c9CSSP, utilisant le processus \u00abAGREE II\u00bb et servira aux cliniciens. La ligne directrice devra potentiellement \u00eatre mise \u00e0 jour lorsque le \u00abUnited Kingdom Collaborative Trial on Ovarian Cancer Screening\u00bb publiera une mise \u00e0 jour de ses r\u00e9sultats (attendue en 2015).<\/p>\n<p>&nbsp;<\/p>\n<h3>ORIGINAL GUIDELINE RECOMMENDATIONS<\/h3>\n<ul>\n<li>Ne pas effectuer de d\u00e9pistage du cancer de l\u2019ovaire.\u00a0<em>(cat\u00e9gorie D)<\/em><\/li>\n<\/ul>\n<h3>REFERENCES<\/h3>\n<ol>\n<li>Moyer VA; U.S. Preventive Services Task Force. Screening for ovarian cancer: U.S. Preventive Services Task Force reaffirmation recommendation statement. Ann Intern Med. 2012:157(12):900\u2013904.<\/li>\n<li>U.S. Preventive Services Task Force. Screening for ovarian cancer: recommendation statement. Ann Fam Med. 2004;2(3):260\u2013262.<\/li>\n<li>Canadian Cancer Society\u2019s Advisory Committee on Cancer Statistics. Canadian cancer statistics 2013. Toronto, ON: Canadian Cancer Society; 2013.<\/li>\n<li>Barton MB, Lin K. Screening for ovarian cancer: evidence update for the U.S. Preventive Services Task Force reaffirmation recommendation statement. AHRQ Publ. No. 12-05165-EF3. Rockville, Maryland: Agency for Healthcare Research and Quality; 2012.<\/li>\n<li>Grade definitions: grade definitions after July 2012. Rockville, Maryland: U.S. Preventive Services Task Force; 2012. Available at: &lt;<a href=\"http:\/\/www.uspreventiveservicestaskforce.org\/uspstf\/grades.htm\" target=\"_blank\" rel=\"noopener noreferrer\">http:\/\/www.uspreventiveser vicestaskforce.org\/uspstf\/grades.htm<\/a>&gt;. Accessed 2013 Nov 13.<\/li>\n<li>Brouwers MC, Kho ME, Browman GP, Burgers JS, Cluzeau F, Feder G, et al. AGREE Next Steps Consortium. AGREE II: advancing guideline development, reporting and evaluation in healthcare. CMAJ. 2010; 182(18):E839\u2013E842.<\/li>\n<\/ol>\n<\/section>\n<p>&nbsp;<\/p>\n<\/div><\/div><\/div><\/div>\n","protected":false},"excerpt":{"rendered":"","protected":false},"author":2,"featured_media":0,"parent":10751,"menu_order":0,"comment_status":"closed","ping_status":"closed","template":"","meta":{"_acf_changed":false,"footnotes":""},"categories":[216,195],"tags":[],"class_list":["post-11310","page","type-page","status-publish","hentry","category-evaluees","category-lignes-directrices"],"acf":[],"_links":{"self":[{"href":"https:\/\/canadiantaskforce.ca\/fr\/wp-json\/wp\/v2\/pages\/11310","targetHints":{"allow":["GET"]}}],"collection":[{"href":"https:\/\/canadiantaskforce.ca\/fr\/wp-json\/wp\/v2\/pages"}],"about":[{"href":"https:\/\/canadiantaskforce.ca\/fr\/wp-json\/wp\/v2\/types\/page"}],"author":[{"embeddable":true,"href":"https:\/\/canadiantaskforce.ca\/fr\/wp-json\/wp\/v2\/users\/2"}],"replies":[{"embeddable":true,"href":"https:\/\/canadiantaskforce.ca\/fr\/wp-json\/wp\/v2\/comments?post=11310"}],"version-history":[{"count":0,"href":"https:\/\/canadiantaskforce.ca\/fr\/wp-json\/wp\/v2\/pages\/11310\/revisions"}],"up":[{"embeddable":true,"href":"https:\/\/canadiantaskforce.ca\/fr\/wp-json\/wp\/v2\/pages\/10751"}],"wp:attachment":[{"href":"https:\/\/canadiantaskforce.ca\/fr\/wp-json\/wp\/v2\/media?parent=11310"}],"wp:term":[{"taxonomy":"category","embeddable":true,"href":"https:\/\/canadiantaskforce.ca\/fr\/wp-json\/wp\/v2\/categories?post=11310"},{"taxonomy":"post_tag","embeddable":true,"href":"https:\/\/canadiantaskforce.ca\/fr\/wp-json\/wp\/v2\/tags?post=11310"}],"curies":[{"name":"wp","href":"https:\/\/api.w.org\/{rel}","templated":true}]}}