{"id":11315,"date":"2016-10-18T16:52:27","date_gmt":"2016-10-18T20:52:27","guid":{"rendered":"http:\/\/canadiantaskforce.ca\/?page_id=11315&#038;lang=fr"},"modified":"2024-04-16T10:11:07","modified_gmt":"2024-04-16T14:11:07","slug":"la-brique-rouge-guide-canadien-de-medecine-clinique-preventive-1994","status":"publish","type":"page","link":"https:\/\/canadiantaskforce.ca\/fr\/la-brique-rouge-guide-canadien-de-medecine-clinique-preventive-1994\/","title":{"rendered":"\u00ab La Brique rouge \u00bb: Guide canadien de m\u00e9decine clinique pr\u00e9ventive (1994)"},"content":{"rendered":"<div class='fullwidth-section  ' style=\"background-repeat:no-repeat;background-position:left top;\"><div class=\"container\"><div class=\"dt-sc-tabs-vertical2-container\"><ul id=\"menu-about-french\" class=\"dt-sc-tabs-vertical2-frame\"><li id=\"menu-item-19919\" class=\"menu-item menu-item-type-post_type menu-item-object-page menu-item-19919\"><a href=\"https:\/\/canadiantaskforce.ca\/fr\/a-propos-du-gecssp\/\">\u00c0 propos du GECSSP<\/a><\/li>\n<li id=\"menu-item-14012\" class=\"menu-item menu-item-type-post_type menu-item-object-page menu-item-has-children menu-item-14012\"><a href=\"https:\/\/canadiantaskforce.ca\/fr\/a-propos-du-gecssp\/histoire\/\">Histoire<\/a>\n<ul class=\"sub-menu\">\n\t<li id=\"menu-item-19588\" class=\"menu-item menu-item-type-post_type menu-item-object-page menu-item-19588\"><a href=\"https:\/\/canadiantaskforce.ca\/fr\/la-brique-rouge-guide-canadien-de-medecine-clinique-preventive-1994\/\">\u00ab La Brique rouge \u00bb: Guide canadien de m\u00e9decine clinique pr\u00e9ventive (1994)<\/a><\/li>\n\t<li id=\"menu-item-19590\" class=\"menu-item menu-item-type-post_type menu-item-object-page menu-item-19590\"><a href=\"https:\/\/canadiantaskforce.ca\/fr\/autres-lignes-directrices-1979-2006\/\">Autres lignes directrices (1979\u20132006)<\/a><\/li>\n\t<li id=\"menu-item-19658\" class=\"menu-item menu-item-type-post_type menu-item-object-page menu-item-19658\"><a href=\"https:\/\/canadiantaskforce.ca\/fr\/autres-documents-1979-2006\/\">Autres documents (1979\u20132006)<\/a><\/li>\n<\/ul>\n<\/li>\n<li id=\"menu-item-22946\" class=\"menu-item menu-item-type-post_type menu-item-object-page menu-item-22946\"><a href=\"https:\/\/canadiantaskforce.ca\/fr\/a-propos-du-gecssp\/conflits-dinterets\/\">[Archiv\u00e9] Conflits D\u2019int\u00e9r\u00eats<\/a><\/li>\n<\/ul><div class=\"dt-sc-tabs-vertical2-frame-content\"><div class=\"red-box\">\n<p>Les lignes directrices et les autres documents du Groupe d&rsquo;\u00e9tude canadien sur l&rsquo;examen m\u00e9dical p\u00e9riodique (1979-2006) sont pr\u00e9sent\u00e9s \u00e0 titre informatif seulement. Le mat\u00e9riel n&rsquo;a pas \u00e9t\u00e9 examin\u00e9 ou approuv\u00e9 par le Groupe d&rsquo;\u00e9tude canadien sur les soins de sant\u00e9 pr\u00e9ventifs. Ils pourraient ne pas refl\u00e9ter les donn\u00e9es probantes actuelles ou les normes de pratique actuelles.<\/p>\n<\/div>\n<div class='pdfdownload'><h5>Version PDF<\/h5><hr><div class='pdfdownload-text'><a href=\"https:\/\/canadiantaskforce.ca\/wp-content\/uploads\/2016\/10\/1994-red-brick-fr.pdf\" target=\"_blank\" rel=\"noopener noreferrer\">T\u00e9l\u00e9charger le PDF<\/a><\/div><\/div>\n<p>Cet ouvrage se veut un guide pratique qui aidera les cliniciens, les professionnels de la sant\u00e9, les associations professionnelles et les responsables de la planification des soins de sant\u00e9 \u00e0 prendre des d\u00e9cisions concernant l\u2019inclusion ou l\u2019exclusion, le contenu et la fr\u00e9quence de toute une gamme d\u2019interventions pr\u00e9ventives.<\/p>\n<\/div><\/div><\/div><\/div>\n","protected":false},"excerpt":{"rendered":"","protected":false},"author":2,"featured_media":0,"parent":0,"menu_order":42,"comment_status":"closed","ping_status":"closed","template":"","meta":{"_acf_changed":false,"footnotes":""},"categories":[],"tags":[],"class_list":["post-11315","page","type-page","status-publish","hentry"],"acf":[],"_links":{"self":[{"href":"https:\/\/canadiantaskforce.ca\/fr\/wp-json\/wp\/v2\/pages\/11315","targetHints":{"allow":["GET"]}}],"collection":[{"href":"https:\/\/canadiantaskforce.ca\/fr\/wp-json\/wp\/v2\/pages"}],"about":[{"href":"https:\/\/canadiantaskforce.ca\/fr\/wp-json\/wp\/v2\/types\/page"}],"author":[{"embeddable":true,"href":"https:\/\/canadiantaskforce.ca\/fr\/wp-json\/wp\/v2\/users\/2"}],"replies":[{"embeddable":true,"href":"https:\/\/canadiantaskforce.ca\/fr\/wp-json\/wp\/v2\/comments?post=11315"}],"version-history":[{"count":4,"href":"https:\/\/canadiantaskforce.ca\/fr\/wp-json\/wp\/v2\/pages\/11315\/revisions"}],"predecessor-version":[{"id":20849,"href":"https:\/\/canadiantaskforce.ca\/fr\/wp-json\/wp\/v2\/pages\/11315\/revisions\/20849"}],"wp:attachment":[{"href":"https:\/\/canadiantaskforce.ca\/fr\/wp-json\/wp\/v2\/media?parent=11315"}],"wp:term":[{"taxonomy":"category","embeddable":true,"href":"https:\/\/canadiantaskforce.ca\/fr\/wp-json\/wp\/v2\/categories?post=11315"},{"taxonomy":"post_tag","embeddable":true,"href":"https:\/\/canadiantaskforce.ca\/fr\/wp-json\/wp\/v2\/tags?post=11315"}],"curies":[{"name":"wp","href":"https:\/\/api.w.org\/{rel}","templated":true}]}}