{"id":11317,"date":"2016-10-18T16:54:14","date_gmt":"2016-10-18T20:54:14","guid":{"rendered":"http:\/\/canadiantaskforce.ca\/?page_id=11317&#038;lang=fr"},"modified":"2024-04-16T10:11:05","modified_gmt":"2024-04-16T14:11:05","slug":"autres-lignes-directrices-1979-2006","status":"publish","type":"page","link":"https:\/\/canadiantaskforce.ca\/fr\/autres-lignes-directrices-1979-2006\/","title":{"rendered":"Autres lignes directrices (1979\u20132006)"},"content":{"rendered":"<div class='fullwidth-section  ' style=\"background-repeat:no-repeat;background-position:left top;\"><div class=\"container\"><div class=\"dt-sc-tabs-vertical2-container\"><ul id=\"menu-about-french\" class=\"dt-sc-tabs-vertical2-frame\"><li id=\"menu-item-19919\" class=\"menu-item menu-item-type-post_type menu-item-object-page menu-item-19919\"><a href=\"https:\/\/canadiantaskforce.ca\/fr\/a-propos-du-gecssp\/\">\u00c0 propos du GECSSP<\/a><\/li>\n<li id=\"menu-item-14012\" class=\"menu-item menu-item-type-post_type menu-item-object-page menu-item-has-children menu-item-14012\"><a href=\"https:\/\/canadiantaskforce.ca\/fr\/a-propos-du-gecssp\/histoire\/\">Histoire<\/a>\n<ul class=\"sub-menu\">\n\t<li id=\"menu-item-19588\" class=\"menu-item menu-item-type-post_type menu-item-object-page menu-item-19588\"><a href=\"https:\/\/canadiantaskforce.ca\/fr\/la-brique-rouge-guide-canadien-de-medecine-clinique-preventive-1994\/\">\u00ab La Brique rouge \u00bb: Guide canadien de m\u00e9decine clinique pr\u00e9ventive (1994)<\/a><\/li>\n\t<li id=\"menu-item-19590\" class=\"menu-item menu-item-type-post_type menu-item-object-page menu-item-19590\"><a href=\"https:\/\/canadiantaskforce.ca\/fr\/autres-lignes-directrices-1979-2006\/\">Autres lignes directrices (1979\u20132006)<\/a><\/li>\n\t<li id=\"menu-item-19658\" class=\"menu-item menu-item-type-post_type menu-item-object-page menu-item-19658\"><a href=\"https:\/\/canadiantaskforce.ca\/fr\/autres-documents-1979-2006\/\">Autres documents (1979\u20132006)<\/a><\/li>\n<\/ul>\n<\/li>\n<li id=\"menu-item-22946\" class=\"menu-item menu-item-type-post_type menu-item-object-page menu-item-22946\"><a href=\"https:\/\/canadiantaskforce.ca\/fr\/a-propos-du-gecssp\/conflits-dinterets\/\">[Archiv\u00e9] Conflits D\u2019int\u00e9r\u00eats<\/a><\/li>\n<\/ul><div class=\"dt-sc-tabs-vertical2-frame-content\"><div class=\"red-box\">\n<p>Les lignes directrices et les autres documents du Groupe d&rsquo;\u00e9tude canadien sur l&rsquo;examen m\u00e9dical p\u00e9riodique (1979-2006) sont pr\u00e9sent\u00e9s \u00e0 titre informatif seulement. Le mat\u00e9riel n&rsquo;a pas \u00e9t\u00e9 examin\u00e9 ou approuv\u00e9 par le Groupe d&rsquo;\u00e9tude canadien sur les soins de sant\u00e9 pr\u00e9ventifs. Ils pourraient ne pas refl\u00e9ter les donn\u00e9es probantes actuelles ou les normes de pratique actuelles.<\/p>\n<p>D\u00e9sol\u00e9, ce contenu n\u2019est disponible qu\u2019en anglais. Nous nous excusons pour tout inconv\u00e9nient.<\/p>\n<\/div>\n<ul class=\"ctfphc-list\">\n<li class=\"ctfphc-li ctfphc-additional-document ctfphc-other-guideline\"><a href=\"\/other-guidelines-1979-2006\/prevention-of-weight-gain-and-obesity-in-adults-a-systematic-review-2006\/\">Prevention of Weight Gain and Obesity in Adults: A Systematic Review<\/a><\/li>\n<li class=\"ctfphc-li ctfphc-additional-document ctfphc-other-guideline\"><a href=\"\/other-guidelines-1979-2006\/prevention-of-falls-in-long-term-care-facilities-2005\/\">Prevention of Falls in Long-Term Care Facilities<\/a><\/li>\n<li class=\"ctfphc-li ctfphc-additional-document ctfphc-other-guideline\"><a href=\"\/other-guidelines-1979-2006\/screening-for-depression-in-primary-care-2005\/\">Screening for Depression in Primary Care<\/a><\/li>\n<li class=\"ctfphc-li ctfphc-additional-document ctfphc-other-guideline\"><a href=\"\/other-guidelines-1979-2006\/screening-for-type-2-diabetes-mellitus-to-prevent-vascular-complications-2005\/\">Screening for Type 2 Diabetes Mellitus to Prevent Vascular Complications<\/a><\/li>\n<li class=\"ctfphc-li ctfphc-additional-document ctfphc-other-guideline\"><a href=\"\/other-guidelines-1979-2006\/interventions-to-promote-breastfeeding-2004\/\">Interventions to Promote Breastfeeding<\/a><\/li>\n<li class=\"ctfphc-li ctfphc-additional-document ctfphc-other-guideline\"><a href=\"\/other-guidelines-1979-2006\/prevention-of-influenza-in-the-general-public-2004\/\">Prevention of Influenza in the General Public<\/a><\/li>\n<li class=\"ctfphc-li ctfphc-additional-document ctfphc-other-guideline\"><a href=\"\/other-guidelines-1979-2006\/hormone-replacement-therapy-for-the-primary-prevention-of-chronic-diseases-2003\/\">Hormone Replacement Therapy for the Primary Prevention of Chronic Diseases<\/a><\/li>\n<li class=\"ctfphc-li ctfphc-additional-document ctfphc-other-guideline\"><a href=\"\/other-guidelines-1979-2006\/screening-for-lung-cancer-2003\/\">Screening for Lung Cancer<\/a><\/li>\n<li class=\"ctfphc-li ctfphc-additional-document ctfphc-other-guideline\"><a href=\"\/other-guidelines-1979-2006\/postmenopausal-hormone-replacement-therapy-for-the-primary-prevention-of-cardiovascular-and-cerebrovascular-disease-2003\/\">Postmenopausal Hormone Replacement Therapy for the Primary Prevention of Cardiovascular and Cerebrovascular Disease<\/a><\/li>\n<li class=\"ctfphc-li ctfphc-additional-document ctfphc-other-guideline\"><a href=\"\/other-guidelines-1979-2006\/the-role-of-vitamin-e-supplements-in-the-prevention-of-cardiovascular-disease-and-cancer-2003\/\">The Role of Vitamin E Supplements in the Prevention of Cardiovascular Disease and Cancer<\/a><\/li>\n<li class=\"ctfphc-li ctfphc-additional-document ctfphc-other-guideline\"><a href=\"\/other-guidelines-1979-2006\/prevention-and-treatment-of-violence-against-women-2003\/\">Prevention and Treatment of Violence Against Women<\/a><\/li>\n<li class=\"ctfphc-li ctfphc-additional-document ctfphc-other-guideline\"><a href=\"\/other-guidelines-1979-2006\/use-of-back-belts-to-prevent-occupational-low-back-pain-2002\/\">Use of Back Belts to Prevent Occupational Low-Back Pain<\/a><\/li>\n<li class=\"ctfphc-li ctfphc-additional-document ctfphc-other-guideline\"><a href=\"\/other-guidelines-1979-2006\/prevention-of-early-onset-group-b-streptococcal-gbs-infection-in-the-newborn-2002\/\">Prevention of Early-Onset Group B Streptococcal (GBS) Infection in the Newborn<\/a><\/li>\n<li class=\"ctfphc-li ctfphc-additional-document ctfphc-other-guideline\"><a href=\"\/other-guidelines-1979-2006\/prevention-of-osteoporosis-and-osteoporotic-fractures-in-postmenopausal-women-2002\/\">Prevention of Osteoporosis and Osteoporotic Fractures in Postmenopausal Women<\/a><\/li>\n<li class=\"ctfphc-li ctfphc-additional-document ctfphc-other-guideline\"><a href=\"\/other-guidelines-1979-2006\/breast-self-examination-to-screen-for-breast-cancer-2001\/\">Breast Self-Examination to Screen for Breast Cancer<\/a><\/li>\n<li class=\"ctfphc-li ctfphc-additional-document ctfphc-other-guideline\"><a href=\"\/other-guidelines-1979-2006\/chemo-prevention-of-breast-cancer-2001\/\">Chemo Prevention of Breast Cancer<\/a><\/li>\n<li class=\"ctfphc-li ctfphc-additional-document ctfphc-other-guideline\"><a href=\"\/other-guidelines-1979-2006\/screening-mammography-among-women-aged-40-49-years-at-average-risk-of-breast-cancer-2001\/\">Screening Mammography Among Women Aged 40\u201349 Years at Average Risk of Breast Cancer<\/a><\/li>\n<li class=\"ctfphc-li ctfphc-additional-document ctfphc-other-guideline\"><a href=\"\/other-guidelines-1979-2006\/colorectal-cancer-screening-2011\/\">Colorectal Cancer Screening<\/a><\/li>\n<li class=\"ctfphc-li ctfphc-additional-document ctfphc-other-guideline\"><a href=\"\/other-guidelines-1979-2006\/screening-and-management-of-developmental-dysplasia-of-the-hip-in-newborns-2001\/\">Screening and Management of Developmental Dysplasia of the Hip<\/a><\/li>\n<li class=\"ctfphc-li ctfphc-additional-document ctfphc-other-guideline\"><a href=\"\/other-guidelines-1979-2006\/screening-for-cognitive-impairment-and-dementia-in-the-elderly-2001\/\">Screening for Cognitive Impairment and Dementia in the Elderly<\/a><\/li>\n<li class=\"ctfphc-li ctfphc-additional-document ctfphc-other-guideline\"><a href=\"\/other-guidelines-1979-2006\/screening-for-otitis-media-with-effusion-2001\/\">Screening for Otitis Media with Effusion<\/a><\/li>\n<li class=\"ctfphc-li ctfphc-additional-document ctfphc-other-guideline\"><a href=\"\/other-guidelines-1979-2006\/use-of-varicella-vaccine-in-healthy-populations-2001\/\">Use of Varicella Vaccine in Healthy Populations<\/a><\/li>\n<li class=\"ctfphc-li ctfphc-additional-document ctfphc-other-guideline\"><a href=\"\/other-guidelines-1979-2006\/prevention-of-child-maltreatment-2000\/\">Prevention of Child Maltreatment<\/a><\/li>\n<li class=\"ctfphc-li ctfphc-additional-document ctfphc-other-guideline\"><a href=\"\/other-guidelines-1979-2006\/screening-and-management-of-hyperhomocysteinemia-for-the-prevention-of-coronary-artery-disease-events-2000\/\">Screening and Management of Hyperhomocysteinemia for the Prevention of Coronary Artery Disease Events<\/a><\/li>\n<li class=\"ctfphc-li ctfphc-additional-document ctfphc-other-guideline\"><a href=\"\/other-guidelines-1979-2006\/use-of-ambulatory-electrocardiography-for-the-detection-of-paroxysmal-atrial-fibrillation-in-patients-with-stroke-2000\/\">Use of Ambulatory Electrocardiography for the Detection of Paroxysmal Atrial Fibrillation in Patients with Stroke<\/a><\/li>\n<li class=\"ctfphc-li ctfphc-additional-document ctfphc-other-guideline\"><a href=\"\/other-guidelines-1979-2006\/prevention-of-oral-cancer-mortality-1999\/\">Prevention of Oral Cancer Mortality<\/a><\/li>\n<li class=\"ctfphc-li ctfphc-additional-document ctfphc-other-guideline\"><a href=\"\/other-guidelines-1979-2006\/detection-prevention-and-treatment-of-obesity-1999\/\">Detection, Prevention and Treatment of Obesity<\/a><\/li>\n<li class=\"ctfphc-li ctfphc-additional-document ctfphc-other-guideline\"><a href=\"\/other-guidelines-1979-2006\/echocardiography-for-the-detection-of-a-cardiac-source-of-embolus-in-patients-with-stroke-1999\/\">Echocardiography for the Detection of a Cardiac Source of Embolus in Patients with Stroke<\/a><\/li>\n<li class=\"ctfphc-li ctfphc-additional-document ctfphc-other-guideline\"><a href=\"\/other-guidelines-1979-2006\/follow-up-after-breast-cancer-1999\/\">Follow-up after Breast Cancer<\/a><\/li>\n<li class=\"ctfphc-li ctfphc-additional-document ctfphc-other-guideline\"><a href=\"\/other-guidelines-1979-2006\/prenatal-screening-for-and-diagnosis-of-down-syndrome-1996\/\">Prenatal Screening for and Diagnosis of Down Syndrome<\/a><\/li>\n<li class=\"ctfphc-li ctfphc-additional-document ctfphc-other-guideline\"><a href=\"\/other-guidelines-1979-2006\/screening-for-chlamydial-infections-1996\/\">Screening for Chlamydial Infections<\/a><\/li>\n<li class=\"ctfphc-li ctfphc-additional-document ctfphc-other-guideline\"><a href=\"\/other-guidelines-1979-2006\/screening-for-human-papillomavirus-infection-in-asymptomatic-women-1995\/\">Screening for Human Papillomavirus Infection in Asymptomatic Women<\/a><\/li>\n<li class=\"ctfphc-li ctfphc-additional-document ctfphc-other-guideline\"><a href=\"\/other-guidelines-1979-2006\/prevention-of-dental-caries-1995\/\">Prevention of Dental Caries<\/a><\/li>\n<li class=\"ctfphc-li ctfphc-additional-document ctfphc-other-guideline\"><a href=\"\/other-guidelines-1979-2006\/screening-for-visual-problems-among-elderly-patients-1995\/\">Screening for Visual Problems Among Elderly Patients<\/a><\/li>\n<li class=\"ctfphc-li ctfphc-additional-document ctfphc-other-guideline\"><a href=\"\/other-guidelines-1979-2006\/obesity-in-childhood-1994\/\">Obesity in Childhood<\/a><\/li>\n<li class=\"ctfphc-li ctfphc-additional-document ctfphc-other-guideline\"><a href=\"\/other-guidelines-1979-2006\/screening-strategies-for-colorectal-cancer-1994\/\">Screening Strategies for Colorectal Cancer<\/a><\/li>\n<li class=\"ctfphc-li ctfphc-additional-document ctfphc-other-guideline\"><a href=\"\/other-guidelines-1979-2006\/primary-and-secondary-prevention-of-neural-tube-defects-1994\/\">Primary and Secondary Prevention of Neural Tube Defects<\/a><\/li>\n<li class=\"ctfphc-li ctfphc-additional-document ctfphc-other-guideline\"><a href=\"\/other-guidelines-1979-2006\/secondary-prevention-of-elder-abuse-and-mistreatment-1994\/\">Secondary Prevention of Elder Abuse and Mistreatment<\/a><\/li>\n<li class=\"ctfphc-li ctfphc-additional-document ctfphc-other-guideline\"><a href=\"\/other-guidelines-1979-2006\/prevention-of-child-maltreatment-2000\/\">Primary Prevention of Child Maltreatment<\/a><\/li>\n<li class=\"ctfphc-li ctfphc-additional-document ctfphc-other-guideline\"><a href=\"\/other-guidelines-1979-2006\/lowering-the-blood-total-cholesterol-level-to-prevent-coronary-heart-disease-1993\/\">Lowering the Blood Total Cholesterol Level to Prevent Coronary Heart Disease<\/a><\/li>\n<li class=\"ctfphc-li ctfphc-additional-document ctfphc-other-guideline\"><a href=\"\/other-guidelines-1979-2006\/periodontal-disease-classification-diagnosis-risk-factors-and-prevention-1993\/\">Periodontal Disease: Classification, Diagnosis, Risk Factors and Prevention<\/a><\/li>\n<li class=\"ctfphc-li ctfphc-additional-document ctfphc-other-guideline\"><a href=\"\/other-guidelines-1979-2006\/screening-for-gestational-diabetes-mellitus-1992\/\">Screening for Gestational Diabetes Mellitus<\/a><\/li>\n<li class=\"ctfphc-li ctfphc-additional-document ctfphc-other-guideline\"><a href=\"\/other-guidelines-1979-2006\/routine-prenatal-ultrasound-screening-1992\/\">Routine Prenatal Ultrasound Screening<\/a><\/li>\n<li class=\"ctfphc-li ctfphc-additional-document ctfphc-other-guideline\"><a href=\"\/other-guidelines-1979-2006\/hiv-antibody-screening-1992\/\">HIV Antibody Screening<\/a><\/li>\n<li class=\"ctfphc-li ctfphc-additional-document ctfphc-other-guideline\"><a href=\"\/other-guidelines-1979-2006\/prophylaxis-for-gonococcal-and-chlamydial-ophthalmia-neonatorum-1992\/\">Prophylaxis for Gonococcal and Chlamydial Ophthalmia Neonatorum<\/a><\/li>\n<li class=\"ctfphc-li ctfphc-additional-document ctfphc-other-guideline\"><a href=\"\/other-guidelines-1979-2006\/screening-for-cognitive-impairment-in-the-elderly-1991\/\">Screening for Cognitive Impairment in the Elderly<\/a><\/li>\n<li class=\"ctfphc-li ctfphc-additional-document ctfphc-other-guideline\"><a href=\"\/other-guidelines-1979-2006\/administration-of-pneumococcal-vaccine-1991\/\">Administration of Pneumococcal Vaccine<\/a><\/li>\n<li class=\"ctfphc-li ctfphc-additional-document ctfphc-other-guideline\"><a href=\"\/other-guidelines-1979-2006\/secondary-prevention-of-prostate-cancer-1991\/\">Secondary Prevention of Prostate Cancer<\/a><\/li>\n<li class=\"ctfphc-li ctfphc-additional-document ctfphc-other-guideline\"><a href=\"\/other-guidelines-1979-2006\/screening-for-cystic-fibrosis-1991\/\">Screening for Cystic Fibrosis<\/a><\/li>\n<li class=\"ctfphc-li ctfphc-additional-document ctfphc-other-guideline\"><a href=\"\/other-guidelines-1979-2006\/screening-for-abdominal-aortic-aneurysm-1991\/\">Screening for Abdominal Aortic Aneurysm<\/a><\/li>\n<li class=\"ctfphc-li ctfphc-additional-document ctfphc-other-guideline\"><a href=\"\/other-guidelines-1979-2006\/acetylsalicylic-acid-and-the-primary-prevention-of-cardiovascular-disease-1991\/\">Acetylsalicylic Acid and the Primary Prevention of Cardiovascular Disease<\/a><\/li>\n<li class=\"ctfphc-li ctfphc-additional-document ctfphc-other-guideline\"><a href=\"\/other-guidelines-1979-2006\/early-detection-of-depression-by-primary-care-physicians-1990\/\">Early Detection of Depression by Primary Care Physicians<\/a><\/li>\n<li class=\"ctfphc-li ctfphc-additional-document ctfphc-other-guideline\"><a href=\"\/other-guidelines-1979-2006\/early-detection-of-hyperthyroidism-and-hypothyroidism-in-adults-and-screening-of-newborns-for-congenital-hypothyroidism-1990\/\">Early Detection of Hyperthyroidism and Hypothyroidism in Adults and Screening of Newborns for Congenital Hypothyroidism<\/a><\/li>\n<li class=\"ctfphc-li ctfphc-additional-document ctfphc-other-guideline\"><a href=\"\/other-guidelines-1979-2006\/early-detection-of-depression-and-prevention-of-suicide-1990\/\">Early Detection of Depression and Prevention of Suicide<\/a><\/li>\n<li class=\"ctfphc-li ctfphc-additional-document ctfphc-other-guideline\"><a href=\"\/other-guidelines-1979-2006\/interventions-to-prevent-lung-cancer-other-than-smoking-cessation-1990\/\">Interventions to Prevent Lung Cancer other than Smoking Cessation<\/a><\/li>\n<li class=\"ctfphc-li ctfphc-additional-document ctfphc-other-guideline\"><a href=\"\/other-guidelines-1979-2006\/well-baby-care-in-the-first-2-years-of-life-1990\/\">Well-Baby Care in the First 2 Years of Life<\/a><\/li>\n<li class=\"ctfphc-li ctfphc-additional-document ctfphc-other-guideline\"><a href=\"\/other-guidelines-1979-2006\/prevention-of-suicide-1990\/\">Prevention of Suicide<\/a><\/li>\n<li class=\"ctfphc-li ctfphc-additional-document ctfphc-other-guideline\"><a href=\"\/other-guidelines-1979-2006\/the-periodic-health-examination-1989-update-1989\/\">The Periodic Health Examination: 1989 Update<\/a><\/li>\n<li class=\"ctfphc-li ctfphc-additional-document ctfphc-other-guideline\"><a href=\"\/other-guidelines-1979-2006\/preschool-examination-for-developmental-visual-and-hearing-problems-1989\/\">Preschool Examination for Developmental, Visual and Hearing Problems<\/a><\/li>\n<li class=\"ctfphc-li ctfphc-additional-document ctfphc-other-guideline\"><a href=\"\/other-guidelines-1979-2006\/intrapartum-electronic-fetal-monitoring-and-prevention-of-neonatal-herpes-simplex-1989\/\">Intrapartum Electronic Fetal Monitoring and Prevention of Neonatal Herpes Simplex<\/a><\/li>\n<li class=\"ctfphc-li ctfphc-additional-document ctfphc-other-guideline\"><a href=\"\/other-guidelines-1979-2006\/the-periodic-health-examination-1987-update-1988\/\">The Periodic Health Examination: 1987 Update<\/a><\/li>\n<li class=\"ctfphc-li ctfphc-additional-document ctfphc-other-guideline\"><a href=\"\/other-guidelines-1979-2006\/the-periodic-health-examination-1985-update-1986\/\">The Periodic Health Examination: 1985 Update<\/a><\/li>\n<li class=\"ctfphc-li ctfphc-additional-document ctfphc-other-guideline\"><a href=\"\/other-guidelines-1979-2006\/breast-cancer-1986\/\">Breast Cancer<\/a><\/li>\n<li class=\"ctfphc-li ctfphc-additional-document ctfphc-other-guideline\"><a href=\"\/other-guidelines-1979-2006\/the-periodic-health-examination-1984-update-1984\/\">The Periodic Health Examination: 1984 Update<\/a><\/li>\n<li class=\"ctfphc-li ctfphc-additional-document ctfphc-other-guideline\"><a href=\"\/other-guidelines-1979-2006\/report-of-a-task-force-to-the-conference-of-deputy-ministers-of-health-1980\/\">Report of a Task Force to the Conference of Deputy Ministers of Health<\/a><\/li>\n<li class=\"ctfphc-li ctfphc-additional-document ctfphc-other-guideline\"><a href=\"\/other-guidelines-1979-2006\/the-periodic-health-examination-1979\/\">The Periodic Health Examination<\/a><\/li>\n<\/ul>\n<\/div><\/div><\/div><\/div>\n","protected":false},"excerpt":{"rendered":"","protected":false},"author":2,"featured_media":0,"parent":0,"menu_order":24,"comment_status":"closed","ping_status":"closed","template":"","meta":{"_acf_changed":false,"footnotes":""},"categories":[],"tags":[],"class_list":["post-11317","page","type-page","status-publish","hentry"],"acf":[],"_links":{"self":[{"href":"https:\/\/canadiantaskforce.ca\/fr\/wp-json\/wp\/v2\/pages\/11317","targetHints":{"allow":["GET"]}}],"collection":[{"href":"https:\/\/canadiantaskforce.ca\/fr\/wp-json\/wp\/v2\/pages"}],"about":[{"href":"https:\/\/canadiantaskforce.ca\/fr\/wp-json\/wp\/v2\/types\/page"}],"author":[{"embeddable":true,"href":"https:\/\/canadiantaskforce.ca\/fr\/wp-json\/wp\/v2\/users\/2"}],"replies":[{"embeddable":true,"href":"https:\/\/canadiantaskforce.ca\/fr\/wp-json\/wp\/v2\/comments?post=11317"}],"version-history":[{"count":3,"href":"https:\/\/canadiantaskforce.ca\/fr\/wp-json\/wp\/v2\/pages\/11317\/revisions"}],"predecessor-version":[{"id":16833,"href":"https:\/\/canadiantaskforce.ca\/fr\/wp-json\/wp\/v2\/pages\/11317\/revisions\/16833"}],"wp:attachment":[{"href":"https:\/\/canadiantaskforce.ca\/fr\/wp-json\/wp\/v2\/media?parent=11317"}],"wp:term":[{"taxonomy":"category","embeddable":true,"href":"https:\/\/canadiantaskforce.ca\/fr\/wp-json\/wp\/v2\/categories?post=11317"},{"taxonomy":"post_tag","embeddable":true,"href":"https:\/\/canadiantaskforce.ca\/fr\/wp-json\/wp\/v2\/tags?post=11317"}],"curies":[{"name":"wp","href":"https:\/\/api.w.org\/{rel}","templated":true}]}}