{"id":11320,"date":"2016-10-18T16:57:16","date_gmt":"2016-10-18T20:57:16","guid":{"rendered":"http:\/\/canadiantaskforce.ca\/?page_id=11320&#038;lang=fr"},"modified":"2024-04-16T10:11:05","modified_gmt":"2024-04-16T14:11:05","slug":"autres-documents-1979-2006","status":"publish","type":"page","link":"https:\/\/canadiantaskforce.ca\/fr\/autres-documents-1979-2006\/","title":{"rendered":"Autres documents (1979\u20132006)"},"content":{"rendered":"<div class='fullwidth-section  ' style=\"background-repeat:no-repeat;background-position:left top;\"><div class=\"container\"><div class=\"dt-sc-tabs-vertical2-container\"><ul id=\"menu-about-french\" class=\"dt-sc-tabs-vertical2-frame\"><li id=\"menu-item-19919\" class=\"menu-item menu-item-type-post_type menu-item-object-page menu-item-19919\"><a href=\"https:\/\/canadiantaskforce.ca\/fr\/a-propos-du-gecssp\/\">\u00c0 propos du GECSSP<\/a><\/li>\n<li id=\"menu-item-14012\" class=\"menu-item menu-item-type-post_type menu-item-object-page menu-item-has-children menu-item-14012\"><a href=\"https:\/\/canadiantaskforce.ca\/fr\/a-propos-du-gecssp\/histoire\/\">Histoire<\/a>\n<ul class=\"sub-menu\">\n\t<li id=\"menu-item-19588\" class=\"menu-item menu-item-type-post_type menu-item-object-page menu-item-19588\"><a href=\"https:\/\/canadiantaskforce.ca\/fr\/la-brique-rouge-guide-canadien-de-medecine-clinique-preventive-1994\/\">\u00ab La Brique rouge \u00bb: Guide canadien de m\u00e9decine clinique pr\u00e9ventive (1994)<\/a><\/li>\n\t<li id=\"menu-item-19590\" class=\"menu-item menu-item-type-post_type menu-item-object-page menu-item-19590\"><a href=\"https:\/\/canadiantaskforce.ca\/fr\/autres-lignes-directrices-1979-2006\/\">Autres lignes directrices (1979\u20132006)<\/a><\/li>\n\t<li id=\"menu-item-19658\" class=\"menu-item menu-item-type-post_type menu-item-object-page menu-item-19658\"><a href=\"https:\/\/canadiantaskforce.ca\/fr\/autres-documents-1979-2006\/\">Autres documents (1979\u20132006)<\/a><\/li>\n<\/ul>\n<\/li>\n<li id=\"menu-item-22946\" class=\"menu-item menu-item-type-post_type menu-item-object-page menu-item-22946\"><a href=\"https:\/\/canadiantaskforce.ca\/fr\/a-propos-du-gecssp\/conflits-dinterets\/\">[Archiv\u00e9] Conflits D\u2019int\u00e9r\u00eats<\/a><\/li>\n<\/ul><div class=\"dt-sc-tabs-vertical2-frame-content\"><div class=\"red-box\">\n<p>Les lignes directrices et les autres documents du Groupe d&rsquo;\u00e9tude canadien sur l&rsquo;examen m\u00e9dical p\u00e9riodique (1979-2006) sont pr\u00e9sent\u00e9s \u00e0 titre informatif seulement. Le mat\u00e9riel n&rsquo;a pas \u00e9t\u00e9 examin\u00e9 ou approuv\u00e9 par le Groupe d&rsquo;\u00e9tude canadien sur les soins de sant\u00e9 pr\u00e9ventifs. Ils pourraient ne pas refl\u00e9ter les donn\u00e9es probantes actuelles ou les normes de pratique actuelles.<\/p>\n<p>D\u00e9sol\u00e9, ce contenu n\u2019est disponible qu\u2019en anglais. Nous nous excusons pour tout inconv\u00e9nient.<\/p>\n<\/div>\n<ul class=\"ctfphc-list\">\n<li class=\"ctfphc-li ctfphc-additional-document ctfphc-other-guideline\"><a href=\"\/other-documents-1979-2006\/grades-for-recommendations-2003-2006\/\">Grades for Recommendations, 2003\u20132006<\/a><\/li>\n<li class=\"ctfphc-li ctfphc-additional-document ctfphc-other-guideline\"><a href=\"\/other-documents-1979-2006\/counseling-for-risky-health-habits-2001\/\">Counseling for Risky Health Habits<\/a><\/li>\n<li class=\"ctfphc-li ctfphc-additional-document ctfphc-other-guideline\"><a href=\"\/other-documents-1979-2006\/effective-dissemination-and-implementation-of-canadian-task-force-guidelines-on-preventive-health-care-literature-review-and-model-development-1999\/\">Effective Dissemination and Implementation of CTFPHC Guidelines on Preventive Health Care<\/a><\/li>\n<li class=\"ctfphc-li ctfphc-additional-document ctfphc-other-guideline\"><a href=\"\/other-documents-1979-2006\/electronic-dissemination-of-canadian-clinical-practice-guidelines-to-health-care-professionals-and-the-public-1999\/\">Electronic Dissemination of Canadian Clinical Practice Guidelines to Health Care Professionals and the Public<\/a><\/li>\n<li class=\"ctfphc-li ctfphc-additional-document ctfphc-other-guideline\"><a href=\"\/other-documents-1979-2006\/aboriginal-health-1996\/\">Aboriginal Health<\/a><\/li>\n<li class=\"ctfphc-li ctfphc-additional-document ctfphc-other-guideline\"><a href=\"\/other-documents-1979-2006\/assessing-the-clinical-effectiveness-of-preventive-maneuvers-analytic-principles-and-systematic-methods-in-reviewing-evidence-and-developing-clinical-practice-recommendations-1990\/\">Assessing the Clinical Effectiveness of Preventive Maneuvers<\/a><\/li>\n<li class=\"ctfphc-li ctfphc-additional-document ctfphc-other-guideline\"><a href=\"\/other-documents-1979-2006\/preventing-disease-beyond-the-rhetoric-1990\/\">Preventing Disease: Beyond the Rhetoric<\/a><\/li>\n<li class=\"ctfphc-li ctfphc-additional-document ctfphc-other-guideline\"><a href=\"\/other-documents-1979-2006\/the-periodic-health-examination-introduction-1989\/\">The Periodic Health Examination: Introduction (1989)<\/a><\/li>\n<li class=\"ctfphc-li ctfphc-additional-document ctfphc-other-guideline\"><a href=\"\/other-documents-1979-2006\/implementing-preventive-services-1988\/\">Implementing Preventive Services<\/a><\/li>\n<li class=\"ctfphc-li ctfphc-additional-document ctfphc-other-guideline\"><a href=\"\/other-documents-1979-2006\/the-periodic-health-examination-introduction-1988\/\">The Periodic Health Examination: Introduction (1988)<\/a><\/li>\n<li class=\"ctfphc-li ctfphc-additional-document ctfphc-other-guideline\"><a href=\"\/other-documents-1979-2006\/the-periodic-health-examination-introduction-1986\/\">The Periodic Health Examination: Introduction (1986)<\/a><\/li>\n<li class=\"ctfphc-li ctfphc-additional-document ctfphc-other-guideline\"><a href=\"\/other-documents-1979-2006\/the-periodic-health-examination-introduction-1984\/\">The Periodic Health Examination: Introduction (1984)<\/a><\/li>\n<li class=\"ctfphc-li ctfphc-additional-document ctfphc-other-guideline\"><a href=\"\/other-documents-1979-2006\/the-periodic-health-examination-an-evolving-concept-1984\/\">The Periodic Health Examination: An Evolving Concept<\/a><\/li>\n<\/ul>\n<\/div><\/div><\/div><\/div>\n","protected":false},"excerpt":{"rendered":"","protected":false},"author":2,"featured_media":0,"parent":0,"menu_order":32,"comment_status":"closed","ping_status":"closed","template":"","meta":{"_acf_changed":false,"footnotes":""},"categories":[],"tags":[],"class_list":["post-11320","page","type-page","status-publish","hentry"],"acf":[],"_links":{"self":[{"href":"https:\/\/canadiantaskforce.ca\/fr\/wp-json\/wp\/v2\/pages\/11320","targetHints":{"allow":["GET"]}}],"collection":[{"href":"https:\/\/canadiantaskforce.ca\/fr\/wp-json\/wp\/v2\/pages"}],"about":[{"href":"https:\/\/canadiantaskforce.ca\/fr\/wp-json\/wp\/v2\/types\/page"}],"author":[{"embeddable":true,"href":"https:\/\/canadiantaskforce.ca\/fr\/wp-json\/wp\/v2\/users\/2"}],"replies":[{"embeddable":true,"href":"https:\/\/canadiantaskforce.ca\/fr\/wp-json\/wp\/v2\/comments?post=11320"}],"version-history":[{"count":4,"href":"https:\/\/canadiantaskforce.ca\/fr\/wp-json\/wp\/v2\/pages\/11320\/revisions"}],"predecessor-version":[{"id":16829,"href":"https:\/\/canadiantaskforce.ca\/fr\/wp-json\/wp\/v2\/pages\/11320\/revisions\/16829"}],"wp:attachment":[{"href":"https:\/\/canadiantaskforce.ca\/fr\/wp-json\/wp\/v2\/media?parent=11320"}],"wp:term":[{"taxonomy":"category","embeddable":true,"href":"https:\/\/canadiantaskforce.ca\/fr\/wp-json\/wp\/v2\/categories?post=11320"},{"taxonomy":"post_tag","embeddable":true,"href":"https:\/\/canadiantaskforce.ca\/fr\/wp-json\/wp\/v2\/tags?post=11320"}],"curies":[{"name":"wp","href":"https:\/\/api.w.org\/{rel}","templated":true}]}}