{"id":12723,"date":"2017-04-23T12:01:04","date_gmt":"2017-04-23T16:01:04","guid":{"rendered":"http:\/\/canadiantaskforce.ca\/?page_id=12723"},"modified":"2024-08-07T14:16:47","modified_gmt":"2024-08-07T18:16:47","slug":"hepatite-c","status":"publish","type":"page","link":"https:\/\/canadiantaskforce.ca\/fr\/lignesdirectrives\/lignes-directrices-publiees\/hepatite-c\/","title":{"rendered":"H\u00e9patite C (2017)"},"content":{"rendered":"<h3>R\u00e9sum\u00e9 des recommandations pour les cliniciens et les responsables des politiques<\/h3>\n<p>Cette recommandation s\u2019applique aux adultes asymptomatiques qui ne pr\u00e9sentent pas un risque \u00e9lev\u00e9 d\u2019h\u00e9patite C.<\/p>\n<p>Elle ne s\u2019applique pas aux femmes enceintes ou aux adultes \u00e0 risque \u00e9lev\u00e9 d\u2019h\u00e9patite C, incluant les individus utilisant actuellement ou ayant des ant\u00e9c\u00e9dents d\u2019utilisation de drogues injectables, les individus ayant \u00a0\u00e9t\u00e9 incarc\u00e9r\u00e9s, les immigrants de r\u00e9gions o\u00f9 l\u2019h\u00e9patite C est end\u00e9mique, les individus ayant re\u00e7u des soins de sant\u00e9 \u00e0 un endroit o\u00f9 les pr\u00e9cautions universelles sont inad\u00e9quates, les individus qui ont re\u00e7u une transfusion sanguine, des produits du sang ou une greffe d\u2019organe avant 1992 au Canada, les patients h\u00e9modialys\u00e9s, les individus ayant \u00e9t\u00e9 bless\u00e9s par une seringue ou les individus expos\u00e9s \u00e0 d\u2019autres facteurs de risque parfois associ\u00e9s \u00e0 l\u2019exposition au VHC.<\/p>\n<p>Le Groupe d&rsquo;\u00e9tude canadien base ses recommandations sur l\u2019\u00e9quilibre g\u00e9n\u00e9ral entre les b\u00e9n\u00e9fices possibles et les inconv\u00e9nients du d\u00e9pistage, sur les pr\u00e9f\u00e9rences et les valeurs des patients reli\u00e9es au d\u00e9pistage ainsi que sur les consid\u00e9rations reli\u00e9es \u00e0 la faisabilit\u00e9, \u00e0 l\u2019acceptabilit\u00e9, \u00e0 l\u2019utilisation des ressources et \u00e0 l\u2019\u00e9quit\u00e9.<\/p>\n<p>Le Groupe d&rsquo;\u00e9tude canadien continuera de surveiller de pr\u00e8s les d\u00e9veloppements scientifiques et politiques reli\u00e9s au d\u00e9pistage et \u00e0 l\u2019acc\u00e8s des patients au traitement au Canada.<\/p>\n<h3>Recommandation<\/h3>\n<ul>\n<li>Nous ne recommandons pas le d\u00e9pistage du VHC chez les adultes qui ne sont pas \u00e0 risque \u00e9lev\u00e9.<br \/><em>(Recommandation forte, donn\u00e9es probantes de tr\u00e8s faible qualit\u00e9)<\/em><\/li>\n<\/ul>\n<p><a name=\"documents\"><\/a><\/p>\n<div class=\"additionaldocuments\">\n<h3>Documents additionnels<\/h3>\n<ul>\n<li><a href=\"https:\/\/canadiantaskforce.ca\/hepatite-c-resume-a-lintention-des-cliniciens\/?lang=fr\">R\u00e9sum\u00e9 \u00e0 l\u2019intention des cliniciens<\/a><\/li>\n<li><a href=\"https:\/\/canadiantaskforce.ca\/wp-content\/uploads\/2022\/10\/protocol-treatment-for-hepatitis-c-in-non-pregnant-treatment-naive-adults_FN.pdf\" target=\"_blank\" rel=\"noopener noreferrer\">Protocole de l\u2019examen syst\u00e9matique sur le traitement<\/a> (pdf, anglais)<\/li>\n<li><a href=\"https:\/\/www.cadth.ca\/sites\/default\/files\/pdf\/RE0032_Hep_C_Screening_Protocol.pdf\" target=\"_blank\" rel=\"noopener noreferrer\">Protocole de l\u2019examen syst\u00e9matique sur le d\u00e9pistage<\/a>\u00a0(anglais)<\/li>\n<li><a href=\"https:\/\/canadiantaskforce.ca\/wp-content\/uploads\/2017\/04\/Hepatitis-C-Treatment-Review-APR-18-2017-V2.pdf\" target=\"_blank\" rel=\"noopener noreferrer\">Examen syst\u00e9matique sur le traitement<\/a>\u00a0(pdf, anglais)<\/li>\n<li><a href=\"https:\/\/canadiantaskforce.ca\/wp-content\/uploads\/2017\/04\/Wong-Model-PHAC-report-2016-Nov-22.pdf\" target=\"_blank\" rel=\"noopener noreferrer\">Rapport de l\u2019\u00e9tude de mod\u00e9lisation<\/a>\u00a0(pdf, anglais)<\/li>\n<li><a href=\"https:\/\/canadiantaskforce.ca\/wp-content\/uploads\/2017\/01\/Hep-C-Screening-Guideline-Master-Document-v3_FINAL_161031.pdf\" target=\"_blank\" rel=\"noopener noreferrer\">Document ma\u00eetre de la ligne directrice<\/a>\u00a0(pdf, anglais)<\/li>\n<li><a href=\"https:\/\/canadiantaskforce.ca\/wp-content\/uploads\/2017\/03\/CTFPHC_Patient-Prefereneces_HepC_Report_FinalWebVersion.pdf\" target=\"_blank\" rel=\"noopener noreferrer\">Rapport sur les pr\u00e9f\u00e9rences des patients <\/a> (pdf, anglais)<\/li>\n<li><a href=\"https:\/\/www.cadth.ca\/screening-hepatitis-c-systematic-review-and-meta-analysis\" target=\"_blank\" rel=\"noopener noreferrer\">Examen syst\u00e9matique sur le d\u00e9pistage avec la liste des \u00e9tudes exclues<\/a>\u00a0(anglais)<\/li>\n<li><a href=\"https:\/\/canadiantaskforce.ca\/wp-content\/uploads\/2017\/04\/Hepatitis-C-Screening_-Pre-publication-Literature-Search-Update-Report.pdf\" target=\"_blank\" rel=\"noopener noreferrer\">Mise \u00e0 jour pr\u00e9-publication de l\u2019examen sur le d\u00e9pistage incluant les \u00e9tudes exclues<\/a> (pdf, anglais)<\/li>\n<li><a href=\"https:\/\/soundcloud.com\/cmajpodcasts\/161521-guide\" target=\"_blank\" rel=\"noopener noreferrer\">Baladodiffusion de l\u2019auteur du JAMC<\/a> (anglais)<\/li>\n<li><a href=\"https:\/\/canadiantaskforce.ca\/hepatite-c-presentation-de-la-ligne-directrice\/?lang=fr\">Pr\u00e9sentation de la ligne directrice<\/a><\/li>\n<\/ul>\n<\/div>\n\n\n<h3 class=\"wp-block-heading\">Les scores d&rsquo;\u00e9valuation d&rsquo;ECRI\u00a0<\/h3>\n\n\n\n<p><a href=\"https:\/\/guidelines.ecri.org\/about\">ECRI Guidelines Trust<\/a> \u00e9value les lignes directrices en fonction de leur conformit\u00e9 aux Normes de l&rsquo;Acad\u00e9mie nationale de m\u00e9decine pour des lignes directrices fiables. Retrouvez les scores d\u2019\u00e9valuation du ECRI pour cette ligne directrice <a href=\"https:\/\/canadiantaskforce.ca\/lignesdirectrives\/scores-d-evaluation-ecri\/?lang=fr\">ici<\/a><em>.<\/em><\/p>\n","protected":false},"excerpt":{"rendered":"<p>R\u00e9sum\u00e9 des recommandations pour les cliniciens et les responsables des politiques Cette recommandation s\u2019applique aux adultes asymptomatiques qui ne pr\u00e9sentent pas un risque \u00e9lev\u00e9 d\u2019h\u00e9patite C. Elle ne s\u2019applique pas aux femmes enceintes ou aux adultes \u00e0 risque \u00e9lev\u00e9 d\u2019h\u00e9patite C, incluant les individus utilisant actuellement ou ayant des ant\u00e9c\u00e9dents d\u2019utilisation de drogues injectables, les [&hellip;]<\/p>\n","protected":false},"author":20241,"featured_media":0,"parent":9821,"menu_order":15,"comment_status":"closed","ping_status":"closed","template":"tpl-guidelines.php","meta":{"_acf_changed":false,"footnotes":""},"categories":[195,196],"tags":[187,197,186,198,190,200],"class_list":["post-12723","page","type-page","status-publish","hentry","category-lignes-directrices","category-publiees","tag-adult","tag-adult-fr","tag-female","tag-female-fr","tag-male","tag-male-fr"],"acf":[],"_links":{"self":[{"href":"https:\/\/canadiantaskforce.ca\/fr\/wp-json\/wp\/v2\/pages\/12723","targetHints":{"allow":["GET"]}}],"collection":[{"href":"https:\/\/canadiantaskforce.ca\/fr\/wp-json\/wp\/v2\/pages"}],"about":[{"href":"https:\/\/canadiantaskforce.ca\/fr\/wp-json\/wp\/v2\/types\/page"}],"author":[{"embeddable":true,"href":"https:\/\/canadiantaskforce.ca\/fr\/wp-json\/wp\/v2\/users\/20241"}],"replies":[{"embeddable":true,"href":"https:\/\/canadiantaskforce.ca\/fr\/wp-json\/wp\/v2\/comments?post=12723"}],"version-history":[{"count":8,"href":"https:\/\/canadiantaskforce.ca\/fr\/wp-json\/wp\/v2\/pages\/12723\/revisions"}],"predecessor-version":[{"id":31040,"href":"https:\/\/canadiantaskforce.ca\/fr\/wp-json\/wp\/v2\/pages\/12723\/revisions\/31040"}],"up":[{"embeddable":true,"href":"https:\/\/canadiantaskforce.ca\/fr\/wp-json\/wp\/v2\/pages\/9821"}],"wp:attachment":[{"href":"https:\/\/canadiantaskforce.ca\/fr\/wp-json\/wp\/v2\/media?parent=12723"}],"wp:term":[{"taxonomy":"category","embeddable":true,"href":"https:\/\/canadiantaskforce.ca\/fr\/wp-json\/wp\/v2\/categories?post=12723"},{"taxonomy":"post_tag","embeddable":true,"href":"https:\/\/canadiantaskforce.ca\/fr\/wp-json\/wp\/v2\/tags?post=12723"}],"curies":[{"name":"wp","href":"https:\/\/api.w.org\/{rel}","templated":true}]}}