{"id":12738,"date":"2017-04-23T12:01:45","date_gmt":"2017-04-23T16:01:45","guid":{"rendered":"http:\/\/canadiantaskforce.ca\/?page_id=12738"},"modified":"2024-04-16T10:11:21","modified_gmt":"2024-04-16T14:11:21","slug":"hepatite-c-resume-a-lintention-des-cliniciens","status":"publish","type":"page","link":"https:\/\/canadiantaskforce.ca\/fr\/hepatite-c-resume-a-lintention-des-cliniciens\/","title":{"rendered":"H\u00e9patite C\u2014R\u00e9sum\u00e9 \u00e0 l\u2019intention des cliniciens"},"content":{"rendered":"<div class='fullwidth-section  ' style=\"background-repeat:no-repeat;background-position:left top;\"><div class=\"container\"><div class=\"dt-sc-tabs-vertical2-container\"><ul id=\"menu-guidelines-french\" class=\"dt-sc-tabs-vertical2-frame\"><li id=\"menu-item-14161\" class=\"menu-item menu-item-type-post_type menu-item-object-page menu-item-has-children menu-item-14161\"><a href=\"https:\/\/canadiantaskforce.ca\/fr\/lignesdirectrives\/lignes-directrices-publiees\/\">Lignes directrices publi\u00e9es<\/a>\n<ul class=\"sub-menu\">\n\t<li id=\"menu-item-10358\" class=\"menu-item menu-item-type-post_type menu-item-object-page menu-item-10358\"><a href=\"https:\/\/canadiantaskforce.ca\/fr\/lignesdirectrives\/\">Aper\u00e7u<\/a><\/li>\n\t<li id=\"menu-item-22231\" class=\"menu-item menu-item-type-post_type menu-item-object-page menu-item-22231\"><a href=\"https:\/\/canadiantaskforce.ca\/fr\/lignesdirectrives\/lignes-directrices-publiees\/adenocarcinome-oesophagien\/\">Ad\u00e9nocarcinome \u0153sophagien (2020)<\/a><\/li>\n\t<li id=\"menu-item-20198\" class=\"menu-item menu-item-type-post_type menu-item-object-page menu-item-20198\"><a href=\"https:\/\/canadiantaskforce.ca\/fr\/lignesdirectrives\/lignes-directrices-publiees\/anevrisme-aortique-abdominal\/\">An\u00e9vrisme de l\u2019aorte abdominale (2017)<\/a><\/li>\n\t<li id=\"menu-item-17776\" class=\"menu-item menu-item-type-post_type menu-item-object-page menu-item-17776\"><a href=\"https:\/\/canadiantaskforce.ca\/fr\/lignesdirectrives\/lignes-directrices-publiees\/bacteriurie-asymptomatique\/\">Bact\u00e9riurie asymptomatique au cours de la grossesse (2018)<\/a><\/li>\n\t<li id=\"menu-item-29979\" class=\"menu-item menu-item-type-post_type menu-item-object-page menu-item-29979\"><a href=\"https:\/\/canadiantaskforce.ca\/fr\/lignesdirectrives\/lignes-directrices-publiees\/cancer-du-sein-mise-a-jour-2024\/\">[Archiv\u00e9] Cancer du Sein (mise \u00e0 jour) -Recommandations provisoires (2024)<\/a><\/li>\n\t<li id=\"menu-item-10816\" class=\"menu-item menu-item-type-post_type menu-item-object-page menu-item-10816\"><a href=\"https:\/\/canadiantaskforce.ca\/fr\/lignesdirectrives\/lignes-directrices-publiees\/cancer-colorectal\/\">Cancer colorectal (2016)<\/a><\/li>\n\t<li id=\"menu-item-10817\" class=\"menu-item menu-item-type-post_type menu-item-object-page menu-item-10817\"><a href=\"https:\/\/canadiantaskforce.ca\/fr\/lignesdirectrives\/lignes-directrices-publiees\/cancer-de-la-prostate\/\">Cancer de la prostate (2014)<\/a><\/li>\n\t<li id=\"menu-item-10818\" class=\"menu-item menu-item-type-post_type menu-item-object-page menu-item-10818\"><a href=\"https:\/\/canadiantaskforce.ca\/fr\/lignesdirectrives\/lignes-directrices-publiees\/cancer-du-col-de-luterus\/\">Cancer du col de l\u2019ut\u00e9rus (2013)<\/a><\/li>\n\t<li id=\"menu-item-10819\" class=\"menu-item menu-item-type-post_type menu-item-object-page menu-item-10819\"><a href=\"https:\/\/canadiantaskforce.ca\/fr\/lignesdirectrives\/lignes-directrices-publiees\/cancer-du-poumon\/\">Cancer du poumon (2016)<\/a><\/li>\n\t<li id=\"menu-item-23926\" class=\"menu-item menu-item-type-post_type menu-item-object-page menu-item-23926\"><a href=\"https:\/\/canadiantaskforce.ca\/fr\/lignesdirectrives\/lignes-directrices-publiees\/chlamydia-et-gonorrhee\/\">Chlamydia et gonorrh\u00e9e (2021)<\/a><\/li>\n\t<li id=\"menu-item-10821\" class=\"menu-item menu-item-type-post_type menu-item-object-page menu-item-10821\"><a href=\"https:\/\/canadiantaskforce.ca\/fr\/lignesdirectrives\/lignes-directrices-publiees\/deficience-cognitive\/\">D\u00e9ficience cognitive (2024)<\/a><\/li>\n\t<li id=\"menu-item-33166\" class=\"menu-item menu-item-type-post_type menu-item-object-page menu-item-33166\"><a href=\"https:\/\/canadiantaskforce.ca\/fr\/lignesdirectrives\/lignes-directrices-publiees\/depression-chez-ladulte-mise-a-jour\/\">D\u00e9pression chez l\u2019adulte (mise \u00e0 jour) (2025)<\/a><\/li>\n\t<li id=\"menu-item-25495\" class=\"menu-item menu-item-type-post_type menu-item-object-page menu-item-25495\"><a href=\"https:\/\/canadiantaskforce.ca\/fr\/lignesdirectrives\/lignes-directrices-publiees\/depression-pendant-la-grossesse-et-la-periode-postnatale\/\">D\u00e9pression pendant la grossesse et la p\u00e9riode postnatale (2022)<\/a><\/li>\n\t<li id=\"menu-item-10823\" class=\"menu-item menu-item-type-post_type menu-item-object-page menu-item-10823\"><a href=\"https:\/\/canadiantaskforce.ca\/fr\/lignesdirectrives\/lignes-directrices-publiees\/diabete-de-type-2\/\">Diab\u00e8te de type 2 (2012)<\/a><\/li>\n\t<li id=\"menu-item-22278\" class=\"menu-item menu-item-type-post_type menu-item-object-page menu-item-22278\"><a href=\"https:\/\/canadiantaskforce.ca\/fr\/lignesdirectrives\/lignes-directrices-publiees\/dysfonctionnement-thyroidien\/\">Dysfonctionnement thyro\u00efdien (2019)<\/a><\/li>\n\t<li id=\"menu-item-10824\" class=\"menu-item menu-item-type-post_type menu-item-object-page menu-item-10824\"><a href=\"https:\/\/canadiantaskforce.ca\/fr\/lignesdirectrives\/lignes-directrices-publiees\/pelvic-exam\/\">Examen pelvien (2016)<\/a><\/li>\n\t<li id=\"menu-item-27545\" class=\"menu-item menu-item-type-post_type menu-item-object-page menu-item-27545\"><a href=\"https:\/\/canadiantaskforce.ca\/fr\/lignesdirectrives\/lignes-directrices-publiees\/fracture-de-fragilisation\/\">Fracture De Fragilisation (2023)<\/a><\/li>\n\t<li id=\"menu-item-13025\" class=\"menu-item menu-item-type-post_type menu-item-object-page menu-item-13025\"><a href=\"https:\/\/canadiantaskforce.ca\/fr\/lignesdirectrives\/lignes-directrices-publiees\/hepatite-c\/\">H\u00e9patite C (2017)<\/a><\/li>\n\t<li id=\"menu-item-10825\" class=\"menu-item menu-item-type-post_type menu-item-object-page menu-item-10825\"><a href=\"https:\/\/canadiantaskforce.ca\/fr\/lignesdirectrives\/lignes-directrices-publiees\/hypertension-arterielle\/\">Hypertension art\u00e9rielle (2012)<\/a><\/li>\n\t<li id=\"menu-item-10828\" class=\"menu-item menu-item-type-post_type menu-item-object-page menu-item-10828\"><a href=\"https:\/\/canadiantaskforce.ca\/fr\/lignesdirectrives\/lignes-directrices-publiees\/retard-de-developpement\/\">Retard de d\u00e9veloppement (2016)<\/a><\/li>\n\t<li id=\"menu-item-32710\" class=\"menu-item menu-item-type-post_type menu-item-object-page menu-item-32710\"><a href=\"https:\/\/canadiantaskforce.ca\/fr\/lignesdirectrives\/lignes-directrices-publiees\/tabagisme-chez-ladulte\/\">Tabagisme chez l\u2019adulte (2025)<\/a><\/li>\n\t<li id=\"menu-item-12541\" class=\"menu-item menu-item-type-post_type menu-item-object-page menu-item-12541\"><a href=\"https:\/\/canadiantaskforce.ca\/fr\/lignesdirectrives\/lignes-directrices-publiees\/tabagisme-chez-les-enfants-et-les-adolescents\/\">Tabagisme chez les enfants et les adolescents (2017)<\/a><\/li>\n\t<li id=\"menu-item-17149\" class=\"menu-item menu-item-type-post_type menu-item-object-page menu-item-17149\"><a href=\"https:\/\/canadiantaskforce.ca\/fr\/lignesdirectrives\/lignes-directrices-publiees\/troubles-de-la-vision\/\">Troubles de la vision (2018)<\/a><\/li>\n<\/ul>\n<\/li>\n<li id=\"menu-item-31045\" class=\"menu-item menu-item-type-post_type menu-item-object-page menu-item-31045\"><a href=\"https:\/\/canadiantaskforce.ca\/fr\/lignesdirectrives\/scores-d-evaluation-ecri\/\">Scores d\u2019\u00e9valuation (ECRI)<\/a><\/li>\n<li id=\"menu-item-19784\" class=\"menu-item menu-item-type-post_type menu-item-object-page menu-item-19784\"><a href=\"https:\/\/canadiantaskforce.ca\/fr\/lignesdirectrives\/revues-systematiques-et-protocoles\/\">Revues Syst\u00e9matiques et Protocoles<\/a><\/li>\n<li id=\"menu-item-19879\" class=\"menu-item menu-item-type-post_type menu-item-object-page menu-item-has-children menu-item-19879\"><a href=\"https:\/\/canadiantaskforce.ca\/fr\/methodologie\/\">[Archiv\u00e9]\u00a0M\u00e9thodologie<\/a>\n<ul class=\"sub-menu\">\n\t<li id=\"menu-item-19880\" class=\"menu-item menu-item-type-post_type menu-item-object-page menu-item-19880\"><a href=\"https:\/\/canadiantaskforce.ca\/fr\/methodologie\/\">Manuel des proc\u00e9dures<\/a><\/li>\n\t<li id=\"menu-item-19881\" class=\"menu-item menu-item-type-post_type menu-item-object-page menu-item-19881\"><a href=\"https:\/\/canadiantaskforce.ca\/fr\/methodologie\/grade\/\">GRADE<\/a><\/li>\n\t<li id=\"menu-item-19882\" class=\"menu-item menu-item-type-post_type menu-item-object-page menu-item-19882\"><a href=\"https:\/\/canadiantaskforce.ca\/fr\/methodologie\/protocole-relatif-aux-preferences-des-patients\/\">Protocole de participation du patient<\/a><\/li>\n\t<li id=\"menu-item-28459\" class=\"menu-item menu-item-type-post_type menu-item-object-page menu-item-28459\"><a href=\"https:\/\/canadiantaskforce.ca\/fr\/methodologie\/updating-reaffirmation-and-sunsetting-clinical-practice-guidelines-methods-from-the-canadian-task-force-on-preventive-health-care\/\">Mise \u00e0 jour, r\u00e9affirmation et caducit\u00e9 des\u00a0lignes directrices de pratique clinique\u00a0<\/a><\/li>\n<\/ul>\n<\/li>\n<li id=\"menu-item-27713\" class=\"menu-item menu-item-type-post_type menu-item-object-page menu-item-has-children menu-item-27713\"><a href=\"https:\/\/canadiantaskforce.ca\/fr\/lignesdirectrives\/autres-publications\/\">Autres publications<\/a>\n<ul class=\"sub-menu\">\n\t<li id=\"menu-item-19587\" class=\"menu-item menu-item-type-post_type menu-item-object-page menu-item-19587\"><a href=\"https:\/\/canadiantaskforce.ca\/fr\/lignesdirectrives\/serie-prevention-en-pratique\/\">S\u00e9rie Pr\u00e9vention en pratique<\/a><\/li>\n\t<li id=\"menu-item-19491\" class=\"menu-item menu-item-type-post_type menu-item-object-page menu-item-19491\"><a href=\"https:\/\/canadiantaskforce.ca\/fr\/lignesdirectrives\/visites-periodiques-en-sante-preventive\/\">Visites p\u00e9riodiques en sant\u00e9 pr\u00e9ventive<\/a><\/li>\n<\/ul>\n<\/li>\n<\/ul><div class=\"dt-sc-tabs-vertical2-frame-content\"><div class='pdfdownload'><h5>Version PDF<\/h5><hr><div class='pdfdownload-text'><a href=\"https:\/\/canadiantaskforce.ca\/wp-content\/uploads\/2017\/04\/CTFPHC_Hep-C-Clinician-Summary_French_170425_FINAL.pdf\">T\u00e9l\u00e9charger le PDF<\/a><\/div><\/div>\n<div class='back'><h4><span class='fa fa-angle-left'><\/span>&nbsp;<a href='\/lignesdirectrives\/lignes-directrices-publiees\/hepatite-c\/?lang=fr'>Retour<\/a><\/h4><\/div>\n<h3>Population<\/h3>\n<p>Cette recommandation s\u2019applique aux adultes asymptomatiques qui ne pr\u00e9sentent pas un risque \u00e9lev\u00e9 d\u2019h\u00e9patite C. Elle ne s\u2019applique pas aux femmes enceintes ou aux adultes qui sont \u00e0 risque \u00e9lev\u00e9 d\u2019h\u00e9patite C, tels que\u00a0:<\/p>\n<ul>\n<li>Les individus utilisant actuellement ou ayant des ant\u00e9c\u00e9dents d\u2019utilisation de drogues injectables<\/li>\n<li>Les individus ayant \u00e9t\u00e9 incarc\u00e9r\u00e9s<\/li>\n<li>Les individus qui sont n\u00e9s, ont voyag\u00e9 ou ont r\u00e9sid\u00e9 dans un pays o\u00f9 le VHC est end\u00e9mique (voir l\u2019Annexe 6)<\/li>\n<li>Les individus ayant re\u00e7u des soins de sant\u00e9 \u00e0 un endroit o\u00f9 les pr\u00e9cautions universelles sont inad\u00e9quates<\/li>\n<li>Les individus ayant re\u00e7u une transfusion sanguine, des produits du sang ou une greffe d\u2019organe avant 1992 au Canada<\/li>\n<li>Les patients h\u00e9modialys\u00e9<\/li>\n<li>Les individus ayant \u00e9t\u00e9 bless\u00e9s par une aiguille<\/li>\n<li>Les individus expos\u00e9s \u00e0 d\u2019autres risques parfois associ\u00e9s \u00e0 l\u2019exposition au VHC, comme\u00a0les pratiques sexuelles \u00e0 risque \u00e9lev\u00e9, l\u2019itin\u00e9rance, l\u2019utilisation de drogues intranasales ou par inhalation, le tatouage, le per\u00e7age corporel ou le partage d&rsquo;instruments tranchants ou de mat\u00e9riel d&rsquo;hygi\u00e8ne personnelle avec une personne atteinte du VHC.<\/li>\n<li>Quiconque ayant des indices cliniques laissant soup\u00e7onner une infection au VHC (et au-del\u00e0 des facteurs de risque).<\/li>\n<\/ul>\n<p>&nbsp;<\/p>\n<h3>Fardeau de la maladie<\/h3>\n<p>Au Canada, il est estim\u00e9 qu\u2019entre 0,64% et 0,71% de la population canadienne, soit approximativement entre 220 697 et 245 987 individus, vivaient avec une infection chronique au VHC en 2011, et 44% de ces individus n&rsquo;avaient pas \u00e9t\u00e9 diagnostiqu\u00e9s. Ce ne sont pas tous les individus qui ont une infection chronique au VHC qui d\u00e9velopperont une cirrhose ou des signes ou sympt\u00f4mes indiquant une maladie h\u00e9patique. Il est estim\u00e9 qu\u2019approximativement 84% des personnes infect\u00e9es par le VHC ne d\u00e9veloppent pas de cirrhose 20 ans apr\u00e8s l\u2019infection, et 59% apr\u00e8s 30 ans.<\/p>\n<p>&nbsp;<\/p>\n<h3>Recommandations<\/h3>\n<ul>\n<li>Nous ne recommandons pas le d\u00e9pistage du VHC chez les adultes qui ne sont pas \u00e0 risque \u00e9lev\u00e9.\n<em style=\"line-height: 1.5\"><em style=\"line-height: 1.5\"><em>Recommandation forte, donn\u00e9es probantes de tr\u00e8s faible qualit\u00e9<\/em><\/em><\/em><\/li>\n<\/ul>\n<p>&nbsp;<\/p>\n<h3>Justification de la recommandation<\/h3>\n<p>Cette recommandation accorde une valeur relativement <u>plus faible<\/u> \u00e0\u00a0:<\/p>\n<ol>\n<li>Des donn\u00e9es probantes indirectes de tr\u00e8s faible qualit\u00e9 sugg\u00e8rent un petit b\u00e9n\u00e9fice potentiel du d\u00e9pistage\u00a0;<\/li>\n<li>Le faible risque de transmission familiale et sexuelle du VHC aupr\u00e8s des individus qui ne sont pas \u00e0 risque \u00e9lev\u00e9, ainsi que le faible risque de transmission par les produits du sang \u00e9tant donn\u00e9 le d\u00e9pistage de routine du sang et des organes\u00a0; et<\/li>\n<li>Le risque potentiel de d\u00e9velopper une maladie h\u00e9patique en phase terminale et de transmettre l\u2019infection malgr\u00e9 l\u2019absence de sympt\u00f4mes.<\/li>\n<\/ol>\n<p>Cette recommandation accorde une valeur relativement <u>plus \u00e9lev\u00e9e<\/u> \u00e0\u00a0:<\/p>\n<ol>\n<li>L\u2019augmentation anticip\u00e9e des inconv\u00e9nients r\u00e9sultant du diagnostic et du traitement d\u2019individus d\u00e9pist\u00e9s comme \u00e9tant positifs, mais qui n\u2019auraient jamais d\u00e9velopp\u00e9 de maladie reli\u00e9e au VHC au cours de leur vie\u00a0;<\/li>\n<li>Des faux-positifs et des faux-n\u00e9gatifs, qui pourraient mener \u00e0 de l\u2019anxi\u00e9t\u00e9 inutile et\/ou une fausse s\u00e9curit\u00e9\u00a0;<\/li>\n<li>Le potentiel que le d\u00e9pistage augmente les disparit\u00e9s vu que parmi ceux qui ne r\u00e9pondent pas aux actuels crit\u00e8res d\u2019admissibilit\u00e9 (ex. comorbidit\u00e9s sp\u00e9cifiques), seuls les individus plus riches et\/ou ceux b\u00e9n\u00e9ficiant d\u2019une assurance priv\u00e9e pourraient obtenir un acc\u00e8s plus rapide au traitement actuellement non couvert par le gouvernement\u00a0;<\/li>\n<li>L\u2019ampleur r\u00e9elle inconnue des b\u00e9n\u00e9fices du traitement sur la r\u00e9duction du risque de transmission\u00a0; et<\/li>\n<li>Le tr\u00e8s grand impact que le d\u00e9pistage et le traitement auraient sur les budgets de soins de sant\u00e9 et les co\u00fbts connexes (ex. la limite que cela placerait sur la possibilit\u00e9 de fournir d\u2019autres interventions de soins de sant\u00e9 auxquelles on devra renoncer par manque de fonds, malgr\u00e9 que celles-ci soient support\u00e9es par de meilleures donn\u00e9es probantes).<\/li>\n<\/ol>\n<p><strong>\u00a0<\/strong><\/p>\n<p>&nbsp;<\/p>\n<h3>Consid\u00e9rations relatives \u00e0 la mise en \u0153uvre<\/h3>\n<p>Les recommandations du Groupe d\u2019\u00e9tude s\u2019appliquent aux individus qui ne sont pas enceintes ou \u00e0 risque \u00e9lev\u00e9 d\u2019h\u00e9patite C. Les sous-groupes de la population qui pr\u00e9sentent un risque \u00e9lev\u00e9 pour le VHC (et non inclus dans cette recommandation) pourraient n\u00e9cessiter une attention sp\u00e9ciale de la part des cliniciens. Une recommandation commune de 2009 de l\u2019ASPC et du CMFC, malgr\u00e9 qu\u2019elle ne soit pas bas\u00e9e sur un examen syst\u00e9matique des donn\u00e9es probantes, est adress\u00e9e \u00e0 ces individus qui pr\u00e9sentent un risque \u00e9lev\u00e9. Cette ligne directrice sugg\u00e8re de tester pour le VHC \u00ab\u00a0quiconque ayant des comportements \u00e0 risque\/des expositions possibles au VHC et\/ou pr\u00e9sentant des signes cliniques laissant soup\u00e7onner une h\u00e9patite C \u00bb.<\/p>\n<p>Les populations cibl\u00e9es dans la ligne directrice de l\u2019ASPC et du CMFC incluent les personnes qui s\u2019injectent des drogues (dans le pr\u00e9sent ou le pass\u00e9), les individus ayant \u00e9t\u00e9 incarc\u00e9r\u00e9s, les individus qui pourraient avoir \u00e9t\u00e9 expos\u00e9s \u00e0 du sang contamin\u00e9, des produits du sang ou de l\u2019\u00e9quipement m\u00e9dical, et ceux qui voyagent ou r\u00e9sident dans des r\u00e9gions o\u00f9 le VHC est end\u00e9mique.<\/p>\n<p>Certains immigrants pr\u00e9sentent un risque \u00e9lev\u00e9 de VHC puisqu\u2019ils viennent de pays o\u00f9 l\u2019infection au VHC est fr\u00e9quente. Contrairement aux non-immigrants, ces personnes sont \u00e0 risque \u00e9lev\u00e9 pour le VHC d\u00fb \u00e0 l\u2019exposition iatrog\u00e9nique dans leur pays d\u2019origine (manque de standards de pr\u00e9caution, utilisation d\u2019\u00e9quipement contamin\u00e9 dans les proc\u00e9dures dentaires et m\u00e9dicales) et pas n\u00e9cessairement d\u00fb \u00e0 l\u2019utilisation de drogues en injection ou \u00e0 d\u2019autres comportements \u00e0 risque plus \u00e9lev\u00e9.\u00a0 La ligne directrice de 2009 de l\u2019ASPC et du CMFC recommande de tester pour le VHC \u00ab\u00a0les individus qui sont n\u00e9s, ont voyag\u00e9 ou r\u00e9sident dans une r\u00e9gion o\u00f9 l\u2019infection au VHC est plus fr\u00e9quente\u00a0\u00bb. Une liste des pays end\u00e9miques et une carte s\u2019y rapportant sont fournies en Annexe 6.<\/p>\n<p>Plus de personnes sont diagnostiqu\u00e9es avec une h\u00e9patite C chronique dans les sous-groupes tels que les populations autochtones (pr\u00e9valence de 3%) et la cohorte n\u00e9e entre 1950 et 1975 (pr\u00e9valence de 0,8%); ces populations pr\u00e9sentent une plus grande proportion d\u2019individus \u00e0 risque plus \u00e9lev\u00e9 de VHC d\u00fb aux comportements \u00e0 risque associ\u00e9s avec d\u2019autres expositions potentielles au VHC. Si nous tenons compte des sous-groupes d\u2019individus \u00e0 risque \u00e9lev\u00e9 d\u00fb aux comportements \u00e0 risque \u00e9lev\u00e9 ou aux expositions, la pr\u00e9valence dans le reste de ces deux groupes serait similaire \u00e0 la population \u00e0 faible risque. Par exemple, enlever les personnes qui s\u2019injectent de la drogue de la population autochtone r\u00e9duirait la pr\u00e9valence de VHC de 3% \u00e0 0,5%. Les individus de la population autochtone qui ne sont pas autrement \u00e0 risque \u00e9lev\u00e9 sont donc inclus dans la pr\u00e9sente ligne directrice du G\u00c9CSSP, qui ne recommande pas le d\u00e9pistage des adultes qui ne sont pas \u00e0 risque \u00e9lev\u00e9. De fa\u00e7on similaire, le risque excessif pr\u00e9sent dans la cohorte n\u00e9e entre 1950 et 1975\u00a0 est\u00a0attribuable \u00e0 la pr\u00e9valence accrue de comportements \u00e0 risque ou d\u2019expositions potentielles plut\u00f4t que par l\u2019ann\u00e9e de naissance elle-m\u00eame. De l\u2019avis du Groupe d\u2019\u00e9tude, ni\u00a0 les autochtones ni les membres de la g\u00e9n\u00e9ration n\u00e9e entre 1950-1975 ne devraient \u00eatre d\u00e9pist\u00e9s pour le VHC en l\u2019absence d\u2019autres caract\u00e9ristiques qui les placeraient \u00e0 un niveau de risque \u00e9lev\u00e9 pour le VHC.<\/p>\n<p>Le G\u00c9CSSP a consid\u00e9r\u00e9 la possibilit\u00e9 de d\u00e9pister une cohorte de naissance\u00a0; \u00e0 savoir, un examen ponctuel pour toutes les personnes n\u00e9es, par exemple, entre 1950 et 1975. Cependant, le risque \u00e9lev\u00e9 pr\u00e9sent dans cette cohorte est d\u00fb aux comportements \u00e0 risque. La plupart des individus dans cette cohorte de naissance qui sont \u00e0 risque \u00e9lev\u00e9 sont inclus dans la ligne directrice commune de l\u2019ASPC et du CMFC. Suivre cette ligne directrice bas\u00e9e sur le risque permettra probablement d\u2019am\u00e9liorer l\u2019identification de ceux qui b\u00e9n\u00e9ficieront le plus du d\u00e9pistage. Ceux n\u00e9s entre 1950 et 1975 qui ne sont pas autrement \u00e0 risque \u00e9lev\u00e9 sont inclus dans la pr\u00e9sente ligne directrice du G\u00c9CSSP, qui recommande de ne pas d\u00e9pister les adultes qui ne sont pas \u00e0 risque \u00e9lev\u00e9. Plus de donn\u00e9es probantes sont n\u00e9cessaires avant d\u2019\u00e9tablir une recommandation \u00e0 propos de tests pour des cohortes de naissance, s\u00e9par\u00e9ment des adultes de la population g\u00e9n\u00e9rale.<\/p>\n<p>&nbsp;<\/p>\n<\/div><\/div><\/div><\/div>\n","protected":false},"excerpt":{"rendered":"","protected":false},"author":20241,"featured_media":0,"parent":0,"menu_order":75,"comment_status":"closed","ping_status":"closed","template":"","meta":{"_acf_changed":false,"footnotes":""},"categories":[218],"tags":[],"class_list":["post-12738","page","type-page","status-publish","hentry","category-outils"],"acf":[],"_links":{"self":[{"href":"https:\/\/canadiantaskforce.ca\/fr\/wp-json\/wp\/v2\/pages\/12738","targetHints":{"allow":["GET"]}}],"collection":[{"href":"https:\/\/canadiantaskforce.ca\/fr\/wp-json\/wp\/v2\/pages"}],"about":[{"href":"https:\/\/canadiantaskforce.ca\/fr\/wp-json\/wp\/v2\/types\/page"}],"author":[{"embeddable":true,"href":"https:\/\/canadiantaskforce.ca\/fr\/wp-json\/wp\/v2\/users\/20241"}],"replies":[{"embeddable":true,"href":"https:\/\/canadiantaskforce.ca\/fr\/wp-json\/wp\/v2\/comments?post=12738"}],"version-history":[{"count":1,"href":"https:\/\/canadiantaskforce.ca\/fr\/wp-json\/wp\/v2\/pages\/12738\/revisions"}],"predecessor-version":[{"id":20903,"href":"https:\/\/canadiantaskforce.ca\/fr\/wp-json\/wp\/v2\/pages\/12738\/revisions\/20903"}],"wp:attachment":[{"href":"https:\/\/canadiantaskforce.ca\/fr\/wp-json\/wp\/v2\/media?parent=12738"}],"wp:term":[{"taxonomy":"category","embeddable":true,"href":"https:\/\/canadiantaskforce.ca\/fr\/wp-json\/wp\/v2\/categories?post=12738"},{"taxonomy":"post_tag","embeddable":true,"href":"https:\/\/canadiantaskforce.ca\/fr\/wp-json\/wp\/v2\/tags?post=12738"}],"curies":[{"name":"wp","href":"https:\/\/api.w.org\/{rel}","templated":true}]}}