{"id":14278,"date":"2017-09-11T00:05:56","date_gmt":"2017-09-11T04:05:56","guid":{"rendered":"http:\/\/canadiantaskforce.ca\/?page_id=14278"},"modified":"2024-04-16T10:12:10","modified_gmt":"2024-04-16T14:12:10","slug":"anevrisme-de-laorte-abdominale-de-la-prostate-avantages-et-inconvenients","status":"publish","type":"page","link":"https:\/\/canadiantaskforce.ca\/fr\/tools-resources\/anevrisme-de-laorte-abdominale-de-la-prostate-avantages-et-inconvenients\/","title":{"rendered":"An\u00e9vrisme de l\u2019aorte abdominale\u2014Outil de d\u00e9pistage aupr\u00e8s de 1000 personnes"},"content":{"rendered":"<div class='fullwidth-section  ' style=\"background-repeat:no-repeat;background-position:left top;\"><div class=\"container\"><div class=\"dt-sc-tabs-vertical2-container\"><ul id=\"menu-outilsressources\" class=\"dt-sc-tabs-vertical2-frame\"><li id=\"menu-item-14151\" class=\"menu-item menu-item-type-post_type menu-item-object-page menu-item-14151\"><a href=\"https:\/\/canadiantaskforce.ca\/fr\/tools-resources\/\">Outils de d\u00e9pistage<\/a><\/li>\n<li id=\"menu-item-14150\" class=\"menu-item menu-item-type-post_type menu-item-object-page menu-item-14150\"><a href=\"https:\/\/canadiantaskforce.ca\/fr\/?page_id=11228\">Vid\u00e9os<\/a><\/li>\n<\/ul><div class=\"dt-sc-tabs-vertical2-frame-content\"><div class='pdfdownload'><h5>Version PDF<\/h5><hr><div class='pdfdownload-text'> <a href=\"https:\/\/canadiantaskforce.ca\/wp-content\/uploads\/2017\/09\/CTFPHC_AAA_Harms-and-Benefits_v2_Final_FRENCH.pdf\">PDF en couleur<\/a><\/p>\n<p><a href=\"https:\/\/canadiantaskforce.ca\/wp-content\/uploads\/2017\/09\/CTFPHC_AAA_Harms-and-Benefits_v2_Final_BW_FRENCH.pdf\">PDF noir et blanc<\/a><\/div><\/div>\n<div class='back'><h4><span class='fa fa-angle-left'><\/span>&nbsp;<a href='\/lignesdirectrives\/lignes-directrices-publiees\/anevrisme-de-laorte-abdominale\/'>Retour<\/a><\/h4><\/div>\n<p>Nous recommandons un d\u00e9pistage ponctuel avec \u00e9chographie pour l&rsquo;AAA chez les\u00a0hommes \u00e2g\u00e9s de 65 \u00e0 80 ans.<\/p>\n<p>Nous recommandons de ne pas d\u00e9pister les hommes \u00e2g\u00e9s de plus de 80 ans pour\u00a0l\u2019AAA.<\/p>\n<p>Nous recommandons de ne pas d\u00e9pister les femmes pour l\u2019an\u00e9vrisme de l\u2019AAA.<\/p>\n<h3>Points cl\u00e9s<\/h3>\n<ul>\n<li>Le d\u00e9pistage implique d\u2019examiner une personne qui ne pr\u00e9sente pas de sympt\u00f4mes d\u2019une condition\nm\u00e9dicale ou d\u2019une maladie.<\/li>\n<li>Le d\u00e9pistage utilise un outil sp\u00e9cifique pour identifier une condition ou une maladie.<\/li>\n<li>L\u2019AAA est un affaiblissement de la paroi de l\u2019aorte qui se gonfle en raison de la pression du flux sanguin.<\/li>\n<li>Le sexe masculin, l\u2019histoire familiale et l\u2019\u00e2ge avanc\u00e9 sont tous associ\u00e9s \u00e0 un risque accru d\u2019AAA.<\/li>\n<li>\u00catre un fumeur actuel ou un ancien fumeur est \u00e9galement un facteur de risque important pour l\u2019AAA.<\/li>\n<li>Les femmes sont moins susceptibles d\u2019avoir un AAA, et il n\u2019y a aucune preuve que le d\u00e9pistage a un\u00a0impact positif sur leur sant\u00e9.<\/li>\n<\/ul>\n<h3><\/h3>\n<h3>1000 hommes \u00e2g\u00e9s de 65 \u00e0 80 ans\u00a0<u>qui se font<\/u> d\u00e9pister*<\/h3>\n<p><a href=\"https:\/\/canadiantaskforce.ca\/wp-content\/uploads\/2017\/08\/AAA_1000person_graphic_MenWhoGetScreened.jpg\"><img loading=\"lazy\" decoding=\"async\" class=\"alignnone size-full wp-image-14218\" src=\"https:\/\/canadiantaskforce.ca\/wp-content\/uploads\/2017\/08\/AAA_1000person_graphic_MenWhoGetScreened.jpg\" alt=\"\" width=\"521\" height=\"355\" srcset=\"https:\/\/canadiantaskforce.ca\/wp-content\/uploads\/2017\/08\/AAA_1000person_graphic_MenWhoGetScreened.jpg 521w, https:\/\/canadiantaskforce.ca\/wp-content\/uploads\/2017\/08\/AAA_1000person_graphic_MenWhoGetScreened-300x204.jpg 300w, https:\/\/canadiantaskforce.ca\/wp-content\/uploads\/2017\/08\/AAA_1000person_graphic_MenWhoGetScreened-100x68.jpg 100w\" sizes=\"auto, (max-width: 521px) 100vw, 521px\" \/><\/a><\/p>\n<ul>\n<li>45 Hommes [repr\u00e9sent\u00e9s par les points verts]\u00a0avec un AAA identifi\u00e9 par le d\u00e9pistage et surveill\u00e9\u00a0chaque ann\u00e9e selon la taille de l\u2019AAA (&lt;5,5cm)<\/li>\n<li>8 Hommes [repr\u00e9sent\u00e9s par les points bleus] qui subissent une proc\u00e9dure \u00e9lective\u2021<\/li>\n<li>2 Hommes [repr\u00e9sent\u00e9s\u00a0par les points oranges] qui subissent une rupture de l\u2019AAA<\/li>\n<li>2 Hommes [repr\u00e9sent\u00e9s par les points noirs] qui d\u00e9c\u00e8dent de leur AAA (rupture ou complication)<\/li>\n<\/ul>\n<p>&nbsp;<\/p>\n<h3>1000 hommes \u00e2g\u00e9s de 65 \u00e0 80 ans\u00a0<u>qui ne se font pas<\/u>\u00a0d\u00e9pist\u00e9s*<\/h3>\n<p><a href=\"https:\/\/canadiantaskforce.ca\/wp-content\/uploads\/2017\/08\/AAA_1000person_graphic_MenNotScreened.jpg\"><img loading=\"lazy\" decoding=\"async\" class=\"alignnone size-full wp-image-14217\" src=\"https:\/\/canadiantaskforce.ca\/wp-content\/uploads\/2017\/08\/AAA_1000person_graphic_MenNotScreened.jpg\" alt=\"1000 person graphic of men not screened\" width=\"523\" height=\"359\" srcset=\"https:\/\/canadiantaskforce.ca\/wp-content\/uploads\/2017\/08\/AAA_1000person_graphic_MenNotScreened.jpg 523w, https:\/\/canadiantaskforce.ca\/wp-content\/uploads\/2017\/08\/AAA_1000person_graphic_MenNotScreened-300x206.jpg 300w, https:\/\/canadiantaskforce.ca\/wp-content\/uploads\/2017\/08\/AAA_1000person_graphic_MenNotScreened-100x69.jpg 100w\" sizes=\"auto, (max-width: 523px) 100vw, 523px\" \/><\/a><\/p>\n<ul>\n<li>0\u2020 Hommes avec un AAA identifi\u00e9 par le d\u00e9pistage et surveill\u00e9\u00a0chaque ann\u00e9e selon la taille de l\u2019AAA (&lt;5,5cm)<\/li>\n<li>3 Hommes [repr\u00e9sent\u00e9s par les points bleus]\u00a0qui subissent une proc\u00e9dure \u00e9lective\u2021<\/li>\n<li>4 Hommes [repr\u00e9sent\u00e9s par les points oranges]\u00a0qui subissent une rupture de l\u2019AAA<\/li>\n<li>3 Hommes [repr\u00e9sent\u00e9s par les points noirs]\u00a0qui d\u00e9c\u00e8dent de leur AAA (rupture ou complication)<\/li>\n<\/ul>\n<p>&nbsp;<\/p>\n<p><small>*P\u00e9riode de suivi de 3 \u00e0 5 ans.\n<\/small><\/p>\n<p><small>\u2020Si vous n\u2019\u00eates pas d\u00e9pist\u00e9, votre AAA n\u2019est pas identifi\u00e9 par un test de d\u00e9pistage.\n<\/small><\/p>\n<p><small>\u2021 La chirurgie qui est pr\u00e9vue \u00e0 l\u2019avance plut\u00f4t que dans une situation d\u2019urgence.<\/small><\/p>\n<p>&nbsp;<\/p>\n<blockquote style=\"border: 2px solid #E2E2E2;padding: 10px;background-color: #ececec\">\n<p>Le d\u00e9pistage est une d\u00e9cision\u00a0personnelle. Il est important que\u00a0vous preniez en consid\u00e9ration les\u00a0b\u00e9n\u00e9fices et les inconv\u00e9nients\u00a0pour vous-m\u00eame pour ensuite\u00a0discuter de votre d\u00e9cision avec votre\u00a0professionnel en soins primaires.<\/p>\n<\/blockquote>\n<p>&nbsp;<\/p>\n<hr \/>\n<p><strong>R\u00e9f\u00e9rences<\/strong>\nAli, et. al. (2016). Screening for abdominal aortic aneurysm in asymptomatic adults. Journal of Vascular Surgery, 64(6), 1855 &#8211; 1868.\nNorman, P.E., Jamrozik, K., Lawrence-Brown, M.M., Le, M.T., Spencer, C.A., Tuohy, R.J., et al. (2004). Population based randomised controlled trial on impact of\u00a0screening on mortality from abdominal aortic aneurysm. BMJ, 329(7477), 1259.<\/p>\n<p>&nbsp;<\/p>\n<p>&nbsp;<\/p>\n<section id=\"what-are-my-risks-if-i-dont-get-screened\" class=\"ctfphc-section\">\n<section id=\"note\" class=\"ctfphc-section\"><\/section>\n<\/section>\n<p>&nbsp;<\/p>\n<\/div><\/div><\/div><\/div>\n","protected":false},"excerpt":{"rendered":"","protected":false},"author":20241,"featured_media":14252,"parent":10330,"menu_order":5,"comment_status":"closed","ping_status":"closed","template":"","meta":{"_acf_changed":false,"footnotes":""},"categories":[269,218],"tags":[],"class_list":["post-14278","page","type-page","status-publish","has-post-thumbnail","hentry","category-anevrismedelaorteabdominale","category-outils"],"acf":[],"_links":{"self":[{"href":"https:\/\/canadiantaskforce.ca\/fr\/wp-json\/wp\/v2\/pages\/14278","targetHints":{"allow":["GET"]}}],"collection":[{"href":"https:\/\/canadiantaskforce.ca\/fr\/wp-json\/wp\/v2\/pages"}],"about":[{"href":"https:\/\/canadiantaskforce.ca\/fr\/wp-json\/wp\/v2\/types\/page"}],"author":[{"embeddable":true,"href":"https:\/\/canadiantaskforce.ca\/fr\/wp-json\/wp\/v2\/users\/20241"}],"replies":[{"embeddable":true,"href":"https:\/\/canadiantaskforce.ca\/fr\/wp-json\/wp\/v2\/comments?post=14278"}],"version-history":[{"count":5,"href":"https:\/\/canadiantaskforce.ca\/fr\/wp-json\/wp\/v2\/pages\/14278\/revisions"}],"predecessor-version":[{"id":27135,"href":"https:\/\/canadiantaskforce.ca\/fr\/wp-json\/wp\/v2\/pages\/14278\/revisions\/27135"}],"up":[{"embeddable":true,"href":"https:\/\/canadiantaskforce.ca\/fr\/wp-json\/wp\/v2\/pages\/10330"}],"wp:featuredmedia":[{"embeddable":true,"href":"https:\/\/canadiantaskforce.ca\/fr\/wp-json\/wp\/v2\/media\/14252"}],"wp:attachment":[{"href":"https:\/\/canadiantaskforce.ca\/fr\/wp-json\/wp\/v2\/media?parent=14278"}],"wp:term":[{"taxonomy":"category","embeddable":true,"href":"https:\/\/canadiantaskforce.ca\/fr\/wp-json\/wp\/v2\/categories?post=14278"},{"taxonomy":"post_tag","embeddable":true,"href":"https:\/\/canadiantaskforce.ca\/fr\/wp-json\/wp\/v2\/tags?post=14278"}],"curies":[{"name":"wp","href":"https:\/\/api.w.org\/{rel}","templated":true}]}}