{"id":15217,"date":"2017-11-14T14:00:49","date_gmt":"2017-11-14T19:00:49","guid":{"rendered":"http:\/\/canadiantaskforce.ca\/?page_id=15217"},"modified":"2024-04-16T10:13:56","modified_gmt":"2024-04-16T14:13:56","slug":"visites-periodiques-en-sante-preventive","status":"publish","type":"page","link":"https:\/\/canadiantaskforce.ca\/fr\/lignesdirectrives\/visites-periodiques-en-sante-preventive\/","title":{"rendered":"Visites p\u00e9riodiques en sant\u00e9 pr\u00e9ventive"},"content":{"rendered":"<div class=\"shadedbox\">\n<h4>Cet article a \u00e9t\u00e9 \u00e9valu\u00e9 par les pairs<\/h4>\n<\/div>\n<h3><\/h3>\n<h3>Visites p\u00e9riodiques en sant\u00e9 pr\u00e9ventive : une approche plus appropri\u00e9e pour fournir des services pr\u00e9ventifs (2017)<\/h3>\n<p>L\u2019examen physique annuel traditionnel des adultes asymptomatiques ne s\u2018appuie pas sur des donn\u00e9es probantes et peut entra\u00eener certains inconv\u00e9nients. Une visite pr\u00e9ventive p\u00e9riodique (c&rsquo;est-\u00e0-dire, en fonction de l&rsquo;\u00e2ge, du risque et des intervalles de tests sp\u00e9cifiques) est plus avantageuse pour fournir des conseils pr\u00e9ventifs et des tests de d\u00e9pistage av\u00e9r\u00e9s b\u00e9n\u00e9fiques. Les visites pr\u00e9ventives p\u00e9riodiques sont particuli\u00e8rement utiles pour les personnes \u00e2g\u00e9es de plus de 65 ans.<\/p>\n<p>Un examen physique annuel des adultes asymptomatiques comprend g\u00e9n\u00e9ralement un examen des ant\u00e9c\u00e9dents m\u00e9dicaux du patient, des m\u00e9dicaments, des allergies et des organes, ainsi qu&rsquo;un examen physique complet pouvant \u00eatre suivi de tests en laboratoire et de discussions sur les risques pour la sant\u00e9, le comportement et la situation sociale. Une revue syst\u00e9matique de 14 essais contr\u00f4l\u00e9s randomis\u00e9s (ECR) a indiqu\u00e9 que ces examens g\u00e9n\u00e9raux ne r\u00e9duisent pas la mortalit\u00e9 totale, la mortalit\u00e9 cardiovasculaire ou la mortalit\u00e9 par cancer.<\/p>\n<p>En comparaison, une visite p\u00e9riodique de sant\u00e9 pr\u00e9ventive chez des adultes asymptomatiques consiste \u00e0 planifier des visites en fonction de l&rsquo;\u00e2ge, du sexe et de l&rsquo;\u00e9tat de sant\u00e9 de l&rsquo;individu pour fournir des conseils pr\u00e9ventifs, des vaccins et des tests de d\u00e9pistage efficaces. Une m\u00e9ta-analyse de 19 \u00e9tudes sur des visites de sant\u00e9 pr\u00e9ventives p\u00e9riodiques chez des personnes \u00e2g\u00e9es de plus de 65 ans a indiqu\u00e9 une diminution de la mortalit\u00e9 et une augmentation de leur probabilit\u00e9 de vivre de fa\u00e7on autonome dans la communaut\u00e9. Cette approche permet une discussion plus d\u00e9taill\u00e9e sur les avantages et les risques du d\u00e9pistage et une approche de prise de d\u00e9cision partag\u00e9e dans le contexte de la situation particuli\u00e8re de chaque patient.<\/p>\n<p>&nbsp;<\/p>\n<p><strong>Recommandation:<\/strong><\/p>\n<ul>\n<li>Nous recommandons que les professionnels en soins primaires adoptent des visites de sant\u00e9 pr\u00e9ventives p\u00e9riodiques au lieu d\u2019effectuer des examens physiques annuels pour la prestation de services pr\u00e9ventifs.<\/li>\n<\/ul>\n<h3><\/h3>\n<p>&nbsp;<\/p>\n<h3><\/h3>\n<p><a name=\"documents\"><\/a><\/p>\n<div class=\"additionaldocuments\"><\/div>\n","protected":false},"excerpt":{"rendered":"<p>Cet article a \u00e9t\u00e9 \u00e9valu\u00e9 par les pairs Visites p\u00e9riodiques en sant\u00e9 pr\u00e9ventive : une approche plus appropri\u00e9e pour fournir des services pr\u00e9ventifs (2017) L\u2019examen physique annuel traditionnel des adultes asymptomatiques ne s\u2018appuie pas sur des donn\u00e9es probantes et peut entra\u00eener certains inconv\u00e9nients. Une visite pr\u00e9ventive p\u00e9riodique (c&rsquo;est-\u00e0-dire, en fonction de l&rsquo;\u00e2ge, du risque et [&hellip;]<\/p>\n","protected":false},"author":20241,"featured_media":0,"parent":9818,"menu_order":0,"comment_status":"closed","ping_status":"closed","template":"tpl-peerreviewed.php","meta":{"_acf_changed":false,"footnotes":""},"categories":[195],"tags":[186,190,188],"class_list":["post-15217","page","type-page","status-publish","hentry","category-lignes-directrices","tag-female","tag-male","tag-older-adult"],"acf":[],"_links":{"self":[{"href":"https:\/\/canadiantaskforce.ca\/fr\/wp-json\/wp\/v2\/pages\/15217","targetHints":{"allow":["GET"]}}],"collection":[{"href":"https:\/\/canadiantaskforce.ca\/fr\/wp-json\/wp\/v2\/pages"}],"about":[{"href":"https:\/\/canadiantaskforce.ca\/fr\/wp-json\/wp\/v2\/types\/page"}],"author":[{"embeddable":true,"href":"https:\/\/canadiantaskforce.ca\/fr\/wp-json\/wp\/v2\/users\/20241"}],"replies":[{"embeddable":true,"href":"https:\/\/canadiantaskforce.ca\/fr\/wp-json\/wp\/v2\/comments?post=15217"}],"version-history":[{"count":5,"href":"https:\/\/canadiantaskforce.ca\/fr\/wp-json\/wp\/v2\/pages\/15217\/revisions"}],"predecessor-version":[{"id":19281,"href":"https:\/\/canadiantaskforce.ca\/fr\/wp-json\/wp\/v2\/pages\/15217\/revisions\/19281"}],"up":[{"embeddable":true,"href":"https:\/\/canadiantaskforce.ca\/fr\/wp-json\/wp\/v2\/pages\/9818"}],"wp:attachment":[{"href":"https:\/\/canadiantaskforce.ca\/fr\/wp-json\/wp\/v2\/media?parent=15217"}],"wp:term":[{"taxonomy":"category","embeddable":true,"href":"https:\/\/canadiantaskforce.ca\/fr\/wp-json\/wp\/v2\/categories?post=15217"},{"taxonomy":"post_tag","embeddable":true,"href":"https:\/\/canadiantaskforce.ca\/fr\/wp-json\/wp\/v2\/tags?post=15217"}],"curies":[{"name":"wp","href":"https:\/\/api.w.org\/{rel}","templated":true}]}}