{"id":16202,"date":"2018-02-12T15:23:58","date_gmt":"2018-02-12T20:23:58","guid":{"rendered":"http:\/\/canadiantaskforce.ca\/?page_id=16202"},"modified":"2021-04-15T14:18:09","modified_gmt":"2021-04-15T18:18:09","slug":"serie-prevention-en-pratique","status":"publish","type":"page","link":"https:\/\/canadiantaskforce.ca\/fr\/lignesdirectrives\/serie-prevention-en-pratique\/","title":{"rendered":"S\u00e9rie Pr\u00e9vention en pratique"},"content":{"rendered":"<div class='fullwidth-section  ' style=\"background-repeat:no-repeat;background-position:left top;\"><div class=\"container\"><div class=\"dt-sc-tabs-vertical2-container\"><ul id=\"menu-guidelines-french\" class=\"dt-sc-tabs-vertical2-frame\"><li id=\"menu-item-14161\" class=\"menu-item menu-item-type-post_type menu-item-object-page menu-item-has-children menu-item-14161\"><a href=\"https:\/\/canadiantaskforce.ca\/fr\/lignesdirectrives\/lignes-directrices-publiees\/\">Lignes directrices publi\u00e9es<\/a>\n<ul class=\"sub-menu\">\n\t<li id=\"menu-item-10358\" class=\"menu-item menu-item-type-post_type menu-item-object-page menu-item-10358\"><a href=\"https:\/\/canadiantaskforce.ca\/fr\/lignesdirectrives\/\">Aper\u00e7u<\/a><\/li>\n\t<li id=\"menu-item-22231\" class=\"menu-item menu-item-type-post_type menu-item-object-page menu-item-22231\"><a href=\"https:\/\/canadiantaskforce.ca\/fr\/lignesdirectrives\/lignes-directrices-publiees\/adenocarcinome-oesophagien\/\">Ad\u00e9nocarcinome \u0153sophagien (2020)<\/a><\/li>\n\t<li id=\"menu-item-20198\" class=\"menu-item menu-item-type-post_type menu-item-object-page menu-item-20198\"><a href=\"https:\/\/canadiantaskforce.ca\/fr\/lignesdirectrives\/lignes-directrices-publiees\/anevrisme-aortique-abdominal\/\">An\u00e9vrisme de l\u2019aorte abdominale (2017)<\/a><\/li>\n\t<li id=\"menu-item-17776\" class=\"menu-item menu-item-type-post_type menu-item-object-page menu-item-17776\"><a href=\"https:\/\/canadiantaskforce.ca\/fr\/lignesdirectrives\/lignes-directrices-publiees\/bacteriurie-asymptomatique\/\">Bact\u00e9riurie asymptomatique au cours de la grossesse (2018)<\/a><\/li>\n\t<li id=\"menu-item-29979\" class=\"menu-item menu-item-type-post_type menu-item-object-page menu-item-29979\"><a href=\"https:\/\/canadiantaskforce.ca\/fr\/lignesdirectrives\/lignes-directrices-publiees\/cancer-du-sein-mise-a-jour-2024\/\">[Archiv\u00e9] Conflits D\u2019int\u00e9r\u00eatsCancer du Sein (mise \u00e0 jour) -Recommandations provisoires (2024)<\/a><\/li>\n\t<li id=\"menu-item-10816\" class=\"menu-item menu-item-type-post_type menu-item-object-page menu-item-10816\"><a href=\"https:\/\/canadiantaskforce.ca\/fr\/lignesdirectrives\/lignes-directrices-publiees\/cancer-colorectal\/\">Cancer colorectal (2016)<\/a><\/li>\n\t<li id=\"menu-item-10817\" class=\"menu-item menu-item-type-post_type menu-item-object-page menu-item-10817\"><a href=\"https:\/\/canadiantaskforce.ca\/fr\/lignesdirectrives\/lignes-directrices-publiees\/cancer-de-la-prostate\/\">Cancer de la prostate (2014)<\/a><\/li>\n\t<li id=\"menu-item-10818\" class=\"menu-item menu-item-type-post_type menu-item-object-page menu-item-10818\"><a href=\"https:\/\/canadiantaskforce.ca\/fr\/lignesdirectrives\/lignes-directrices-publiees\/cancer-du-col-de-luterus\/\">Cancer du col de l\u2019ut\u00e9rus (2013)<\/a><\/li>\n\t<li id=\"menu-item-10819\" class=\"menu-item menu-item-type-post_type menu-item-object-page menu-item-10819\"><a href=\"https:\/\/canadiantaskforce.ca\/fr\/lignesdirectrives\/lignes-directrices-publiees\/cancer-du-poumon\/\">Cancer du poumon (2016)<\/a><\/li>\n\t<li id=\"menu-item-23926\" class=\"menu-item menu-item-type-post_type menu-item-object-page menu-item-23926\"><a href=\"https:\/\/canadiantaskforce.ca\/fr\/lignesdirectrives\/lignes-directrices-publiees\/chlamydia-et-gonorrhee\/\">Chlamydia et gonorrh\u00e9e (2021)<\/a><\/li>\n\t<li id=\"menu-item-10821\" class=\"menu-item menu-item-type-post_type menu-item-object-page menu-item-10821\"><a href=\"https:\/\/canadiantaskforce.ca\/fr\/lignesdirectrives\/lignes-directrices-publiees\/deficience-cognitive\/\">D\u00e9ficience cognitive (2024)<\/a><\/li>\n\t<li id=\"menu-item-33166\" class=\"menu-item menu-item-type-post_type menu-item-object-page menu-item-33166\"><a href=\"https:\/\/canadiantaskforce.ca\/fr\/lignesdirectrives\/lignes-directrices-publiees\/depression-chez-ladulte-mise-a-jour\/\">D\u00e9pression chez l\u2019adulte (mise \u00e0 jour) (2025)<\/a><\/li>\n\t<li id=\"menu-item-25495\" class=\"menu-item menu-item-type-post_type menu-item-object-page menu-item-25495\"><a href=\"https:\/\/canadiantaskforce.ca\/fr\/lignesdirectrives\/lignes-directrices-publiees\/depression-pendant-la-grossesse-et-la-periode-postnatale\/\">D\u00e9pression pendant la grossesse et la p\u00e9riode postnatale (2022)<\/a><\/li>\n\t<li id=\"menu-item-10823\" class=\"menu-item menu-item-type-post_type menu-item-object-page menu-item-10823\"><a href=\"https:\/\/canadiantaskforce.ca\/fr\/lignesdirectrives\/lignes-directrices-publiees\/diabete-de-type-2\/\">Diab\u00e8te de type 2 (2012)<\/a><\/li>\n\t<li id=\"menu-item-22278\" class=\"menu-item menu-item-type-post_type menu-item-object-page menu-item-22278\"><a href=\"https:\/\/canadiantaskforce.ca\/fr\/lignesdirectrives\/lignes-directrices-publiees\/dysfonctionnement-thyroidien\/\">Dysfonctionnement thyro\u00efdien (2019)<\/a><\/li>\n\t<li id=\"menu-item-10824\" class=\"menu-item menu-item-type-post_type menu-item-object-page menu-item-10824\"><a href=\"https:\/\/canadiantaskforce.ca\/fr\/lignesdirectrives\/lignes-directrices-publiees\/pelvic-exam\/\">Examen pelvien (2016)<\/a><\/li>\n\t<li id=\"menu-item-27545\" class=\"menu-item menu-item-type-post_type menu-item-object-page menu-item-27545\"><a href=\"https:\/\/canadiantaskforce.ca\/fr\/lignesdirectrives\/lignes-directrices-publiees\/fracture-de-fragilisation\/\">Fracture De Fragilisation (2023)<\/a><\/li>\n\t<li id=\"menu-item-13025\" class=\"menu-item menu-item-type-post_type menu-item-object-page menu-item-13025\"><a href=\"https:\/\/canadiantaskforce.ca\/fr\/lignesdirectrives\/lignes-directrices-publiees\/hepatite-c\/\">H\u00e9patite C (2017)<\/a><\/li>\n\t<li id=\"menu-item-10825\" class=\"menu-item menu-item-type-post_type menu-item-object-page menu-item-10825\"><a href=\"https:\/\/canadiantaskforce.ca\/fr\/lignesdirectrives\/lignes-directrices-publiees\/hypertension-arterielle\/\">Hypertension art\u00e9rielle (2012)<\/a><\/li>\n\t<li id=\"menu-item-10828\" class=\"menu-item menu-item-type-post_type menu-item-object-page menu-item-10828\"><a href=\"https:\/\/canadiantaskforce.ca\/fr\/lignesdirectrives\/lignes-directrices-publiees\/retard-de-developpement\/\">Retard de d\u00e9veloppement (2016)<\/a><\/li>\n\t<li id=\"menu-item-32710\" class=\"menu-item menu-item-type-post_type menu-item-object-page menu-item-32710\"><a href=\"https:\/\/canadiantaskforce.ca\/fr\/lignesdirectrives\/lignes-directrices-publiees\/tabagisme-chez-ladulte\/\">Tabagisme chez l\u2019adulte (2025)<\/a><\/li>\n\t<li id=\"menu-item-12541\" class=\"menu-item menu-item-type-post_type menu-item-object-page menu-item-12541\"><a href=\"https:\/\/canadiantaskforce.ca\/fr\/lignesdirectrives\/lignes-directrices-publiees\/tabagisme-chez-les-enfants-et-les-adolescents\/\">Tabagisme chez les enfants et les adolescents (2017)<\/a><\/li>\n\t<li id=\"menu-item-17149\" class=\"menu-item menu-item-type-post_type menu-item-object-page menu-item-17149\"><a href=\"https:\/\/canadiantaskforce.ca\/fr\/lignesdirectrives\/lignes-directrices-publiees\/troubles-de-la-vision\/\">Troubles de la vision (2018)<\/a><\/li>\n<\/ul>\n<\/li>\n<li id=\"menu-item-31045\" class=\"menu-item menu-item-type-post_type menu-item-object-page menu-item-31045\"><a href=\"https:\/\/canadiantaskforce.ca\/fr\/lignesdirectrives\/scores-d-evaluation-ecri\/\">Scores d\u2019\u00e9valuation (ECRI)<\/a><\/li>\n<li id=\"menu-item-19784\" class=\"menu-item menu-item-type-post_type menu-item-object-page menu-item-19784\"><a href=\"https:\/\/canadiantaskforce.ca\/fr\/lignesdirectrives\/revues-systematiques-et-protocoles\/\">Revues Syst\u00e9matiques et Protocoles<\/a><\/li>\n<li id=\"menu-item-19879\" class=\"menu-item menu-item-type-post_type menu-item-object-page menu-item-has-children menu-item-19879\"><a href=\"https:\/\/canadiantaskforce.ca\/fr\/methodologie\/\">[Archiv\u00e9]\u00a0M\u00e9thodologie<\/a>\n<ul class=\"sub-menu\">\n\t<li id=\"menu-item-19880\" class=\"menu-item menu-item-type-post_type menu-item-object-page menu-item-19880\"><a href=\"https:\/\/canadiantaskforce.ca\/fr\/methodologie\/\">Manuel des proc\u00e9dures<\/a><\/li>\n\t<li id=\"menu-item-19881\" class=\"menu-item menu-item-type-post_type menu-item-object-page menu-item-19881\"><a href=\"https:\/\/canadiantaskforce.ca\/fr\/methodologie\/grade\/\">GRADE<\/a><\/li>\n\t<li id=\"menu-item-19882\" class=\"menu-item menu-item-type-post_type menu-item-object-page menu-item-19882\"><a href=\"https:\/\/canadiantaskforce.ca\/fr\/methodologie\/protocole-relatif-aux-preferences-des-patients\/\">Protocole de participation du patient<\/a><\/li>\n\t<li id=\"menu-item-28459\" class=\"menu-item menu-item-type-post_type menu-item-object-page menu-item-28459\"><a href=\"https:\/\/canadiantaskforce.ca\/fr\/methodologie\/updating-reaffirmation-and-sunsetting-clinical-practice-guidelines-methods-from-the-canadian-task-force-on-preventive-health-care\/\">Mise \u00e0 jour, r\u00e9affirmation et caducit\u00e9 des\u00a0lignes directrices de pratique clinique\u00a0<\/a><\/li>\n<\/ul>\n<\/li>\n<li id=\"menu-item-27713\" class=\"menu-item menu-item-type-post_type menu-item-object-page menu-item-has-children menu-item-27713\"><a href=\"https:\/\/canadiantaskforce.ca\/fr\/lignesdirectrives\/autres-publications\/\">Autres publications<\/a>\n<ul class=\"sub-menu\">\n\t<li id=\"menu-item-19587\" class=\"menu-item menu-item-type-post_type menu-item-object-page menu-item-19587\"><a href=\"https:\/\/canadiantaskforce.ca\/fr\/lignesdirectrives\/serie-prevention-en-pratique\/\">S\u00e9rie Pr\u00e9vention en pratique<\/a><\/li>\n\t<li id=\"menu-item-19491\" class=\"menu-item menu-item-type-post_type menu-item-object-page menu-item-19491\"><a href=\"https:\/\/canadiantaskforce.ca\/fr\/lignesdirectrives\/visites-periodiques-en-sante-preventive\/\">Visites p\u00e9riodiques en sant\u00e9 pr\u00e9ventive<\/a><\/li>\n<\/ul>\n<\/li>\n<\/ul><div class=\"dt-sc-tabs-vertical2-frame-content\"><p>Depuis 2017, le Groupe d&rsquo;\u00e9tude canadien contribue \u00e0 une s\u00e9rie d&rsquo;articles intitul\u00e9s \u00ab Pr\u00e9vention en pratique \u00bb dans la revue <a href=\"http:\/\/www.cfp.ca\/\" target=\"_blank\" rel=\"noopener noreferrer\">Le M\u00e9decin de famille canadien<\/a>. Cette s\u00e9rie vise \u00e0 fournir aux professionnels en soins primaires des conseils pratiques pour la mise en \u0153uvre d\u2019interventions ax\u00e9es sur des donn\u00e9es probantes en sant\u00e9 pr\u00e9ventive et l\u2019application de prises de d\u00e9cisions partag\u00e9es avec les patients.<\/p>\n<p>Ces articles portent sur des sujets tels que la prise de d\u00e9cision partag\u00e9e, la mani\u00e8re de communiquer l&rsquo;\u00e9quilibre entre les b\u00e9n\u00e9fices et les pr\u00e9judices associ\u00e9s au traitement avec le patient, l&rsquo;identification des valeurs et des pr\u00e9f\u00e9rences des patients et l\u2019utilisation d\u2019outils d&rsquo;application des connaissances.<\/p>\n<p>Cliquez sur les liens ci-dessous pour consulter chaque article:<\/p>\n<ul>\n<li><a href=\"http:\/\/www.cfp.ca\/content\/63\/7\/e328\">Mise en oeuvre des recommandations sur les soins de sant\u00e9 pr\u00e9ventifs en medicine familiale: Pr\u00e9sentation d\u2019une s\u00e9rie par le Groupe d\u2019\u00e9tude canadien sure les soins de sant\u00e9 pr\u00e9ventifs<\/a> (Vol. 63, Issue 7; 1 Jul 2017)<\/li>\n<li><a href=\"http:\/\/www.cfp.ca\/content\/63\/7\/525\">Prendre de meilleures decisions en mati\u00e8re de d\u00e9pistage pr\u00e9ventif: \u00c9quilibrer bienfaits et prejudices<\/a> (Vol. 63, Issue 7; 1 Jul 2017)<\/li>\n<li><a href=\"http:\/\/www.cfp.ca\/content\/63\/9\/e377\">Prise de decision partag\u00e9e en soins de sant\u00e9 pr\u00e9ventifs<\/a> (Vol. 63, Issue 9; 1 Sep 2017)<\/li>\n<li><a href=\"http:\/\/www.cfp.ca\/content\/63\/11\/e466\">Outils d\u2019application des connaissances en soins de sant\u00e9 pr\u00e9ventifs <\/a>(Vol. 63, Issue 11; 1 Nov 2017)<\/li>\n<li><a href=\"http:\/\/www.cfp.ca\/content\/64\/1\/13\">Points de vue des patients: Explorer les valeurs et les pr\u00e9f\u00e9rences des patients<\/a> (Vol. 64, Issue 1; 1 Jan 2018)<\/li>\n<li><a href=\"http:\/\/www.cfp.ca\/content\/64\/3\/186?etoc\">Comprendre et expliquer le risque\u00a0: Mesurer les r\u00e9sultats et l\u2019ampleur des bienfaits et des pr\u00e9judices<\/a> (Vol 64, Issue 3; Mar 2018)<\/li>\n<li><a href=\"http:\/\/www.cfp.ca\/content\/64\/1\/e13\">Clarifier les valeurs et pr\u00e9f\u00e9rences des patients pour \u00e9clairer la prise de d\u00e9cision partag\u00e9e sur le d\u00e9pistage pr\u00e9ventif<\/a> (Vol. 64, Issue 1; 1 Jan 2018)<\/li>\n<li><a href=\"http:\/\/www.cfp.ca\/content\/64\/5\/e225\">Choisir les guides de pratique clinique \u00e0 utiliser<\/a> (Vol. 64, Issue 5; 1 May 2018)<\/li>\n<li><a href=\"http:\/\/www.cfp.ca\/content\/64\/7\/e299\">D\u00e9pistage : quand les choses tournent mal<\/a> (Vol. 64, Issue 7; 1 Jul 2018)<\/li>\n<li><a href=\"http:\/\/www.cfp.ca\/content\/64\/9\/e373\">Surdiagnostic : causes et cons\u00e9quences en soins primaires<\/a> (Vol. 64, Issue 9; 1 Sep 2018)<\/li>\n<li><a href=\"http:\/\/www.cfp.ca\/content\/64\/11\/e477\">Organisation de la pratique pour le d\u00e9pistage pr\u00e9ventif<\/a> (Vol. 64, Issue 11; 1 Nov 2018)<\/li>\n<li><a href=\"https:\/\/www.cfp.ca\/content\/65\/5\/e185\">Qualit\u00e9 du processus de d\u00e9pistage<\/a> (Vol. 65, Issue 5; 1 May 2019)<\/li>\n<li><a href=\"https:\/\/www.cfp.ca\/content\/65\/8\/e329\">D\u00e9pistage appropri\u00e9 chez les personnes \u00e2g\u00e9es<\/a> (Vol. 65, Issue 8; 1 Aug 2019)<\/li>\n<li><a href=\"https:\/\/www.cfp.ca\/content\/65\/11\/e459\">Mesurer ce qui importe vraiment<\/a> (Vol. 65, Issue 11; 1 Nov 2019)<\/li>\n<li><a href=\"https:\/\/www.cfp.ca\/content\/66\/5\/e149\">Faut-il partager ou non?<\/a> (Vol. 66, Issue 5; 1 May 2020)<\/li>\n<li><a href=\"https:\/\/www.cfp.ca\/content\/66\/11\/e287\">Les soins de sant\u00e9 pr\u00e9ventifs et les m\u00e9dias<\/a>(Vol. 66, Issue 11; 1 Nov 2020)<\/li>\n<li><a href=\"https:\/\/www.cfp.ca\/content\/67\/2\/e48\"><span style=\"font-weight: 400\">Trop t\u00f4t ou trop tard?<\/span><\/a><span style=\"font-weight: 400\"> (Vol. 67, Issue 2; 1 Feb 2021) <\/span><\/li>\n<\/ul>\n<p>&nbsp;<\/p>\n<p>&nbsp;<\/p>\n<\/div><\/div><\/div><\/div>\n","protected":false},"excerpt":{"rendered":"","protected":false},"author":20241,"featured_media":0,"parent":9818,"menu_order":32,"comment_status":"closed","ping_status":"closed","template":"","meta":{"_acf_changed":false,"footnotes":""},"categories":[],"tags":[],"class_list":["post-16202","page","type-page","status-publish","hentry"],"acf":[],"_links":{"self":[{"href":"https:\/\/canadiantaskforce.ca\/fr\/wp-json\/wp\/v2\/pages\/16202","targetHints":{"allow":["GET"]}}],"collection":[{"href":"https:\/\/canadiantaskforce.ca\/fr\/wp-json\/wp\/v2\/pages"}],"about":[{"href":"https:\/\/canadiantaskforce.ca\/fr\/wp-json\/wp\/v2\/types\/page"}],"author":[{"embeddable":true,"href":"https:\/\/canadiantaskforce.ca\/fr\/wp-json\/wp\/v2\/users\/20241"}],"replies":[{"embeddable":true,"href":"https:\/\/canadiantaskforce.ca\/fr\/wp-json\/wp\/v2\/comments?post=16202"}],"version-history":[{"count":5,"href":"https:\/\/canadiantaskforce.ca\/fr\/wp-json\/wp\/v2\/pages\/16202\/revisions"}],"predecessor-version":[{"id":23889,"href":"https:\/\/canadiantaskforce.ca\/fr\/wp-json\/wp\/v2\/pages\/16202\/revisions\/23889"}],"up":[{"embeddable":true,"href":"https:\/\/canadiantaskforce.ca\/fr\/wp-json\/wp\/v2\/pages\/9818"}],"wp:attachment":[{"href":"https:\/\/canadiantaskforce.ca\/fr\/wp-json\/wp\/v2\/media?parent=16202"}],"wp:term":[{"taxonomy":"category","embeddable":true,"href":"https:\/\/canadiantaskforce.ca\/fr\/wp-json\/wp\/v2\/categories?post=16202"},{"taxonomy":"post_tag","embeddable":true,"href":"https:\/\/canadiantaskforce.ca\/fr\/wp-json\/wp\/v2\/tags?post=16202"}],"curies":[{"name":"wp","href":"https:\/\/api.w.org\/{rel}","templated":true}]}}