{"id":16284,"date":"2018-02-12T15:33:44","date_gmt":"2018-02-12T20:33:44","guid":{"rendered":"http:\/\/canadiantaskforce.ca\/?page_id=16284"},"modified":"2024-04-16T10:12:58","modified_gmt":"2024-04-16T14:12:58","slug":"stagiaires-2018","status":"publish","type":"page","link":"https:\/\/canadiantaskforce.ca\/fr\/stagiaires-2018\/","title":{"rendered":"Stagiaires 2018"},"content":{"rendered":"<div class='fullwidth-section  ' style=\"background-repeat:no-repeat;background-position:left top;\"><div class=\"container\"><div class=\"dt-sc-tabs-vertical2-container\"><ul id=\"menu-about-french\" class=\"dt-sc-tabs-vertical2-frame\"><li id=\"menu-item-19919\" class=\"menu-item menu-item-type-post_type menu-item-object-page menu-item-19919\"><a href=\"https:\/\/canadiantaskforce.ca\/fr\/a-propos-du-gecssp\/\">\u00c0 propos du GECSSP<\/a><\/li>\n<li id=\"menu-item-14012\" class=\"menu-item menu-item-type-post_type menu-item-object-page menu-item-has-children menu-item-14012\"><a href=\"https:\/\/canadiantaskforce.ca\/fr\/a-propos-du-gecssp\/histoire\/\">Histoire<\/a>\n<ul class=\"sub-menu\">\n\t<li id=\"menu-item-19588\" class=\"menu-item menu-item-type-post_type menu-item-object-page menu-item-19588\"><a href=\"https:\/\/canadiantaskforce.ca\/fr\/la-brique-rouge-guide-canadien-de-medecine-clinique-preventive-1994\/\">\u00ab La Brique rouge \u00bb: Guide canadien de m\u00e9decine clinique pr\u00e9ventive (1994)<\/a><\/li>\n\t<li id=\"menu-item-19590\" class=\"menu-item menu-item-type-post_type menu-item-object-page menu-item-19590\"><a href=\"https:\/\/canadiantaskforce.ca\/fr\/autres-lignes-directrices-1979-2006\/\">Autres lignes directrices (1979\u20132006)<\/a><\/li>\n\t<li id=\"menu-item-19658\" class=\"menu-item menu-item-type-post_type menu-item-object-page menu-item-19658\"><a href=\"https:\/\/canadiantaskforce.ca\/fr\/autres-documents-1979-2006\/\">Autres documents (1979\u20132006)<\/a><\/li>\n<\/ul>\n<\/li>\n<li id=\"menu-item-22946\" class=\"menu-item menu-item-type-post_type menu-item-object-page menu-item-22946\"><a href=\"https:\/\/canadiantaskforce.ca\/fr\/a-propos-du-gecssp\/conflits-dinterets\/\">[Archiv\u00e9] Conflits D\u2019int\u00e9r\u00eats<\/a><\/li>\n<\/ul><div class=\"dt-sc-tabs-vertical2-frame-content\"><p><strong>Genevi\u00e8ve Cadieux<\/strong>, PhD, MD, CCFP, FRCPC<\/p>\n<p>La Dre Genevi\u00e8ve Cadieux est <em>Associate Medical Officer of Health <\/em>pour Sant\u00e9 publique Ottawa (SPO). Son exp\u00e9rience porte sur: la pr\u00e9vention et le contr\u00f4le des infections, les infections transmissibles sexuellement et par le sang, la grippe et les \u00e9closions respiratoires institutionnelles, ainsi que les programmes de d\u00e9pistage des soins dentaires et ophtalmologiques. Elle a compl\u00e9t\u00e9 sa r\u00e9sidence en sant\u00e9 publique et en m\u00e9decine pr\u00e9ventive (2017) et en m\u00e9decine de famille (2015) \u00e0 l&rsquo;Universit\u00e9 de Toronto. Elle a compl\u00e9t\u00e9 son doctorat en m\u00e9decine (2013) ainsi que son doctorat (2011) et sa ma\u00eetrise en \u00e9pid\u00e9miologie \u00e0 l&rsquo;Universit\u00e9 McGill (2004), ses travaux portant sur la surveillance de la sant\u00e9 de la population, le d\u00e9pistage et l&rsquo;abus d&rsquo;antibiotiques.<\/p>\n<p>&nbsp;<\/p>\n<p><strong>Amanda Ramdyal<\/strong>,\u00a0MSc MD CCFP<\/p>\n<p>La Dre Amanda Ramdyal est chercheure en m\u00e9decine de famille \u00e0 Hamilton, en Ontario, et professeure adjointe au D\u00e9partement de m\u00e9decine de famille de l&rsquo;Universit\u00e9 McMaster. Elle a termin\u00e9 sa formation m\u00e9dicale de premier cycle \u00e0 l&rsquo;Universit\u00e9 de Toronto (2014), puis a compl\u00e9t\u00e9 sa r\u00e9sidence \u00e0 l&rsquo;Universit\u00e9 McMaster (2016). Elle s&rsquo;int\u00e9resse particuli\u00e8rement \u00e0 la sant\u00e9 des femmes, notamment \u00e0 la pr\u00e9vention, au d\u00e9pistage et \u00e0 la gestion des infections sexuellement transmissibles.<\/p>\n<p style=\"text-align: center\"><a href=\"https:\/\/canadiantaskforce.ca\/wp-content\/uploads\/2017\/12\/KT-Program_logo_graphic.png\">\u00a0<\/a><\/p>\n<\/div><\/div><\/div><\/div>\n","protected":false},"excerpt":{"rendered":"","protected":false},"author":20241,"featured_media":0,"parent":0,"menu_order":140,"comment_status":"open","ping_status":"open","template":"tpl-fullwidth.php","meta":{"_acf_changed":false,"footnotes":""},"categories":[],"tags":[],"class_list":["post-16284","page","type-page","status-publish","hentry"],"acf":[],"_links":{"self":[{"href":"https:\/\/canadiantaskforce.ca\/fr\/wp-json\/wp\/v2\/pages\/16284","targetHints":{"allow":["GET"]}}],"collection":[{"href":"https:\/\/canadiantaskforce.ca\/fr\/wp-json\/wp\/v2\/pages"}],"about":[{"href":"https:\/\/canadiantaskforce.ca\/fr\/wp-json\/wp\/v2\/types\/page"}],"author":[{"embeddable":true,"href":"https:\/\/canadiantaskforce.ca\/fr\/wp-json\/wp\/v2\/users\/20241"}],"replies":[{"embeddable":true,"href":"https:\/\/canadiantaskforce.ca\/fr\/wp-json\/wp\/v2\/comments?post=16284"}],"version-history":[{"count":1,"href":"https:\/\/canadiantaskforce.ca\/fr\/wp-json\/wp\/v2\/pages\/16284\/revisions"}],"predecessor-version":[{"id":16285,"href":"https:\/\/canadiantaskforce.ca\/fr\/wp-json\/wp\/v2\/pages\/16284\/revisions\/16285"}],"wp:attachment":[{"href":"https:\/\/canadiantaskforce.ca\/fr\/wp-json\/wp\/v2\/media?parent=16284"}],"wp:term":[{"taxonomy":"category","embeddable":true,"href":"https:\/\/canadiantaskforce.ca\/fr\/wp-json\/wp\/v2\/categories?post=16284"},{"taxonomy":"post_tag","embeddable":true,"href":"https:\/\/canadiantaskforce.ca\/fr\/wp-json\/wp\/v2\/tags?post=16284"}],"curies":[{"name":"wp","href":"https:\/\/api.w.org\/{rel}","templated":true}]}}