{"id":16909,"date":"2018-07-09T00:01:11","date_gmt":"2018-07-09T04:01:11","guid":{"rendered":"http:\/\/canadiantaskforce.ca\/?page_id=16909"},"modified":"2024-06-17T16:30:27","modified_gmt":"2024-06-17T20:30:27","slug":"bacteriurie-asymptomatique-faq-pour-cliniciens","status":"publish","type":"page","link":"https:\/\/canadiantaskforce.ca\/fr\/tools-resources\/bacteriurie-asymptomatique\/bacteriurie-asymptomatique-faq-pour-cliniciens\/","title":{"rendered":"Bact\u00e9riurie asymptomatique au cours de la grossesse\u2014FAQ pour cliniciens"},"content":{"rendered":"<div class='fullwidth-section  ' style=\"background-repeat:no-repeat;background-position:left top;\"><div class=\"container\"><div class=\"dt-sc-tabs-vertical2-container\"><ul id=\"menu-outilsressources\" class=\"dt-sc-tabs-vertical2-frame\"><li id=\"menu-item-14151\" class=\"menu-item menu-item-type-post_type menu-item-object-page menu-item-14151\"><a href=\"https:\/\/canadiantaskforce.ca\/fr\/tools-resources\/\">Outils de d\u00e9pistage<\/a><\/li>\n<li id=\"menu-item-14150\" class=\"menu-item menu-item-type-post_type menu-item-object-page menu-item-14150\"><a href=\"https:\/\/canadiantaskforce.ca\/fr\/?page_id=11228\">Vid\u00e9os<\/a><\/li>\n<\/ul><div class=\"dt-sc-tabs-vertical2-frame-content\"><div class='pdfdownload'><h5>Version PDF<\/h5><hr><div class='pdfdownload-text'> <a href=\"https:\/\/canadiantaskforce.ca\/wp-content\/uploads\/2024\/06\/CTFPHC_Asymptomatic-Bacteriuria_Clinician-FAQ_FINAL_FRENCH_2024.pdf\" target=\"_blank\" rel=\"noopener noreferrer\">PDF en couleur<\/a><\/p>\n<p><a href=\"https:\/\/canadiantaskforce.ca\/wp-content\/uploads\/2024\/06\/CTFPHC_Asymptomatic-Bacteriuria_Clinician-FAQ_FINAL_FRENCH_BW_2024.pdf\" target=\"_blank\" rel=\"noopener noreferrer\">PDF noir et blanc<\/a> <\/div><\/div>\n<div class='back'><h4><span class='fa fa-angle-left'><\/span>&nbsp;<a href='\/lignesdirectrives\/lignes-directrices-publiees\/bacteriurie-asymptomatique\/?lang=fr'>Retour<\/a><\/h4><\/div>\n<p>Nous recommandons de d\u00e9pister la bact\u00e9riurie asymptomatique chez\u00a0les femmes enceintes une fois au cours du premier trimestre avec une\u00a0culture d\u2019urine.\n(<em>recommandation faible, donn\u00e9es probantes de tr\u00e8s\u00a0faible qualit\u00e9<\/em>).<\/p>\n<p><em>Cette recommandation s\u2019applique aux femmes enceintes qui ne\u00a0pr\u00e9sentent pas de sympt\u00f4mes d\u2019infection des voies urinaires et qui ne\u00a0pr\u00e9sentent pas de risque accru de bact\u00e9riurie asymptomatique.<\/em><\/p>\n<h3>1. Qui est \u00e0 risque accru de bact\u00e9riurie asymptomatique?<\/h3>\n<ul>\n<li>Les femmes atteintes de diab\u00e8te, d\u2019infections r\u00e9currentes des voies urinaires, de maladie polykystique des\nreins, d\u2019autres malformations r\u00e9nales \u00e0 la naissance et de dr\u00e9panocytose pr\u00e9sentent un risque plus \u00e9lev\u00e9 de\nbact\u00e9riurie asymptomatique et de complications associ\u00e9es pour les m\u00e8res et les b\u00e9b\u00e9s.<\/li>\n<\/ul>\n<h3>2. Quelles sont certaines consid\u00e9rations pour la mise en oeuvre de cette recommandation?<\/h3>\n<ul>\n<li><strong>Pr\u00e9f\u00e9rence du patient<\/strong>\n<ul>\n<li>Les d\u00e9cisions de d\u00e9pistage sont influenc\u00e9es par la fa\u00e7on dont les femmes \u00e9valuent les avantages possibles\nde la pr\u00e9vention de l\u2019infection et les inconv\u00e9nients potentiels de la prise d\u2019antibiotiques pendant la\ngrossesse.<\/li>\n<\/ul>\n<\/li>\n<li><strong>Moment<\/strong>\n<ul>\n<li>Pour faciliter la mise en oeuvre, nous recommandons un d\u00e9pistage ponctuel au premier trimestre.<\/li>\n<li>Cependant, nous reconnaissons que tous les patients ne se pr\u00e9senteront pas pour des soins pr\u00e9nataux\npendant leur premier trimestre et que le d\u00e9pistage peut survenir apr\u00e8s le premier trimestre.<\/li>\n<\/ul>\n<\/li>\n<\/ul>\n<h3>3. Quels sont les avantages et les inconv\u00e9nients du d\u00e9pistage de la bact\u00e9riurie asymptomatique\u00a0pendant la grossesse?<\/h3>\n<ul>\n<li>Le d\u00e9pistage de 1 000 femmes enceintes entra\u00eenera potentiellement de <strong>1 \u00e0 5<\/strong> b\u00e9b\u00e9s n\u00e9s avec un faible poids \u00e0 la\u00a0naissance (&lt;2500 g) de moins.<\/li>\n<li>Le d\u00e9pistage de 1 000 femmes enceintes fera en sorte que de <strong>4 \u00e0 16<\/strong> femmes de moins d\u00e9velopperont une\u00a0infection r\u00e9nale.<\/li>\n<li>Seules des preuves limit\u00e9es et de tr\u00e8s faible qualit\u00e9 sont disponibles pour d\u00e9duire les dommages associ\u00e9s au\u00a0d\u00e9pistage et au traitement de la bact\u00e9riurie asymptomatique chez les femmes et leurs b\u00e9b\u00e9s.<\/li>\n<\/ul>\n<h3>4. Pourquoi est-ce une recommandation faible?<\/h3>\n<ul>\n<li>La recommandation est faible en raison de l\u2019incertitude concernant les avantages du d\u00e9pistage ainsi qu\u2019en raison\u00a0de la vari\u00e9t\u00e9 des pr\u00e9f\u00e9rences des femmes concernant le traitement antibiotique pendant la grossesse.<\/li>\n<li>Une recommandation faible pour le d\u00e9pistage place une priorit\u00e9 relativement \u00e9lev\u00e9e sur le b\u00e9n\u00e9fice faible mais\u00a0incertain du d\u00e9pistage de la bact\u00e9riurie asymptomatique et une priorit\u00e9 relativement moindre sur l\u2019absence de\u00a0preuves concernant les dommages s\u00e9rieux associ\u00e9s \u00e0 l\u2019utilisation d\u2019antibiotiques pour les femmes enceintes et\u00a0leurs b\u00e9b\u00e9s.<\/li>\n<\/ul>\n<h3>5. Que signifie une recommandation faible?<\/h3>\n<ul>\n<li>Une recommandation faible en faveur du d\u00e9pistage <strong>souligne le besoin d\u2019une prise de d\u00e9cision partag\u00e9e<\/strong> avec les\u00a0patients parce que beaucoup voudront \u00eatre d\u00e9pist\u00e9s, mais d\u2019autres non.<\/li>\n<\/ul>\n<h3>6. Que faites-vous avec un r\u00e9sultat de test positif?<\/h3>\n<ul>\n<li>Le traitement d\u2019un test d\u2019urine positif devrait \u00eatre guid\u00e9 par les r\u00e9sultats de la culture d\u2019urine et de la sensibilit\u00e9.<\/li>\n<\/ul>\n<\/div><\/div><\/div><\/div>\n","protected":false},"excerpt":{"rendered":"","protected":false},"author":20241,"featured_media":16908,"parent":16953,"menu_order":22,"comment_status":"closed","ping_status":"closed","template":"","meta":{"_acf_changed":false,"footnotes":""},"categories":[278,218],"tags":[],"class_list":["post-16909","page","type-page","status-publish","has-post-thumbnail","hentry","category-bacteriurieasymptomatique","category-outils"],"acf":[],"_links":{"self":[{"href":"https:\/\/canadiantaskforce.ca\/fr\/wp-json\/wp\/v2\/pages\/16909","targetHints":{"allow":["GET"]}}],"collection":[{"href":"https:\/\/canadiantaskforce.ca\/fr\/wp-json\/wp\/v2\/pages"}],"about":[{"href":"https:\/\/canadiantaskforce.ca\/fr\/wp-json\/wp\/v2\/types\/page"}],"author":[{"embeddable":true,"href":"https:\/\/canadiantaskforce.ca\/fr\/wp-json\/wp\/v2\/users\/20241"}],"replies":[{"embeddable":true,"href":"https:\/\/canadiantaskforce.ca\/fr\/wp-json\/wp\/v2\/comments?post=16909"}],"version-history":[{"count":5,"href":"https:\/\/canadiantaskforce.ca\/fr\/wp-json\/wp\/v2\/pages\/16909\/revisions"}],"predecessor-version":[{"id":30183,"href":"https:\/\/canadiantaskforce.ca\/fr\/wp-json\/wp\/v2\/pages\/16909\/revisions\/30183"}],"up":[{"embeddable":true,"href":"https:\/\/canadiantaskforce.ca\/fr\/wp-json\/wp\/v2\/pages\/16953"}],"wp:featuredmedia":[{"embeddable":true,"href":"https:\/\/canadiantaskforce.ca\/fr\/wp-json\/wp\/v2\/media\/16908"}],"wp:attachment":[{"href":"https:\/\/canadiantaskforce.ca\/fr\/wp-json\/wp\/v2\/media?parent=16909"}],"wp:term":[{"taxonomy":"category","embeddable":true,"href":"https:\/\/canadiantaskforce.ca\/fr\/wp-json\/wp\/v2\/categories?post=16909"},{"taxonomy":"post_tag","embeddable":true,"href":"https:\/\/canadiantaskforce.ca\/fr\/wp-json\/wp\/v2\/tags?post=16909"}],"curies":[{"name":"wp","href":"https:\/\/api.w.org\/{rel}","templated":true}]}}