{"id":19384,"date":"2019-01-17T16:14:49","date_gmt":"2019-01-17T21:14:49","guid":{"rendered":"http:\/\/canadiantaskforce.ca\/?page_id=19384"},"modified":"2024-07-08T11:49:24","modified_gmt":"2024-07-08T15:49:24","slug":"outil-de-depistage-aupres-de-1000-personnes","status":"publish","type":"page","link":"https:\/\/canadiantaskforce.ca\/fr\/tools-resources\/cancer-du-sein-mise-a-jour\/outil-de-depistage-aupres-de-1000-personnes\/","title":{"rendered":"Cancer du sein (mise \u00e0 jour) (2018)\u00a0\u2014Outil de d\u00e9pistage aupr\u00e8s de 1000 personnes"},"content":{"rendered":"<div class='fullwidth-section  ' style=\"background-repeat:no-repeat;background-position:left top;\"><div class=\"container\"><div class=\"dt-sc-tabs-vertical2-container\"><ul id=\"menu-outilsressources\" class=\"dt-sc-tabs-vertical2-frame\"><li id=\"menu-item-14151\" class=\"menu-item menu-item-type-post_type menu-item-object-page menu-item-14151\"><a href=\"https:\/\/canadiantaskforce.ca\/fr\/tools-resources\/\">Outils de d\u00e9pistage<\/a><\/li>\n<\/ul><div class=\"dt-sc-tabs-vertical2-frame-content\"><div class=\"breastcancer-tool\">Archive<\/p>\n<p class=\"p1\">Le Groupe d\u2019\u00e9tude canadien a publi\u00e9 des recommandations provisoires pour le d\u00e9pistage du cancer du sein en 2024. Les lignes directrices de pratique clinique de 2011 et 2018 ne sont plus courantes. Veuillez <a href=\"https:\/\/canadiantaskforce.ca\/lignesdirectrives\/lignes-directrices-publiees\/cancer-du-sein-mise-a-jour-2024\/?lang=fr\"><span class=\"s1\">cliquer ici<\/span><\/a> pour consulter les recommandations provisoires mises \u00e0 jour pour le d\u00e9pistage du cancer du sein.<\/p>\n<\/div>\n<div class='pdfdownload'><h5>Version PDF<\/h5><hr><div class='pdfdownload-text'> <a href=\"https:\/\/canadiantaskforce.ca\/wp-content\/uploads\/2023\/06\/CTFPHC_Breast_Cancer_1000_Person_All_Ages_French_Final_PHAC2023.pdf\" target=\"_blank\" rel=\"noopener noreferrer\">PDF couleur<\/a><\/p>\n<p><a href=\"https:\/\/canadiantaskforce.ca\/wp-content\/uploads\/2024\/06\/CTFPHC_Breast_Cancer_1000_Person-AllAges_French_B_W_Final_2024.pdf\" target=\"_blank\" rel=\"noopener noreferrer\">PDF noir et blanc<\/a><\/div><\/div>\n<div class='back'><h4><span class='fa fa-angle-left'><\/span>&nbsp;<a href='\/lignesdirectrives\/lignes-directrices-publiees\/cancer-du-sein-mise-a-jour\/?lang=fr'>Retour<\/a><\/h4><\/div>\n<h3>Le d\u00e9pistage du cancer du sein chez les femmes sans risque accru<\/h3>\n<h3>Mise \u00e0 jour des recommandations du Groupe d\u2019\u00e9tude canadien chez les femmes<\/h3>\n<p><strong>Chez les femmes \u00e2g\u00e9es de 40 \u00e0 49 ans, nous recommandons, \u00e0 titre conditionnel, <u>de ne pas proc\u00e9der<\/u> \u00e0 in d\u00e9pistage par mammographie chez celles qui ne sont pas \u00e0 risque accru.<\/strong><\/p>\n<ul>\n<li>L\u2019\u00e9quilibre entre les b\u00e9n\u00e9fices et les pr\u00e9judices est moins favorable chez les femmes de ce groupe d\u2019\u00e2ge que chez les femmes plus \u00e2g\u00e9es.<\/li>\n<li>Cette recommandation est conditionnelle, car certaines femmes peuvent souhaiter \u00eatre d\u00e9pist\u00e9es, puisque chaque femme a ses propres valeurs et pr\u00e9f\u00e9rences et accordent plus ou moins d\u2019importance \u00e0 certains b\u00e9n\u00e9fices ou pr\u00e9judices.<\/li>\n<li>Si les femmes de ce groupe d\u2019\u00e2ge souhaitent un d\u00e9pistage, elles devraient avoir une discussion avec leur professionnel de la sant\u00e9 afin de d\u00e9cider ce qui est le mieux pour elles.<\/li>\n<\/ul>\n<p><strong>Chez les femmes \u00e2g\u00e9es de 50 \u00e0 69 ans, nous recommandons, \u00e0 titre conditionnel, <u>de proc\u00e9der<\/u> au d\u00e9pistage par mammographie tous les deux \u00e0 trois ans chez celles qui ne sont pas \u00e0 risque accru.<\/strong><\/p>\n<ul>\n<li>L\u2019\u00e9quilibre entre les b\u00e9n\u00e9fices et les pr\u00e9judices est <em>plus favorable<\/em> chez ce groupe.<\/li>\n<li>Cette recommandation est conditionnelle parce que certaines femmes peuvent ne pas souhaiter \u00eatre d\u00e9pist\u00e9es si elles sont pr\u00e9occup\u00e9es par les pr\u00e9judices potentiels.<\/li>\n<li>Les femmes de ce groupe d\u2019\u00e2ge doivent avoir une discussion avec leur professionnel de la sant\u00e9 pour d\u00e9cider si le d\u00e9pistage est la meilleure option pour elles.<\/li>\n<\/ul>\n<p><strong>Chez les femmes \u00e2g\u00e9es de 70 \u00e0 74 ans, nous recommandons, \u00e0 titre conditionnel, <u>de proc\u00e9der<\/u> au d\u00e9pistage par mammographie tous les deux \u00e0 trois ans chez celles qui ne sont pas \u00e0 risque accru.<\/strong><\/p>\n<ul>\n<li>L\u2019\u00e9quilibre entre les b\u00e9n\u00e9fices et les pr\u00e9judices est <em>plus favorable<\/em> chez ce groupe.<\/li>\n<li>Cette recommandation est conditionnelle parce que certaines femmes peuvent ne pas souhaiter \u00eatre d\u00e9pist\u00e9es si elles sont pr\u00e9occup\u00e9es par les pr\u00e9judices potentiels.<\/li>\n<li>Les femmes de ce groupe d\u2019\u00e2ge doivent avoir une discussion avec leur professionnel de la sant\u00e9 pour d\u00e9cider si le d\u00e9pistage est la meilleure option pour elles.<\/li>\n<\/ul>\n<h3><\/h3>\n<h3>\u00c0 qui ces recommandations <em>ne s\u2019appliquent pas<\/em>?<\/h3>\n<p>Ces recommandations ne s\u2019appliquent pas aux personnes \u00e0 risque accru de cancer du sein, comme celles ayant des ant\u00e9c\u00e9dents personnels ou familiaux de cancer du sein, celles porteuses de mutations g\u00e9n\u00e9tiques sp\u00e9cifiques (qui ont un parent au premier degr\u00e9 ayant ces mutations) ou celles qui ont subi une radioth\u00e9rapie thoracique avant l\u2019\u00e2ge de 30 ans.<\/p>\n<h3>Qu\u2019est-ce que le d\u00e9pistage?<\/h3>\n<p>Le d\u00e9pistage est effectu\u00e9 pour tenter de d\u00e9tecter une maladie potentielle chez les personnes qui n\u2019ont pas de signes ou sympt\u00f4mes de la maladie.<\/p>\n<h3>Qu\u2019est-ce qu\u2019une mammographie?<\/h3>\n<p>C\u2019est une radiographie du ou des seins afin de d\u00e9tecter la pr\u00e9sence d\u2019un cancer potentiel.<\/p>\n<h3>Pourquoi une prise de d\u00e9cision partag\u00e9e est-elle importante?<\/h3>\n<p>Le d\u00e9pistage est une d\u00e9cision personnelle. Chacune des femmes doit discuter des b\u00e9n\u00e9fices et des prejudices du d\u00e9pistage en fonction de son groupe d\u2019\u00e2ge (comme\nillustr\u00e9 ci-dessous) avec son professionnel de la sant\u00e9 pour d\u00e9cider de ce qui est le mieux pour elle.<\/p>\n<h3>Quels sont les pr\u00e9judices associ\u00e9s au d\u00e9pistage du cancer du sein?<\/h3>\n<p>Le surdiagnostic \u2014 Ce ne sont pas tous les cancers du sein qui sont susceptibles de causer des pr\u00e9judices au cours de la vie d\u2019une femme. En raison du d\u00e9pistage, certaines femmes recevront le diagnostic d\u2019un cancer qui ne leur aurait caus\u00e9 aucun probl\u00e8me leur vie durant. Ceci s\u2019appelle un \u00ab surdiagnostic \u00bb et m\u00e8ne \u00e0 des traitements inutiles.<\/p>\n<p>Les faux positifs \u2014 Un faux positif se produit lorsqu\u2019une personne obtient un r\u00e9sultat positif au d\u00e9pistage (mammographie anormale), mais qu\u2019on finit par d\u00e9montrer qu\u2019elle n\u2019avait pas le cancer. Cela peut mener \u00e0 des examens suppl\u00e9mentaires, y compris une biopsie, et peut causer des torts physiques et psychologiques.<\/p>\n<p>En g\u00e9n\u00e9ral, les pr\u00e9judices du d\u00e9pistage sont plus importants chez les femmes plus jeunes et diminuent avec l\u2019\u00e2ge.<\/p>\n<h3>Quels sont les b\u00e9n\u00e9fices du d\u00e9pistage du cancer du sein?<\/h3>\n<p>Des preuves d\u00e9montrent que le d\u00e9pistage r\u00e9duit le risqu\u00e9 d\u2019une femme de mourir d\u2019un cancer du sein. En g\u00e9n\u00e9ral, les b\u00e9n\u00e9fices du d\u00e9pistage augmentent avec l\u2019\u00e2ge.<\/p>\n<h3><\/h3>\n<p><strong>Chez les femmes \u00e2g\u00e9es de 40 \u00e0 49 ans, nous <\/strong><strong>recommandons, \u00e0 titre conditionnel, de ne pas proc\u00e9der <\/strong><strong>\u00e0 un d\u00e9pistage par mammographie chez celles qui ne <\/strong><strong>sont pas \u00e0 risque accru.<\/strong><\/p>\n<p><a href=\"https:\/\/canadiantaskforce.ca\/wp-content\/uploads\/2018\/11\/Breast-Cancer-Update-Age-40-49.jpg\">\u00a0\u00a0<\/a><a href=\"https:\/\/canadiantaskforce.ca\/wp-content\/uploads\/2019\/01\/Breast-Cancer-Update-Age-40-49_FRENCH.jpg\"><img loading=\"lazy\" decoding=\"async\" class=\"alignnone wp-image-19372 size-large\" src=\"https:\/\/canadiantaskforce.ca\/wp-content\/uploads\/2019\/01\/Breast-Cancer-Update-Age-40-49_FRENCH-513x1024.jpg\" alt=\"\" width=\"513\" height=\"1024\" srcset=\"https:\/\/canadiantaskforce.ca\/wp-content\/uploads\/2019\/01\/Breast-Cancer-Update-Age-40-49_FRENCH-513x1024.jpg 513w, https:\/\/canadiantaskforce.ca\/wp-content\/uploads\/2019\/01\/Breast-Cancer-Update-Age-40-49_FRENCH-150x300.jpg 150w, https:\/\/canadiantaskforce.ca\/wp-content\/uploads\/2019\/01\/Breast-Cancer-Update-Age-40-49_FRENCH-768x1534.jpg 768w, https:\/\/canadiantaskforce.ca\/wp-content\/uploads\/2019\/01\/Breast-Cancer-Update-Age-40-49_FRENCH-50x100.jpg 50w, https:\/\/canadiantaskforce.ca\/wp-content\/uploads\/2019\/01\/Breast-Cancer-Update-Age-40-49_FRENCH-600x1198.jpg 600w, https:\/\/canadiantaskforce.ca\/wp-content\/uploads\/2019\/01\/Breast-Cancer-Update-Age-40-49_FRENCH.jpg 1130w\" sizes=\"auto, (max-width: 513px) 100vw, 513px\" \/><\/a><\/p>\n<p><strong>Chez les femmes \u00e2g\u00e9es de 50 \u00e0 59 ans, nous <\/strong><strong>recommandons, \u00e0 titre conditionnel, de proc\u00e9der au <\/strong><strong>d\u00e9pistage par mammographie tous les deux \u00e0 trois ans <\/strong><strong>chez celles qui ne sont pas \u00e0 risque accru.<\/strong><\/p>\n<p><a href=\"https:\/\/canadiantaskforce.ca\/wp-content\/uploads\/2019\/01\/Breast-Cancer-Update-Age-50-59_FRENCH.jpg\"><img loading=\"lazy\" decoding=\"async\" class=\"alignnone wp-image-19373 size-large\" src=\"https:\/\/canadiantaskforce.ca\/wp-content\/uploads\/2019\/01\/Breast-Cancer-Update-Age-50-59_FRENCH-516x1024.jpg\" alt=\"\" width=\"516\" height=\"1024\" srcset=\"https:\/\/canadiantaskforce.ca\/wp-content\/uploads\/2019\/01\/Breast-Cancer-Update-Age-50-59_FRENCH-516x1024.jpg 516w, https:\/\/canadiantaskforce.ca\/wp-content\/uploads\/2019\/01\/Breast-Cancer-Update-Age-50-59_FRENCH-151x300.jpg 151w, https:\/\/canadiantaskforce.ca\/wp-content\/uploads\/2019\/01\/Breast-Cancer-Update-Age-50-59_FRENCH-768x1525.jpg 768w, https:\/\/canadiantaskforce.ca\/wp-content\/uploads\/2019\/01\/Breast-Cancer-Update-Age-50-59_FRENCH-50x100.jpg 50w, https:\/\/canadiantaskforce.ca\/wp-content\/uploads\/2019\/01\/Breast-Cancer-Update-Age-50-59_FRENCH-600x1192.jpg 600w, https:\/\/canadiantaskforce.ca\/wp-content\/uploads\/2019\/01\/Breast-Cancer-Update-Age-50-59_FRENCH.jpg 1133w\" sizes=\"auto, (max-width: 516px) 100vw, 516px\" \/><\/a><\/p>\n<p style=\"text-align: left\" align=\"CENTER\"><strong>Chez les femmes \u00e2g\u00e9es de 60 \u00e0 69 ans, nous <\/strong><strong>recommandons, \u00e0 titre conditionnel, de proc\u00e9der au <\/strong><strong>d\u00e9pistage par mammographie tous les deux \u00e0 trois ans <\/strong><strong>chez celles qui ne sont pas \u00e0 risque accru.<\/strong><\/p>\n<p><a href=\"https:\/\/canadiantaskforce.ca\/wp-content\/uploads\/2018\/12\/Breast-Cancer-Update-Age-60-69.jpg\">\u00a0\u00a0<\/a><a href=\"https:\/\/canadiantaskforce.ca\/wp-content\/uploads\/2019\/01\/Breast-Cancer-Update-Age-60-69_FRENCH.jpg\"><img loading=\"lazy\" decoding=\"async\" class=\"alignnone wp-image-19374 size-large\" src=\"https:\/\/canadiantaskforce.ca\/wp-content\/uploads\/2019\/01\/Breast-Cancer-Update-Age-60-69_FRENCH-514x1024.jpg\" alt=\"\" width=\"514\" height=\"1024\" srcset=\"https:\/\/canadiantaskforce.ca\/wp-content\/uploads\/2019\/01\/Breast-Cancer-Update-Age-60-69_FRENCH-514x1024.jpg 514w, https:\/\/canadiantaskforce.ca\/wp-content\/uploads\/2019\/01\/Breast-Cancer-Update-Age-60-69_FRENCH-151x300.jpg 151w, https:\/\/canadiantaskforce.ca\/wp-content\/uploads\/2019\/01\/Breast-Cancer-Update-Age-60-69_FRENCH-768x1529.jpg 768w, https:\/\/canadiantaskforce.ca\/wp-content\/uploads\/2019\/01\/Breast-Cancer-Update-Age-60-69_FRENCH-50x100.jpg 50w, https:\/\/canadiantaskforce.ca\/wp-content\/uploads\/2019\/01\/Breast-Cancer-Update-Age-60-69_FRENCH-600x1194.jpg 600w, https:\/\/canadiantaskforce.ca\/wp-content\/uploads\/2019\/01\/Breast-Cancer-Update-Age-60-69_FRENCH.jpg 1134w\" sizes=\"auto, (max-width: 514px) 100vw, 514px\" \/><\/a><\/p>\n<p style=\"text-align: left\" align=\"CENTER\"><strong>Chez les femmes \u00e2g\u00e9es de 70 \u00e0 74 ans, nous <\/strong><strong>recommandons, \u00e0 titre conditionnel, de proc\u00e9der au <\/strong><strong>d\u00e9pistage par mammographie tous les deux \u00e0 trois ans <\/strong><strong>chez celles qui ne sont pas \u00e0 risque accru.<\/strong><\/p>\n<p><a href=\"https:\/\/canadiantaskforce.ca\/wp-content\/uploads\/2019\/01\/Breast-Cancer-Update-Age-70-74_FRENCH.jpg\"><img loading=\"lazy\" decoding=\"async\" class=\"alignnone wp-image-19375 size-large\" src=\"https:\/\/canadiantaskforce.ca\/wp-content\/uploads\/2019\/01\/Breast-Cancer-Update-Age-70-74_FRENCH-517x1024.jpg\" alt=\"\" width=\"517\" height=\"1024\" srcset=\"https:\/\/canadiantaskforce.ca\/wp-content\/uploads\/2019\/01\/Breast-Cancer-Update-Age-70-74_FRENCH-517x1024.jpg 517w, https:\/\/canadiantaskforce.ca\/wp-content\/uploads\/2019\/01\/Breast-Cancer-Update-Age-70-74_FRENCH-151x300.jpg 151w, https:\/\/canadiantaskforce.ca\/wp-content\/uploads\/2019\/01\/Breast-Cancer-Update-Age-70-74_FRENCH-768x1521.jpg 768w, https:\/\/canadiantaskforce.ca\/wp-content\/uploads\/2019\/01\/Breast-Cancer-Update-Age-70-74_FRENCH-50x100.jpg 50w, https:\/\/canadiantaskforce.ca\/wp-content\/uploads\/2019\/01\/Breast-Cancer-Update-Age-70-74_FRENCH-600x1188.jpg 600w, https:\/\/canadiantaskforce.ca\/wp-content\/uploads\/2019\/01\/Breast-Cancer-Update-Age-70-74_FRENCH.jpg 1135w\" sizes=\"auto, (max-width: 517px) 100vw, 517px\" \/><\/a><\/p>\n<hr \/>\n<p>Cet outil n\u2019est pas un outil d\u2019aide \u00e0 la d\u00e9cision, mais constitue une \u00e9tape dans la d\u00e9marche de prise de d\u00e9cision partag\u00e9e.<\/p>\n<section id=\"absolute-benefit-of-screening-with-mammography\" class=\"ctfphc-section\">\n<section id=\"absolute-benefit-of-screening-with-mammography\" class=\"ctfphc-section\">\n<\/div><\/div><\/div><\/div><\/section>\n<\/section>\n","protected":false},"excerpt":{"rendered":"","protected":false},"author":20241,"featured_media":19038,"parent":18894,"menu_order":4,"comment_status":"closed","ping_status":"closed","template":"","meta":{"_acf_changed":false,"footnotes":""},"categories":[286,218],"tags":[],"class_list":["post-19384","page","type-page","status-publish","has-post-thumbnail","hentry","category-cancer-du-sein-mis-a-jour","category-outils"],"acf":[],"_links":{"self":[{"href":"https:\/\/canadiantaskforce.ca\/fr\/wp-json\/wp\/v2\/pages\/19384","targetHints":{"allow":["GET"]}}],"collection":[{"href":"https:\/\/canadiantaskforce.ca\/fr\/wp-json\/wp\/v2\/pages"}],"about":[{"href":"https:\/\/canadiantaskforce.ca\/fr\/wp-json\/wp\/v2\/types\/page"}],"author":[{"embeddable":true,"href":"https:\/\/canadiantaskforce.ca\/fr\/wp-json\/wp\/v2\/users\/20241"}],"replies":[{"embeddable":true,"href":"https:\/\/canadiantaskforce.ca\/fr\/wp-json\/wp\/v2\/comments?post=19384"}],"version-history":[{"count":18,"href":"https:\/\/canadiantaskforce.ca\/fr\/wp-json\/wp\/v2\/pages\/19384\/revisions"}],"predecessor-version":[{"id":30765,"href":"https:\/\/canadiantaskforce.ca\/fr\/wp-json\/wp\/v2\/pages\/19384\/revisions\/30765"}],"up":[{"embeddable":true,"href":"https:\/\/canadiantaskforce.ca\/fr\/wp-json\/wp\/v2\/pages\/18894"}],"wp:featuredmedia":[{"embeddable":true,"href":"https:\/\/canadiantaskforce.ca\/fr\/wp-json\/wp\/v2\/media\/19038"}],"wp:attachment":[{"href":"https:\/\/canadiantaskforce.ca\/fr\/wp-json\/wp\/v2\/media?parent=19384"}],"wp:term":[{"taxonomy":"category","embeddable":true,"href":"https:\/\/canadiantaskforce.ca\/fr\/wp-json\/wp\/v2\/categories?post=19384"},{"taxonomy":"post_tag","embeddable":true,"href":"https:\/\/canadiantaskforce.ca\/fr\/wp-json\/wp\/v2\/tags?post=19384"}],"curies":[{"name":"wp","href":"https:\/\/api.w.org\/{rel}","templated":true}]}}