{"id":20464,"date":"2019-10-23T15:01:30","date_gmt":"2019-10-23T19:01:30","guid":{"rendered":"http:\/\/canadiantaskforce.ca\/?page_id=20464"},"modified":"2024-04-16T10:11:46","modified_gmt":"2024-04-16T14:11:46","slug":"amanda-tzenov","status":"publish","type":"page","link":"https:\/\/canadiantaskforce.ca\/fr\/get-involved\/amanda-tzenov\/","title":{"rendered":"Amanda Tzenov"},"content":{"rendered":"<div class='fullwidth-section  ' style=\"background-repeat:no-repeat;background-position:left top;\"><div class=\"container\"><div class=\"dt-sc-tabs-vertical2-container\"><ul id=\"menu-getinvolved-french\" class=\"dt-sc-tabs-vertical2-frame\"><li id=\"menu-item-22814\" class=\"menu-item menu-item-type-post_type menu-item-object-page menu-item-22814\"><a href=\"https:\/\/canadiantaskforce.ca\/fr\/?page_id=22507\">RCP-GEC<\/a><\/li>\n<li id=\"menu-item-28313\" class=\"menu-item menu-item-type-post_type menu-item-object-page menu-item-28313\"><a href=\"https:\/\/canadiantaskforce.ca\/fr\/?page_id=28207\">Mise \u00e0 jour sur le d\u00e9pistage du cancer du sein \u2013 soumissions publiques<\/a><\/li>\n<\/ul><div class=\"dt-sc-tabs-vertical2-frame-content\">[back link=\u00a0\u00bbhttps:\/\/canadiantaskforce.ca\/get-involved\/programme-de-stages-du-gecssp\/?lang=fr\u00a0\u00bb]\n<div  class='column dt-sc-one-fourth  space  '   ><p><img loading=\"lazy\" decoding=\"async\" class=\"size-full wp-image-20443 aligncenter\" src=\"https:\/\/canadiantaskforce.ca\/wp-content\/uploads\/2020\/11\/Amanda-Tzenov_bw.jpg\" alt=\"\" width=\"361\" height=\"361\" \/><\/p><\/div>\n<div  class='column dt-sc-three-fourth  space  '   ><h4 class=\"p1\"><strong>D<sup>re<\/sup>\u00a0Amanda Tzenov, <em>M.\u00a0Sc., M.\u00a0D., CCMF<\/em><\/strong><\/h4>\n<p class=\"p1\">La D<sup>re<\/sup>\u00a0Amanda Tzenov est m\u00e9decin de famille et professeure adjointe \u00e0 la Facult\u00e9 de m\u00e9decine de l\u2019Universit\u00e9 Memorial, \u00e0 St. John\u2019s (Terre-Neuve). Elle travaille \u00e9galement \u00e0 la clinique Forest Road, o\u00f9 elle prodigue des soins primaires bas\u00e9s sur des donn\u00e9es probantes ainsi que des soins destin\u00e9s aux adultes ayant une d\u00e9ficience intellectuelle ou un trouble du d\u00e9veloppement. Elle a obtenu une ma\u00eetrise \u00e8s sciences en 2008 et a effectu\u00e9 sa r\u00e9sidence en m\u00e9decine familiale \u00e0 l\u2019Universit\u00e9 Memorial en 2014.<\/p>\n<p class=\"p3\"><strong>Affiliations:<\/strong><\/p>\n<ol class=\"ol1\">\n<li class=\"li1\">Facult\u00e9 de m\u00e9decine, Universit\u00e9 Memorial, St. John\u2019s (Terre-Neuve)<\/li>\n<\/ol>\n<p class=\"p3\"><strong>Champs d\u2019int\u00e9r\u00eat et domaines d\u2019expertise:<\/strong><\/p>\n<ul class=\"ul1\">\n<li class=\"li4\">Soins aux adultes ayant une d\u00e9ficience intellectuelle ou un trouble du d\u00e9veloppement<\/li>\n<li class=\"li4\">Soins primaires bas\u00e9s sur des donn\u00e9es probantes<\/li>\n<li class=\"li4\">\u00c9ducation interprofessionnelle en soins primaires<\/li>\n<\/ul><\/div>\n<\/div><\/div><\/div><\/div>\n","protected":false},"excerpt":{"rendered":"","protected":false},"author":2,"featured_media":0,"parent":10347,"menu_order":0,"comment_status":"closed","ping_status":"closed","template":"","meta":{"_acf_changed":false,"footnotes":""},"categories":[],"tags":[],"class_list":["post-20464","page","type-page","status-publish","hentry"],"acf":[],"_links":{"self":[{"href":"https:\/\/canadiantaskforce.ca\/fr\/wp-json\/wp\/v2\/pages\/20464","targetHints":{"allow":["GET"]}}],"collection":[{"href":"https:\/\/canadiantaskforce.ca\/fr\/wp-json\/wp\/v2\/pages"}],"about":[{"href":"https:\/\/canadiantaskforce.ca\/fr\/wp-json\/wp\/v2\/types\/page"}],"author":[{"embeddable":true,"href":"https:\/\/canadiantaskforce.ca\/fr\/wp-json\/wp\/v2\/users\/2"}],"replies":[{"embeddable":true,"href":"https:\/\/canadiantaskforce.ca\/fr\/wp-json\/wp\/v2\/comments?post=20464"}],"version-history":[{"count":5,"href":"https:\/\/canadiantaskforce.ca\/fr\/wp-json\/wp\/v2\/pages\/20464\/revisions"}],"predecessor-version":[{"id":26148,"href":"https:\/\/canadiantaskforce.ca\/fr\/wp-json\/wp\/v2\/pages\/20464\/revisions\/26148"}],"up":[{"embeddable":true,"href":"https:\/\/canadiantaskforce.ca\/fr\/wp-json\/wp\/v2\/pages\/10347"}],"wp:attachment":[{"href":"https:\/\/canadiantaskforce.ca\/fr\/wp-json\/wp\/v2\/media?parent=20464"}],"wp:term":[{"taxonomy":"category","embeddable":true,"href":"https:\/\/canadiantaskforce.ca\/fr\/wp-json\/wp\/v2\/categories?post=20464"},{"taxonomy":"post_tag","embeddable":true,"href":"https:\/\/canadiantaskforce.ca\/fr\/wp-json\/wp\/v2\/tags?post=20464"}],"curies":[{"name":"wp","href":"https:\/\/api.w.org\/{rel}","templated":true}]}}