{"id":21388,"date":"2020-07-06T00:01:11","date_gmt":"2020-07-06T04:01:11","guid":{"rendered":"http:\/\/canadiantaskforce.ca\/?page_id=21388"},"modified":"2024-06-17T14:46:48","modified_gmt":"2024-06-17T18:46:48","slug":"adenocarcinome-oesophagien-faq-pour-patients","status":"publish","type":"page","link":"https:\/\/canadiantaskforce.ca\/fr\/tools-resources\/adenocarcinome-oesophagien-faq-pour-patients\/","title":{"rendered":"Ad\u00e9nocarcinome \u0153sophagien \u2013 FAQ pour patients"},"content":{"rendered":"<div class='fullwidth-section  ' style=\"background-repeat:no-repeat;background-position:left top;\"><div class=\"container\"><div class=\"dt-sc-tabs-vertical2-container\"><ul id=\"menu-outilsressources\" class=\"dt-sc-tabs-vertical2-frame\"><li id=\"menu-item-14151\" class=\"menu-item menu-item-type-post_type menu-item-object-page menu-item-14151\"><a href=\"https:\/\/canadiantaskforce.ca\/fr\/tools-resources\/\">Outils de d\u00e9pistage<\/a><\/li>\n<\/ul><div class=\"dt-sc-tabs-vertical2-frame-content\"><div class='pdfdownload'><h5>Version PDF<\/h5><hr><div class='pdfdownload-text'><a href=\"https:\/\/canadiantaskforce.ca\/wp-content\/uploads\/2024\/06\/CTFPHC_EAC-Screening_Patient-FAQ_FR_2024.pdf\">PDF en couleur<\/a><\/p>\n<p><a href=\"https:\/\/canadiantaskforce.ca\/wp-content\/uploads\/2024\/06\/CTFPHC_EAC-Screening_Patient-FAQ_FR_BW_2024.pdf\">PDF noir et blanc<\/a>\n<\/div><\/div>\n<div class='back'><h4><span class='fa fa-angle-left'><\/span>&nbsp;<a href='\/lignesdirectrives\/lignes-directrices-publiees\/adenocarcinome-oesophagien\/?lang=fr'>Retour<\/a><\/h4><\/div>\n<p class=\"p2\"><em>Nous recommandons de ne pas d\u00e9pister le cancer de l\u2019\u0153sophage chez les adultes atteints de reflux gastro-\u0153sophagien (RGO) chronique.<\/em><\/p>\n<p><strong>1. Qu\u2019est-ce que le cancer de l\u2019oesophage?<\/strong><\/p>\n<ul>\n<li>Le cancer de l\u2019oesophage est une maladie dans laquelle des cellules canc\u00e9reuses se forment dans l\u2019oesophage. L\u2019oesophage est le tube qui transporte les aliments de la bouche \u00e0 l\u2019estomac.\n<ul>\n<li>Le cancer de l\u2019oesophage est une maladie rare et concerne moins d\u2019un Canadien sur 17 000.<\/li>\n<li>Chaque ann\u00e9e, environ 2 300 Canadiens re\u00e7oivent un diagnostic de cancer de l\u2019oesophage et 2 200 en meurent.<\/li>\n<\/ul>\n<\/li>\n<\/ul>\n<ul>\n<li style=\"list-style-type: none\"><\/li>\n<\/ul>\n<ul>\n<li>Le principal type de cancer de l\u2019\u0153sophage au Canada s\u2019appelle ad\u00e9nocarcinome de l\u2019\u0153sophage (ACO).\n<ul>\n<li>Le nombre de Canadiens touch\u00e9s par l\u2019ACO a doubl\u00e9 au cours des 30 derni\u00e8res ann\u00e9es.<\/li>\n<li>L\u2019ACO est souvent diagnostiqu\u00e9 \u00e0 un stade tardif et est difficile \u00e0 gu\u00e9rir. Moins de 5 % des personnes atteintes d\u2019ACO \u00e0 un stade tardif vivent plus de 5 ans.<\/li>\n<\/ul>\n<\/li>\n<\/ul>\n<p><strong>2. Qui est plus \u00e0 risque de d\u00e9velopper un ad\u00e9nocarcinome \u0153sophagien?<\/strong><\/p>\n<ul class=\"ol1\">\n<li class=\"li2\">Il y a deux principaux probl\u00e8mes de sant\u00e9 qui peuvent entra\u00eener l\u2019apparition d\u2019un ACO:\n<ul class=\"ol1\">\n<li class=\"li2\">Le reflux gastro-\u0153sophagien (RGO) chronique est une affection courante (environ 15 % des Canadiens) et de longue dur\u00e9e dans laquelle la nourriture dig\u00e9r\u00e9e et les acides gastriques remontent dans l\u2019\u0153sophage et causent une sensation de br\u00fblure dans l\u2019estomac et la poitrine. Les patients atteints de RGO chronique ont un risque plus \u00e9lev\u00e9 de d\u00e9velopper un ACO par rapport \u00e0 ceux qui n\u2019ont pas de RGO chronique.<\/li>\n<li class=\"li2\">L\u2019\u0153sophage de Barrett est une affection moins courante (1 \u00e0 2 % des Canadiens) dans laquelle la paroi de l\u2019\u0153sophage se transforme pour ressembler davantage \u00e0 celle de l\u2019intestin. Elle est associ\u00e9e au RGO chronique et peut mener \u00e0 la croissance de cellules anormales (dysplasie) qui peuvent se transformer en ACO au fil du temps, beaucoup plus fr\u00e9quemment qu\u2019avec un RGO seul.<\/li>\n<\/ul>\n<\/li>\n<li class=\"li2\">Plusieurs autres facteurs peuvent aussi augmenter le risque de d\u00e9velopper un ACO:\n<ul class=\"ol1\">\n<li class=\"li2\">L\u2019\u00e2ge (50 ans et plus), le sexe masculin, les ant\u00e9c\u00e9dents familiaux d\u2019ACO, la race ou l\u2019ethnicit\u00e9 blanches, l\u2019ob\u00e9sit\u00e9 abdominale et le tabagisme (pass\u00e9 ou pr\u00e9sent).<\/li>\n<\/ul>\n<\/li>\n<\/ul>\n<p><strong>3. En quoi consiste le d\u00e9pistage du cancer de l\u2019\u0153sophage?<\/strong><\/p>\n<ul class=\"ol1\">\n<li class=\"li2\">Les m\u00e9decins proc\u00e8dent au d\u00e9pistage en regardant directement dans l\u2019\u0153sophage par endoscopie:\n<ul class=\"ol1\">\n<li class=\"li2\">L\u2019endoscopie est une intervention qui consiste \u00e0 introduire dans la bouche un tube ayant une petite cam\u00e9ra vid\u00e9o \u00e0 son extr\u00e9mit\u00e9 et \u00e0 le d\u00e9placer lentement le long de l\u2019\u0153sophage (r\u00e9alis\u00e9e habituellement sous s\u00e9dation mod\u00e9r\u00e9e).<\/li>\n<\/ul>\n<\/li>\n<li class=\"li2\">Si des zones anormales sont observ\u00e9es dans l\u2019\u0153sophage, une biopsie est faite:\n<ul class=\"ol1\">\n<li class=\"li2\">Une biopsie consiste \u00e0 pr\u00e9lever un petit morceau de la paroi dans la zone anormale et \u00e0 l\u2019examiner au microscope pour trouver des changements dans les cellules ou des cellules canc\u00e9reuses.<\/li>\n<\/ul>\n<\/li>\n<\/ul>\n<p><strong>4. Pourquoi le Groupe d\u2019\u00e9tude ne recommande-t-il pas de d\u00e9pistage chez les patients atteints de RGO?<\/strong><\/p>\n<ul class=\"ol1\">\n<li class=\"li2\">Les m\u00e9decins proc\u00e8dent au d\u00e9pistage pour d\u00e9tecter des maladies avant que des signes et sympt\u00f4mes n\u2019apparaissent. Parfois, le d\u00e9pistage peut avoir des b\u00e9n\u00e9fices (par exemple, une probabilit\u00e9 plus faible de d\u00e9c\u00e8s) qui l\u2019emportent sur\nles pr\u00e9judices potentiels. Cependant, nous n\u2019avons trouv\u00e9 aucune preuve d\u00e9montrant que le d\u00e9pistage de l\u2019ACO ou de conditions pr\u00e9canc\u00e9reuses (p. ex., l\u2019\u0153sophage de Barrett) am\u00e9liorait la survie des patients atteints de RGO.<\/li>\n<li class=\"li2\">L\u2019endoscopie peut entra\u00eener des pr\u00e9judices, y compris de l\u2019anxi\u00e9t\u00e9, un inconfort et des complications rares, comme des effets ind\u00e9sirables li\u00e9s \u00e0 la s\u00e9dation et des blessures \u00e0 l\u2019\u0153sophage ou \u00e0 l\u2019estomac entra\u00eenant un saignement ou une infection.<\/li>\n<li>Aucun d\u00e9pistage syst\u00e9matique de l\u2019ACO n\u2019est effectu\u00e9 actuellement, au Canada, et le d\u00e9pistage chez tous les patients atteints de RGO (15 % de la population) entra\u00eenerait une utilisation peu judicieuse des ressources en soins de sant\u00e9.<\/li>\n<\/ul>\n<h3>5.\u00a0\u00c0 qui cette recommandation s\u2019adresse-t-elle? Qui n\u2019est pas vis\u00e9 par cette recommandation?<\/h3>\n<ul>\n<li>Cette recommandation s\u2019adresse aux personnes de 18 ans et plus ayant un RGO chronique. Nous n\u2019avons trouv\u00e9 aucune preuve qui viendrait justifier une modification \u00e0 notre recommandation de ne pas d\u00e9pister en fonction des facteurs de risque, seuls ou en association.<\/li>\n<li>La recommandation ne concerne pas les personnes suivantes:\n<ul>\n<li>Les personnes atteintes de RGO qui \u00e9prouvent des sympt\u00f4mes d\u2019alarme \u00e9vocateurs d\u2019un cancer de l\u2019\u0153sophage (p. ex., une difficult\u00e9 \u00e0 avaler ou une douleur \u00e0 la d\u00e9glutition, des vomissements r\u00e9currents, une perte de poids inexpliqu\u00e9e, la pr\u00e9sence d\u2019an\u00e9mie, une perte d\u2019app\u00e9tit ou du sang dans les vomissures ou les selles).<\/li>\n<li>Les personnes ayant d\u00e9j\u00e0 re\u00e7u un diagnostic d\u2019\u0153sophage de Barrett.<\/li>\n<li>Toutes ces personnes doivent consulter leur m\u00e9decin pour un diagnostic et un traitement appropri\u00e9s.<\/li>\n<\/ul>\n<\/li>\n<\/ul>\n<h3>6.\u00a0Y a-t-il quelque chose que vous pouvez faire pour aider \u00e0 pr\u00e9venir l\u2019apparition d\u2019un ACO?<\/h3>\n<ul>\n<li>Il y a plusieurs changements dans le mode de vie qui peuvent aider \u00e0 r\u00e9duire les risques de d\u00e9velopper un ACO :\n<ul>\n<li>Cessez de fumer.<\/li>\n<li>Mangez bien et soyez actif physiquement pour atteindre et maintenir un poids sant\u00e9.<\/li>\n<\/ul>\n<\/li>\n<\/ul>\n<div class=\"section\">\n<div class=\"layoutArea\">\n<div class=\"column\">\n<div class=\"page\" title=\"Page 1\">\n<div class=\"section\">\n<div class=\"layoutArea\">\n<div class=\"column\">\n<div class=\"page\" title=\"Page 1\">\n<div class=\"section\">\n<div class=\"layoutArea\">\n<div class=\"column\">\n<\/div><\/div><\/div><\/div>\n<\/div>\n<\/div>\n<\/div>\n<\/div>\n<\/div>\n<\/div>\n<\/div>\n<\/div>\n<\/div>\n<\/div>\n<\/div>\n","protected":false},"excerpt":{"rendered":"","protected":false},"author":2,"featured_media":21904,"parent":10330,"menu_order":5,"comment_status":"closed","ping_status":"closed","template":"","meta":{"_acf_changed":false,"footnotes":""},"categories":[324,330,218],"tags":[],"class_list":["post-21388","page","type-page","status-publish","has-post-thumbnail","hentry","category-adenocarcinome-oesophagien","category-esophageal-adenocarcinoma-fr","category-outils"],"acf":[],"_links":{"self":[{"href":"https:\/\/canadiantaskforce.ca\/fr\/wp-json\/wp\/v2\/pages\/21388","targetHints":{"allow":["GET"]}}],"collection":[{"href":"https:\/\/canadiantaskforce.ca\/fr\/wp-json\/wp\/v2\/pages"}],"about":[{"href":"https:\/\/canadiantaskforce.ca\/fr\/wp-json\/wp\/v2\/types\/page"}],"author":[{"embeddable":true,"href":"https:\/\/canadiantaskforce.ca\/fr\/wp-json\/wp\/v2\/users\/2"}],"replies":[{"embeddable":true,"href":"https:\/\/canadiantaskforce.ca\/fr\/wp-json\/wp\/v2\/comments?post=21388"}],"version-history":[{"count":9,"href":"https:\/\/canadiantaskforce.ca\/fr\/wp-json\/wp\/v2\/pages\/21388\/revisions"}],"predecessor-version":[{"id":30160,"href":"https:\/\/canadiantaskforce.ca\/fr\/wp-json\/wp\/v2\/pages\/21388\/revisions\/30160"}],"up":[{"embeddable":true,"href":"https:\/\/canadiantaskforce.ca\/fr\/wp-json\/wp\/v2\/pages\/10330"}],"wp:featuredmedia":[{"embeddable":true,"href":"https:\/\/canadiantaskforce.ca\/fr\/wp-json\/wp\/v2\/media\/21904"}],"wp:attachment":[{"href":"https:\/\/canadiantaskforce.ca\/fr\/wp-json\/wp\/v2\/media?parent=21388"}],"wp:term":[{"taxonomy":"category","embeddable":true,"href":"https:\/\/canadiantaskforce.ca\/fr\/wp-json\/wp\/v2\/categories?post=21388"},{"taxonomy":"post_tag","embeddable":true,"href":"https:\/\/canadiantaskforce.ca\/fr\/wp-json\/wp\/v2\/tags?post=21388"}],"curies":[{"name":"wp","href":"https:\/\/api.w.org\/{rel}","templated":true}]}}