{"id":21752,"date":"2020-06-04T14:03:04","date_gmt":"2020-06-04T18:03:04","guid":{"rendered":"http:\/\/canadiantaskforce.ca\/?page_id=21752"},"modified":"2024-04-16T10:12:20","modified_gmt":"2024-04-16T14:12:20","slug":"depister-avec-soin","status":"publish","type":"page","link":"https:\/\/canadiantaskforce.ca\/fr\/tools-resources\/depister-avec-soin\/","title":{"rendered":"D\u00e9pister avec soin"},"content":{"rendered":"<div class='fullwidth-section  ' style=\"background-repeat:no-repeat;background-position:left top;\"><div class=\"container\"><div class=\"dt-sc-tabs-vertical2-container\"><ul id=\"menu-outilsressources\" class=\"dt-sc-tabs-vertical2-frame\"><li id=\"menu-item-14151\" class=\"menu-item menu-item-type-post_type menu-item-object-page menu-item-14151\"><a href=\"https:\/\/canadiantaskforce.ca\/fr\/tools-resources\/\">Outils de d\u00e9pistage<\/a><\/li>\n<li id=\"menu-item-14150\" class=\"menu-item menu-item-type-post_type menu-item-object-page menu-item-14150\"><a href=\"https:\/\/canadiantaskforce.ca\/fr\/?page_id=11228\">Vid\u00e9os<\/a><\/li>\n<\/ul><div class=\"dt-sc-tabs-vertical2-frame-content\"><div class='pdfdownload'><h5>Version PDF<\/h5><hr><div class='pdfdownload-text'><a href=\"https:\/\/canadiantaskforce.ca\/wp-content\/uploads\/2020\/06\/CTFPHC_Testing_Wisely-strong-against_Final_FR.pdf\" target=\"_blank\" rel=\"noopener noreferrer\">PDF couleur<\/a><\/div><\/div>\n<h2>D\u00e9pister avec soin: Outil de communication avec les patients qui demandent des tests fortement d\u00e9conseill\u00e9s<\/h2>\n<h4>Lorsqu\u2019un patient demande un test fortement de\u0301conseille\u0301 : e\u0301couter, reconnai\u0302tre, recentrer<\/h4>\n<ul>\n<li>E\u0301couter ses propos : Essayer de de\u0301couvrir les raisons derrie\u0300re sa demande.<\/li>\n<li>Reconnai\u0302tre ses besoins : Re\u0301pe\u0301ter ses inquie\u0301tudes et ses priorite\u0301s.<\/li>\n<li>Recentrer ses priorite\u0301s : Lui expliquer pourquoi le Groupe d\u2019e\u0301tude canadien de\u0301conseille fortement le test en question et pourquoi il faut se concentrer sur des proble\u0300mes de sante\u0301 plus importants (lorsque pertinent).<\/li>\n<\/ul>\n<p>&nbsp;<\/p>\n<div class=\"page\" title=\"Page 1\">\n<div class=\"layoutArea\">\n<div class=\"column\">\n<h4>Exemple discussion avec un patient de\u0301sirant un de\u0301pistage du dysfonctionnement thyroi\u0308dien<\/h4>\n<p><strong>Patient<\/strong><\/p>\n<p><em>J\u2019ai lu sur le de\u0301pistage du dysfonctionnement thyroi\u0308dien et j\u2019aimerais en subir un.<\/em><\/p>\n<p><strong>Clinicien<\/strong><\/p>\n<p><em>Pourquoi e\u0302tes-vous pre\u0301occupe\u0301 par le dysfonctionnement thyroi\u0308dien?<\/em><\/p>\n<p><strong>Patient<\/strong><\/p>\n<p><em>C\u2019est un proble\u0300me de sante\u0301 courant dans ma famille, alors c\u0327a m\u2019inquie\u0300te.<\/em><\/p>\n<p><strong>Clinicien<\/strong><\/p>\n<p><em>Je comprends que c\u0327a vous inquie\u0300te. Malgre\u0301 tout, le Groupe d\u2019e\u0301tude canadien de\u0301conseille fortement le de\u0301pistage de ce trouble. E\u0301tant donne\u0301 votre a\u0302ge \/ vos ante\u0301ce\u0301dents me\u0301dicaux et l\u2019absence de sympto\u0302mes, je pense qu\u2019il vaut mieux nous concentrer sur des proble\u0300mes de sante\u0301 plus urgents.<\/em><\/p>\n<p><strong>Patient<\/strong><\/p>\n<p><em>Mais si on trouve le proble\u0300me avant qu\u2019il n\u2019empire, j\u2019aimerais qu\u2019on s\u2019en occupe.<\/em><\/p>\n<p><strong>Clinicien<\/strong><\/p>\n<p><em>Je comprends votre raisonnement, mais le de\u0301pistage chez les personnes qui ne pre\u0301sentent pas de sympto\u0302mes peut mener a\u0300 un traitement superflu. Vous pourriez devoir prendre des me\u0301dicaments pour le reste de votre vie, subir re\u0301gulie\u0300rement des prises de sang et devoir assumer des frais supple\u0301mentaires.<\/em><\/p>\n<h4>Si le patient veut tout de me\u0302me subir le test:<\/h4>\n<ul>\n<li>Lui remettre un outil d\u2019aide a\u0300 la prise de de\u0301cision ou un outil e\u0301ducatif (si possible).<\/li>\n<li>Re\u0301pondre a\u0300 toutes ses questions et clarifier toutes ses ide\u0301es errone\u0301es.<\/li>\n<\/ul>\n<div class=\"page\" title=\"Page 1\">\n<div class=\"layoutArea\">\n<div class=\"column\"><\/div>\n<\/div>\n<\/div>\n<\/div>\n<\/div>\n<\/div>\n<div class=\"page\" title=\"Page 1\">\n<div class=\"layoutArea\">\n<div class=\"column\">\n<h4>Exemple discussion avec un patient<\/h4>\n<p><strong>Clinician<\/strong><\/p>\n<p><em>Je comprends que le de\u0301pistage e\u0301tait plus fre\u0301quent par le passe\u0301, mais, au fil du temps, de nouvelles e\u0301tudes et de nouvelles donne\u0301es peuvent modifier les pratiques. Pour le moment, le de\u0301pistage du dysfonctionnement thyroi\u0308dien n\u2019ame\u0301liorera pas votre sante\u0301 a\u0300 long terme.<\/em><\/p>\n<p>*S\u2019il existe une ressource destine\u0301e aux patients* Consultez cet outil, qui fournit des renseignements supple\u0301mentaires et explique pourquoi le de\u0301pistage n\u2019est pas recommande\u0301. Vous pourrez ensuite me poser toutes vos questions.<\/p>\n<div class=\"page\" title=\"Page 2\">\n<div class=\"layoutArea\">\n<div class=\"column\">\n<h4>Si le patient demande tout de me\u0302me le test:<\/h4>\n<\/div>\n<\/div>\n<div class=\"layoutArea\">\n<div class=\"column\">\n<p>\u2022 Lui expliquer que les soins axe\u0301s sur le patient exigent d\u2019e\u0301viter les pre\u0301judices et d\u2019utiliser judicieusement les ressources qui offrent des bienfaits.<\/p>\n<\/div>\n<div class=\"page\" title=\"Page 2\">\n<div class=\"layoutArea\">\n<div class=\"column\">\n<h4>Exemple discussion avec un patient<\/h4>\n<p><strong>Patient<\/strong><\/p>\n<p><em>Je comprends que des pre\u0301judices peuvent e\u0302tre associe\u0301s a\u0300 ce test de de\u0301pistage, mais je veux tout de me\u0302me le subir. Je me sentirais mieux si je savais. J\u2019accepte ce risque.<\/em><\/p>\n<p><strong>Clinicien<\/strong><\/p>\n<p><em>Pour vous mettre au c\u0153ur de mon travail, je dois vous aider a\u0300 e\u0301viter les pre\u0301judices. Comme je vous l\u2019ai de\u0301ja\u0300 explique\u0301, le de\u0301pistage de cette maladie en l\u2019absence de bonnes raisons (sans facteur de risque ni sympto\u0302me) peut mener au surdiagnostic et au surtraitement. Vous pourriez devoir e\u0302tre traite\u0301 pour quelque chose qui ne pose actuellement aucun proble\u0300me.<\/em><\/p>\n<\/div>\n<p>&nbsp;<\/p>\n<\/div>\n<\/div>\n<\/div>\n<\/div>\n<\/div>\n<\/div>\n<\/div>\n<\/div><\/div><\/div><\/div>\n","protected":false},"excerpt":{"rendered":"","protected":false},"author":20241,"featured_media":22031,"parent":10330,"menu_order":22,"comment_status":"closed","ping_status":"closed","template":"","meta":{"_acf_changed":false,"footnotes":""},"categories":[325],"tags":[],"class_list":["post-21752","page","type-page","status-publish","has-post-thumbnail","hentry","category-autres-outils"],"acf":[],"_links":{"self":[{"href":"https:\/\/canadiantaskforce.ca\/fr\/wp-json\/wp\/v2\/pages\/21752","targetHints":{"allow":["GET"]}}],"collection":[{"href":"https:\/\/canadiantaskforce.ca\/fr\/wp-json\/wp\/v2\/pages"}],"about":[{"href":"https:\/\/canadiantaskforce.ca\/fr\/wp-json\/wp\/v2\/types\/page"}],"author":[{"embeddable":true,"href":"https:\/\/canadiantaskforce.ca\/fr\/wp-json\/wp\/v2\/users\/20241"}],"replies":[{"embeddable":true,"href":"https:\/\/canadiantaskforce.ca\/fr\/wp-json\/wp\/v2\/comments?post=21752"}],"version-history":[{"count":5,"href":"https:\/\/canadiantaskforce.ca\/fr\/wp-json\/wp\/v2\/pages\/21752\/revisions"}],"predecessor-version":[{"id":22039,"href":"https:\/\/canadiantaskforce.ca\/fr\/wp-json\/wp\/v2\/pages\/21752\/revisions\/22039"}],"up":[{"embeddable":true,"href":"https:\/\/canadiantaskforce.ca\/fr\/wp-json\/wp\/v2\/pages\/10330"}],"wp:featuredmedia":[{"embeddable":true,"href":"https:\/\/canadiantaskforce.ca\/fr\/wp-json\/wp\/v2\/media\/22031"}],"wp:attachment":[{"href":"https:\/\/canadiantaskforce.ca\/fr\/wp-json\/wp\/v2\/media?parent=21752"}],"wp:term":[{"taxonomy":"category","embeddable":true,"href":"https:\/\/canadiantaskforce.ca\/fr\/wp-json\/wp\/v2\/categories?post=21752"},{"taxonomy":"post_tag","embeddable":true,"href":"https:\/\/canadiantaskforce.ca\/fr\/wp-json\/wp\/v2\/tags?post=21752"}],"curies":[{"name":"wp","href":"https:\/\/api.w.org\/{rel}","templated":true}]}}