{"id":22198,"date":"2020-07-06T00:01:24","date_gmt":"2020-07-06T04:01:24","guid":{"rendered":"http:\/\/canadiantaskforce.ca\/?page_id=22198"},"modified":"2024-04-16T10:11:31","modified_gmt":"2024-04-16T14:11:31","slug":"adenocarcinome-oesophagien-presentation-de-la-ligne-directrice","status":"publish","type":"page","link":"https:\/\/canadiantaskforce.ca\/fr\/adenocarcinome-oesophagien-presentation-de-la-ligne-directrice\/","title":{"rendered":"Ad\u00e9nocarcinome \u0153sophagien\u2014Pr\u00e9sentation de la ligne directrice"},"content":{"rendered":"<div class='fullwidth-section  ' style=\"background-repeat:no-repeat;background-position:left top;\"><div class=\"container\"><div class=\"dt-sc-tabs-vertical2-container\"><ul id=\"menu-guidelines-french\" class=\"dt-sc-tabs-vertical2-frame\"><li id=\"menu-item-14161\" class=\"menu-item menu-item-type-post_type menu-item-object-page menu-item-has-children menu-item-14161\"><a href=\"https:\/\/canadiantaskforce.ca\/fr\/lignesdirectrives\/lignes-directrices-publiees\/\">Lignes directrices publi\u00e9es<\/a>\n<ul class=\"sub-menu\">\n\t<li id=\"menu-item-10358\" class=\"menu-item menu-item-type-post_type menu-item-object-page menu-item-10358\"><a href=\"https:\/\/canadiantaskforce.ca\/fr\/lignesdirectrives\/\">Aper\u00e7u<\/a><\/li>\n\t<li id=\"menu-item-22231\" class=\"menu-item menu-item-type-post_type menu-item-object-page menu-item-22231\"><a href=\"https:\/\/canadiantaskforce.ca\/fr\/lignesdirectrives\/lignes-directrices-publiees\/adenocarcinome-oesophagien\/\">Ad\u00e9nocarcinome \u0153sophagien (2020)<\/a><\/li>\n\t<li id=\"menu-item-20198\" class=\"menu-item menu-item-type-post_type menu-item-object-page menu-item-20198\"><a href=\"https:\/\/canadiantaskforce.ca\/fr\/lignesdirectrives\/lignes-directrices-publiees\/anevrisme-aortique-abdominal\/\">An\u00e9vrisme de l\u2019aorte abdominale (2017)<\/a><\/li>\n\t<li id=\"menu-item-17776\" class=\"menu-item menu-item-type-post_type menu-item-object-page menu-item-17776\"><a href=\"https:\/\/canadiantaskforce.ca\/fr\/lignesdirectrives\/lignes-directrices-publiees\/bacteriurie-asymptomatique\/\">Bact\u00e9riurie asymptomatique au cours de la grossesse (2018)<\/a><\/li>\n\t<li id=\"menu-item-29979\" class=\"menu-item menu-item-type-post_type menu-item-object-page menu-item-29979\"><a href=\"https:\/\/canadiantaskforce.ca\/fr\/lignesdirectrives\/lignes-directrices-publiees\/cancer-du-sein-mise-a-jour-2024\/\">[Archiv\u00e9] Conflits D\u2019int\u00e9r\u00eatsCancer du Sein (mise \u00e0 jour) -Recommandations provisoires (2024)<\/a><\/li>\n\t<li id=\"menu-item-10816\" class=\"menu-item menu-item-type-post_type menu-item-object-page menu-item-10816\"><a href=\"https:\/\/canadiantaskforce.ca\/fr\/lignesdirectrives\/lignes-directrices-publiees\/cancer-colorectal\/\">Cancer colorectal (2016)<\/a><\/li>\n\t<li id=\"menu-item-10817\" class=\"menu-item menu-item-type-post_type menu-item-object-page menu-item-10817\"><a href=\"https:\/\/canadiantaskforce.ca\/fr\/lignesdirectrives\/lignes-directrices-publiees\/cancer-de-la-prostate\/\">Cancer de la prostate (2014)<\/a><\/li>\n\t<li id=\"menu-item-10818\" class=\"menu-item menu-item-type-post_type menu-item-object-page menu-item-10818\"><a href=\"https:\/\/canadiantaskforce.ca\/fr\/lignesdirectrives\/lignes-directrices-publiees\/cancer-du-col-de-luterus\/\">Cancer du col de l\u2019ut\u00e9rus (2013)<\/a><\/li>\n\t<li id=\"menu-item-10819\" class=\"menu-item menu-item-type-post_type menu-item-object-page menu-item-10819\"><a href=\"https:\/\/canadiantaskforce.ca\/fr\/lignesdirectrives\/lignes-directrices-publiees\/cancer-du-poumon\/\">Cancer du poumon (2016)<\/a><\/li>\n\t<li id=\"menu-item-23926\" class=\"menu-item menu-item-type-post_type menu-item-object-page menu-item-23926\"><a href=\"https:\/\/canadiantaskforce.ca\/fr\/lignesdirectrives\/lignes-directrices-publiees\/chlamydia-et-gonorrhee\/\">Chlamydia et gonorrh\u00e9e (2021)<\/a><\/li>\n\t<li id=\"menu-item-10821\" class=\"menu-item menu-item-type-post_type menu-item-object-page menu-item-10821\"><a href=\"https:\/\/canadiantaskforce.ca\/fr\/lignesdirectrives\/lignes-directrices-publiees\/deficience-cognitive\/\">D\u00e9ficience cognitive (2024)<\/a><\/li>\n\t<li id=\"menu-item-33166\" class=\"menu-item menu-item-type-post_type menu-item-object-page menu-item-33166\"><a href=\"https:\/\/canadiantaskforce.ca\/fr\/lignesdirectrives\/lignes-directrices-publiees\/depression-chez-ladulte-mise-a-jour\/\">D\u00e9pression chez l\u2019adulte (mise \u00e0 jour) (2025)<\/a><\/li>\n\t<li id=\"menu-item-25495\" class=\"menu-item menu-item-type-post_type menu-item-object-page menu-item-25495\"><a href=\"https:\/\/canadiantaskforce.ca\/fr\/lignesdirectrives\/lignes-directrices-publiees\/depression-pendant-la-grossesse-et-la-periode-postnatale\/\">D\u00e9pression pendant la grossesse et la p\u00e9riode postnatale (2022)<\/a><\/li>\n\t<li id=\"menu-item-10823\" class=\"menu-item menu-item-type-post_type menu-item-object-page menu-item-10823\"><a href=\"https:\/\/canadiantaskforce.ca\/fr\/lignesdirectrives\/lignes-directrices-publiees\/diabete-de-type-2\/\">Diab\u00e8te de type 2 (2012)<\/a><\/li>\n\t<li id=\"menu-item-22278\" class=\"menu-item menu-item-type-post_type menu-item-object-page menu-item-22278\"><a href=\"https:\/\/canadiantaskforce.ca\/fr\/lignesdirectrives\/lignes-directrices-publiees\/dysfonctionnement-thyroidien\/\">Dysfonctionnement thyro\u00efdien (2019)<\/a><\/li>\n\t<li id=\"menu-item-10824\" class=\"menu-item menu-item-type-post_type menu-item-object-page menu-item-10824\"><a href=\"https:\/\/canadiantaskforce.ca\/fr\/lignesdirectrives\/lignes-directrices-publiees\/pelvic-exam\/\">Examen pelvien (2016)<\/a><\/li>\n\t<li id=\"menu-item-27545\" class=\"menu-item menu-item-type-post_type menu-item-object-page menu-item-27545\"><a href=\"https:\/\/canadiantaskforce.ca\/fr\/lignesdirectrives\/lignes-directrices-publiees\/fracture-de-fragilisation\/\">Fracture De Fragilisation (2023)<\/a><\/li>\n\t<li id=\"menu-item-13025\" class=\"menu-item menu-item-type-post_type menu-item-object-page menu-item-13025\"><a href=\"https:\/\/canadiantaskforce.ca\/fr\/lignesdirectrives\/lignes-directrices-publiees\/hepatite-c\/\">H\u00e9patite C (2017)<\/a><\/li>\n\t<li id=\"menu-item-10825\" class=\"menu-item menu-item-type-post_type menu-item-object-page menu-item-10825\"><a href=\"https:\/\/canadiantaskforce.ca\/fr\/lignesdirectrives\/lignes-directrices-publiees\/hypertension-arterielle\/\">Hypertension art\u00e9rielle (2012)<\/a><\/li>\n\t<li id=\"menu-item-10828\" class=\"menu-item menu-item-type-post_type menu-item-object-page menu-item-10828\"><a href=\"https:\/\/canadiantaskforce.ca\/fr\/lignesdirectrives\/lignes-directrices-publiees\/retard-de-developpement\/\">Retard de d\u00e9veloppement (2016)<\/a><\/li>\n\t<li id=\"menu-item-32710\" class=\"menu-item menu-item-type-post_type menu-item-object-page menu-item-32710\"><a href=\"https:\/\/canadiantaskforce.ca\/fr\/lignesdirectrives\/lignes-directrices-publiees\/tabagisme-chez-ladulte\/\">Tabagisme chez l\u2019adulte (2025)<\/a><\/li>\n\t<li id=\"menu-item-12541\" class=\"menu-item menu-item-type-post_type menu-item-object-page menu-item-12541\"><a href=\"https:\/\/canadiantaskforce.ca\/fr\/lignesdirectrives\/lignes-directrices-publiees\/tabagisme-chez-les-enfants-et-les-adolescents\/\">Tabagisme chez les enfants et les adolescents (2017)<\/a><\/li>\n\t<li id=\"menu-item-17149\" class=\"menu-item menu-item-type-post_type menu-item-object-page menu-item-17149\"><a href=\"https:\/\/canadiantaskforce.ca\/fr\/lignesdirectrives\/lignes-directrices-publiees\/troubles-de-la-vision\/\">Troubles de la vision (2018)<\/a><\/li>\n<\/ul>\n<\/li>\n<li id=\"menu-item-31045\" class=\"menu-item menu-item-type-post_type menu-item-object-page menu-item-31045\"><a href=\"https:\/\/canadiantaskforce.ca\/fr\/lignesdirectrives\/scores-d-evaluation-ecri\/\">Scores d\u2019\u00e9valuation (ECRI)<\/a><\/li>\n<li id=\"menu-item-19784\" class=\"menu-item menu-item-type-post_type menu-item-object-page menu-item-19784\"><a href=\"https:\/\/canadiantaskforce.ca\/fr\/lignesdirectrives\/revues-systematiques-et-protocoles\/\">Revues Syst\u00e9matiques et Protocoles<\/a><\/li>\n<li id=\"menu-item-19879\" class=\"menu-item menu-item-type-post_type menu-item-object-page menu-item-has-children menu-item-19879\"><a href=\"https:\/\/canadiantaskforce.ca\/fr\/methodologie\/\">[Archiv\u00e9]\u00a0M\u00e9thodologie<\/a>\n<ul class=\"sub-menu\">\n\t<li id=\"menu-item-19880\" class=\"menu-item menu-item-type-post_type menu-item-object-page menu-item-19880\"><a href=\"https:\/\/canadiantaskforce.ca\/fr\/methodologie\/\">Manuel des proc\u00e9dures<\/a><\/li>\n\t<li id=\"menu-item-19881\" class=\"menu-item menu-item-type-post_type menu-item-object-page menu-item-19881\"><a href=\"https:\/\/canadiantaskforce.ca\/fr\/methodologie\/grade\/\">GRADE<\/a><\/li>\n\t<li id=\"menu-item-19882\" class=\"menu-item menu-item-type-post_type menu-item-object-page menu-item-19882\"><a href=\"https:\/\/canadiantaskforce.ca\/fr\/methodologie\/protocole-relatif-aux-preferences-des-patients\/\">Protocole de participation du patient<\/a><\/li>\n\t<li id=\"menu-item-28459\" class=\"menu-item menu-item-type-post_type menu-item-object-page menu-item-28459\"><a href=\"https:\/\/canadiantaskforce.ca\/fr\/methodologie\/updating-reaffirmation-and-sunsetting-clinical-practice-guidelines-methods-from-the-canadian-task-force-on-preventive-health-care\/\">Mise \u00e0 jour, r\u00e9affirmation et caducit\u00e9 des\u00a0lignes directrices de pratique clinique\u00a0<\/a><\/li>\n<\/ul>\n<\/li>\n<li id=\"menu-item-27713\" class=\"menu-item menu-item-type-post_type menu-item-object-page menu-item-has-children menu-item-27713\"><a href=\"https:\/\/canadiantaskforce.ca\/fr\/lignesdirectrives\/autres-publications\/\">Autres publications<\/a>\n<ul class=\"sub-menu\">\n\t<li id=\"menu-item-19587\" class=\"menu-item menu-item-type-post_type menu-item-object-page menu-item-19587\"><a href=\"https:\/\/canadiantaskforce.ca\/fr\/lignesdirectrives\/serie-prevention-en-pratique\/\">S\u00e9rie Pr\u00e9vention en pratique<\/a><\/li>\n\t<li id=\"menu-item-19491\" class=\"menu-item menu-item-type-post_type menu-item-object-page menu-item-19491\"><a href=\"https:\/\/canadiantaskforce.ca\/fr\/lignesdirectrives\/visites-periodiques-en-sante-preventive\/\">Visites p\u00e9riodiques en sant\u00e9 pr\u00e9ventive<\/a><\/li>\n<\/ul>\n<\/li>\n<\/ul><div class=\"dt-sc-tabs-vertical2-frame-content\"><div class='back'><h4><span class='fa fa-angle-left'><\/span>&nbsp;<a href='\/lignesdirectrives\/lignes-directrices-publiees\/adenocarcinome-oesophagien\/?lang=fr\/'>Retour<\/a><\/h4><\/div>\n<ul>\n<li><a href=\"https:\/\/canadiantaskforce.ca\/wp-content\/uploads\/2020\/07\/EAC_StakeholderDeck-FR_20200629.ppt\">T\u00e9l\u00e9charger le PPT<\/a><\/li>\n<li><a href=\"https:\/\/canadiantaskforce.ca\/wp-content\/uploads\/2020\/07\/EAC_StakeholderDeck-FR_20200629.pptx\">T\u00e9l\u00e9charger le PPTX<\/a><\/li>\n<li><a href=\"https:\/\/canadiantaskforce.ca\/wp-content\/uploads\/2020\/07\/EAC_StakeholderDeck-FR_20200629.pdf\">T\u00e9l\u00e9charger le PDF<\/a><\/li>\n<li><a href=\"https:\/\/canadiantaskforce.ca\/wp-content\/uploads\/2020\/07\/EAC_SpeakingNotesFrench_20200629.pdf\">Download Slide Deck Script<\/a><\/li>\n<\/ul>\n<p><strong>Title<\/strong>\nLigne directrice sur le d\u00e9pistage de l\u2019ad\u00e9nocarcinome \u0153sophagien chez les patients atteints de reflux gastro-\u0153sophagien chronique<\/p>\n<p><strong>Creator<\/strong>\nGroupe d\u2019\u00e9tude canadien sur les soins de sant\u00e9 pr\u00e9ventifs<\/p>\n<p><strong>Description<\/strong>\nPr\u00e9sentation d&rsquo;usage libre pour diss\u00e9miner les lignes directrices.<\/p>\n<p><strong>Date<\/strong>\njuillet 2020<\/p>\n<\/div><\/div><\/div><\/div>\n","protected":false},"excerpt":{"rendered":"","protected":false},"author":20241,"featured_media":0,"parent":0,"menu_order":106,"comment_status":"closed","ping_status":"closed","template":"","meta":{"_acf_changed":false,"footnotes":""},"categories":[],"tags":[],"class_list":["post-22198","page","type-page","status-publish","hentry"],"acf":[],"_links":{"self":[{"href":"https:\/\/canadiantaskforce.ca\/fr\/wp-json\/wp\/v2\/pages\/22198","targetHints":{"allow":["GET"]}}],"collection":[{"href":"https:\/\/canadiantaskforce.ca\/fr\/wp-json\/wp\/v2\/pages"}],"about":[{"href":"https:\/\/canadiantaskforce.ca\/fr\/wp-json\/wp\/v2\/types\/page"}],"author":[{"embeddable":true,"href":"https:\/\/canadiantaskforce.ca\/fr\/wp-json\/wp\/v2\/users\/20241"}],"replies":[{"embeddable":true,"href":"https:\/\/canadiantaskforce.ca\/fr\/wp-json\/wp\/v2\/comments?post=22198"}],"version-history":[{"count":5,"href":"https:\/\/canadiantaskforce.ca\/fr\/wp-json\/wp\/v2\/pages\/22198\/revisions"}],"predecessor-version":[{"id":22274,"href":"https:\/\/canadiantaskforce.ca\/fr\/wp-json\/wp\/v2\/pages\/22198\/revisions\/22274"}],"wp:attachment":[{"href":"https:\/\/canadiantaskforce.ca\/fr\/wp-json\/wp\/v2\/media?parent=22198"}],"wp:term":[{"taxonomy":"category","embeddable":true,"href":"https:\/\/canadiantaskforce.ca\/fr\/wp-json\/wp\/v2\/categories?post=22198"},{"taxonomy":"post_tag","embeddable":true,"href":"https:\/\/canadiantaskforce.ca\/fr\/wp-json\/wp\/v2\/tags?post=22198"}],"curies":[{"name":"wp","href":"https:\/\/api.w.org\/{rel}","templated":true}]}}