{"id":22404,"date":"2020-08-11T10:33:40","date_gmt":"2020-08-11T14:33:40","guid":{"rendered":"http:\/\/canadiantaskforce.ca\/?page_id=22404"},"modified":"2024-07-08T11:45:53","modified_gmt":"2024-07-08T15:45:53","slug":"cancer-du-sein-mise-a-jour-outil-daide-a-la-prise-de-decision-partagee-personnes-agees-de-60-a-69-ans","status":"publish","type":"page","link":"https:\/\/canadiantaskforce.ca\/fr\/cancer-du-sein-mise-a-jour-outil-daide-a-la-prise-de-decision-partagee-personnes-agees-de-60-a-69-ans\/","title":{"rendered":"Cancer du sein (mise \u00e0 jour) (2018)\u2014Outil d\u2019aide a\u0300 la prise de de\u0301cision partag\u00e9e, personnes \u00e2g\u00e9es de 60 a\u0300 69 ans"},"content":{"rendered":"<div class='fullwidth-section  ' style=\"background-repeat:no-repeat;background-position:left top;\"><div class=\"container\"><div class=\"dt-sc-tabs-vertical2-container\"><ul id=\"menu-outilsressources\" class=\"dt-sc-tabs-vertical2-frame\"><li id=\"menu-item-14151\" class=\"menu-item menu-item-type-post_type menu-item-object-page menu-item-14151\"><a href=\"https:\/\/canadiantaskforce.ca\/fr\/tools-resources\/\">Outils de d\u00e9pistage<\/a><\/li>\n<li id=\"menu-item-14150\" class=\"menu-item menu-item-type-post_type menu-item-object-page menu-item-14150\"><a href=\"https:\/\/canadiantaskforce.ca\/fr\/?page_id=11228\">Vid\u00e9os<\/a><\/li>\n<\/ul><div class=\"dt-sc-tabs-vertical2-frame-content\"><div class=\"breastcancer-tool\">Archive<\/p>\n<p class=\"p1\">Le Groupe d\u2019\u00e9tude canadien a publi\u00e9 des recommandations provisoires pour le d\u00e9pistage du cancer du sein en 2024. Les lignes directrices de pratique clinique de 2011 et 2018 ne sont plus courantes. Veuillez <a href=\"https:\/\/canadiantaskforce.ca\/lignesdirectrives\/lignes-directrices-publiees\/cancer-du-sein-mise-a-jour-2024\/?lang=fr\"><span class=\"s1\">cliquer ici<\/span><\/a> pour consulter les recommandations provisoires mises \u00e0 jour pour le d\u00e9pistage du cancer du sein.<\/p>\n<\/div>\n<div class='pdfdownload'><h5>Version PDF<\/h5><hr><div class='pdfdownload-text'> <a href=\"https:\/\/canadiantaskforce.ca\/wp-content\/uploads\/2024\/06\/CTFPHC_Breast_Cancer_SDM_FR_2024_60-69.pdf\" target=\"_blank\" rel=\"noopener noreferrer\">T\u00e9l\u00e9charger le PDF<\/a> <\/div><\/div>\n<div class='back'><h4><span class='fa fa-angle-left'><\/span>&nbsp;<a href='\/lignesdirectrives\/lignes-directrices-publiees\/cancer-du-sein-mise-a-jour\/?lang=fr'>Retour<\/a><\/h4><\/div>\n<div>\n<p><strong>*Remarque : les outils d&rsquo;aide \u00e0 la prise de d\u00e9cision partag\u00e9e n\u00e9cessitent une mise \u00e0 jour mineure. Ils seront mis \u00e0 jour au d\u00e9but de l&rsquo;ann\u00e9e 2023.<\/strong><\/p>\n<div>\n<h3>Le de\u0301pistage du cancer du sein chez les femmes sans risque accru<\/h3>\n<h4>Recommandations de la ligne directrice<\/h4>\n<p><strong>Chez les femmes a\u0302ge\u0301es de 60 a\u0300 69 ans, nous recommandons, a\u0300 titre conditionnel, de proce\u0301der au de\u0301pistage par mammographie tous les deux a\u0300 trois ans.<\/strong><\/p>\n<ul>\n<li>L\u2019e\u0301quilibre entre les be\u0301ne\u0301fices et les pre\u0301judices est plus favorable dans ce groupe d\u2019a\u0302ge.<\/li>\n<li>Cette recommandation est conditionnelle parce que certaines femmes pourraient ne pas vouloir un de\u0301pistage si elles estiment les pre\u0301judices potentiels supe\u0301rieurs aux be\u0301ne\u0301fices.<\/li>\n<li>Les femmes de ce groupe d\u2019a\u0302ge devraient avoir une discussion avec un professionnel de la sante\u0301 pour de\u0301terminer si le de\u0301pistage est la meilleure option pour elles.<\/li>\n<\/ul>\n<h4>FAQ\u2019s<\/h4>\n<p><strong>A\u0300 qui ces recommandations ne s\u2019appliquent pas?<\/strong><\/p>\n<p>Ces recommandations ne s\u2019appliquent pas aux femmes a\u0300 risque accru de cancer du sein, comme celles ayant des ante\u0301ce\u0301dents personnels ou familiaux de cancer du sein, celles porteuses de mutations ge\u0301ne\u0301tiques pre\u0301cises (ou qui ont une me\u0300re, une s\u0153ur ou une fille ayant ces mutations) et celles qui ont subi une radiothe\u0301rapie thoracique avant l\u2019a\u0302ge de 30 ans.<\/p>\n<p><strong>Qu\u2019est-ce que le de\u0301pistage?<\/strong><\/p>\n<p>Le de\u0301pistage est effectue\u0301 pour tenter de de\u0301tecter une maladie pre\u0301coce chez les personnes qui n\u2019ont pas de signes ou sympto\u0302mes de la maladie.<\/p>\n<p><strong>Qu\u2019est-ce qu\u2019une mammographie?<\/strong><\/p>\n<p>Une mammographie est une radiographie du ou des seins visant a\u0300 de\u0301tecter la pre\u0301sence d\u2019un cancer.<\/p>\n<p><strong>Pourquoi une prise de de\u0301cision partage\u0301e est-elle importante?<\/strong><\/p>\n<p>Le de\u0301pistage est une de\u0301cision personnelle. Chaque femme doit discuter des be\u0301ne\u0301fices et des pre\u0301judices du de\u0301pistage en fonction de son groupe d\u2019a\u0302ge (comme illustre\u0301 ci-dessous) avec un professionnel de la sante\u0301. Ainsi, elle sera en mesure de de\u0301cider de ce qui est le mieux pour elle.<\/p>\n<p><img loading=\"lazy\" decoding=\"async\" class=\"aligncenter size-large wp-image-22405\" src=\"https:\/\/canadiantaskforce.ca\/wp-content\/uploads\/2020\/08\/CTFPHC_Breast_Cancer_Shared_Decision_Making_Tool_French_60-69_FR-1024x487.png\" alt=\"\" width=\"1024\" height=\"487\" srcset=\"https:\/\/canadiantaskforce.ca\/wp-content\/uploads\/2020\/08\/CTFPHC_Breast_Cancer_Shared_Decision_Making_Tool_French_60-69_FR-1024x487.png 1024w, https:\/\/canadiantaskforce.ca\/wp-content\/uploads\/2020\/08\/CTFPHC_Breast_Cancer_Shared_Decision_Making_Tool_French_60-69_FR-300x143.png 300w, https:\/\/canadiantaskforce.ca\/wp-content\/uploads\/2020\/08\/CTFPHC_Breast_Cancer_Shared_Decision_Making_Tool_French_60-69_FR-768x366.png 768w, https:\/\/canadiantaskforce.ca\/wp-content\/uploads\/2020\/08\/CTFPHC_Breast_Cancer_Shared_Decision_Making_Tool_French_60-69_FR-100x48.png 100w, https:\/\/canadiantaskforce.ca\/wp-content\/uploads\/2020\/08\/CTFPHC_Breast_Cancer_Shared_Decision_Making_Tool_French_60-69_FR-1536x731.png 1536w, https:\/\/canadiantaskforce.ca\/wp-content\/uploads\/2020\/08\/CTFPHC_Breast_Cancer_Shared_Decision_Making_Tool_French_60-69_FR.png 1744w\" sizes=\"auto, (max-width: 1024px) 100vw, 1024px\" \/><\/p>\n<div class=\"page\" title=\"Page 2\">\n<div class=\"layoutArea\">\n<div class=\"column\">\n<h4>Be\u0301ne\u0301fices, pre\u0301judices et priorisation du de\u0301pistage<\/h4>\n<\/div>\n<\/div>\n<\/div>\n<div class=\"dt-sc-tabs-container\"><ul class=\"dt-sc-tabs-frame\"><li><a href=\"#\">Benefit<\/a><\/li><li><a href=\"#\">Pre\u0301judice<\/a><\/li><li><a href=\"#\">Pre\u0301judice<\/a><\/li><li><a href=\"#\">Autre<\/a><\/li><\/ul><div class=\"dt-sc-tabs-frame-content\"><figure>\n<table>\n<tbody>\n<tr>\n<th class=\"col\">Pre\u0301sentation des be\u0301ne\u0301fices et des pre\u0301judices<\/th>\n<\/tr>\n<tr>\n<td>Les donne\u0301es montrent que le de\u0301pistage re\u0301duit le risque d\u2019une femme de mourir d\u2019un cancer du sein.<\/td>\n<\/tr>\n<tr>\n<th class=\"col\">A\u0300 quel point les e\u0301le\u0301ments suivants sont-ils importants pour vous?<\/th>\n<\/tr>\n<tr>\n<td>De\u0301couverte pre\u0301coce d\u2019un cancer afin qu\u2019il soit traite\u0301 avant d\u2019e\u0302tre symptomatique.<\/td>\n<\/tr>\n<tr>\n<th class=\"col\">Taux<\/th>\n<\/tr>\n<tr>\n<td>Une vie sauve\u0301e par 1 000 femmes ayant subi un de\u0301pistage, sur sept ans.<\/td>\n<\/tr>\n<tr>\n<th class=\"col\">Quelle importance accordez-vous \u00e0 ce b\u00e9n\u00e9fice\/pr\u00e9judice?<\/th>\n<\/tr>\n<tr>\n<td>\n<div style=\"width: 33%;float: left;text-align: center;margin: 5px 0px\">Pas Important<\/div>\n<div style=\"width: 33%;float: left;text-align: center;font-size: 20px;letter-spacing: 5px\">\u25cb \u25cb \u25cb \u25cb \u25cb<\/div>\n<div style=\"width: 33%;float: left;text-align: center;margin: 5px 0px\">Tre\u0300s Important<\/div>\n<\/td>\n<\/tr>\n<\/tbody>\n<\/table>\n<\/figure><\/div><div class=\"dt-sc-tabs-frame-content\"><figure>\n<table>\n<tbody>\n<tr>\n<th class=\"col\">Pre\u0301sentation des be\u0301ne\u0301fices et des pre\u0301judices<\/th>\n<\/tr>\n<tr>\n<td>Faux positif : Un faux positif se produit lorsqu\u2019une personne obtient un re\u0301sultat positif au de\u0301pistage (mammographie anormale) en l\u2019absence d\u2019un cancer. Il peut mener a\u0300 des examens supple\u0301mentaires, y compris une biopsie ce qui peut causer des torts physiques et psychologiques.<\/td>\n<\/tr>\n<tr>\n<th class=\"col\">A\u0300 quel point les e\u0301le\u0301ments suivants sont-ils importants pour vous?<\/th>\n<\/tr>\n<tr>\n<td>Tests de suivi en cas de re\u0301sultats positifs sans qu\u2019un cancer ne soit pre\u0301sent.<\/td>\n<\/tr>\n<tr>\n<th class=\"col\">Taux<\/th>\n<\/tr>\n<tr>\n<td>Environ 250 faux positifs par 1 000 femmes ayant subi un de\u0301pistage, sur sept ans.<\/td>\n<\/tr>\n<tr>\n<th class=\"col\">Quelle importance accordez-vous \u00e0 ce b\u00e9n\u00e9fice\/pr\u00e9judice?<\/th>\n<\/tr>\n<tr>\n<td>\n<div style=\"width: 33%;float: left;text-align: center;margin: 5px 0px\">Pas Important<\/div>\n<div style=\"width: 33%;float: left;text-align: center;font-size: 20px;letter-spacing: 5px\">\u25cb \u25cb \u25cb \u25cb \u25cb<\/div>\n<div style=\"width: 33%;float: left;text-align: center;margin: 5px 0px\">Tre\u0300s Important<\/div>\n<\/td>\n<\/tr>\n<\/tbody>\n<\/table>\n<\/figure><\/div><div class=\"dt-sc-tabs-frame-content\"><figure>\n<table>\n<tbody>\n<tr>\n<th class=\"col\">Pre\u0301sentation des be\u0301ne\u0301fices et des pre\u0301judices<\/th>\n<\/tr>\n<tr>\n<td>Surdiagnostic : En raison du de\u0301pistage, certaines femmes recevront le diagnostic d\u2019un cancer qui ne leur aurait cause\u0301 aucun proble\u0300me leur vie durant. Ceci s\u2019appelle un \u00ab surdiagnostic \u00bb et me\u0300ne a\u0300 des traitements inutiles (surtraitement).<\/td>\n<\/tr>\n<tr>\n<th class=\"col\">A\u0300 quel point les e\u0301le\u0301ments suivants sont-ils importants pour vous?<\/th>\n<\/tr>\n<tr>\n<td>Diagnostic et traitement d\u2019un cancer qui n\u2019aurait jamais e\u0301te\u0301 symptomatique.<\/td>\n<\/tr>\n<tr>\n<th class=\"col\">Taux<\/th>\n<\/tr>\n<tr>\n<td>Aucune donne\u0301e fiable n\u2019est disponible en ce qui concerne le surdiagnostic dans ce groupe d\u2019a\u0302ge.<\/td>\n<\/tr>\n<tr>\n<th class=\"col\">Quelle importance accordez-vous \u00e0 ce b\u00e9n\u00e9fice\/pr\u00e9judice?<\/th>\n<\/tr>\n<tr>\n<td>\n<div style=\"width: 33%;float: left;text-align: center;margin: 5px 0px\">Pas Important<\/div>\n<div style=\"width: 33%;float: left;text-align: center;font-size: 20px;letter-spacing: 5px\">\u25cb \u25cb \u25cb \u25cb \u25cb<\/div>\n<div style=\"width: 33%;float: left;text-align: center;margin: 5px 0px\">Tre\u0300s Important<\/div>\n<\/td>\n<\/tr>\n<\/tbody>\n<\/table>\n<\/figure><\/div><div class=\"dt-sc-tabs-frame-content\"><figure>\n<table>\n<tbody>\n<tr>\n<th class=\"col\">Pre\u0301sentation des be\u0301ne\u0301fices et des pre\u0301judices<\/th>\n<\/tr>\n<tr>\n<td style=\"text-align: center\">\n<div style=\"border-bottom: 1px solid black;margin-top: 15px\"><\/div>\n<\/td>\n<\/tr>\n<tr>\n<th class=\"col\">A\u0300 quel point les e\u0301le\u0301ments suivants sont-ils importants pour vous?<\/th>\n<\/tr>\n<tr>\n<td style=\"text-align: center\">\n<div style=\"border-bottom: 1px solid black;margin-top: 15px\"><\/div>\n<\/td>\n<\/tr>\n<tr>\n<th class=\"col\">Taux<\/th>\n<\/tr>\n<tr>\n<td style=\"text-align: center\">\n<div style=\"border-bottom: 1px solid black;margin-top: 15px\"><\/div>\n<\/td>\n<\/tr>\n<tr>\n<th class=\"col\">Quelle importance accordez-vous \u00e0 ce b\u00e9n\u00e9fice\/pr\u00e9judice?<\/th>\n<\/tr>\n<tr>\n<td>\n<div style=\"width: 33%;float: left;text-align: center;margin: 5px 0px\">Not Important<\/div>\n<div style=\"width: 33%;float: left;text-align: center;font-size: 20px;letter-spacing: 5px\">\u25cb \u25cb \u25cb \u25cb \u25cb<\/div>\n<div style=\"width: 33%;float: left;text-align: center;margin: 5px 0px\">Very Important<\/div>\n<\/td>\n<\/tr>\n<\/tbody>\n<\/table>\n<\/figure><\/div><\/div>\n<h4><\/h4>\n<h4><\/h4>\n<h4>Avez-vous d\u2019autres questions?<\/h4>\n<div style=\"border-bottom: 1px solid black;margin: 15px 0px\"><\/div>\n<h4>Quelle de\u0301cision avez-vous prise quant au de\u0301pistage?<\/h4>\n<p>\u25a1 Je veux subir un de\u0301pistage<\/p>\n<p>\u25a1 Je ne veux pas subir de de\u0301pistage<\/p>\n<p>\u25a1 Je suis inde\u0301cise<\/p>\n<\/div><\/div><\/div><\/div>\n<\/div>\n<\/div>\n","protected":false},"excerpt":{"rendered":"","protected":false},"author":2,"featured_media":22131,"parent":0,"menu_order":0,"comment_status":"closed","ping_status":"closed","template":"","meta":{"_acf_changed":false,"footnotes":""},"categories":[286,218],"tags":[],"class_list":["post-22404","page","type-page","status-publish","has-post-thumbnail","hentry","category-cancer-du-sein-mis-a-jour","category-outils"],"acf":[],"_links":{"self":[{"href":"https:\/\/canadiantaskforce.ca\/fr\/wp-json\/wp\/v2\/pages\/22404","targetHints":{"allow":["GET"]}}],"collection":[{"href":"https:\/\/canadiantaskforce.ca\/fr\/wp-json\/wp\/v2\/pages"}],"about":[{"href":"https:\/\/canadiantaskforce.ca\/fr\/wp-json\/wp\/v2\/types\/page"}],"author":[{"embeddable":true,"href":"https:\/\/canadiantaskforce.ca\/fr\/wp-json\/wp\/v2\/users\/2"}],"replies":[{"embeddable":true,"href":"https:\/\/canadiantaskforce.ca\/fr\/wp-json\/wp\/v2\/comments?post=22404"}],"version-history":[{"count":16,"href":"https:\/\/canadiantaskforce.ca\/fr\/wp-json\/wp\/v2\/pages\/22404\/revisions"}],"predecessor-version":[{"id":30779,"href":"https:\/\/canadiantaskforce.ca\/fr\/wp-json\/wp\/v2\/pages\/22404\/revisions\/30779"}],"wp:featuredmedia":[{"embeddable":true,"href":"https:\/\/canadiantaskforce.ca\/fr\/wp-json\/wp\/v2\/media\/22131"}],"wp:attachment":[{"href":"https:\/\/canadiantaskforce.ca\/fr\/wp-json\/wp\/v2\/media?parent=22404"}],"wp:term":[{"taxonomy":"category","embeddable":true,"href":"https:\/\/canadiantaskforce.ca\/fr\/wp-json\/wp\/v2\/categories?post=22404"},{"taxonomy":"post_tag","embeddable":true,"href":"https:\/\/canadiantaskforce.ca\/fr\/wp-json\/wp\/v2\/tags?post=22404"}],"curies":[{"name":"wp","href":"https:\/\/api.w.org\/{rel}","templated":true}]}}