{"id":22942,"date":"2020-10-20T16:26:57","date_gmt":"2020-10-20T20:26:57","guid":{"rendered":"http:\/\/canadiantaskforce.ca\/?page_id=22942"},"modified":"2026-04-01T16:51:33","modified_gmt":"2026-04-01T20:51:33","slug":"conflits-dinterets","status":"publish","type":"page","link":"https:\/\/canadiantaskforce.ca\/fr\/a-propos-du-gecssp\/conflits-dinterets\/","title":{"rendered":"[Archiv\u00e9] Conflits D\u2019int\u00e9r\u00eats"},"content":{"rendered":"<div class='fullwidth-section  ' style=\"background-repeat:no-repeat;background-position:left top;\"><div class=\"container\"><div class=\"dt-sc-tabs-vertical2-container\"><ul id=\"menu-about-french\" class=\"dt-sc-tabs-vertical2-frame\"><li id=\"menu-item-19919\" class=\"menu-item menu-item-type-post_type menu-item-object-page menu-item-19919\"><a href=\"https:\/\/canadiantaskforce.ca\/fr\/a-propos-du-gecssp\/\">\u00c0 propos du GECSSP<\/a><\/li>\n<li id=\"menu-item-14012\" class=\"menu-item menu-item-type-post_type menu-item-object-page menu-item-has-children menu-item-14012\"><a href=\"https:\/\/canadiantaskforce.ca\/fr\/a-propos-du-gecssp\/histoire\/\">Histoire<\/a>\n<ul class=\"sub-menu\">\n\t<li id=\"menu-item-19588\" class=\"menu-item menu-item-type-post_type menu-item-object-page menu-item-19588\"><a href=\"https:\/\/canadiantaskforce.ca\/fr\/la-brique-rouge-guide-canadien-de-medecine-clinique-preventive-1994\/\">\u00ab La Brique rouge \u00bb: Guide canadien de m\u00e9decine clinique pr\u00e9ventive (1994)<\/a><\/li>\n\t<li id=\"menu-item-19590\" class=\"menu-item menu-item-type-post_type menu-item-object-page menu-item-19590\"><a href=\"https:\/\/canadiantaskforce.ca\/fr\/autres-lignes-directrices-1979-2006\/\">Autres lignes directrices (1979\u20132006)<\/a><\/li>\n\t<li id=\"menu-item-19658\" class=\"menu-item menu-item-type-post_type menu-item-object-page menu-item-19658\"><a href=\"https:\/\/canadiantaskforce.ca\/fr\/autres-documents-1979-2006\/\">Autres documents (1979\u20132006)<\/a><\/li>\n<\/ul>\n<\/li>\n<li id=\"menu-item-22946\" class=\"menu-item menu-item-type-post_type menu-item-object-page menu-item-22946\"><a href=\"https:\/\/canadiantaskforce.ca\/fr\/a-propos-du-gecssp\/conflits-dinterets\/\">[Archiv\u00e9] Conflits D\u2019int\u00e9r\u00eats<\/a><\/li>\n<\/ul><div class=\"dt-sc-tabs-vertical2-frame-content\"><div class='pdfdownload'><h5>Version PDF<\/h5><hr><div class='pdfdownload-text'> \u00a0<a href=\"https:\/\/canadiantaskforce.ca\/wp-content\/uploads\/2020\/10\/COI-Policy-202008-FR-Final.pdf\">Politique sur la divulgation des int\u00e9r\u00eats et la gestion des\nconflits d\u2019int\u00e9r\u00eat<\/a> <\/div><\/div>\n<p class=\"breastcancer-notice\">Les informations archiv\u00e9es sont fournies aux fins de r\u00e9f\u00e9rence, de recherche ou de tenue de documents.<\/p>\n<h3><b>Introduction et principes sous-jacents\u00a0<\/b><\/h3>\n<p><span style=\"font-weight: 400\">La pr\u00e9sente politique d\u00e9crit les proc\u00e9dures de divulgation des int\u00e9r\u00eats et de gestion des conflits d\u2019int\u00e9r\u00eats (CI) pour le Groupe d\u2019\u00e9tude canadien sur les soins de sant\u00e9 pr\u00e9ventifs (\u00ab Groupe d\u2019\u00e9tude \u00bb). Cette politique s\u2019appuie sur une analyse des pratiques exemplaires dans la communaut\u00e9 internationale des lignes directrices et des politiques des revues m\u00e9dicales, et respecte les Principes sur la divulgation d\u2019int\u00e9r\u00eats et la gestion des CI du Guidelines International Network (GIN). \u00a0<\/span><\/p>\n<h3><b>Port\u00e9e\u00a0<\/b><\/h3>\n<p><span style=\"font-weight: 400\">La pr\u00e9sente politique contient des recommandations qui s\u2019appliquent \u00e0 tous les membres actuels et futurs du Groupe d\u2019\u00e9tude, peu importe la discipline ou les intervenants qu\u2019ils repr\u00e9sentent. La politique donne \u00e9galement un aper\u00e7u des proc\u00e9dures suivies pour les groupes et les personnes fournissant un soutien externe au Groupe d\u2019\u00e9tude :<\/span><\/p>\n<ul>\n<li style=\"font-weight: 400\"><span style=\"font-weight: 400\">Experts en contenu invit\u00e9s (experts-conseils)<\/span><\/li>\n<li style=\"font-weight: 400\"><span style=\"font-weight: 400\">Intervenants externes et pairs \u00e9valuateurs<\/span><\/li>\n<li style=\"font-weight: 400\"><span style=\"font-weight: 400\">Personnel de la DSMLD \u00e0 l\u2019ASPC<\/span><\/li>\n<li style=\"font-weight: 400\"><span style=\"font-weight: 400\">Centres d\u2019analyse et de synth\u00e8se des donn\u00e9es probantes (CASDP)<\/span><\/li>\n<li style=\"font-weight: 400\"><span style=\"font-weight: 400\">Programme d\u2019application des connaissances, H\u00f4pital St. Michael<\/span><\/li>\n<\/ul>\n<\/div><\/div><\/div><\/div>\n","protected":false},"excerpt":{"rendered":"","protected":false},"author":2,"featured_media":0,"parent":9768,"menu_order":143,"comment_status":"open","ping_status":"open","template":"tpl-fullwidth.php","meta":{"_acf_changed":false,"footnotes":""},"categories":[],"tags":[],"class_list":["post-22942","page","type-page","status-publish","hentry"],"acf":[],"_links":{"self":[{"href":"https:\/\/canadiantaskforce.ca\/fr\/wp-json\/wp\/v2\/pages\/22942","targetHints":{"allow":["GET"]}}],"collection":[{"href":"https:\/\/canadiantaskforce.ca\/fr\/wp-json\/wp\/v2\/pages"}],"about":[{"href":"https:\/\/canadiantaskforce.ca\/fr\/wp-json\/wp\/v2\/types\/page"}],"author":[{"embeddable":true,"href":"https:\/\/canadiantaskforce.ca\/fr\/wp-json\/wp\/v2\/users\/2"}],"replies":[{"embeddable":true,"href":"https:\/\/canadiantaskforce.ca\/fr\/wp-json\/wp\/v2\/comments?post=22942"}],"version-history":[{"count":4,"href":"https:\/\/canadiantaskforce.ca\/fr\/wp-json\/wp\/v2\/pages\/22942\/revisions"}],"predecessor-version":[{"id":33568,"href":"https:\/\/canadiantaskforce.ca\/fr\/wp-json\/wp\/v2\/pages\/22942\/revisions\/33568"}],"up":[{"embeddable":true,"href":"https:\/\/canadiantaskforce.ca\/fr\/wp-json\/wp\/v2\/pages\/9768"}],"wp:attachment":[{"href":"https:\/\/canadiantaskforce.ca\/fr\/wp-json\/wp\/v2\/media?parent=22942"}],"wp:term":[{"taxonomy":"category","embeddable":true,"href":"https:\/\/canadiantaskforce.ca\/fr\/wp-json\/wp\/v2\/categories?post=22942"},{"taxonomy":"post_tag","embeddable":true,"href":"https:\/\/canadiantaskforce.ca\/fr\/wp-json\/wp\/v2\/tags?post=22942"}],"curies":[{"name":"wp","href":"https:\/\/api.w.org\/{rel}","templated":true}]}}