{"id":22984,"date":"2020-11-18T10:49:41","date_gmt":"2020-11-18T15:49:41","guid":{"rendered":"http:\/\/canadiantaskforce.ca\/?page_id=22984"},"modified":"2024-04-16T10:11:50","modified_gmt":"2024-04-16T14:11:50","slug":"richard-henry","status":"publish","type":"page","link":"https:\/\/canadiantaskforce.ca\/fr\/get-involved\/richard-henry\/","title":{"rendered":"Richard Henry"},"content":{"rendered":"<div class='fullwidth-section  ' style=\"background-repeat:no-repeat;background-position:left top;\"><div class=\"container\"><div class=\"dt-sc-tabs-vertical2-container\"><ul id=\"menu-getinvolved-french\" class=\"dt-sc-tabs-vertical2-frame\"><li id=\"menu-item-22814\" class=\"menu-item menu-item-type-post_type menu-item-object-page menu-item-22814\"><a href=\"https:\/\/canadiantaskforce.ca\/fr\/?page_id=22507\">RCP-GEC<\/a><\/li>\n<li id=\"menu-item-28313\" class=\"menu-item menu-item-type-post_type menu-item-object-page menu-item-28313\"><a href=\"https:\/\/canadiantaskforce.ca\/fr\/?page_id=28207\">Mise \u00e0 jour sur le d\u00e9pistage du cancer du sein \u2013 soumissions publiques<\/a><\/li>\n<\/ul><div class=\"dt-sc-tabs-vertical2-frame-content\">[back link=\u00a0\u00bbhttps:\/\/canadiantaskforce.ca\/get-involved\/programme-de-stages-du-gecssp\/?lang=fr\u00a0\u00bb]\n<div  class='column dt-sc-one-fourth  space  '   ><p><img loading=\"lazy\" decoding=\"async\" class=\"size-full wp-image-20443 aligncenter\" src=\"https:\/\/canadiantaskforce.ca\/wp-content\/uploads\/2020\/11\/Richard-Henry_bw.jpg\" alt=\"\" width=\"361\" height=\"361\" \/><\/p><\/div>\n<div  class='column dt-sc-three-fourth  space  '   ><h4 class=\"p1\"><b>M. Richard Henry, <\/b><em>Ph. D.<\/em><\/h4>\n<p class=\"p1\">Richard Henry est boursier postdoctoral \u00e0 l\u2019Universit\u00e9 McGill, o\u00f9 il travaille sur des mod\u00e8les d\u2019essai en cohortes dans les domaines de la scl\u00e9rodermie et de la sant\u00e9 des personnes trans. Titulaire d\u2019une ma\u00eetrise en \u00e9tudes f\u00e9ministes et de genre de l\u2019Universit\u00e9 de Floride du Sud (2016) et d\u2019un doctorat en psychologie de la sant\u00e9 de l\u2019Universit\u00e9 Virginia Commonwealth (2020), il s\u2019int\u00e9resse particuli\u00e8rement \u00e0 l\u2019\u00e9tude des enjeux d\u2019\u00e9quit\u00e9 en sant\u00e9 selon divers facteurs identitaires (genre, appartenance \u00e0 la communaut\u00e9 LGBTQ+, race\/ethnicit\u00e9, incapacit\u00e9s, troubles de sant\u00e9 chroniques, etc.).<\/p>\n<p class=\"p1\"><strong>Affiliations:\u00a0<\/strong><\/p>\n<ol class=\"ol1\">\n<li class=\"li1\">Universit\u00e9 McGill, Montr\u00e9al (Qu\u00e9bec)<\/li>\n<\/ol>\n<p class=\"p1\"><strong>Champs d\u2019int\u00e9r\u00eat et domaines d\u2019expertise:<\/strong><\/p>\n<ul>\n<li class=\"li1\">Sant\u00e9 mentale<\/li>\n<li class=\"li1\">Sant\u00e9 des personnes trans<\/li>\n<li class=\"li1\">\u00c9quit\u00e9 en sant\u00e9<\/li>\n<\/ul><\/div>\n<\/div><\/div><\/div><\/div>\n","protected":false},"excerpt":{"rendered":"","protected":false},"author":20241,"featured_media":0,"parent":10347,"menu_order":0,"comment_status":"closed","ping_status":"closed","template":"","meta":{"_acf_changed":false,"footnotes":""},"categories":[],"tags":[],"class_list":["post-22984","page","type-page","status-publish","hentry"],"acf":[],"_links":{"self":[{"href":"https:\/\/canadiantaskforce.ca\/fr\/wp-json\/wp\/v2\/pages\/22984","targetHints":{"allow":["GET"]}}],"collection":[{"href":"https:\/\/canadiantaskforce.ca\/fr\/wp-json\/wp\/v2\/pages"}],"about":[{"href":"https:\/\/canadiantaskforce.ca\/fr\/wp-json\/wp\/v2\/types\/page"}],"author":[{"embeddable":true,"href":"https:\/\/canadiantaskforce.ca\/fr\/wp-json\/wp\/v2\/users\/20241"}],"replies":[{"embeddable":true,"href":"https:\/\/canadiantaskforce.ca\/fr\/wp-json\/wp\/v2\/comments?post=22984"}],"version-history":[{"count":3,"href":"https:\/\/canadiantaskforce.ca\/fr\/wp-json\/wp\/v2\/pages\/22984\/revisions"}],"predecessor-version":[{"id":26150,"href":"https:\/\/canadiantaskforce.ca\/fr\/wp-json\/wp\/v2\/pages\/22984\/revisions\/26150"}],"up":[{"embeddable":true,"href":"https:\/\/canadiantaskforce.ca\/fr\/wp-json\/wp\/v2\/pages\/10347"}],"wp:attachment":[{"href":"https:\/\/canadiantaskforce.ca\/fr\/wp-json\/wp\/v2\/media?parent=22984"}],"wp:term":[{"taxonomy":"category","embeddable":true,"href":"https:\/\/canadiantaskforce.ca\/fr\/wp-json\/wp\/v2\/categories?post=22984"},{"taxonomy":"post_tag","embeddable":true,"href":"https:\/\/canadiantaskforce.ca\/fr\/wp-json\/wp\/v2\/tags?post=22984"}],"curies":[{"name":"wp","href":"https:\/\/api.w.org\/{rel}","templated":true}]}}