{"id":22990,"date":"2020-11-18T10:57:00","date_gmt":"2020-11-18T15:57:00","guid":{"rendered":"http:\/\/canadiantaskforce.ca\/?page_id=22990"},"modified":"2024-04-16T10:11:49","modified_gmt":"2024-04-16T14:11:49","slug":"keith-todd","status":"publish","type":"page","link":"https:\/\/canadiantaskforce.ca\/fr\/get-involved\/keith-todd\/","title":{"rendered":"Keith Todd"},"content":{"rendered":"<div class='fullwidth-section  ' style=\"background-repeat:no-repeat;background-position:left top;\"><div class=\"container\"><div class=\"dt-sc-tabs-vertical2-container\"><ul id=\"menu-getinvolved-french\" class=\"dt-sc-tabs-vertical2-frame\"><li id=\"menu-item-22814\" class=\"menu-item menu-item-type-post_type menu-item-object-page menu-item-22814\"><a href=\"https:\/\/canadiantaskforce.ca\/fr\/?page_id=22507\">RCP-GEC<\/a><\/li>\n<li id=\"menu-item-28313\" class=\"menu-item menu-item-type-post_type menu-item-object-page menu-item-28313\"><a href=\"https:\/\/canadiantaskforce.ca\/fr\/?page_id=28207\">Mise \u00e0 jour sur le d\u00e9pistage du cancer du sein \u2013 soumissions publiques<\/a><\/li>\n<\/ul><div class=\"dt-sc-tabs-vertical2-frame-content\">[back link=\u00a0\u00bbhttps:\/\/canadiantaskforce.ca\/get-involved\/programme-de-stages-du-gecssp\/?lang=fr\u00a0\u00bb]\n<div  class='column dt-sc-one-fourth  space  '   ><p><img loading=\"lazy\" decoding=\"async\" class=\"size-full wp-image-20443 aligncenter\" src=\"https:\/\/canadiantaskforce.ca\/wp-content\/uploads\/2020\/11\/Keith-Todd_bw.jpg\" alt=\"\" width=\"361\" height=\"361\" \/><\/p>\n<p>&nbsp;<\/p><\/div>\n<div  class='column dt-sc-three-fourth  space  '   ><h4 class=\"p1\"><b>Dr\u00a0Keith Todd, <\/b><em>M.\u00a0D., Ph.\u00a0D., CCMF<\/em><\/h4>\n<p class=\"p1\">Le D<sup>r<\/sup>\u00a0Keith Todd, originaire du Manitoba, a r\u00e9alis\u00e9 des \u00e9tudes doctorales en neuroscience fondamentale. Apr\u00e8s avoir re\u00e7u une bourse de recherche \u00e0 l\u2019Institut neurologique de Montr\u00e9al, il a suivi une formation m\u00e9dicale \u00e0 l\u2019Universit\u00e9 McGill, pour laquelle il est aujourd\u2019hui m\u00e9decin de famille universitaire et professeur adjoint. Le D<sup>r<\/sup>\u00a0Todd exerce en m\u00e9decine familiale g\u00e9n\u00e9rale et en m\u00e9decine hospitali\u00e8re au Centre de m\u00e9decine familiale Goldman-Herzl et \u00e0 l\u2019H\u00f4pital g\u00e9n\u00e9ral juif de Montr\u00e9al (Qu\u00e9bec). Il participe activement \u00e0 la formation d\u2019\u00e9tudiants en m\u00e9decine et de r\u00e9sidents, notamment dans les domaines des soins bas\u00e9s sur des donn\u00e9es probantes et de l\u2019am\u00e9lioration de la qualit\u00e9.<\/p>\n<p class=\"p1\"><strong>Affiliations:<\/strong><\/p>\n<ol class=\"ol1\">\n<li class=\"li1\">\n<p class=\"p1\">D\u00e9partement de m\u00e9decine familiale, Universit\u00e9 McGill, Montr\u00e9al (Qu\u00e9bec)<\/p>\n<\/li>\n<\/ol>\n<p class=\"p1\"><strong>Champs d\u2019int\u00e9r\u00eat et domaines d\u2019expertise:<\/strong><\/p>\n<ul>\n<li class=\"li1\">Soins bas\u00e9s sur des donn\u00e9es probantes<\/li>\n<li class=\"li1\">Am\u00e9lioration de la qualit\u00e9<\/li>\n<li class=\"li1\">\u00c9ducation<\/li>\n<\/ul><\/div>\n<\/div><\/div><\/div><\/div>\n","protected":false},"excerpt":{"rendered":"","protected":false},"author":20241,"featured_media":0,"parent":10347,"menu_order":0,"comment_status":"closed","ping_status":"closed","template":"","meta":{"_acf_changed":false,"footnotes":""},"categories":[],"tags":[],"class_list":["post-22990","page","type-page","status-publish","hentry"],"acf":[],"_links":{"self":[{"href":"https:\/\/canadiantaskforce.ca\/fr\/wp-json\/wp\/v2\/pages\/22990","targetHints":{"allow":["GET"]}}],"collection":[{"href":"https:\/\/canadiantaskforce.ca\/fr\/wp-json\/wp\/v2\/pages"}],"about":[{"href":"https:\/\/canadiantaskforce.ca\/fr\/wp-json\/wp\/v2\/types\/page"}],"author":[{"embeddable":true,"href":"https:\/\/canadiantaskforce.ca\/fr\/wp-json\/wp\/v2\/users\/20241"}],"replies":[{"embeddable":true,"href":"https:\/\/canadiantaskforce.ca\/fr\/wp-json\/wp\/v2\/comments?post=22990"}],"version-history":[{"count":2,"href":"https:\/\/canadiantaskforce.ca\/fr\/wp-json\/wp\/v2\/pages\/22990\/revisions"}],"predecessor-version":[{"id":23034,"href":"https:\/\/canadiantaskforce.ca\/fr\/wp-json\/wp\/v2\/pages\/22990\/revisions\/23034"}],"up":[{"embeddable":true,"href":"https:\/\/canadiantaskforce.ca\/fr\/wp-json\/wp\/v2\/pages\/10347"}],"wp:attachment":[{"href":"https:\/\/canadiantaskforce.ca\/fr\/wp-json\/wp\/v2\/media?parent=22990"}],"wp:term":[{"taxonomy":"category","embeddable":true,"href":"https:\/\/canadiantaskforce.ca\/fr\/wp-json\/wp\/v2\/categories?post=22990"},{"taxonomy":"post_tag","embeddable":true,"href":"https:\/\/canadiantaskforce.ca\/fr\/wp-json\/wp\/v2\/tags?post=22990"}],"curies":[{"name":"wp","href":"https:\/\/api.w.org\/{rel}","templated":true}]}}