{"id":23739,"date":"2021-04-19T00:01:25","date_gmt":"2021-04-19T04:01:25","guid":{"rendered":"http:\/\/canadiantaskforce.ca\/tools-resources\/chlamydia-and-gonorrhea-infographic\/"},"modified":"2025-02-10T14:52:24","modified_gmt":"2025-02-10T19:52:24","slug":"chlamydia-and-gonorrhea-infographic","status":"publish","type":"page","link":"https:\/\/canadiantaskforce.ca\/fr\/tools-resources\/chlamydia-and-gonorrhea-infographic\/","title":{"rendered":"Chlamydia et gonorrh\u00e9e\u2014Re\u0301sume\u0301 visuel graphique"},"content":{"rendered":"<div class='fullwidth-section  ' style=\"background-repeat:no-repeat;background-position:left top;\"><div class=\"container\"><div class=\"dt-sc-tabs-vertical2-container\"><ul id=\"menu-outilsressources\" class=\"dt-sc-tabs-vertical2-frame\"><li id=\"menu-item-14151\" class=\"menu-item menu-item-type-post_type menu-item-object-page menu-item-14151\"><a href=\"https:\/\/canadiantaskforce.ca\/fr\/tools-resources\/\">Outils de d\u00e9pistage<\/a><\/li>\n<\/ul><div class=\"dt-sc-tabs-vertical2-frame-content\"><div class='pdfdownload'><h5>Version PDF<\/h5><hr><div class='pdfdownload-text'><span class=\"s1\"><a href=\"https:\/\/canadiantaskforce.ca\/tools-resources\/chlamydia-and-gonorrhea-infographic\/c-and-g-infographic-web-final-fr\/\">T\u00e9l\u00e9charger le PDF<\/a><\/span><\/div><\/div>\n<div class='back'><h4><span class='fa fa-angle-left'><\/span>&nbsp;<a href='\/lignesdirectrives\/lignes-directrices-publiees\/chlamydia-et-gonorrhee\/?lang=fr'>Retour<\/a><\/h4><\/div>\n<h3 class=\"p1\">Sexuellement actif moinsactif et moins de 30 ans?<\/h3>\n<p class=\"p2\">Il serait bon de vous faire d\u00e9pister.<\/p>\n<p class=\"p2\">Si vous avez d\u00e9j\u00e0 eu des relations sexuelles orales, vaginales ou anales, vous \u00eates une personne sexuellement active.<\/p>\n<p class=\"p1\"><span class=\"Apple-converted-space\">\u00a0<\/span><\/p>\n<h3 class=\"p2\"><b>Pourquoi?<\/b><\/h3>\n<ul>\n<li class=\"p1\">De nombreuses personnes infect\u00e9es ne pr\u00e9sentent pas de sympt\u00f4mes.<span class=\"Apple-converted-space\">\u00a0<\/span><\/li>\n<li class=\"p1\">La chlamydia et la gonorrh\u00e9e peuvent entra\u00eener une infection douloureuse des organes g\u00e9nitaux, de la douleur chronique, et m\u00eame de l\u2019infertilit\u00e9.<\/li>\n<li class=\"p1\"><span class=\"Apple-converted-space\">\u00a0<\/span>Ces infections peuvent \u00eatre trait\u00e9es avec des antibiotiques.<span class=\"Apple-converted-space\">\u00a0<\/span><\/li>\n<\/ul>\n<h3><strong>O\u00f9?<\/strong><\/h3>\n<p class=\"p1\">Il est possible de subir un test dans un cabinet de m\u00e9decin ou une clinique m\u00e9dicale.<span class=\"Apple-converted-space\">\u00a0<\/span><\/p>\n<p class=\"p1\"><b>Choisissez l\u2019option qui vous convient le mieux.<span class=\"Apple-converted-space\">\u00a0<\/span><\/b><\/p>\n<h3><strong>Comment?<\/strong><\/h3>\n<p class=\"p1\">G\u00e9n\u00e9ralement, on proc\u00e8de \u00e0 un pr\u00e9l\u00e8vement d\u2019urine ou g\u00e9nital.<\/p>\n<h3><\/h3>\n<h3 class=\"p2\"><span class=\"s1\"><b>Votre resultat<\/b><\/span><strong>?<\/strong><\/h3>\n<p class=\"p1\">Si vous obtenez un r\u00e9sultat positif, vous devrez prendre des antibiotiques et \u00e9viter toute relation sexuelle pour <b>une semaine.<span class=\"Apple-converted-space\">\u00a0<\/span><\/b><\/p>\n<ul class=\"ul1\">\n<li class=\"li1\">Il est possible de subir d\u2019autres tests plus tard pour \u00e9liminer la possibilit\u00e9 d\u2019une r\u00e9-infection.<span class=\"Apple-converted-space\">\u00a0<\/span><\/li>\n<\/ul>\n<p class=\"p1\">Si vous obtenez un r\u00e9sultat n\u00e9gatif, <b>continuez \u00e0 vous prot\u00e9ger lors des relations sexuelles.<span class=\"Apple-converted-space\">\u00a0<\/span><\/b><\/p>\n<p class=\"p1\"><b>Discutez avec votre m\u00e9decin des options qui s\u2019offrent \u00e0 vous.<span class=\"Apple-converted-space\">\u00a0<\/span><\/b><\/p>\n<p class=\"p1\"><span class=\"Apple-converted-space\">\u00a0<\/span><\/p>\n<h3 class=\"p2\"><span class=\"s1\"><b>Sant\u00e9 publique<\/b><\/span><\/h3>\n<p class=\"p1\">Les cas de chlamydia et de gonorrh\u00e9e sont automatiquement signal\u00e9s aux autorit\u00e9s de sant\u00e9 publique.<span class=\"Apple-converted-space\">\u00a0<\/span><\/p>\n<p class=\"p1\">Une infirmi\u00e8re en sant\u00e9 publique peut communiquer avec les personnes infect\u00e9es pour faciliter la <b>recherche des contacts<\/b>. Elle avise, de fa\u00e7on <b>confidentielle<\/b>, leurs partenaires sexuels pour qu\u2019ils se fassent d\u00e9pister et qu\u2019ils soient trait\u00e9s, au besoin.<span class=\"Apple-converted-space\">\u00a0<\/span><\/p>\n<h3 class=\"p1\"><span class=\"s1\"><b>Faux Positifs<\/b><\/span><\/h3>\n<p class=\"p1\">Aucun test n\u2019est infaillible; un <b>faux positif <\/b>peut survenir.<span class=\"Apple-converted-space\">\u00a0<\/span><\/p>\n<p class=\"p1\">Si vous obtenez un r\u00e9sultat positif, essayez de <b>rester calme <\/b>et <b>parlez-en avec votre m\u00e9decin.<span class=\"Apple-converted-space\">\u00a0<\/span><\/b><\/p>\n<div class=\"section\">\n<div class=\"layoutArea\">\n<div class=\"column\">\n<div class=\"page\" title=\"Page 1\">\n<div class=\"section\">\n<div class=\"layoutArea\">\n<div class=\"column\">\n<div class=\"page\" title=\"Page 1\">\n<div class=\"section\">\n<div class=\"layoutArea\">\n<div class=\"column\">\n<\/div><\/div><\/div><\/div>\n<\/div>\n<\/div>\n<\/div>\n<\/div>\n<\/div>\n<\/div>\n<\/div>\n<\/div>\n<\/div>\n<\/div>\n<\/div>\n","protected":false},"excerpt":{"rendered":"","protected":false},"author":2,"featured_media":31941,"parent":10330,"menu_order":5,"comment_status":"closed","ping_status":"closed","template":"","meta":{"_acf_changed":false,"footnotes":""},"categories":[331,218],"tags":[],"class_list":["post-23739","page","type-page","status-publish","has-post-thumbnail","hentry","category-chlamydia-and-gonorrhea-fr","category-outils"],"acf":[],"_links":{"self":[{"href":"https:\/\/canadiantaskforce.ca\/fr\/wp-json\/wp\/v2\/pages\/23739","targetHints":{"allow":["GET"]}}],"collection":[{"href":"https:\/\/canadiantaskforce.ca\/fr\/wp-json\/wp\/v2\/pages"}],"about":[{"href":"https:\/\/canadiantaskforce.ca\/fr\/wp-json\/wp\/v2\/types\/page"}],"author":[{"embeddable":true,"href":"https:\/\/canadiantaskforce.ca\/fr\/wp-json\/wp\/v2\/users\/2"}],"replies":[{"embeddable":true,"href":"https:\/\/canadiantaskforce.ca\/fr\/wp-json\/wp\/v2\/comments?post=23739"}],"version-history":[{"count":9,"href":"https:\/\/canadiantaskforce.ca\/fr\/wp-json\/wp\/v2\/pages\/23739\/revisions"}],"predecessor-version":[{"id":31949,"href":"https:\/\/canadiantaskforce.ca\/fr\/wp-json\/wp\/v2\/pages\/23739\/revisions\/31949"}],"up":[{"embeddable":true,"href":"https:\/\/canadiantaskforce.ca\/fr\/wp-json\/wp\/v2\/pages\/10330"}],"wp:featuredmedia":[{"embeddable":true,"href":"https:\/\/canadiantaskforce.ca\/fr\/wp-json\/wp\/v2\/media\/31941"}],"wp:attachment":[{"href":"https:\/\/canadiantaskforce.ca\/fr\/wp-json\/wp\/v2\/media?parent=23739"}],"wp:term":[{"taxonomy":"category","embeddable":true,"href":"https:\/\/canadiantaskforce.ca\/fr\/wp-json\/wp\/v2\/categories?post=23739"},{"taxonomy":"post_tag","embeddable":true,"href":"https:\/\/canadiantaskforce.ca\/fr\/wp-json\/wp\/v2\/tags?post=23739"}],"curies":[{"name":"wp","href":"https:\/\/api.w.org\/{rel}","templated":true}]}}