{"id":25283,"date":"2022-07-25T00:01:43","date_gmt":"2022-07-25T04:01:43","guid":{"rendered":"https:\/\/canadiantaskforce.ca\/?page_id=25283"},"modified":"2024-04-16T10:12:13","modified_gmt":"2024-04-16T14:12:13","slug":"depression-pendant-la-grossesse-et-la-periode-postnatale-faq-pour-patients","status":"publish","type":"page","link":"https:\/\/canadiantaskforce.ca\/fr\/tools-resources\/depression-pendant-la-grossesse-et-la-periode-postnatale-faq-pour-patients\/","title":{"rendered":"D\u00e9pression pendant la grossesse et la p\u00e9riode postnatale\u2014FAQ pour patients"},"content":{"rendered":"<div class='fullwidth-section  ' style=\"background-repeat:no-repeat;background-position:left top;\"><div class=\"container\"><div class=\"dt-sc-tabs-vertical2-container\"><ul id=\"menu-outilsressources\" class=\"dt-sc-tabs-vertical2-frame\"><li id=\"menu-item-14151\" class=\"menu-item menu-item-type-post_type menu-item-object-page menu-item-14151\"><a href=\"https:\/\/canadiantaskforce.ca\/fr\/tools-resources\/\">Outils de d\u00e9pistage<\/a><\/li>\n<li id=\"menu-item-14150\" class=\"menu-item menu-item-type-post_type menu-item-object-page menu-item-14150\"><a href=\"https:\/\/canadiantaskforce.ca\/fr\/?page_id=11228\">Vid\u00e9os<\/a><\/li>\n<\/ul><div class=\"dt-sc-tabs-vertical2-frame-content\"><div class='pdfdownload'><h5>Version PDF<\/h5><hr><div class='pdfdownload-text'><a href=\"https:\/\/canadiantaskforce.ca\/wp-content\/uploads\/2024\/04\/CTFPHC_PPP_Patient-FAQ_FR_2024.pdf\">PDF en couleur<\/a><\/div><\/div>\n<div class='back'><h4><span class='fa fa-angle-left'><\/span>&nbsp;<a href='\/lignes-directrices-publiees\/depression-pendant-la-grossesse-et-la-periode-postnatale\/?lang=fr\/'>Retour<\/a><\/h4><\/div>\n<h3 class=\"p2\"><strong>Recommandation :<\/strong><\/h3>\n<p>Lors des soins usuels, les cliniciens doivent porter attention \u00e0 l\u2019\u00e9tat de sant\u00e9 mentale des personnes.<\/p>\n<p>Toutefois, le Groupe d\u2019\u00e9tude canadien sur les soins de sant\u00e9 pr\u00e9ventifs <u>d\u00e9conseille le <\/u>\u00a0<u>d\u00e9pistage syst\u00e9matique<\/u> de la d\u00e9pression \u00e0 l\u2019aide d\u2019un instrument standardis\u00e9, comme un questionnaire, chez toutes les personnes enceintes et en p\u00e9riode postnatale (jusqu\u2019\u00e0 un an apr\u00e8s l\u2019accouchement).<\/p>\n<h3><strong>Messages cl\u00e9s :<\/strong><\/h3>\n<ul>\n<li>La d\u00e9pression durant la grossesse ou la p\u00e9riode postnatale (jusqu\u2019\u00e0 un an) est un probl\u00e8me de sant\u00e9 grave, mais il existe des traitements efficaces.<\/li>\n<li>Lors des soins usuels, votre clinicien devrait s\u2019informer de votre sant\u00e9 mentale et de votre bien-\u00eatre, et pourrait vous poser des questions sur des sympt\u00f4mes li\u00e9s \u00e0 la d\u00e9pression.<\/li>\n<li>Si vous recevez un diagnostic de d\u00e9pression, votre clinicien vous proposera des ressources et des traitements qui pourraient vous aider.<\/li>\n<\/ul>\n<p><strong>1. En quoi consiste la d\u00e9pression pendant la grossesse ou la p\u00e9riode postnatale?<\/strong><\/p>\n<ul>\n<li>Il s\u2019agit d\u2019un \u00e9tat d\u00e9pressif qui peut avoir de lourdes cons\u00e9quences chez les parents et le nourrisson.<\/li>\n<li>Les sympt\u00f4mes se manifestent pendant la grossesse ou dans les deux semaines apr\u00e8s l\u2019accouchement. En voici des exemples :\n<ul>\n<li>Id\u00e9es suicidaires<\/li>\n<li>Refus de s\u2019occuper du b\u00e9b\u00e9<\/li>\n<li>Incapacit\u00e9 \u00e0 accomplir ses t\u00e2ches quotidiennes<\/li>\n<li>Refus de c\u00f4toyer son partenaire<\/li>\n<\/ul>\n<\/li>\n<li>Il arrive que les sympt\u00f4mes persistent et qu\u2019on doive prescrire un traitement.<\/li>\n<\/ul>\n<p><strong>2. \u00c0 quel point la d\u00e9pression pendant la grossesse ou en p\u00e9riode postnatale est-elle courante?<\/strong><\/p>\n<ul>\n<li>La d\u00e9pression chez les personnes enceintes ou en p\u00e9riode post-partum est l\u00e9g\u00e8rement plus fr\u00e9quente que chez les autres<\/li>\n<li>Cependant, si elle se d\u00e9clare durant cette p\u00e9riode, la d\u00e9pression peut nuire au bien- \u00eatre des parents, au d\u00e9veloppement du nourrisson et au lien parent-enfant.<\/li>\n<\/ul>\n<p><strong>3. Qu\u2019entend-on par \u00ab soins usuels \u00bb ?<\/strong><\/p>\n<ul>\n<li>Les soins usuels devraient comprendre des discussions sur les ant\u00e9c\u00e9dents de sant\u00e9 mentale, les sympt\u00f4mes actuels (le cas \u00e9ch\u00e9ant) et le bien-\u00eatre g\u00e9n\u00e9ral.<\/li>\n<li>Durant cette p\u00e9riode, votre clinicien v\u00e9rifiera si vous souffrez de d\u00e9pression.<\/li>\n<\/ul>\n<p><strong>4. Comment se traite la d\u00e9pression ?<\/strong><\/p>\n<ul>\n<li>La d\u00e9pression post-partum se traite souvent avec des m\u00e9dicaments (antid\u00e9presseurs) et une th\u00e9rapie<\/li>\n<li>L\u2019activit\u00e9 physique r\u00e9guli\u00e8re peut aussi aider.<\/li>\n<\/ul>\n<p><strong>5. Quelle est la diff\u00e9rence entre le <em>baby blues <\/em>et la d\u00e9pression post-partum?<\/strong><\/p>\n<ul>\n<li>Il est normal et courant de vivre ce qu\u2019on surnomme le <em>baby blues <\/em>quelques jours apr\u00e8s l\u2019accouchement.<\/li>\n<li>On ressent alors de la tristesse, de l\u2019anxi\u00e9t\u00e9 ou de la col\u00e8re envers son b\u00e9b\u00e9 ou son partenaire. D\u2019autres sympt\u00f4mes peuvent se manifester : crises de larmes inattendues, difficult\u00e9 \u00e0 dormir ou perte d\u2019app\u00e9tit.<\/li>\n<li>Cet \u00e9tat est principalement caus\u00e9 par les changements hormonaux significatifs apr\u00e8s l\u2019accouchement, le manque de sommeil et le stress accru.<\/li>\n<li>Les sympt\u00f4mes s\u2019am\u00e9liorent souvent en l\u2019espace d\u2019une ou deux semaines sans<\/li>\n<li>La d\u00e9pression post-partum et le <em>baby blues <\/em>ont de nombreux sympt\u00f4mes en commun, mais la premi\u00e8re peut \u00eatre beaucoup plus intense et n\u00e9cessite un traitement<\/li>\n<\/ul>\n<p><strong>6. Qu\u2019est-ce que le d\u00e9pistage?<\/strong><\/p>\n<ul>\n<li>Le d\u00e9pistage s\u2019effectue au moyen d\u2019un test qui vise \u00e0 d\u00e9terminer si vous risquez davantage d\u2019\u00eatre atteinte d\u2019un probl\u00e8me de sant\u00e9.<\/li>\n<li>Dans ce contexte, il s\u2019agit g\u00e9n\u00e9ralement d\u2019une s\u00e9rie de questions avec des scores associ\u00e9s aux r\u00e9ponses.<\/li>\n<li>Quand les scores sont \u00e9lev\u00e9s, on sugg\u00e8re de passer d\u2019autres tests pour confirmer le diagnostic et d\u00e9terminer le traitement.<\/li>\n<li>Rien ne montre que le d\u00e9pistage de la d\u00e9pression chez les personnes enceintes ou en p\u00e9riode post-partum donne de meilleurs r\u00e9sultats que les discussions sur le bien-\u00eatre et la sant\u00e9 mentale avec son clinicien.<\/li>\n<\/ul>\n<p><strong>7. Sans d\u00e9pistage, comment saurai-je si je souffre de d\u00e9pression post-partum?<\/strong><\/p>\n<ul>\n<li>Lors des soins usuels, les cliniciens devraient s\u2019informer de la sant\u00e9 mentale et du bien-\u00eatre.<\/li>\n<li>Il est primordial de parler \u00e0 votre clinicien de vos pr\u00e9occupations en sant\u00e9 mentale avant, pendant et apr\u00e8s l\u2019accouchement.<\/li>\n<li>Le clinicien usera alors de son jugement clinique pour d\u00e9cider s\u2019il faut d\u2019autres \u00e9valuations, au lieu de simplement se fier \u00e0 un score de d\u00e9pistage.<\/li>\n<\/ul>\n<hr \/>\n<p>Communiquez avec votre clinicien si vous ne vous sentez pas bien ou si vous avez des questions. N\u2019attendez PAS votre prochain rendez-vous.<\/p>\n<p>Voici quelques ressources utiles :<\/p>\n<ul>\n<li><a href=\"https:\/\/parlonssuicide.ca\/\"><u>Service<\/u> <u>de<\/u> <u>pr\u00e9vention<\/u> <u>du<\/u> <u>suicide<\/u> <u>du<\/u> <u>Canada<\/u><\/a> T\u00e9l\u00e9phone : 1 833 456-4566|Texto : 45645<\/li>\n<li>Qu\u00e9bec: 866.277.3553<\/li>\n<li><a href=\"https:\/\/www.postpartum.net\/\"><u>Postpartum<\/u> <u>Support<\/u> <u>International<\/u><\/a><\/li>\n<li><a href=\"https:\/\/yourlifecounts.org\/find-help\/\"><u>Your<\/u> <u>Life<\/u><u> Counts<\/u><\/a><\/li>\n<\/ul>\n<div class=\"section\">\n<div class=\"layoutArea\">\n<div class=\"column\">\n<div class=\"page\" title=\"Page 1\">\n<div class=\"section\">\n<div class=\"layoutArea\">\n<div class=\"column\">\n<div class=\"page\" title=\"Page 1\">\n<div class=\"section\">\n<div class=\"layoutArea\">\n<div class=\"column\">\n<\/div><\/div><\/div><\/div>\n<\/div>\n<\/div>\n<\/div>\n<\/div>\n<\/div>\n<\/div>\n<\/div>\n<\/div>\n<\/div>\n<\/div>\n<\/div>\n","protected":false},"excerpt":{"rendered":"","protected":false},"author":20241,"featured_media":25399,"parent":10330,"menu_order":5,"comment_status":"closed","ping_status":"closed","template":"","meta":{"_acf_changed":false,"footnotes":""},"categories":[336,218],"tags":[],"class_list":["post-25283","page","type-page","status-publish","has-post-thumbnail","hentry","category-depression-pendant-la-grossesse-et-la-periode-postnatale","category-outils"],"acf":[],"_links":{"self":[{"href":"https:\/\/canadiantaskforce.ca\/fr\/wp-json\/wp\/v2\/pages\/25283","targetHints":{"allow":["GET"]}}],"collection":[{"href":"https:\/\/canadiantaskforce.ca\/fr\/wp-json\/wp\/v2\/pages"}],"about":[{"href":"https:\/\/canadiantaskforce.ca\/fr\/wp-json\/wp\/v2\/types\/page"}],"author":[{"embeddable":true,"href":"https:\/\/canadiantaskforce.ca\/fr\/wp-json\/wp\/v2\/users\/20241"}],"replies":[{"embeddable":true,"href":"https:\/\/canadiantaskforce.ca\/fr\/wp-json\/wp\/v2\/comments?post=25283"}],"version-history":[{"count":11,"href":"https:\/\/canadiantaskforce.ca\/fr\/wp-json\/wp\/v2\/pages\/25283\/revisions"}],"predecessor-version":[{"id":28991,"href":"https:\/\/canadiantaskforce.ca\/fr\/wp-json\/wp\/v2\/pages\/25283\/revisions\/28991"}],"up":[{"embeddable":true,"href":"https:\/\/canadiantaskforce.ca\/fr\/wp-json\/wp\/v2\/pages\/10330"}],"wp:featuredmedia":[{"embeddable":true,"href":"https:\/\/canadiantaskforce.ca\/fr\/wp-json\/wp\/v2\/media\/25399"}],"wp:attachment":[{"href":"https:\/\/canadiantaskforce.ca\/fr\/wp-json\/wp\/v2\/media?parent=25283"}],"wp:term":[{"taxonomy":"category","embeddable":true,"href":"https:\/\/canadiantaskforce.ca\/fr\/wp-json\/wp\/v2\/categories?post=25283"},{"taxonomy":"post_tag","embeddable":true,"href":"https:\/\/canadiantaskforce.ca\/fr\/wp-json\/wp\/v2\/tags?post=25283"}],"curies":[{"name":"wp","href":"https:\/\/api.w.org\/{rel}","templated":true}]}}