{"id":25319,"date":"2022-07-25T00:01:53","date_gmt":"2022-07-25T04:01:53","guid":{"rendered":"https:\/\/canadiantaskforce.ca\/?page_id=25319"},"modified":"2024-04-16T10:12:13","modified_gmt":"2024-04-16T14:12:13","slug":"depression-pendant-la-grossesse-et-la-periode-postnatale-faq-pour-cliniciens","status":"publish","type":"page","link":"https:\/\/canadiantaskforce.ca\/fr\/tools-resources\/depression-pendant-la-grossesse-et-la-periode-postnatale-faq-pour-cliniciens\/","title":{"rendered":"D\u00e9pression pendant la grossesse et la p\u00e9riode postnatale\u2014FAQ pour cliniciens"},"content":{"rendered":"<div class='fullwidth-section  ' style=\"background-repeat:no-repeat;background-position:left top;\"><div class=\"container\"><div class=\"dt-sc-tabs-vertical2-container\"><ul id=\"menu-outilsressources\" class=\"dt-sc-tabs-vertical2-frame\"><li id=\"menu-item-14151\" class=\"menu-item menu-item-type-post_type menu-item-object-page menu-item-14151\"><a href=\"https:\/\/canadiantaskforce.ca\/fr\/tools-resources\/\">Outils de d\u00e9pistage<\/a><\/li>\n<\/ul><div class=\"dt-sc-tabs-vertical2-frame-content\"><div class='pdfdownload'><h5>Version PDF<\/h5><hr><div class='pdfdownload-text'><a href=\"https:\/\/canadiantaskforce.ca\/wp-content\/uploads\/2024\/04\/CTFPHC_PPP_Clinician-FAQ_FR_2024.pdf\">PDF en couleur<\/a><\/div><\/div>\n<div class='back'><h4><span class='fa fa-angle-left'><\/span>&nbsp;<a href='\/lignes-directrices-publiees\/depression-pendant-la-grossesse-et-la-periode-postnatale\/?lang=fr\/'>Retour<\/a><\/h4><\/div>\n<h3 class=\"p2\"><strong>Recommendation<\/strong><\/h3>\n<p>Lors des soins usuels, les cliniciens doivent porter attention \u00e0 l\u2019\u00e9tat de sant\u00e9 mentale des personnes qui les consultent.<\/p>\n<p>Toutefois, le Groupe d\u2019\u00e9tude canadien sur les soins de sant\u00e9 pr\u00e9ventifs <u>d\u00e9conseille<\/u> <u>le<\/u> <u>d\u00e9pistage<\/u> <u>syst\u00e9matique<\/u> de la d\u00e9pression <strong>\u00e0<\/strong> <strong>l\u2019aide<\/strong> <strong>d\u2019un<\/strong> <strong>instrument<\/strong> <strong>standardis\u00e9,<\/strong> <strong>comme<\/strong> <strong>un <\/strong><strong>questionnaire<\/strong>, chez <u>toutes<\/u> les personnes enceintes et en p\u00e9riode post-partum (jusqu\u2019\u00e0 un an apr\u00e8s l\u2019accouchement).<\/p>\n<p><em>(Recommandation conditionnelle;<\/em> <em>donn\u00e9es de<\/em> <em>tr\u00e8s faible<\/em> <em>certitude.)<\/em><\/p>\n<h3><strong>Messages cl\u00e9s :<\/strong><\/h3>\n<ul>\n<li>La recommandation suppose que, <strong>lors<\/strong> <strong>des<\/strong> <strong>soins<\/strong> <strong>usuels<\/strong> <strong>pendant<\/strong> <strong>la<\/strong> <strong>grossesse<\/strong> <strong>et<\/strong> <strong>la <\/strong><strong>p\u00e9riode postnatale, on s\u2019informe de l\u2019\u00e9tat de sant\u00e9 mentale et du bien-\u00eatre de la personne lorsqu\u2019elle nous <\/strong>Le jugement clinique pos\u00e9 dans le cadre des soins usuels <strong>ne <\/strong>constitue <strong>pas <\/strong>un d\u00e9pistage.<\/li>\n<li>Le <strong>d\u00e9pistage dans ce contexte <\/strong>suppose l\u2019utilisation, pour toutes les personnes, d\u2019un instrument standardis\u00e9 comme un questionnaire pour d\u00e9terminer qui a besoin d\u2019une \u00e9valuation plus pouss\u00e9e.<\/li>\n<li>Le Groupe d\u2019\u00e9tude canadien a d\u00e9termin\u00e9 que le d\u00e9pistage mobiliserait des ressources autrement allou\u00e9es aux personnes ayant des probl\u00e8mes de sant\u00e9 mentale ou ayant re\u00e7u un diagnostic de trouble de sant\u00e9<\/li>\n<li><strong>Les cliniciens doivent continuer de porter attention \u00e0 la sant\u00e9 mentale de leurs patientes, <\/strong>mais les donn\u00e9es n\u2019indiquent pas de fa\u00e7on concluante que le d\u00e9pistage, tel que d\u00e9fini ci-dessus, produirait de meilleures issues cliniques que les soins cliniques usuels.<\/li>\n<\/ul>\n<p><strong>1. Pourquoi le Groupe d\u2019\u00e9tude canadien d\u00e9conseille-t-il le d\u00e9pistage?<\/strong><\/p>\n<ul>\n<li>Les donn\u00e9es disponibles sont incertaines et ne permettent pas d\u2019\u00e9tablir que le d\u00e9pistage syst\u00e9matique \u00e0 l\u2019aide d\u2019instruments standardis\u00e9s est plus avantageux que les soins cliniques usuels.<\/li>\n<li>Le d\u00e9pistage pourrait entra\u00eener des demandes de consultation ou des \u00e9valuations inutiles, en plus d\u2019augmenter :\n<ul>\n<li>les faux positifs, soit les cas o\u00f9 la personne atteint le score pr\u00e9d\u00e9fini, mais ne remplit pas les crit\u00e8res diagnostiques de d\u00e9pression \u00e0 l\u2019issue d\u2019une \u00e9valuation plus pouss\u00e9e;<\/li>\n<li>les faux n\u00e9gatifs, soit les cas o\u00f9 la personne n\u2019atteint pas le score pr\u00e9d\u00e9fini, mais souffre bel et bien de d\u00e9pression clinique;<\/li>\n<li>les surdiagnostics, soit les cas o\u00f9 une personne pr\u00e9sentant des sympt\u00f4mes l\u00e9gers et temporaires est r\u00e9f\u00e9r\u00e9e vers un sp\u00e9cialiste ou fait l\u2019objet d\u2019une \u00e9valuation ou d\u2019un traitement inutile puisque ses sympt\u00f4mes se seraient r\u00e9sorb\u00e9s d\u2019eux- m\u00eames dans un laps de temps<\/li>\n<\/ul>\n<\/li>\n<li>La r\u00e9affectation de ressources en sant\u00e9 mentale au d\u00e9triment des personnes en manque de services pourrait constituer un pr\u00e9judice involontaire.<\/li>\n<li>Le Groupe d\u2019\u00e9tude canadien conna\u00eet bien les contraintes en mati\u00e8re de ressources, et<\/li>\n<\/ul>\n<p><strong>2. Qui est vis\u00e9 par cette recommandation?<\/strong><\/p>\n<ul>\n<li>Les personnes enceintes et en p\u00e9riode post-partum (jusqu\u2019\u00e0 un an apr\u00e8s l\u2019accouchement).<\/li>\n<\/ul>\n<p><strong>3. Qui n\u2019est pas vis\u00e9 par cette recommandation?<\/strong><\/p>\n<ul>\n<li>Les personnes ayant des ant\u00e9c\u00e9dents ou un diagnostic de d\u00e9pression ou d\u2019un autre trouble de sant\u00e9 mentale.<\/li>\n<li>Les personnes en \u00e9valuation ou en traitement pour un trouble de sant\u00e9<\/li>\n<li>Les personnes qui re\u00e7oivent des soins psychiatriques ou dans un autre milieu de soins de sant\u00e9 mentale.<\/li>\n<li>Les personnes \u00e0 la recherche de services en raison de sympt\u00f4mes de d\u00e9pression.<\/li>\n<\/ul>\n<p><strong>4. Quels sont certains effets de la d\u00e9pression post-partum?<\/strong><\/p>\n<ul>\n<li>La d\u00e9pression post-partum peut avoir des cons\u00e9quences importantes :\n<ul>\n<li>Parents \u2013 Risque accru d\u2019anxi\u00e9t\u00e9 ou de d\u00e9pression, augmentation des comportements \u00e0 risque, diminution de la qualit\u00e9 de vie et id\u00e9es suicidaires.<\/li>\n<li>Nourrissons \u2013 Retard du d\u00e9veloppement physique et intellectuel et probl\u00e8mes de sant\u00e9 globaux.<\/li>\n<li>Interactions entre les parents et le nourrisson \u2013 Diminution de l\u2019allaitement et effet n\u00e9gatif sur le lien m\u00e8re-enfant.<\/li>\n<\/ul>\n<\/li>\n<\/ul>\n<p><strong>5. Comment appliquer cette recommandation?<\/strong><\/p>\n<ul>\n<li>Plut\u00f4t que faire un d\u00e9pistage syst\u00e9matique \u00e0 l\u2019aide d\u2019un instrument standardis\u00e9, il vaut mieux continuer d\u2019investir temps et efforts dans les soins cliniques usuels chez cette population.<\/li>\n<li>Cela signifie par exemple de s\u2019informer sur l\u2019humeur et de l\u2019\u00e9tat de sant\u00e9 mentale des personnes pendant les rendez-vous durant la grossesse et la p\u00e9riode postnatale.<\/li>\n<li>Les questions pos\u00e9es dans le cadre des soins usuels ne constituent pas un d\u00e9pistage.<\/li>\n<\/ul>\n<p><strong>6. Et si la clinique ou l\u2019h\u00f4pital a pour politique de faire un d\u00e9pistage?<\/strong><\/p>\n<ul>\n<li>Le Groupe d\u2019\u00e9tude canadien est conscient que les pratiques de d\u00e9pistage varient d\u2019une r\u00e9gion l\u2019autre du Canada. Nous invitons les administrations qui ont instaur\u00e9 le d\u00e9pistage \u00e0 r\u00e9\u00e9valuer son utilisation, compte tenu du manque de donn\u00e9es probantes sur les bienfaits du d\u00e9pistage.<\/li>\n<\/ul>\n<div class=\"section\">\n<div class=\"layoutArea\">\n<div class=\"column\">\n<div class=\"page\" title=\"Page 1\">\n<div class=\"section\">\n<div class=\"layoutArea\">\n<div class=\"column\">\n<div class=\"page\" title=\"Page 1\">\n<div class=\"section\">\n<div class=\"layoutArea\">\n<div class=\"column\">\n<\/div><\/div><\/div><\/div>\n<\/div>\n<\/div>\n<\/div>\n<\/div>\n<\/div>\n<\/div>\n<\/div>\n<\/div>\n<\/div>\n<\/div>\n<\/div>\n","protected":false},"excerpt":{"rendered":"","protected":false},"author":20241,"featured_media":25410,"parent":10330,"menu_order":5,"comment_status":"closed","ping_status":"closed","template":"","meta":{"_acf_changed":false,"footnotes":""},"categories":[336,218],"tags":[],"class_list":["post-25319","page","type-page","status-publish","has-post-thumbnail","hentry","category-depression-pendant-la-grossesse-et-la-periode-postnatale","category-outils"],"acf":[],"_links":{"self":[{"href":"https:\/\/canadiantaskforce.ca\/fr\/wp-json\/wp\/v2\/pages\/25319","targetHints":{"allow":["GET"]}}],"collection":[{"href":"https:\/\/canadiantaskforce.ca\/fr\/wp-json\/wp\/v2\/pages"}],"about":[{"href":"https:\/\/canadiantaskforce.ca\/fr\/wp-json\/wp\/v2\/types\/page"}],"author":[{"embeddable":true,"href":"https:\/\/canadiantaskforce.ca\/fr\/wp-json\/wp\/v2\/users\/20241"}],"replies":[{"embeddable":true,"href":"https:\/\/canadiantaskforce.ca\/fr\/wp-json\/wp\/v2\/comments?post=25319"}],"version-history":[{"count":13,"href":"https:\/\/canadiantaskforce.ca\/fr\/wp-json\/wp\/v2\/pages\/25319\/revisions"}],"predecessor-version":[{"id":28983,"href":"https:\/\/canadiantaskforce.ca\/fr\/wp-json\/wp\/v2\/pages\/25319\/revisions\/28983"}],"up":[{"embeddable":true,"href":"https:\/\/canadiantaskforce.ca\/fr\/wp-json\/wp\/v2\/pages\/10330"}],"wp:featuredmedia":[{"embeddable":true,"href":"https:\/\/canadiantaskforce.ca\/fr\/wp-json\/wp\/v2\/media\/25410"}],"wp:attachment":[{"href":"https:\/\/canadiantaskforce.ca\/fr\/wp-json\/wp\/v2\/media?parent=25319"}],"wp:term":[{"taxonomy":"category","embeddable":true,"href":"https:\/\/canadiantaskforce.ca\/fr\/wp-json\/wp\/v2\/categories?post=25319"},{"taxonomy":"post_tag","embeddable":true,"href":"https:\/\/canadiantaskforce.ca\/fr\/wp-json\/wp\/v2\/tags?post=25319"}],"curies":[{"name":"wp","href":"https:\/\/api.w.org\/{rel}","templated":true}]}}