{"id":25384,"date":"2022-07-25T00:01:12","date_gmt":"2022-07-25T04:01:12","guid":{"rendered":"https:\/\/canadiantaskforce.ca\/?page_id=25384"},"modified":"2024-04-16T10:11:17","modified_gmt":"2024-04-16T14:11:17","slug":"depression-pendant-la-grossesse-et-la-periode-postnatale-resume-a-lintention-des-cliniciens","status":"publish","type":"page","link":"https:\/\/canadiantaskforce.ca\/fr\/depression-pendant-la-grossesse-et-la-periode-postnatale-resume-a-lintention-des-cliniciens\/","title":{"rendered":"D\u00e9pression pendant la grossesse et la p\u00e9riode postnatale\u2014R\u00e9sum\u00e9 \u00e0 l\u2019intention des cliniciens"},"content":{"rendered":"<div class='fullwidth-section  ' style=\"background-repeat:no-repeat;background-position:left top;\"><div class=\"container\"><div class=\"dt-sc-tabs-vertical2-container\"><ul id=\"menu-guidelines-french\" class=\"dt-sc-tabs-vertical2-frame\"><li id=\"menu-item-14161\" class=\"menu-item menu-item-type-post_type menu-item-object-page menu-item-has-children menu-item-14161\"><a href=\"https:\/\/canadiantaskforce.ca\/fr\/lignesdirectrives\/lignes-directrices-publiees\/\">Lignes directrices publi\u00e9es<\/a>\n<ul class=\"sub-menu\">\n\t<li id=\"menu-item-10358\" class=\"menu-item menu-item-type-post_type menu-item-object-page menu-item-10358\"><a href=\"https:\/\/canadiantaskforce.ca\/fr\/lignesdirectrives\/\">Aper\u00e7u<\/a><\/li>\n\t<li id=\"menu-item-22231\" class=\"menu-item menu-item-type-post_type menu-item-object-page menu-item-22231\"><a href=\"https:\/\/canadiantaskforce.ca\/fr\/lignesdirectrives\/lignes-directrices-publiees\/adenocarcinome-oesophagien\/\">Ad\u00e9nocarcinome \u0153sophagien (2020)<\/a><\/li>\n\t<li id=\"menu-item-20198\" class=\"menu-item menu-item-type-post_type menu-item-object-page menu-item-20198\"><a href=\"https:\/\/canadiantaskforce.ca\/fr\/lignesdirectrives\/lignes-directrices-publiees\/anevrisme-aortique-abdominal\/\">An\u00e9vrisme de l\u2019aorte abdominale (2017)<\/a><\/li>\n\t<li id=\"menu-item-17776\" class=\"menu-item menu-item-type-post_type menu-item-object-page menu-item-17776\"><a href=\"https:\/\/canadiantaskforce.ca\/fr\/lignesdirectrives\/lignes-directrices-publiees\/bacteriurie-asymptomatique\/\">Bact\u00e9riurie asymptomatique au cours de la grossesse (2018)<\/a><\/li>\n\t<li id=\"menu-item-29979\" class=\"menu-item menu-item-type-post_type menu-item-object-page menu-item-29979\"><a href=\"https:\/\/canadiantaskforce.ca\/fr\/lignesdirectrives\/lignes-directrices-publiees\/cancer-du-sein-mise-a-jour-2024\/\">[Archiv\u00e9] Cancer du Sein (mise \u00e0 jour) -Recommandations provisoires (2024)<\/a><\/li>\n\t<li id=\"menu-item-10816\" class=\"menu-item menu-item-type-post_type menu-item-object-page menu-item-10816\"><a href=\"https:\/\/canadiantaskforce.ca\/fr\/lignesdirectrives\/lignes-directrices-publiees\/cancer-colorectal\/\">Cancer colorectal (2016)<\/a><\/li>\n\t<li id=\"menu-item-10817\" class=\"menu-item menu-item-type-post_type menu-item-object-page menu-item-10817\"><a href=\"https:\/\/canadiantaskforce.ca\/fr\/lignesdirectrives\/lignes-directrices-publiees\/cancer-de-la-prostate\/\">Cancer de la prostate (2014)<\/a><\/li>\n\t<li id=\"menu-item-10818\" class=\"menu-item menu-item-type-post_type menu-item-object-page menu-item-10818\"><a href=\"https:\/\/canadiantaskforce.ca\/fr\/lignesdirectrives\/lignes-directrices-publiees\/cancer-du-col-de-luterus\/\">Cancer du col de l\u2019ut\u00e9rus (2013)<\/a><\/li>\n\t<li id=\"menu-item-10819\" class=\"menu-item menu-item-type-post_type menu-item-object-page menu-item-10819\"><a href=\"https:\/\/canadiantaskforce.ca\/fr\/lignesdirectrives\/lignes-directrices-publiees\/cancer-du-poumon\/\">Cancer du poumon (2016)<\/a><\/li>\n\t<li id=\"menu-item-23926\" class=\"menu-item menu-item-type-post_type menu-item-object-page menu-item-23926\"><a href=\"https:\/\/canadiantaskforce.ca\/fr\/lignesdirectrives\/lignes-directrices-publiees\/chlamydia-et-gonorrhee\/\">Chlamydia et gonorrh\u00e9e (2021)<\/a><\/li>\n\t<li id=\"menu-item-10821\" class=\"menu-item menu-item-type-post_type menu-item-object-page menu-item-10821\"><a href=\"https:\/\/canadiantaskforce.ca\/fr\/lignesdirectrives\/lignes-directrices-publiees\/deficience-cognitive\/\">D\u00e9ficience cognitive (2024)<\/a><\/li>\n\t<li id=\"menu-item-33166\" class=\"menu-item menu-item-type-post_type menu-item-object-page menu-item-33166\"><a href=\"https:\/\/canadiantaskforce.ca\/fr\/lignesdirectrives\/lignes-directrices-publiees\/depression-chez-ladulte-mise-a-jour\/\">D\u00e9pression chez l\u2019adulte (mise \u00e0 jour) (2025)<\/a><\/li>\n\t<li id=\"menu-item-25495\" class=\"menu-item menu-item-type-post_type menu-item-object-page menu-item-25495\"><a href=\"https:\/\/canadiantaskforce.ca\/fr\/lignesdirectrives\/lignes-directrices-publiees\/depression-pendant-la-grossesse-et-la-periode-postnatale\/\">D\u00e9pression pendant la grossesse et la p\u00e9riode postnatale (2022)<\/a><\/li>\n\t<li id=\"menu-item-10823\" class=\"menu-item menu-item-type-post_type menu-item-object-page menu-item-10823\"><a href=\"https:\/\/canadiantaskforce.ca\/fr\/lignesdirectrives\/lignes-directrices-publiees\/diabete-de-type-2\/\">Diab\u00e8te de type 2 (2012)<\/a><\/li>\n\t<li id=\"menu-item-22278\" class=\"menu-item menu-item-type-post_type menu-item-object-page menu-item-22278\"><a href=\"https:\/\/canadiantaskforce.ca\/fr\/lignesdirectrives\/lignes-directrices-publiees\/dysfonctionnement-thyroidien\/\">Dysfonctionnement thyro\u00efdien (2019)<\/a><\/li>\n\t<li id=\"menu-item-10824\" class=\"menu-item menu-item-type-post_type menu-item-object-page menu-item-10824\"><a href=\"https:\/\/canadiantaskforce.ca\/fr\/lignesdirectrives\/lignes-directrices-publiees\/pelvic-exam\/\">Examen pelvien (2016)<\/a><\/li>\n\t<li id=\"menu-item-27545\" class=\"menu-item menu-item-type-post_type menu-item-object-page menu-item-27545\"><a href=\"https:\/\/canadiantaskforce.ca\/fr\/lignesdirectrives\/lignes-directrices-publiees\/fracture-de-fragilisation\/\">Fracture De Fragilisation (2023)<\/a><\/li>\n\t<li id=\"menu-item-13025\" class=\"menu-item menu-item-type-post_type menu-item-object-page menu-item-13025\"><a href=\"https:\/\/canadiantaskforce.ca\/fr\/lignesdirectrives\/lignes-directrices-publiees\/hepatite-c\/\">H\u00e9patite C (2017)<\/a><\/li>\n\t<li id=\"menu-item-10825\" class=\"menu-item menu-item-type-post_type menu-item-object-page menu-item-10825\"><a href=\"https:\/\/canadiantaskforce.ca\/fr\/lignesdirectrives\/lignes-directrices-publiees\/hypertension-arterielle\/\">Hypertension art\u00e9rielle (2012)<\/a><\/li>\n\t<li id=\"menu-item-10828\" class=\"menu-item menu-item-type-post_type menu-item-object-page menu-item-10828\"><a href=\"https:\/\/canadiantaskforce.ca\/fr\/lignesdirectrives\/lignes-directrices-publiees\/retard-de-developpement\/\">Retard de d\u00e9veloppement (2016)<\/a><\/li>\n\t<li id=\"menu-item-32710\" class=\"menu-item menu-item-type-post_type menu-item-object-page menu-item-32710\"><a href=\"https:\/\/canadiantaskforce.ca\/fr\/lignesdirectrives\/lignes-directrices-publiees\/tabagisme-chez-ladulte\/\">Tabagisme chez l\u2019adulte (2025)<\/a><\/li>\n\t<li id=\"menu-item-12541\" class=\"menu-item menu-item-type-post_type menu-item-object-page menu-item-12541\"><a href=\"https:\/\/canadiantaskforce.ca\/fr\/lignesdirectrives\/lignes-directrices-publiees\/tabagisme-chez-les-enfants-et-les-adolescents\/\">Tabagisme chez les enfants et les adolescents (2017)<\/a><\/li>\n\t<li id=\"menu-item-17149\" class=\"menu-item menu-item-type-post_type menu-item-object-page menu-item-17149\"><a href=\"https:\/\/canadiantaskforce.ca\/fr\/lignesdirectrives\/lignes-directrices-publiees\/troubles-de-la-vision\/\">Troubles de la vision (2018)<\/a><\/li>\n<\/ul>\n<\/li>\n<li id=\"menu-item-31045\" class=\"menu-item menu-item-type-post_type menu-item-object-page menu-item-31045\"><a href=\"https:\/\/canadiantaskforce.ca\/fr\/lignesdirectrives\/scores-d-evaluation-ecri\/\">Scores d\u2019\u00e9valuation (ECRI)<\/a><\/li>\n<li id=\"menu-item-19784\" class=\"menu-item menu-item-type-post_type menu-item-object-page menu-item-19784\"><a href=\"https:\/\/canadiantaskforce.ca\/fr\/lignesdirectrives\/revues-systematiques-et-protocoles\/\">Revues Syst\u00e9matiques et Protocoles<\/a><\/li>\n<li id=\"menu-item-19879\" class=\"menu-item menu-item-type-post_type menu-item-object-page menu-item-has-children menu-item-19879\"><a href=\"https:\/\/canadiantaskforce.ca\/fr\/methodologie\/\">[Archiv\u00e9]\u00a0M\u00e9thodologie<\/a>\n<ul class=\"sub-menu\">\n\t<li id=\"menu-item-19880\" class=\"menu-item menu-item-type-post_type menu-item-object-page menu-item-19880\"><a href=\"https:\/\/canadiantaskforce.ca\/fr\/methodologie\/\">Manuel des proc\u00e9dures<\/a><\/li>\n\t<li id=\"menu-item-19881\" class=\"menu-item menu-item-type-post_type menu-item-object-page menu-item-19881\"><a href=\"https:\/\/canadiantaskforce.ca\/fr\/methodologie\/grade\/\">GRADE<\/a><\/li>\n\t<li id=\"menu-item-19882\" class=\"menu-item menu-item-type-post_type menu-item-object-page menu-item-19882\"><a href=\"https:\/\/canadiantaskforce.ca\/fr\/methodologie\/protocole-relatif-aux-preferences-des-patients\/\">Protocole de participation du patient<\/a><\/li>\n\t<li id=\"menu-item-28459\" class=\"menu-item menu-item-type-post_type menu-item-object-page menu-item-28459\"><a href=\"https:\/\/canadiantaskforce.ca\/fr\/methodologie\/updating-reaffirmation-and-sunsetting-clinical-practice-guidelines-methods-from-the-canadian-task-force-on-preventive-health-care\/\">Mise \u00e0 jour, r\u00e9affirmation et caducit\u00e9 des\u00a0lignes directrices de pratique clinique\u00a0<\/a><\/li>\n<\/ul>\n<\/li>\n<li id=\"menu-item-27713\" class=\"menu-item menu-item-type-post_type menu-item-object-page menu-item-has-children menu-item-27713\"><a href=\"https:\/\/canadiantaskforce.ca\/fr\/lignesdirectrives\/autres-publications\/\">Autres publications<\/a>\n<ul class=\"sub-menu\">\n\t<li id=\"menu-item-19587\" class=\"menu-item menu-item-type-post_type menu-item-object-page menu-item-19587\"><a href=\"https:\/\/canadiantaskforce.ca\/fr\/lignesdirectrives\/serie-prevention-en-pratique\/\">S\u00e9rie Pr\u00e9vention en pratique<\/a><\/li>\n\t<li id=\"menu-item-19491\" class=\"menu-item menu-item-type-post_type menu-item-object-page menu-item-19491\"><a href=\"https:\/\/canadiantaskforce.ca\/fr\/lignesdirectrives\/visites-periodiques-en-sante-preventive\/\">Visites p\u00e9riodiques en sant\u00e9 pr\u00e9ventive<\/a><\/li>\n<\/ul>\n<\/li>\n<\/ul><div class=\"dt-sc-tabs-vertical2-frame-content\"><div class='pdfdownload'><h5>Version PDF<\/h5><hr><div class='pdfdownload-text'><a href=\"https:\/\/canadiantaskforce.ca\/wp-content\/uploads\/2022\/07\/PPP-Dep_Clinician-Summary_FR_v2_FINAL-1.pdf\">T\u00e9l\u00e9charger le PDF<\/a><\/div><\/div>\n<div class='back'><h4><span class='fa fa-angle-left'><\/span>&nbsp;<a href='\/lignesdirectrives\/lignes-directrices-publiees\/depression-pendant-la-grossesse-et-la-periode-postnatale\/?lang=fr\/'>Retour<\/a><\/h4><\/div>\n<p>Cette ligne directrice sur le d\u00e9pistage de la d\u00e9pression pendant la grossesse et la p\u00e9riode postnatale fournit des conseils aux professionnels de la sant\u00e9 de premi\u00e8re ligne (p. ex., m\u00e9decins, infirmi\u00e8res, sages-femmes ou autres prestataires de soins) qui pourraient servir de premier point de contact pour les soins pendant la grossesse ou la p\u00e9riode postnatale.<\/p>\n<p>&nbsp;<\/p>\n<h3><strong>Population<\/strong><\/h3>\n<p>Cette ligne directrice s\u2019adresse aux personnes enceintes ou qui sont dans l\u2019ann\u00e9e qui suit l\u2019accouchement. La recommandation s\u2019applique aussi aux personnes qui peuvent pr\u00e9senter un risque \u00e9lev\u00e9 de d\u00e9pression (p. ex., traumatisme au d\u00e9but de la vie, ant\u00e9c\u00e9dents familiaux de d\u00e9pression). Elle ne s\u2019applique pas aux personnes qui ont des ant\u00e9c\u00e9dents personnels ou un diagnostic r\u00e9cent de d\u00e9pression ou d\u2019un autre trouble de sant\u00e9 mentale, \u00e0 celles qui re\u00e7oivent une \u00e9valuation ou un traitement pour des troubles de sant\u00e9 mentale ou \u00e0 celles qui cherchent \u00e0 obtenir des services en raison de sympt\u00f4mes de d\u00e9pression.<\/p>\n<p><strong>&nbsp;<\/strong><\/p>\n<h3><strong>Recommandation<\/strong><\/h3>\n<p><em>Le Groupe d\u2019\u00e9tude canadien sur les soins de sant\u00e9 pr\u00e9ventifs d\u00e9conseille l\u2019utilisation syst\u00e9matique d\u2019instruments de d\u00e9pistage de la d\u00e9pression utilisant un score pr\u00e9d\u00e9fini pour distinguer les cas \u00ab positifs \u00bb des cas \u00ab n\u00e9gatifs \u00bb chez toutes les personnes enceintes et en p\u00e9riode post-partum (jusqu\u2019\u00e0 1 an apr\u00e8s l\u2019accouchement) (recommendation conditionnelle, donn\u00e9es de tr\u00e8s faible certitude).<\/em><\/p>\n<p>Cette recommandation pr\u00e9suppose que les soins habituels durant la grossesse et la p\u00e9riode postnatale incluent une attention minutieuse \u00e0 la sant\u00e9 mentale et au bien\u00ad\u00eatre des personnes.<\/p>\n<p>&nbsp;<\/p>\n<p><strong>Mise en pratique <\/strong><\/p>\n<p>Le terme \u00ab&nbsp;d\u00e9pistage&nbsp;\u00bb dans cette recommandation fait r\u00e9f\u00e9rence \u00e0 un processus de routine dans le cadre duquel les professionnels administrent un <strong>instrument comme un questionnaire \u00e0 chaque personne enceinte ou en p\u00e9riode postnatale qui ne manifeste pas d\u00e9j\u00e0 des sympt\u00f4mes de d\u00e9pression, puis utilisent un score pr\u00e9d\u00e9fini <\/strong>pour d\u00e9terminer des mesures de suivi.<\/p>\n<p>Conseils aux professionnels&nbsp;:<\/p>\n<ul>\n<li>Renseignez-vous sur la sant\u00e9 mentale et le bien-\u00eatre des personnes enceintes ou en p\u00e9riode postnatale et demeurez vigilants lors des soins usuels.<\/li>\n<li>Il ne faut pas syst\u00e9matiquement d\u00e9pister les personnes enceintes ou en p\u00e9riode postnatale \u00e0 l\u2019aide d\u2019instruments de d\u00e9pistage comme le Questionnaire sur la sant\u00e9 du patient (PHQ) ou l\u2019\u00c9chelle de d\u00e9pression postnatale d\u2019\u00c9dimbourg (EPDS) qui \u00e9tablissent un score pour d\u00e9terminer qui pourrait \u00eatre d\u00e9prim\u00e9.<\/li>\n<li>\u00c9valuez le besoin de r\u00e9f\u00e9rer \u00e0 un sp\u00e9cialiste en utilisant votre jugement clinique, les r\u00e9ponses des personnes aux questions sur leur bien-\u00eatre et les autres informations connues \u00e0 propos de la personne enceinte.<\/li>\n<\/ul>\n<p>Le d\u00e9pistage peut \u00eatre une pratique courante dans certaines administrations. Le Groupe de travail sugg\u00e8re que les administrations r\u00e9examinent cette approche si elle est d\u00e9j\u00e0 en place.<\/p>\n<p>&nbsp;<\/p>\n<p><strong>Fardeau de la maladie <\/strong><\/p>\n<p>Les estimations de la pr\u00e9valence de la d\u00e9pression pendant la grossesse ou la p\u00e9riode postnatale varient. Un examen syst\u00e9matique de 2005 a estim\u00e9 que la pr\u00e9valence ponctuelle de la d\u00e9pression majeure pendant la grossesse et la p\u00e9riode postnatale variait de 1&nbsp;% \u00e0 6&nbsp;% \u00e0 diff\u00e9rents moments (du premier trimestre de la grossesse \u00e0 un an apr\u00e8s l\u2019accouchement). Une enqu\u00eate nationale men\u00e9e en 2008 aux \u00c9tats-Unis a r\u00e9v\u00e9l\u00e9 que la pr\u00e9valence de la d\u00e9pression sur une p\u00e9riode de 12&nbsp;mois \u00e9tait de 8&nbsp;% chez les personnes enceintes et de 9&nbsp;% chez les personnes en p\u00e9riode postnatale, comparativement \u00e0 8&nbsp;% chez les personnes qui ne sont pas enceintes.<strong>&nbsp;<\/strong><\/p>\n<p>Les cons\u00e9quences d\u2019une d\u00e9pression non trait\u00e9e pendant la grossesse et la p\u00e9riode postnatale peuvent avoir une incidence sur la personne enceinte et son nourrisson individuellement, ainsi que sur les interactions parent-enfant et les relations avec le partenaire.<\/p>\n<p>&nbsp;<\/p>\n<p><strong>Cons\u00e9quences possibles pour la personne enceinte <\/strong><\/p>\n<ul>\n<li>Risque accru d\u2019anxi\u00e9t\u00e9 ou de d\u00e9pression dans l\u2019avenir<\/li>\n<li>Qualit\u00e9 de vie moindre<\/li>\n<li>Augmentation des comportements \u00e0 risque (p. ex., tabagisme ou consommation d\u2019alcool)<\/li>\n<li>Id\u00e9es suicidaires<\/li>\n<\/ul>\n<p><strong>&nbsp;<\/strong><\/p>\n<p><strong>Cons\u00e9quences potentielles pour le nourrisson <\/strong><\/p>\n<ul>\n<li>Retards dans le d\u00e9veloppement physique et mental, y compris le d\u00e9veloppement cognitif et linguistique<\/li>\n<li>Augmentation des pr\u00e9occupations globales en mati\u00e8re de sant\u00e9 infantile<\/li>\n<\/ul>\n<p>&nbsp;<\/p>\n<p><strong>Cons\u00e9quences possibles sur les interactions parent-enfant<\/strong><\/p>\n<ul>\n<li>Allaitement r\u00e9duit<\/li>\n<li>Mauvais attachement parent-enfant<\/li>\n<\/ul>\n<p>&nbsp;<\/p>\n<h3><strong>Base de la recommandation<\/strong><\/h3>\n<p><strong>Donn\u00e9es probantes<\/strong><\/p>\n<p>Les donn\u00e9es disponibles sur le d\u00e9pistage sont tr\u00e8s incertaines, en raison de l\u2019absence d\u2019\u00e9tudes de grande qualit\u00e9 sur les b\u00e9n\u00e9fices et les pr\u00e9judices du d\u00e9pistage. Un seul essai randomis\u00e9 de d\u00e9pistage postnatal a \u00e9t\u00e9 trouv\u00e9 dans notre examen de la documentation, et les donn\u00e9es probantes qu\u2019il a fournies \u00e9taient tr\u00e8s incertaines. Cela signifie que les effets r\u00e9els du d\u00e9pistage sont probablement tr\u00e8s diff\u00e9rents des donn\u00e9es de l\u2019\u00e9tude. Aucune \u00e9tude n\u2019a \u00e9t\u00e9 trouv\u00e9e sur le d\u00e9pistage pendant la grossesse.<\/p>\n<p>Nous n\u2019avons trouv\u00e9 aucune donn\u00e9e probante sur les pr\u00e9judices du d\u00e9pistage dans notre examen syst\u00e9matique, mais des donn\u00e9es probantes provenant d\u2019autres sources indiquent que le temps et l\u2019accent mis sur le d\u00e9pistage pourraient r\u00e9duire les occasions de discuter d\u2019autres aspects de la sant\u00e9 au cours d\u2019une rencontre de soins primaires p\u00e9rinataux, car les professionnels \u00e9valueraient et r\u00e9f\u00e9reraient souvent et inutilement les personnes qui obtiennent un r\u00e9sultat positif au d\u00e9pistage. Une \u00e9tude sur l\u2019exactitude de l\u2019EPDS, par exemple, porte \u00e0 croire que le d\u00e9pistage de 100&nbsp;personnes \u00e0 l\u2019aide de l\u2019EPDS (dont la pr\u00e9valence est de 8&nbsp;%) donnerait 5&nbsp;vrais positifs, 3&nbsp;faux n\u00e9gatifs, 5&nbsp;faux positifs et 87&nbsp;vrais n\u00e9gatifs.<\/p>\n<p>&nbsp;<\/p>\n<p><strong>Justification<\/strong><\/p>\n<p>Cette recommandation conditionnelle est fond\u00e9e sur des donn\u00e9es probantes tr\u00e8s incertaines quant \u00e0 l\u2019effet du d\u00e9pistage sur les r\u00e9sultats positifs, et sur des donn\u00e9es probantes limit\u00e9es au sujet des pr\u00e9judices. On ne sait pas si le d\u00e9pistage pr\u00e9sente des b\u00e9n\u00e9fices par rapport aux soins usuels, mais il pourrait entra\u00eener une augmentation du nombre de faux positifs, de faux n\u00e9gatifs, de r\u00e9f\u00e9rences et d\u2019\u00e9valuations diagnostiques inutiles et de diagnostics excessifs pour certaines personnes.<\/p>\n<ul>\n<li>Un faux positif peut se produire lorsque la personne obtient le score pr\u00e9d\u00e9fini de d\u00e9pistage et elle est r\u00e9f\u00e9r\u00e9e pour une \u00e9valuation psychiatrique suppl\u00e9mentaire, qui conclut qu\u2019elle ne satisfait pas vraiment aux crit\u00e8res diagnostiques de la d\u00e9pression.<\/li>\n<li>Un surdiagnostic pourrait se produire chez les personnes pr\u00e9sentant de l\u00e9gers sympt\u00f4mes temporaires et pouvant obtenir de justesse le score pr\u00e9d\u00e9fini, ce qui pourrait mener \u00e0 une \u00e9valuation plus pouss\u00e9e et \u00e0 une \u00e9ventuelle r\u00e9f\u00e9rence aux services sp\u00e9cialis\u00e9s de sant\u00e9 mentale; cependant, ces personnes n\u2019en profiteraient pas, car les sympt\u00f4mes s\u2019att\u00e9nueraient d\u2019eux-m\u00eames.<\/li>\n<\/ul>\n<p>Compte tenu des d\u00e9fis importants li\u00e9s \u00e0 l\u2019acc\u00e8s aux services de sant\u00e9 mentale au Canada, le fait de consacrer, sans b\u00e9n\u00e9fice clair, des ressources qui profiteraient davantage aux personnes r\u00e9ellement atteintes de troubles de sant\u00e9 mentale pourrait constituer un pr\u00e9judice non intentionnel de ce genre de d\u00e9pistage. Le Groupe de travail est conscient des contraintes en mati\u00e8re de ressources auxquelles fait face notre syst\u00e8me de soins de sant\u00e9 primaires et, \u00e0 ce titre, il formule des recommandations contre les interventions lorsqu\u2019il est clair qu\u2019une intervention consomme des ressources sans pour autant qu\u2019il y n\u2019ait de b\u00e9n\u00e9fices clairs.<\/p>\n<\/div><\/div><\/div><\/div>\n","protected":false},"excerpt":{"rendered":"","protected":false},"author":20241,"featured_media":0,"parent":0,"menu_order":65,"comment_status":"closed","ping_status":"closed","template":"","meta":{"_acf_changed":false,"footnotes":""},"categories":[218],"tags":[],"class_list":["post-25384","page","type-page","status-publish","hentry","category-outils"],"acf":[],"_links":{"self":[{"href":"https:\/\/canadiantaskforce.ca\/fr\/wp-json\/wp\/v2\/pages\/25384","targetHints":{"allow":["GET"]}}],"collection":[{"href":"https:\/\/canadiantaskforce.ca\/fr\/wp-json\/wp\/v2\/pages"}],"about":[{"href":"https:\/\/canadiantaskforce.ca\/fr\/wp-json\/wp\/v2\/types\/page"}],"author":[{"embeddable":true,"href":"https:\/\/canadiantaskforce.ca\/fr\/wp-json\/wp\/v2\/users\/20241"}],"replies":[{"embeddable":true,"href":"https:\/\/canadiantaskforce.ca\/fr\/wp-json\/wp\/v2\/comments?post=25384"}],"version-history":[{"count":4,"href":"https:\/\/canadiantaskforce.ca\/fr\/wp-json\/wp\/v2\/pages\/25384\/revisions"}],"predecessor-version":[{"id":25472,"href":"https:\/\/canadiantaskforce.ca\/fr\/wp-json\/wp\/v2\/pages\/25384\/revisions\/25472"}],"wp:attachment":[{"href":"https:\/\/canadiantaskforce.ca\/fr\/wp-json\/wp\/v2\/media?parent=25384"}],"wp:term":[{"taxonomy":"category","embeddable":true,"href":"https:\/\/canadiantaskforce.ca\/fr\/wp-json\/wp\/v2\/categories?post=25384"},{"taxonomy":"post_tag","embeddable":true,"href":"https:\/\/canadiantaskforce.ca\/fr\/wp-json\/wp\/v2\/tags?post=25384"}],"curies":[{"name":"wp","href":"https:\/\/api.w.org\/{rel}","templated":true}]}}