{"id":26499,"date":"2023-02-27T14:37:10","date_gmt":"2023-02-27T19:37:10","guid":{"rendered":"https:\/\/canadiantaskforce.ca\/?page_id=26499"},"modified":"2024-04-16T10:11:47","modified_gmt":"2024-04-16T14:11:47","slug":"dr-shez-kassam","status":"publish","type":"page","link":"https:\/\/canadiantaskforce.ca\/fr\/get-involved\/dr-shez-kassam\/","title":{"rendered":"Dr Shez Kassam"},"content":{"rendered":"<div class='fullwidth-section  ' style=\"background-repeat:no-repeat;background-position:left top;\"><div class=\"container\"><div class=\"dt-sc-tabs-vertical2-container\"><ul id=\"menu-getinvolved-french\" class=\"dt-sc-tabs-vertical2-frame\"><li id=\"menu-item-22814\" class=\"menu-item menu-item-type-post_type menu-item-object-page menu-item-22814\"><a href=\"https:\/\/canadiantaskforce.ca\/fr\/?page_id=22507\">RCP-GEC<\/a><\/li>\n<li id=\"menu-item-28313\" class=\"menu-item menu-item-type-post_type menu-item-object-page menu-item-28313\"><a href=\"https:\/\/canadiantaskforce.ca\/fr\/?page_id=28207\">Mise \u00e0 jour sur le d\u00e9pistage du cancer du sein \u2013 soumissions publiques<\/a><\/li>\n<\/ul><div class=\"dt-sc-tabs-vertical2-frame-content\">[back link=\u00a0\u00bbhttps:\/\/canadiantaskforce.ca\/get-involved\/fellowship-program\/\u00a0\u00bb]\n<div  class='column dt-sc-one-fourth  space  '   ><p><a href=\"https:\/\/canadiantaskforce.ca\/wp-content\/uploads\/2023\/02\/SKassam_Headshot_BW.jpg\"><img loading=\"lazy\" decoding=\"async\" class=\"wp-image-26559 size-thumbnail aligncenter\" src=\"https:\/\/canadiantaskforce.ca\/wp-content\/uploads\/2023\/02\/SKassam_Headshot_BW-150x150.jpg\" alt=\"Photo of Dr. Shez Kassam\" width=\"150\" height=\"150\" \/><\/a><\/p><\/div>\n<div  class='column dt-sc-three-fourth  space  '   ><h4>Dr. Shez Kassam, <em>MD CCFP<\/em><\/h4>\n<p>Le Dr Shez Kassam est m\u00e9decin de famille et r\u00e9sident principal en sant\u00e9 publique et en m\u00e9decine pr\u00e9ventive \u00e0 l&rsquo;Universit\u00e9 de l&rsquo;Alberta, o\u00f9 il a \u00e9galement terminer sa formation m\u00e9dicale de premier cycle (2019). Il termine parall\u00e8lement son MSc en sant\u00e9 publique \u00e0 la London School of Hygiene and Tropical Medicine, avec un accent sur la gestion des services de sant\u00e9.<\/p>\n<p><strong>Affiliations:<\/strong><\/p>\n<ol>\n<li>D\u00e9partement de m\u00e9decine familiale, Facult\u00e9 de m\u00e9decine et de dentisterie, Universit\u00e9 de l&rsquo;Alberta<\/li>\n<\/ol>\n<p><strong>\u00a0<\/strong><\/p>\n<p><strong>Champs d\u2019int\u00e9r\u00eat et domaines d\u2019expertise:<\/strong><\/p>\n<ul>\n<li>Pr\u00e9vention des maladies chroniques et promotion de la sant\u00e9<\/li>\n<li>Programmes de d\u00e9pistage<\/li>\n<li>\u00e9ducation m\u00e9dicale.<\/li>\n<\/ul><\/div>\n<\/div><\/div><\/div><\/div>\n","protected":false},"excerpt":{"rendered":"","protected":false},"author":20241,"featured_media":26118,"parent":10347,"menu_order":0,"comment_status":"closed","ping_status":"closed","template":"","meta":{"_acf_changed":false,"footnotes":""},"categories":[],"tags":[],"class_list":["post-26499","page","type-page","status-publish","has-post-thumbnail","hentry"],"acf":[],"_links":{"self":[{"href":"https:\/\/canadiantaskforce.ca\/fr\/wp-json\/wp\/v2\/pages\/26499","targetHints":{"allow":["GET"]}}],"collection":[{"href":"https:\/\/canadiantaskforce.ca\/fr\/wp-json\/wp\/v2\/pages"}],"about":[{"href":"https:\/\/canadiantaskforce.ca\/fr\/wp-json\/wp\/v2\/types\/page"}],"author":[{"embeddable":true,"href":"https:\/\/canadiantaskforce.ca\/fr\/wp-json\/wp\/v2\/users\/20241"}],"replies":[{"embeddable":true,"href":"https:\/\/canadiantaskforce.ca\/fr\/wp-json\/wp\/v2\/comments?post=26499"}],"version-history":[{"count":3,"href":"https:\/\/canadiantaskforce.ca\/fr\/wp-json\/wp\/v2\/pages\/26499\/revisions"}],"predecessor-version":[{"id":26565,"href":"https:\/\/canadiantaskforce.ca\/fr\/wp-json\/wp\/v2\/pages\/26499\/revisions\/26565"}],"up":[{"embeddable":true,"href":"https:\/\/canadiantaskforce.ca\/fr\/wp-json\/wp\/v2\/pages\/10347"}],"wp:featuredmedia":[{"embeddable":true,"href":"https:\/\/canadiantaskforce.ca\/fr\/wp-json\/wp\/v2\/media\/26118"}],"wp:attachment":[{"href":"https:\/\/canadiantaskforce.ca\/fr\/wp-json\/wp\/v2\/media?parent=26499"}],"wp:term":[{"taxonomy":"category","embeddable":true,"href":"https:\/\/canadiantaskforce.ca\/fr\/wp-json\/wp\/v2\/categories?post=26499"},{"taxonomy":"post_tag","embeddable":true,"href":"https:\/\/canadiantaskforce.ca\/fr\/wp-json\/wp\/v2\/tags?post=26499"}],"curies":[{"name":"wp","href":"https:\/\/api.w.org\/{rel}","templated":true}]}}