{"id":28884,"date":"2024-03-13T02:06:42","date_gmt":"2024-03-13T06:06:42","guid":{"rendered":"https:\/\/canadiantaskforce.ca\/?page_id=28884"},"modified":"2024-04-16T10:11:48","modified_gmt":"2024-04-16T14:11:48","slug":"dr-olivia-tseng","status":"publish","type":"page","link":"https:\/\/canadiantaskforce.ca\/fr\/get-involved\/dr-olivia-tseng\/","title":{"rendered":"Dr. Olivia Tseng"},"content":{"rendered":"<div class='fullwidth-section  ' style=\"background-repeat:no-repeat;background-position:left top;\"><div class=\"container\"><div class=\"dt-sc-tabs-vertical2-container\"><ul id=\"menu-getinvolved-french\" class=\"dt-sc-tabs-vertical2-frame\"><li id=\"menu-item-22814\" class=\"menu-item menu-item-type-post_type menu-item-object-page menu-item-22814\"><a href=\"https:\/\/canadiantaskforce.ca\/fr\/?page_id=22507\">RCP-GEC<\/a><\/li>\n<li id=\"menu-item-28313\" class=\"menu-item menu-item-type-post_type menu-item-object-page menu-item-28313\"><a href=\"https:\/\/canadiantaskforce.ca\/fr\/?page_id=28207\">Mise \u00e0 jour sur le d\u00e9pistage du cancer du sein \u2013 soumissions publiques<\/a><\/li>\n<\/ul><div class=\"dt-sc-tabs-vertical2-frame-content\">[back link=\u00a0\u00bbhttps:\/\/canadiantaskforce.ca\/get-involved\/programme-de-stages-du-gecssp\/?lang=fr\u00a0\u00bb]\n<div  class='column dt-sc-one-fourth  space  '   ><p><a href=\"https:\/\/canadiantaskforce.ca\/wp-content\/uploads\/2024\/03\/Olivia-Tseng.png\"><img loading=\"lazy\" decoding=\"async\" class=\"alignnone wp-image-28880 size-thumbnail\" src=\"https:\/\/canadiantaskforce.ca\/wp-content\/uploads\/2024\/03\/Olivia-Tseng-150x150.png\" alt=\"Photo of Dr. Olivia Tseng\" width=\"150\" height=\"150\" \/><\/a><\/p><\/div>\n<div  class='column dt-sc-three-fourth  space  '   ><p><strong>D<sup>re<\/sup>\u00a0Olivia\u00a0Tseng, <em>M.D., Ph.\u00a0D., M.\u00a0Sc., CCMF, FCMF<\/em><\/strong><\/p>\n<p>La D<sup>re<\/sup>\u00a0Olivia\u00a0Tseng est d\u2019abord et avant tout m\u00e9decin de famille praticienne et chercheuse en soins primaires, mais elle est aussi professeure clinicienne adjointe au d\u00e9partement de m\u00e9decine familiale de l\u2019Universit\u00e9 de la Colombie-Britannique, membre associ\u00e9e des \u00e9quipes de recherche du Centre for Clinical Evaluation and Epidemiology [Centre d\u2019\u00e9valuation et d\u2019\u00e9pid\u00e9miologie clinique] (c2e2.ca) du Vancouver Coastal Health Research Institute [Institut de recherche de la R\u00e9gie de la sant\u00e9 du littoral de Vancouver] (VCHRI), membre affili\u00e9e de l\u2019\u00e9quipe de recherche du Women Health Research Institute [Institut de recherche en sant\u00e9 des femmes] (WHRI) et membre du conseil d\u2019administration du programme de cliniciens-chercheurs de BC Family Doctors [M\u00e9decins de famille de la Colombie-Britannique]. De plus, elle supervise des r\u00e9sidents et r\u00e9sidentes en m\u00e9decine familiale et des \u00e9tudiants et \u00e9tudiantes en m\u00e9decine \u00e0 la clinique m\u00e9dicale de l\u2019Universit\u00e9 de la Colombie-Britannique. Elle a \u00e9galement re\u00e7u une bourse nationale de la Fondation canadienne du cancer du sein et une bourse aux chercheurs du VCHRI. Enfin, Olivia\u00a0Tseng a effectu\u00e9 sa r\u00e9sidence au St. Paul\u2019s\u00a0Hospital \u00e0 Vancouver (C.-B.), son doctorat et sa formation de clinicienne-chercheuse \u00e0 l\u2019Universit\u00e9 de la Colombie-Britannique et sa ma\u00eetrise \u00e8s sciences \u00e0 l\u2019Universit\u00e9 Simon-Fraser.<\/p>\n<p>La D<sup>re<\/sup>\u00a0Olivia\u00a0Tseng s\u2019int\u00e9resse vivement \u00e0 la promotion des soins fond\u00e9s sur des donn\u00e9es probantes et \u00e0 leur int\u00e9gration dans sa pratique clinique et ses activit\u00e9s d\u2019enseignement. En effet, la prise de d\u00e9cisions m\u00e9dicales s\u2019appuyant sur des donn\u00e9es probantes m\u00e8ne g\u00e9n\u00e9ralement \u00e0 de meilleurs r\u00e9sultats cliniques pour la patient\u00e8le, r\u00e9duit les erreurs m\u00e9dicales et \u00e9vite les examens et les traitements inutiles. Olivia\u00a0Tseng a aussi \u00e9t\u00e9 membre du groupe de travail du Guidelines and Protocol Advisory Committee [Comit\u00e9 consultatif sur les lignes directrices et les protocoles] (GPAC), o\u00f9 elle a contribu\u00e9 \u00e0 \u00e9laborer les lignes directrices de la Colombie-Britannique sur les cancers du tractus g\u00e9nital chez les femmes, qu\u2019elle continue d\u2019ailleurs \u00e0 commenter \u00e0 titre d\u2019\u00e9valuatrice externe. Sa pr\u00e9sentation sur les incoh\u00e9rences entre les contenus des guides de pratique clinique canadiens lui a \u00e9galement valu un prix \u00ab\u00a0Perles cliniques\u00a0\u00bb lors du congr\u00e8s annuel de 2020 du North America Primary Care Research Group. Enfin, elle s\u2019int\u00e9resse depuis longtemps \u00e0 l\u2019application des donn\u00e9es de recherche dans le but de cr\u00e9er des outils num\u00e9riques conviviaux pour les fournisseurs de soins comme pour les patientes et les patients.<\/p>\n<p><strong>Affiliations<\/strong><strong>:<\/strong><\/p>\n<ul>\n<li>D\u00e9partement de m\u00e9decine familiale, Universit\u00e9 de la Colombie-Britannique, Vancouver (Colombie-Britannique)<\/li>\n<li>Centre for Clinical Evaluation and Epidemiology [Centre d\u2019\u00e9valuation et d\u2019\u00e9pid\u00e9miologie clinique], Vancouver Coastal Health Research Institute [Institut de recherche de la R\u00e9gie de la sant\u00e9 du littoral de Vancouver], Vancouver (Colombie-Britannique)<\/li>\n<li>Clinique m\u00e9dicale de l\u2019Universit\u00e9 de la Colombie-Britannique, Vancouver (Colombie-Britannique)<\/li>\n<\/ul>\n<p><strong>\u00a0<\/strong><\/p>\n<p><strong>Liste des champs d\u2019int\u00e9r\u00eat et des domaines d\u2019expertise:<\/strong><\/p>\n<ul>\n<li>D\u00e9cisions \u00e9clair\u00e9es par des donn\u00e9es probantes<\/li>\n<li>Guides de pratique clinique<\/li>\n<li>Outils d\u2019application des connaissances<\/li>\n<li>Technologie de la sant\u00e9<\/li>\n<\/ul><\/div>\n<\/div><\/div><\/div><\/div>\n","protected":false},"excerpt":{"rendered":"","protected":false},"author":20241,"featured_media":26118,"parent":10347,"menu_order":0,"comment_status":"closed","ping_status":"closed","template":"","meta":{"_acf_changed":false,"footnotes":""},"categories":[],"tags":[],"class_list":["post-28884","page","type-page","status-publish","has-post-thumbnail","hentry"],"acf":[],"_links":{"self":[{"href":"https:\/\/canadiantaskforce.ca\/fr\/wp-json\/wp\/v2\/pages\/28884","targetHints":{"allow":["GET"]}}],"collection":[{"href":"https:\/\/canadiantaskforce.ca\/fr\/wp-json\/wp\/v2\/pages"}],"about":[{"href":"https:\/\/canadiantaskforce.ca\/fr\/wp-json\/wp\/v2\/types\/page"}],"author":[{"embeddable":true,"href":"https:\/\/canadiantaskforce.ca\/fr\/wp-json\/wp\/v2\/users\/20241"}],"replies":[{"embeddable":true,"href":"https:\/\/canadiantaskforce.ca\/fr\/wp-json\/wp\/v2\/comments?post=28884"}],"version-history":[{"count":2,"href":"https:\/\/canadiantaskforce.ca\/fr\/wp-json\/wp\/v2\/pages\/28884\/revisions"}],"predecessor-version":[{"id":28889,"href":"https:\/\/canadiantaskforce.ca\/fr\/wp-json\/wp\/v2\/pages\/28884\/revisions\/28889"}],"up":[{"embeddable":true,"href":"https:\/\/canadiantaskforce.ca\/fr\/wp-json\/wp\/v2\/pages\/10347"}],"wp:featuredmedia":[{"embeddable":true,"href":"https:\/\/canadiantaskforce.ca\/fr\/wp-json\/wp\/v2\/media\/26118"}],"wp:attachment":[{"href":"https:\/\/canadiantaskforce.ca\/fr\/wp-json\/wp\/v2\/media?parent=28884"}],"wp:term":[{"taxonomy":"category","embeddable":true,"href":"https:\/\/canadiantaskforce.ca\/fr\/wp-json\/wp\/v2\/categories?post=28884"},{"taxonomy":"post_tag","embeddable":true,"href":"https:\/\/canadiantaskforce.ca\/fr\/wp-json\/wp\/v2\/tags?post=28884"}],"curies":[{"name":"wp","href":"https:\/\/api.w.org\/{rel}","templated":true}]}}