{"id":30617,"date":"2024-06-25T01:14:04","date_gmt":"2024-06-25T05:14:04","guid":{"rendered":"https:\/\/canadiantaskforce.ca\/?page_id=30617"},"modified":"2024-06-25T09:56:46","modified_gmt":"2024-06-25T13:56:46","slug":"cancer-du-sein-mise-a-jour-outils-d-aide-a-la-decision-personnes-agees-de-60-a-69-ans","status":"publish","type":"page","link":"https:\/\/canadiantaskforce.ca\/fr\/tools-resources\/cancer-du-sein-mise-a-jour-outils-d-aide-a-la-decision-personnes-agees-de-60-a-69-ans\/","title":{"rendered":"Cancer du sein (mise \u00e0 jour)\u2014Recommandations provisoires\u2014Outils d&rsquo;aide \u00e0 la d\u00e9cision \u2013 Personnes \u00e2g\u00e9es de 60 \u00e0 69\u00a0ans\u00a0"},"content":{"rendered":"<div class='fullwidth-section  ' style=\"background-repeat:no-repeat;background-position:left top;\"><div class=\"container\"><div class=\"dt-sc-tabs-vertical2-container\"><ul id=\"menu-outilsressources\" class=\"dt-sc-tabs-vertical2-frame\"><li id=\"menu-item-14151\" class=\"menu-item menu-item-type-post_type menu-item-object-page menu-item-14151\"><a href=\"https:\/\/canadiantaskforce.ca\/fr\/tools-resources\/\">Outils de d\u00e9pistage<\/a><\/li>\n<\/ul><div class=\"dt-sc-tabs-vertical2-frame-content\"><div class='back'><h4><span class='fa fa-angle-left'><\/span>&nbsp;<a href='\/lignesdirectrives\/lignes-directrices-publiees\/cancer-du-sein-mise-a-jour-2024\/?lang=fr'>Retour<\/a><\/h4><\/div>\n<p><a href=\"https:\/\/canadiantaskforce.ca\/wp-content\/uploads\/2024\/06\/BCU_Draft-Rec_Discussion-tool_60-69_FINAL_FR.pdf\">Cancer du sein (mise \u00e0 jour)\u2014Recommandations provisoires\u2014Outils d&rsquo;aide \u00e0 la d\u00e9cision \u2013 Personnes \u00e2g\u00e9es de 60 \u00e0 69\u00a0ans\u00a0<\/a><\/p>\n<\/div><\/div><\/div><\/div>\n","protected":false},"excerpt":{"rendered":"","protected":false},"author":2,"featured_media":29882,"parent":10330,"menu_order":0,"comment_status":"closed","ping_status":"closed","template":"","meta":{"_acf_changed":false,"footnotes":""},"categories":[364,218],"tags":[],"class_list":["post-30617","page","type-page","status-publish","has-post-thumbnail","hentry","category-cancer-du-sein-mise-a-jour-recommandations-provisoires","category-outils"],"acf":[],"_links":{"self":[{"href":"https:\/\/canadiantaskforce.ca\/fr\/wp-json\/wp\/v2\/pages\/30617","targetHints":{"allow":["GET"]}}],"collection":[{"href":"https:\/\/canadiantaskforce.ca\/fr\/wp-json\/wp\/v2\/pages"}],"about":[{"href":"https:\/\/canadiantaskforce.ca\/fr\/wp-json\/wp\/v2\/types\/page"}],"author":[{"embeddable":true,"href":"https:\/\/canadiantaskforce.ca\/fr\/wp-json\/wp\/v2\/users\/2"}],"replies":[{"embeddable":true,"href":"https:\/\/canadiantaskforce.ca\/fr\/wp-json\/wp\/v2\/comments?post=30617"}],"version-history":[{"count":6,"href":"https:\/\/canadiantaskforce.ca\/fr\/wp-json\/wp\/v2\/pages\/30617\/revisions"}],"predecessor-version":[{"id":30662,"href":"https:\/\/canadiantaskforce.ca\/fr\/wp-json\/wp\/v2\/pages\/30617\/revisions\/30662"}],"up":[{"embeddable":true,"href":"https:\/\/canadiantaskforce.ca\/fr\/wp-json\/wp\/v2\/pages\/10330"}],"wp:featuredmedia":[{"embeddable":true,"href":"https:\/\/canadiantaskforce.ca\/fr\/wp-json\/wp\/v2\/media\/29882"}],"wp:attachment":[{"href":"https:\/\/canadiantaskforce.ca\/fr\/wp-json\/wp\/v2\/media?parent=30617"}],"wp:term":[{"taxonomy":"category","embeddable":true,"href":"https:\/\/canadiantaskforce.ca\/fr\/wp-json\/wp\/v2\/categories?post=30617"},{"taxonomy":"post_tag","embeddable":true,"href":"https:\/\/canadiantaskforce.ca\/fr\/wp-json\/wp\/v2\/tags?post=30617"}],"curies":[{"name":"wp","href":"https:\/\/api.w.org\/{rel}","templated":true}]}}