{"id":32057,"date":"2025-02-27T17:12:02","date_gmt":"2025-02-27T22:12:02","guid":{"rendered":"https:\/\/canadiantaskforce.ca\/?page_id=32057"},"modified":"2025-02-27T17:24:23","modified_gmt":"2025-02-27T22:24:23","slug":"prevention-du-mesusage-des-opioides-et-des-prejudices-associes-aux-opioides","status":"publish","type":"page","link":"https:\/\/canadiantaskforce.ca\/fr\/prevention-du-mesusage-des-opioides-et-des-prejudices-associes-aux-opioides\/","title":{"rendered":"Pr\u00e9vention du m\u00e9susage des opio\u00efdes et des pr\u00e9judices associ\u00e9s aux opio\u00efdes"},"content":{"rendered":"\n<h2 class=\"wp-block-heading\">Pr\u00e9vention du m\u00e9susage des opio\u00efdes et des pr\u00e9judices associ\u00e9s aux opio\u00efdes<\/h2>\n\n\n\n<p>Le Groupe d\u2019\u00e9tude canadien a entrepris de d\u00e9finir le champ d\u2019application d\u2019une \u00e9ventuelle ligne directrice sur l\u2019efficacit\u00e9 du d\u00e9pistage, du suivi et d\u2019autres interventions centr\u00e9es sur la patient\u00e8le en vue de pr\u00e9venir le m\u00e9susage des opio\u00efdes et les pr\u00e9judices associ\u00e9s \u00e0 ces derniers. Guid\u00e9 par les lacunes observ\u00e9es dans les directives, le Groupe a choisi de porter son attention sur la prescription d\u2019opio\u00efdes pour une courte dur\u00e9e aux personnes n\u2019ayant jamais pris d\u2019opio\u00efdes. Une revue exploratoire de la litt\u00e9rature a r\u00e9v\u00e9l\u00e9 un manque de donn\u00e9es probantes et l\u2019absence d\u2019outils de d\u00e9pistage valid\u00e9s ou d\u2019autres outils de pr\u00e9vention pour cette population. Le Groupe a aussi relev\u00e9 l\u2019absence de d\u00e9finitions claires et consensuelles des termes \u00ab&nbsp;personne n\u2019ayant jamais pris d\u2019opio\u00efdes&nbsp;\u00bb et ordonnance de \u00ab&nbsp;courte dur\u00e9e&nbsp;\u00bb. En raison de ces lacunes importantes, le Groupe d\u2019\u00e9tude canadien n\u2019a pas pu proc\u00e9der \u00e0 l\u2019\u00e9laboration d\u2019une ligne directrice sur la pr\u00e9vention des pr\u00e9judices associ\u00e9s \u00e0 la prise d\u2019opio\u00efdes \u00e0 court terme chez les personnes n\u2019en ayant jamais consomm\u00e9.&nbsp;Parall\u00e8lement et ind\u00e9pendamment, le&nbsp;Groupe de travail des services pr\u00e9ventifs des \u00c9tats-Unis a \u00e9galement envisag\u00e9 de mettre au point une ligne directrice sur le sujet, mais n\u2019a pas pu le faire en raison de difficult\u00e9s connexes.<\/p>\n","protected":false},"excerpt":{"rendered":"<p>Pr\u00e9vention du m\u00e9susage des opio\u00efdes et des pr\u00e9judices associ\u00e9s aux opio\u00efdes Le Groupe d\u2019\u00e9tude canadien a entrepris de d\u00e9finir le champ d\u2019application d\u2019une \u00e9ventuelle ligne directrice sur l\u2019efficacit\u00e9 du d\u00e9pistage, du suivi et d\u2019autres interventions centr\u00e9es sur la patient\u00e8le en vue de pr\u00e9venir le m\u00e9susage des opio\u00efdes et les pr\u00e9judices associ\u00e9s \u00e0 ces derniers. Guid\u00e9 [&hellip;]<\/p>\n","protected":false},"author":2,"featured_media":0,"parent":0,"menu_order":0,"comment_status":"closed","ping_status":"closed","template":"","meta":{"_acf_changed":false,"footnotes":""},"categories":[],"tags":[],"class_list":["post-32057","page","type-page","status-publish","hentry"],"acf":[],"_links":{"self":[{"href":"https:\/\/canadiantaskforce.ca\/fr\/wp-json\/wp\/v2\/pages\/32057","targetHints":{"allow":["GET"]}}],"collection":[{"href":"https:\/\/canadiantaskforce.ca\/fr\/wp-json\/wp\/v2\/pages"}],"about":[{"href":"https:\/\/canadiantaskforce.ca\/fr\/wp-json\/wp\/v2\/types\/page"}],"author":[{"embeddable":true,"href":"https:\/\/canadiantaskforce.ca\/fr\/wp-json\/wp\/v2\/users\/2"}],"replies":[{"embeddable":true,"href":"https:\/\/canadiantaskforce.ca\/fr\/wp-json\/wp\/v2\/comments?post=32057"}],"version-history":[{"count":2,"href":"https:\/\/canadiantaskforce.ca\/fr\/wp-json\/wp\/v2\/pages\/32057\/revisions"}],"predecessor-version":[{"id":32060,"href":"https:\/\/canadiantaskforce.ca\/fr\/wp-json\/wp\/v2\/pages\/32057\/revisions\/32060"}],"wp:attachment":[{"href":"https:\/\/canadiantaskforce.ca\/fr\/wp-json\/wp\/v2\/media?parent=32057"}],"wp:term":[{"taxonomy":"category","embeddable":true,"href":"https:\/\/canadiantaskforce.ca\/fr\/wp-json\/wp\/v2\/categories?post=32057"},{"taxonomy":"post_tag","embeddable":true,"href":"https:\/\/canadiantaskforce.ca\/fr\/wp-json\/wp\/v2\/tags?post=32057"}],"curies":[{"name":"wp","href":"https:\/\/api.w.org\/{rel}","templated":true}]}}