{"id":32758,"date":"2025-10-20T08:59:31","date_gmt":"2025-10-20T12:59:31","guid":{"rendered":"https:\/\/canadiantaskforce.ca\/?page_id=32758"},"modified":"2025-10-20T08:59:49","modified_gmt":"2025-10-20T12:59:49","slug":"depression-chez-ladulte-mise-a-jour-infographie-pour-les-patients","status":"publish","type":"page","link":"https:\/\/canadiantaskforce.ca\/fr\/tools-resources\/depression-chez-ladulte-mise-a-jour-infographie-pour-les-patients\/","title":{"rendered":"D\u00e9pression chez l\u2019adulte (mise \u00e0 jour)\u2014Infographie pour les patients"},"content":{"rendered":"<div class='fullwidth-section  ' style=\"background-repeat:no-repeat;background-position:left top;\"><div class=\"container\"><div class=\"dt-sc-tabs-vertical2-container\"><ul id=\"menu-outilsressources\" class=\"dt-sc-tabs-vertical2-frame\"><li id=\"menu-item-14151\" class=\"menu-item menu-item-type-post_type menu-item-object-page menu-item-14151\"><a href=\"https:\/\/canadiantaskforce.ca\/fr\/tools-resources\/\">Outils de d\u00e9pistage<\/a><\/li>\n<\/ul><div class=\"dt-sc-tabs-vertical2-frame-content\">\n<div class='pdfdownload'><h5>Version PDF<\/h5><hr><div class='pdfdownload-text'><a href=\"https:\/\/canadiantaskforce.ca\/wp-content\/uploads\/2025\/10\/CTFPHC_Adult_Depression_Infographic_Patient_FINAL_FR_v2.pdf\" target=\"_blank\">Colour PDF<\/a><\/div><\/div>\n<div class='back'><h4><span class='fa fa-angle-left'><\/span>&nbsp;<a href='\/fr\/lignesdirectrives\/lignes-directrices-publiees\/depression-chez-ladulte-mise-a-jour\/'>Retour<\/a><\/h4><\/div>\n\n\n\n<h1 class=\"wp-block-heading\"><strong><strong>Il est important de parler de sant\u00e9 mentale.&nbsp;<\/strong><\/strong><\/h1>\n\n\n\n<p class=\"has-medium-font-size\">La d\u00e9pression a un effet n\u00e9gatif sur les \u00e9motions, les pens\u00e9es et le bien-\u00eatre.&nbsp;<\/p>\n\n\n\n<p><\/p>\n\n\n\n<p><strong>La d\u00e9pression est une maladie. Il existe de l\u2019aide.<\/strong><\/p>\n\n\n\n<p><strong>&nbsp;<\/strong><\/p>\n\n\n\n<p><\/p>\n\n\n\n<h2 class=\"wp-block-heading\"><strong>Parlez \u00e0 un professionnel de la sant\u00e9 si&nbsp;:&nbsp;<\/strong><\/h2>\n\n\n\n<ul class=\"wp-block-list\">\n<li>Vous \u00eates triste;<\/li>\n\n\n\n<li>Plus rien ne vous fait plaisir;<\/li>\n\n\n\n<li>Vous vous sentez inutile;<\/li>\n\n\n\n<li>Avez de la difficult\u00e9 \u00e0 dormir ou manquez d\u2019\u00e9nergie;<\/li>\n\n\n\n<li>Pensez \u00e0 vous faire du mal.<\/li>\n<\/ul>\n\n\n\n<h2 class=\"wp-block-heading\"><br><strong>Il peut \u00eatre utile de discuter avec un professionnel de la sant\u00e9 des sujets suivants&nbsp;:&nbsp;<\/strong><\/h2>\n\n\n\n<ul class=\"wp-block-list\">\n<li>Votre humeur, votre sant\u00e9 mentale et votre bien-\u00eatre<\/li>\n<\/ul>\n\n\n\n<p><\/p>\n\n\n\n<h2 class=\"wp-block-heading\"><strong>D\u00e9pistage de la d\u00e9pression chez les adultes<\/strong><\/h2>\n\n\n\n<h3 class=\"wp-block-heading\"><strong>Qu\u2019est-ce que le d\u00e9pistage?<\/strong><\/h3>\n\n\n\n<ul class=\"wp-block-list\">\n<li>Un instrument ou un test m\u00e9dical est utilis\u00e9 (comme un questionnaire) pour trouver des personnes \u00e0 risque de maladie ou de probl\u00e8me de sant\u00e9.<\/li>\n\n\n\n<li>S\u2019adresse \u00e0 toutes les personnes qui ne pr\u00e9sentent pas de sympt\u00f4mes.<\/li>\n<\/ul>\n\n\n\n<p><\/p>\n\n\n\n<p>Le Groupe d\u2019\u00e9tude canadien sur les soins de sant\u00e9 pr\u00e9ventifs recommande aux patients \u00e2g\u00e9s de 18&nbsp;ans et plus de parler \u00e0 leurs professionnels de la sant\u00e9 au sujet de la d\u00e9pression plut\u00f4t que de subir un d\u00e9pistage de routine au moyen d\u2019outils normalis\u00e9s, comme des questionnaires.<\/p>\n\n\n\n<p><\/p>\n\n\n\n<h3 class=\"wp-block-heading\">Pourquoi?<\/h3>\n\n\n\n<ul class=\"wp-block-list\">\n<li>Des \u00e9tudes montrent qu\u2019une approche globale du d\u00e9pistage de la d\u00e9pression chez tous les adultes pr\u00e9sente peu ou pas d\u2019avantages.<\/li>\n\n\n\n<li>Les conversations individuelles avec votre professionnel de la sant\u00e9 sont pr\u00e9f\u00e9rables.<\/li>\n<\/ul>\n\n\n\n<p><\/p>\n\n\n\n<p><br><strong>Ce guide de pratique clinique s\u2019adresse aux adultes qui pr\u00e9sentent un risque normal et plus \u00e9lev\u00e9 de d\u00e9pression (p.&nbsp;ex., traumatisme de l\u2019enfance, ant\u00e9c\u00e9dents familiaux)<\/strong><\/p>\n\n\n\n<p><\/p>\n\n\n\n<h2 class=\"wp-block-heading\">Ce guide de pratique clinique <u>ne s\u2019adresse pas<\/u> aux adultes qui ont&nbsp;:<\/h2>\n\n\n\n<ul class=\"wp-block-list\">\n<li>Des ant\u00e9c\u00e9dents de d\u00e9pression;<\/li>\n\n\n\n<li>Une d\u00e9pression;<\/li>\n\n\n\n<li>Des sympt\u00f4mes de d\u00e9pression ou d\u2019autres troubles de sant\u00e9 mentale.<\/li>\n<\/ul>\n\n\n\n<p><\/p>\n\n\n\n<h2 class=\"wp-block-heading\"><strong>\u00c0 retenir&nbsp;:<\/strong><\/h2>\n\n\n\n<ul class=\"wp-block-list\">\n<li>Parlez de vos sentiments ou demandez de l\u2019aide.<\/li>\n\n\n\n<li>Si vous pr\u00e9sentez des sympt\u00f4mes ou avez re\u00e7u un diagnostic de d\u00e9pression, un professionnel de la sant\u00e9 peut vous parler d\u2019aide et de traitement.<\/li>\n<\/ul>\n\n\n\n<p><\/p>\n\n\n\n<h2 class=\"wp-block-heading\"><strong>Trouver de l\u2019aide<\/strong><\/h2>\n\n\n\n<ul class=\"wp-block-list\">\n<li><a href=\"https:\/\/988.ca\/\"><\/a><a href=\"https:\/\/988.ca\/fr\">9\u20118\u20118 : Ligne d\u2019aide en cas de crise de suicide<\/a>&nbsp;<\/li>\n\n\n\n<li>Soutien en sant\u00e9 mentale : <a href=\"https:\/\/www.canada.ca\/fr\/sante-publique\/services\/services-sante-mentale\/sante-mentale-obtenir-aide.html\">Demander de l\u2019aide<\/a>&nbsp;<\/li>\n\n\n\n<li><a href=\"https:\/\/www.quebec.ca\/sante\/sante-mentale\">Sant\u00e9 mentale au Qu\u00e9bec<\/a>&nbsp;<\/li>\n<\/ul>\n\n\n<\/div><\/div><\/div><\/div>\n\n\n\n<p><\/p>\n","protected":false},"excerpt":{"rendered":"","protected":false},"author":2,"featured_media":32838,"parent":10330,"menu_order":5,"comment_status":"closed","ping_status":"closed","template":"","meta":{"_acf_changed":false,"footnotes":""},"categories":[380,218],"tags":[197,198,200,199],"class_list":["post-32758","page","type-page","status-publish","has-post-thumbnail","hentry","category-depression-chez-ladulte","category-outils","tag-adult-fr","tag-female-fr","tag-male-fr","tag-older-adult-fr"],"acf":[],"_links":{"self":[{"href":"https:\/\/canadiantaskforce.ca\/fr\/wp-json\/wp\/v2\/pages\/32758","targetHints":{"allow":["GET"]}}],"collection":[{"href":"https:\/\/canadiantaskforce.ca\/fr\/wp-json\/wp\/v2\/pages"}],"about":[{"href":"https:\/\/canadiantaskforce.ca\/fr\/wp-json\/wp\/v2\/types\/page"}],"author":[{"embeddable":true,"href":"https:\/\/canadiantaskforce.ca\/fr\/wp-json\/wp\/v2\/users\/2"}],"replies":[{"embeddable":true,"href":"https:\/\/canadiantaskforce.ca\/fr\/wp-json\/wp\/v2\/comments?post=32758"}],"version-history":[{"count":10,"href":"https:\/\/canadiantaskforce.ca\/fr\/wp-json\/wp\/v2\/pages\/32758\/revisions"}],"predecessor-version":[{"id":33125,"href":"https:\/\/canadiantaskforce.ca\/fr\/wp-json\/wp\/v2\/pages\/32758\/revisions\/33125"}],"up":[{"embeddable":true,"href":"https:\/\/canadiantaskforce.ca\/fr\/wp-json\/wp\/v2\/pages\/10330"}],"wp:featuredmedia":[{"embeddable":true,"href":"https:\/\/canadiantaskforce.ca\/fr\/wp-json\/wp\/v2\/media\/32838"}],"wp:attachment":[{"href":"https:\/\/canadiantaskforce.ca\/fr\/wp-json\/wp\/v2\/media?parent=32758"}],"wp:term":[{"taxonomy":"category","embeddable":true,"href":"https:\/\/canadiantaskforce.ca\/fr\/wp-json\/wp\/v2\/categories?post=32758"},{"taxonomy":"post_tag","embeddable":true,"href":"https:\/\/canadiantaskforce.ca\/fr\/wp-json\/wp\/v2\/tags?post=32758"}],"curies":[{"name":"wp","href":"https:\/\/api.w.org\/{rel}","templated":true}]}}