{"id":32771,"date":"2025-10-20T08:47:14","date_gmt":"2025-10-20T12:47:14","guid":{"rendered":"https:\/\/canadiantaskforce.ca\/?page_id=32771"},"modified":"2025-10-20T08:47:31","modified_gmt":"2025-10-20T12:47:31","slug":"depression-chez-ladulte-mise-a-jour-resume-a-lintention-des-cliniciens","status":"publish","type":"page","link":"https:\/\/canadiantaskforce.ca\/fr\/depression-chez-ladulte-mise-a-jour-resume-a-lintention-des-cliniciens\/","title":{"rendered":"D\u00e9pression chez l\u2019adulte (mise \u00e0 jour)\u2014R\u00e9sum\u00e9 \u00e0 l&rsquo;intention des cliniciens"},"content":{"rendered":"<div class='fullwidth-section  ' style=\"background-repeat:no-repeat;background-position:left top;\"><div class=\"container\"><div class=\"dt-sc-tabs-vertical2-container\"><ul id=\"menu-guidelines-french\" class=\"dt-sc-tabs-vertical2-frame\"><li id=\"menu-item-14161\" class=\"menu-item menu-item-type-post_type menu-item-object-page menu-item-has-children menu-item-14161\"><a href=\"https:\/\/canadiantaskforce.ca\/fr\/lignesdirectrives\/lignes-directrices-publiees\/\">Lignes directrices publi\u00e9es<\/a>\n<ul class=\"sub-menu\">\n\t<li id=\"menu-item-10358\" class=\"menu-item menu-item-type-post_type menu-item-object-page menu-item-10358\"><a href=\"https:\/\/canadiantaskforce.ca\/fr\/lignesdirectrives\/\">Aper\u00e7u<\/a><\/li>\n\t<li id=\"menu-item-22231\" class=\"menu-item menu-item-type-post_type menu-item-object-page menu-item-22231\"><a href=\"https:\/\/canadiantaskforce.ca\/fr\/lignesdirectrives\/lignes-directrices-publiees\/adenocarcinome-oesophagien\/\">Ad\u00e9nocarcinome \u0153sophagien (2020)<\/a><\/li>\n\t<li id=\"menu-item-20198\" class=\"menu-item menu-item-type-post_type menu-item-object-page menu-item-20198\"><a href=\"https:\/\/canadiantaskforce.ca\/fr\/lignesdirectrives\/lignes-directrices-publiees\/anevrisme-aortique-abdominal\/\">An\u00e9vrisme de l\u2019aorte abdominale (2017)<\/a><\/li>\n\t<li id=\"menu-item-17776\" class=\"menu-item menu-item-type-post_type menu-item-object-page menu-item-17776\"><a href=\"https:\/\/canadiantaskforce.ca\/fr\/lignesdirectrives\/lignes-directrices-publiees\/bacteriurie-asymptomatique\/\">Bact\u00e9riurie asymptomatique au cours de la grossesse (2018)<\/a><\/li>\n\t<li id=\"menu-item-29979\" class=\"menu-item menu-item-type-post_type menu-item-object-page menu-item-29979\"><a href=\"https:\/\/canadiantaskforce.ca\/fr\/lignesdirectrives\/lignes-directrices-publiees\/cancer-du-sein-mise-a-jour-2024\/\">[Archiv\u00e9] Conflits D\u2019int\u00e9r\u00eatsCancer du Sein (mise \u00e0 jour) -Recommandations provisoires (2024)<\/a><\/li>\n\t<li id=\"menu-item-10816\" class=\"menu-item menu-item-type-post_type menu-item-object-page menu-item-10816\"><a href=\"https:\/\/canadiantaskforce.ca\/fr\/lignesdirectrives\/lignes-directrices-publiees\/cancer-colorectal\/\">Cancer colorectal (2016)<\/a><\/li>\n\t<li id=\"menu-item-10817\" class=\"menu-item menu-item-type-post_type menu-item-object-page menu-item-10817\"><a href=\"https:\/\/canadiantaskforce.ca\/fr\/lignesdirectrives\/lignes-directrices-publiees\/cancer-de-la-prostate\/\">Cancer de la prostate (2014)<\/a><\/li>\n\t<li id=\"menu-item-10818\" class=\"menu-item menu-item-type-post_type menu-item-object-page menu-item-10818\"><a href=\"https:\/\/canadiantaskforce.ca\/fr\/lignesdirectrives\/lignes-directrices-publiees\/cancer-du-col-de-luterus\/\">Cancer du col de l\u2019ut\u00e9rus (2013)<\/a><\/li>\n\t<li id=\"menu-item-10819\" class=\"menu-item menu-item-type-post_type menu-item-object-page menu-item-10819\"><a href=\"https:\/\/canadiantaskforce.ca\/fr\/lignesdirectrives\/lignes-directrices-publiees\/cancer-du-poumon\/\">Cancer du poumon (2016)<\/a><\/li>\n\t<li id=\"menu-item-23926\" class=\"menu-item menu-item-type-post_type menu-item-object-page menu-item-23926\"><a href=\"https:\/\/canadiantaskforce.ca\/fr\/lignesdirectrives\/lignes-directrices-publiees\/chlamydia-et-gonorrhee\/\">Chlamydia et gonorrh\u00e9e (2021)<\/a><\/li>\n\t<li id=\"menu-item-10821\" class=\"menu-item menu-item-type-post_type menu-item-object-page menu-item-10821\"><a href=\"https:\/\/canadiantaskforce.ca\/fr\/lignesdirectrives\/lignes-directrices-publiees\/deficience-cognitive\/\">D\u00e9ficience cognitive (2024)<\/a><\/li>\n\t<li id=\"menu-item-33166\" class=\"menu-item menu-item-type-post_type menu-item-object-page menu-item-33166\"><a href=\"https:\/\/canadiantaskforce.ca\/fr\/lignesdirectrives\/lignes-directrices-publiees\/depression-chez-ladulte-mise-a-jour\/\">D\u00e9pression chez l\u2019adulte (mise \u00e0 jour) (2025)<\/a><\/li>\n\t<li id=\"menu-item-25495\" class=\"menu-item menu-item-type-post_type menu-item-object-page menu-item-25495\"><a href=\"https:\/\/canadiantaskforce.ca\/fr\/lignesdirectrives\/lignes-directrices-publiees\/depression-pendant-la-grossesse-et-la-periode-postnatale\/\">D\u00e9pression pendant la grossesse et la p\u00e9riode postnatale (2022)<\/a><\/li>\n\t<li id=\"menu-item-10823\" class=\"menu-item menu-item-type-post_type menu-item-object-page menu-item-10823\"><a href=\"https:\/\/canadiantaskforce.ca\/fr\/lignesdirectrives\/lignes-directrices-publiees\/diabete-de-type-2\/\">Diab\u00e8te de type 2 (2012)<\/a><\/li>\n\t<li id=\"menu-item-22278\" class=\"menu-item menu-item-type-post_type menu-item-object-page menu-item-22278\"><a href=\"https:\/\/canadiantaskforce.ca\/fr\/lignesdirectrives\/lignes-directrices-publiees\/dysfonctionnement-thyroidien\/\">Dysfonctionnement thyro\u00efdien (2019)<\/a><\/li>\n\t<li id=\"menu-item-10824\" class=\"menu-item menu-item-type-post_type menu-item-object-page menu-item-10824\"><a href=\"https:\/\/canadiantaskforce.ca\/fr\/lignesdirectrives\/lignes-directrices-publiees\/pelvic-exam\/\">Examen pelvien (2016)<\/a><\/li>\n\t<li id=\"menu-item-27545\" class=\"menu-item menu-item-type-post_type menu-item-object-page menu-item-27545\"><a href=\"https:\/\/canadiantaskforce.ca\/fr\/lignesdirectrives\/lignes-directrices-publiees\/fracture-de-fragilisation\/\">Fracture De Fragilisation (2023)<\/a><\/li>\n\t<li id=\"menu-item-13025\" class=\"menu-item menu-item-type-post_type menu-item-object-page menu-item-13025\"><a href=\"https:\/\/canadiantaskforce.ca\/fr\/lignesdirectrives\/lignes-directrices-publiees\/hepatite-c\/\">H\u00e9patite C (2017)<\/a><\/li>\n\t<li id=\"menu-item-10825\" class=\"menu-item menu-item-type-post_type menu-item-object-page menu-item-10825\"><a href=\"https:\/\/canadiantaskforce.ca\/fr\/lignesdirectrives\/lignes-directrices-publiees\/hypertension-arterielle\/\">Hypertension art\u00e9rielle (2012)<\/a><\/li>\n\t<li id=\"menu-item-10828\" class=\"menu-item menu-item-type-post_type menu-item-object-page menu-item-10828\"><a href=\"https:\/\/canadiantaskforce.ca\/fr\/lignesdirectrives\/lignes-directrices-publiees\/retard-de-developpement\/\">Retard de d\u00e9veloppement (2016)<\/a><\/li>\n\t<li id=\"menu-item-32710\" class=\"menu-item menu-item-type-post_type menu-item-object-page menu-item-32710\"><a href=\"https:\/\/canadiantaskforce.ca\/fr\/lignesdirectrives\/lignes-directrices-publiees\/tabagisme-chez-ladulte\/\">Tabagisme chez l\u2019adulte (2025)<\/a><\/li>\n\t<li id=\"menu-item-12541\" class=\"menu-item menu-item-type-post_type menu-item-object-page menu-item-12541\"><a href=\"https:\/\/canadiantaskforce.ca\/fr\/lignesdirectrives\/lignes-directrices-publiees\/tabagisme-chez-les-enfants-et-les-adolescents\/\">Tabagisme chez les enfants et les adolescents (2017)<\/a><\/li>\n\t<li id=\"menu-item-17149\" class=\"menu-item menu-item-type-post_type menu-item-object-page menu-item-17149\"><a href=\"https:\/\/canadiantaskforce.ca\/fr\/lignesdirectrives\/lignes-directrices-publiees\/troubles-de-la-vision\/\">Troubles de la vision (2018)<\/a><\/li>\n<\/ul>\n<\/li>\n<li id=\"menu-item-31045\" class=\"menu-item menu-item-type-post_type menu-item-object-page menu-item-31045\"><a href=\"https:\/\/canadiantaskforce.ca\/fr\/lignesdirectrives\/scores-d-evaluation-ecri\/\">Scores d\u2019\u00e9valuation (ECRI)<\/a><\/li>\n<li id=\"menu-item-19784\" class=\"menu-item menu-item-type-post_type menu-item-object-page menu-item-19784\"><a href=\"https:\/\/canadiantaskforce.ca\/fr\/lignesdirectrives\/revues-systematiques-et-protocoles\/\">Revues Syst\u00e9matiques et Protocoles<\/a><\/li>\n<li id=\"menu-item-19879\" class=\"menu-item menu-item-type-post_type menu-item-object-page menu-item-has-children menu-item-19879\"><a href=\"https:\/\/canadiantaskforce.ca\/fr\/methodologie\/\">[Archiv\u00e9]\u00a0M\u00e9thodologie<\/a>\n<ul class=\"sub-menu\">\n\t<li id=\"menu-item-19880\" class=\"menu-item menu-item-type-post_type menu-item-object-page menu-item-19880\"><a href=\"https:\/\/canadiantaskforce.ca\/fr\/methodologie\/\">Manuel des proc\u00e9dures<\/a><\/li>\n\t<li id=\"menu-item-19881\" class=\"menu-item menu-item-type-post_type menu-item-object-page menu-item-19881\"><a href=\"https:\/\/canadiantaskforce.ca\/fr\/methodologie\/grade\/\">GRADE<\/a><\/li>\n\t<li id=\"menu-item-19882\" class=\"menu-item menu-item-type-post_type menu-item-object-page menu-item-19882\"><a href=\"https:\/\/canadiantaskforce.ca\/fr\/methodologie\/protocole-relatif-aux-preferences-des-patients\/\">Protocole de participation du patient<\/a><\/li>\n\t<li id=\"menu-item-28459\" class=\"menu-item menu-item-type-post_type menu-item-object-page menu-item-28459\"><a href=\"https:\/\/canadiantaskforce.ca\/fr\/methodologie\/updating-reaffirmation-and-sunsetting-clinical-practice-guidelines-methods-from-the-canadian-task-force-on-preventive-health-care\/\">Mise \u00e0 jour, r\u00e9affirmation et caducit\u00e9 des\u00a0lignes directrices de pratique clinique\u00a0<\/a><\/li>\n<\/ul>\n<\/li>\n<li id=\"menu-item-27713\" class=\"menu-item menu-item-type-post_type menu-item-object-page menu-item-has-children menu-item-27713\"><a href=\"https:\/\/canadiantaskforce.ca\/fr\/lignesdirectrives\/autres-publications\/\">Autres publications<\/a>\n<ul class=\"sub-menu\">\n\t<li id=\"menu-item-19587\" class=\"menu-item menu-item-type-post_type menu-item-object-page menu-item-19587\"><a href=\"https:\/\/canadiantaskforce.ca\/fr\/lignesdirectrives\/serie-prevention-en-pratique\/\">S\u00e9rie Pr\u00e9vention en pratique<\/a><\/li>\n\t<li id=\"menu-item-19491\" class=\"menu-item menu-item-type-post_type menu-item-object-page menu-item-19491\"><a href=\"https:\/\/canadiantaskforce.ca\/fr\/lignesdirectrives\/visites-periodiques-en-sante-preventive\/\">Visites p\u00e9riodiques en sant\u00e9 pr\u00e9ventive<\/a><\/li>\n<\/ul>\n<\/li>\n<\/ul><div class=\"dt-sc-tabs-vertical2-frame-content\"><div class='pdfdownload'><h5>Version PDF<\/h5><hr><div class='pdfdownload-text'><a href=\"https:\/\/canadiantaskforce.ca\/wp-content\/uploads\/2025\/10\/Adult-Depression-Clinician-Summary_FR-1.pdf\">T\u00e9l\u00e9charger le PDF<\/a><\/div><\/div>\n<!-- Missing link in [backlink] shortcode -->\n<p class=\"p1\">Ce guide de pratique clinique sur le d\u00e9pistage de la d\u00e9pression chez les adultes offre des orientations aux cliniciens en soins primaires ou dans d&rsquo;autres milieux non li\u00e9s \u00e0 la sant\u00e9 mentale (par exemple, m\u00e9decins, infirmi\u00e8res ou autres fournisseurs) qui pourraient servir de premier point de contact pour les soins.<\/p>\n<h3><\/h3>\n<h3 class=\"p1\">Population<\/h3>\n<p class=\"p1\">La population cible est constitu\u00e9e d\u2019adultes \u00e2g\u00e9s de 18 ans et plus. Ce guide de pratique clinique s&rsquo;applique \u00e0 ceux qui pourraient \u00eatre \u00e0 un risque accru de d\u00e9pression. Il ne s&rsquo;\u00e9tend pas aux adultes d\u00e9j\u00e0 \u00e9valu\u00e9s pour des troubles de sant\u00e9 mentale, qui cherchent des services \u00e0 cause de sympt\u00f4mes de d\u00e9pression, ni \u00e0 ceux qui ont d\u00e9j\u00e0 re\u00e7u un diagnostic de trouble d\u00e9pressif majeur.<\/p>\n<h3><\/h3>\n<h3 class=\"p1\">Recommandation<\/h3>\n<p class=\"p1\">Le Groupe d\u2019\u00e9tude canadien sur les soins de sant\u00e9 pr\u00e9ventifs recommande de ne pas effectuer de d\u00e9pistage syst\u00e9matique de la d\u00e9pression au moyen d\u2019un instrument (soit un questionnaire comportant un seuil qui permet de distinguer les r\u00e9sultats \u00ab<span class=\"s1\">\u2009<\/span>positifs<span class=\"s1\">\u2009<\/span>\u00bb des r\u00e9sultats \u00ab<span class=\"s1\">\u2009<\/span>n\u00e9gatifs<span class=\"s1\">\u2009<\/span>\u00bb) soumis aux adultes de 18 ans et plus (recommandation forte, donn\u00e9es de tr\u00e8s faible certitude).<\/p>\n<p class=\"p1\">Cette recommandation souligne l&rsquo;importance d\u2019une bonne pratique clinique, o\u00f9 les cliniciennes et cliniciens s&rsquo;enqui\u00e8rent du bien-\u00eatre de leurs patients et restent vigilants face aux sympt\u00f4mes et signes de d\u00e9pression.<\/p>\n<h3><\/h3>\n<h3 class=\"p1\">Mise en pratique des recommandations<\/h3>\n<p class=\"p1\">Le terme \u00ab d\u00e9pistage \u00bb dans cette recommandation fait r\u00e9f\u00e9rence \u00e0 un processus syst\u00e9matique par lequel les fournisseurs de soins primaires utilisent un <b>instrument, comme un questionnaire, aupr\u00e8s de tout adulte qui ne signale pas d\u00e9j\u00e0 des sympt\u00f4mes de d\u00e9pression, puis utilisent un score <\/b>pour d\u00e9terminer une action de suivi pour ceux dont le score est \u00e9gal ou sup\u00e9rieur \u00e0 un seuil pr\u00e9d\u00e9fini.<\/p>\n<p class=\"p1\">Conseils aux cliniciens en soins primaires ou dans d&rsquo;autres milieux non li\u00e9s \u00e0 la sant\u00e9 mentale :<\/p>\n<ul class=\"ul1\">\n<li class=\"li1\">Rester vigilant face aux patients pr\u00e9sentant des facteurs de risque de d\u00e9pression ou pr\u00e9sentant des sympt\u00f4mes d\u00e9pressifs, et fournir une \u00e9valuation compl\u00e9mentaire selon l&rsquo;indication clinique.<\/li>\n<li class=\"li1\">Le groupe d\u2019\u00e9tude ne recommande pas un d\u00e9pistage syst\u00e9matique de la d\u00e9pression \u00e0 l&rsquo;aide d&rsquo;instruments (utilisant un questionnaire avec un seuil pour distinguer le statut \u00ab positif au d\u00e9pistage \u00bb et \u00ab n\u00e9gatif au d\u00e9pistage \u00bb) soumis aux adultes de 18 ans et plus pour la d\u00e9pression.<\/li>\n<\/ul>\n<p class=\"p1\">La plupart des provinces et territoires n&rsquo;ont pas d\u2019orientations sp\u00e9cifiques concernant l&rsquo;\u00e9valuation de la d\u00e9pression chez les adultes.<\/p>\n<h3><\/h3>\n<h3 class=\"p1\">Fardeau de la maladie<\/h3>\n<p class=\"p1\">La pr\u00e9valence \u00e0 vie du trouble d\u00e9pressif majeur chez les personnes sans trouble bipolaire a \u00e9t\u00e9 estim\u00e9e \u00e0 9,9% en 2012, et la pr\u00e9valence annuelle \u00e0 3,9%. La pr\u00e9valence chez les Canadiens \u00e2g\u00e9s de 15 ans et plus vivant un \u00e9pisode d\u00e9pressif majeur a augment\u00e9 depuis 2012. Entre 2012 et 2022, la pr\u00e9valence des \u00e9pisodes d\u00e9pressifs majeurs au cours de la vie a augment\u00e9 de 11,3% \u00e0 14,0%, et la pr\u00e9valence des \u00e9pisodes d\u00e9pressifs majeurs sur 12 mois a augment\u00e9 de 4,7% \u00e0 7,6%.<\/p>\n<h3><\/h3>\n<h3 class=\"p1\">Cons\u00e9quences potentielles de la d\u00e9pression<\/h3>\n<ul class=\"ul1\">\n<li class=\"li1\">Qualit\u00e9 de vie inf\u00e9rieure<\/li>\n<li class=\"li1\">Id\u00e9es suicidaires<\/li>\n<li class=\"li1\">Conditions m\u00e9dicales chroniques<\/li>\n<li class=\"li1\">Augmentation des taux d&rsquo;admission \u00e0 l&rsquo;h\u00f4pital<\/li>\n<li class=\"li1\">Stigmatisation<\/li>\n<\/ul>\n<h3><\/h3>\n<h3 class=\"p1\">Fondement de recommandation<\/h3>\n<h4><\/h4>\n<h4 class=\"p1\">Donn\u00e9es probantes<\/h4>\n<p class=\"p1\">Notre revue syst\u00e9matique comprenait 3 essais contr\u00f4l\u00e9s randomis\u00e9s qui ont sp\u00e9cifiquement isol\u00e9 les effets du d\u00e9pistage de la d\u00e9pression dans trois milieux de soins primaires. Les participants \u00e9taient des adultes aux \u00c9tats-Unis r\u00e9cemment diagnostiqu\u00e9s avec un syndrome coronarien aigu (SCA), des adultes au Royaume-Uni consultant pour des sympt\u00f4mes d&rsquo;arthrose (AOS), et des m\u00e8res chinoises \u00e0 2 mois post-partum.<span class=\"Apple-converted-space\">\u00a0 \u00a0<\/span><\/p>\n<p class=\"p1\">Les trois \u00e9tudes ont donn\u00e9 des r\u00e9sultats tr\u00e8s incertains ou a montr\u00e9 peu ou pas de diff\u00e9rence dans les sympt\u00f4mes de d\u00e9pression entre ceux qui ont \u00e9t\u00e9 d\u00e9pist\u00e9s et ceux qui ne l&rsquo;ont pas \u00e9t\u00e9.<\/p>\n<p class=\"p1\">Deux essais ont rapport\u00e9 des r\u00e9sultats sur la qualit\u00e9 de vie li\u00e9e \u00e0 la sant\u00e9. L&rsquo;essai sur le SCA a montr\u00e9 peu ou pas de diff\u00e9rences dans le changement de la qualit\u00e9 de vie (QALY) du d\u00e9part \u00e0 18 mois ou dans les scores utilitaires de qualit\u00e9 de vie \u00e0 18 mois. L&rsquo;\u00e9tude sur l&rsquo;AOS a rapport\u00e9 un effet tr\u00e8s incertain du d\u00e9pistage sur la qualit\u00e9 de vie \u00e0 12 mois.<\/p>\n<p class=\"p1\">Deux \u00e9tudes ont rapport\u00e9 les m\u00e9faits du d\u00e9pistage. L&rsquo;essai sur le SCA a rapport\u00e9 peu ou pas de diff\u00e9rence entre le d\u00e9pistage et le non-d\u00e9pistage sur les m\u00e9faits potentiellement attribuables \u00e0 l&rsquo;utilisation de m\u00e9dicaments antid\u00e9presseurs \u00e0 18 mois. L&rsquo;essai sur le post-partum a rapport\u00e9 qu&rsquo;aucun effet ind\u00e9sirable n&rsquo;a \u00e9t\u00e9 identifi\u00e9 (donn\u00e9es de tr\u00e8s faible certitude).<span class=\"Apple-converted-space\">\u00a0 \u00a0<\/span><\/p>\n<p class=\"p1\">Aucune \u00e9tude n&rsquo;a rapport\u00e9 directement le taux de diagnostic de d\u00e9pression \u00e0 l&rsquo;aide d&rsquo;une entrevue diagnostique valid\u00e9e \u00e0 un moment de suivi, ni sur le comportement suicidaire, la fonctionnalit\u00e9 quotidienne, le temps perdu au travail ou \u00e0 l&rsquo;\u00e9cole, l&rsquo;impact sur le mode de vie, l&rsquo;\u00e9tiquetage ou la stigmatisation, les r\u00e9sultats faux positifs, le surdiagnostic ou le surtraitement.<\/p>\n<h4><\/h4>\n<h4 class=\"p1\">Justification<\/h4>\n<p class=\"p1\">Cette forte recommandation repose sur des donn\u00e9es de certitude mod\u00e9r\u00e9e montrant que le d\u00e9pistage a probablement peu ou pas d&rsquo;impact sur les sympt\u00f4mes de d\u00e9pression ou sur la qualit\u00e9 de vie li\u00e9e \u00e0 la sant\u00e9, issues d&rsquo;un seul essai, ainsi que sur des donn\u00e9es tr\u00e8s incertaines quant \u00e0 l&rsquo;impact du d\u00e9pistage issues de deux autres essais.<\/p>\n<p class=\"p1\">Bien qu&rsquo;aucun essai n&rsquo;ait rapport\u00e9 de m\u00e9faits du d\u00e9pistage tels que les faux positifs, le surdiagnostic ou le surtraitement, le d\u00e9pistage entra\u00eenera une augmentation des faux positifs, et peut entra\u00eener des r\u00e9f\u00e9rences et des \u00e9valuations diagnostiques inutiles, ainsi qu&rsquo;un surdiagnostic pour certains patients, r\u00e9duisant ainsi les ressources disponibles pour ceux ayant des probl\u00e8mes de sant\u00e9 mentale connus. Une m\u00e9ta-analyse utilisant des donn\u00e9es individuelles de patients a fourni des informations pr\u00e9cises sur un outil de d\u00e9pistage utilis\u00e9 dans les essais que nous avons identifi\u00e9s. L&rsquo;analyse estime que le d\u00e9pistage de 100 patients avec le PHQ-9 utilisant le seuil commun de 10 donnerait 9 vrais positifs, 2 faux n\u00e9gatifs, 13 faux positifs et 76 vrais n\u00e9gatifs.<\/p>\n<p class=\"p1\">Compte tenu des d\u00e9fis importants li\u00e9s \u00e0 l&rsquo;acc\u00e8s aux services de sant\u00e9 mentale au Canada, le d\u00e9tournement inutile des ressources du traitement des patients ayant des probl\u00e8mes de sant\u00e9 mentale pourrait constituer un m\u00e9fait non intentionnel du d\u00e9pistage. Le Groupe d\u2019\u00e9tude a conscience des probl\u00e8mes de ressources que conna\u00eet notre syst\u00e8me de soins primaires et, par cons\u00e9quent, formule des recommandations \u00e0 l\u2019encontre des interventions dont les r\u00e9percussions sur les ressources sont manifestement importantes, alors que leurs bienfaits n\u2019ont pas \u00e9t\u00e9 d\u00e9montr\u00e9s.<\/p>\n<\/div><\/div><\/div><\/div>\n","protected":false},"excerpt":{"rendered":"","protected":false},"author":2,"featured_media":0,"parent":0,"menu_order":60,"comment_status":"closed","ping_status":"closed","template":"","meta":{"_acf_changed":false,"footnotes":""},"categories":[],"tags":[],"class_list":["post-32771","page","type-page","status-publish","hentry"],"acf":[],"_links":{"self":[{"href":"https:\/\/canadiantaskforce.ca\/fr\/wp-json\/wp\/v2\/pages\/32771","targetHints":{"allow":["GET"]}}],"collection":[{"href":"https:\/\/canadiantaskforce.ca\/fr\/wp-json\/wp\/v2\/pages"}],"about":[{"href":"https:\/\/canadiantaskforce.ca\/fr\/wp-json\/wp\/v2\/types\/page"}],"author":[{"embeddable":true,"href":"https:\/\/canadiantaskforce.ca\/fr\/wp-json\/wp\/v2\/users\/2"}],"replies":[{"embeddable":true,"href":"https:\/\/canadiantaskforce.ca\/fr\/wp-json\/wp\/v2\/comments?post=32771"}],"version-history":[{"count":14,"href":"https:\/\/canadiantaskforce.ca\/fr\/wp-json\/wp\/v2\/pages\/32771\/revisions"}],"predecessor-version":[{"id":33111,"href":"https:\/\/canadiantaskforce.ca\/fr\/wp-json\/wp\/v2\/pages\/32771\/revisions\/33111"}],"wp:attachment":[{"href":"https:\/\/canadiantaskforce.ca\/fr\/wp-json\/wp\/v2\/media?parent=32771"}],"wp:term":[{"taxonomy":"category","embeddable":true,"href":"https:\/\/canadiantaskforce.ca\/fr\/wp-json\/wp\/v2\/categories?post=32771"},{"taxonomy":"post_tag","embeddable":true,"href":"https:\/\/canadiantaskforce.ca\/fr\/wp-json\/wp\/v2\/tags?post=32771"}],"curies":[{"name":"wp","href":"https:\/\/api.w.org\/{rel}","templated":true}]}}