{"id":33758,"date":"2026-04-09T14:22:11","date_gmt":"2026-04-09T18:22:11","guid":{"rendered":"https:\/\/canadiantaskforce.ca\/?page_id=33758"},"modified":"2026-04-09T14:22:31","modified_gmt":"2026-04-09T18:22:31","slug":"contenu-archive","status":"publish","type":"page","link":"https:\/\/canadiantaskforce.ca\/fr\/contenu-archive\/","title":{"rendered":"Contenu archiv\u00e9"},"content":{"rendered":"\n<div style=\"height:60px\" aria-hidden=\"true\" class=\"wp-block-spacer\"><\/div>\n\n\n\n<p><strong>Le Groupe d\u2019\u00e9tude canadien sur les soins de sant\u00e9 pr\u00e9ventifs (Groupe d\u2019\u00e9tude) a mis fin \u00e0 son mandat le 31 mars 2026.<\/strong>\u00a0Le contenu de ce site n&rsquo;est ni mis \u00e0 jour ni surveill\u00e9. L&rsquo;Agence de la sant\u00e9 publique du Canada (ASPC) soutient d\u00e9sormais le Comit\u00e9 consultatif national sur les services pr\u00e9ventifs de sant\u00e9.<\/p>\n\n\n\n<p>Veuillez consulter la <a href=\"\/fr\/\">page d\u2019accueil <\/a>pour acc\u00e9der au contenu disponible.<\/p>\n\n\n\n<p><\/p>\n","protected":false},"excerpt":{"rendered":"<p>Le Groupe d\u2019\u00e9tude canadien sur les soins de sant\u00e9 pr\u00e9ventifs (Groupe d\u2019\u00e9tude) a mis fin \u00e0 son mandat le 31 mars 2026.\u00a0Le contenu de ce site n&rsquo;est ni mis \u00e0 jour ni surveill\u00e9. L&rsquo;Agence de la sant\u00e9 publique du Canada (ASPC) soutient d\u00e9sormais le Comit\u00e9 consultatif national sur les services pr\u00e9ventifs de sant\u00e9. Veuillez consulter [&hellip;]<\/p>\n","protected":false},"author":2,"featured_media":0,"parent":0,"menu_order":0,"comment_status":"closed","ping_status":"closed","template":"","meta":{"_acf_changed":false,"footnotes":""},"categories":[],"tags":[],"class_list":["post-33758","page","type-page","status-publish","hentry"],"acf":[],"_links":{"self":[{"href":"https:\/\/canadiantaskforce.ca\/fr\/wp-json\/wp\/v2\/pages\/33758","targetHints":{"allow":["GET"]}}],"collection":[{"href":"https:\/\/canadiantaskforce.ca\/fr\/wp-json\/wp\/v2\/pages"}],"about":[{"href":"https:\/\/canadiantaskforce.ca\/fr\/wp-json\/wp\/v2\/types\/page"}],"author":[{"embeddable":true,"href":"https:\/\/canadiantaskforce.ca\/fr\/wp-json\/wp\/v2\/users\/2"}],"replies":[{"embeddable":true,"href":"https:\/\/canadiantaskforce.ca\/fr\/wp-json\/wp\/v2\/comments?post=33758"}],"version-history":[{"count":1,"href":"https:\/\/canadiantaskforce.ca\/fr\/wp-json\/wp\/v2\/pages\/33758\/revisions"}],"predecessor-version":[{"id":33760,"href":"https:\/\/canadiantaskforce.ca\/fr\/wp-json\/wp\/v2\/pages\/33758\/revisions\/33760"}],"wp:attachment":[{"href":"https:\/\/canadiantaskforce.ca\/fr\/wp-json\/wp\/v2\/media?parent=33758"}],"wp:term":[{"taxonomy":"category","embeddable":true,"href":"https:\/\/canadiantaskforce.ca\/fr\/wp-json\/wp\/v2\/categories?post=33758"},{"taxonomy":"post_tag","embeddable":true,"href":"https:\/\/canadiantaskforce.ca\/fr\/wp-json\/wp\/v2\/tags?post=33758"}],"curies":[{"name":"wp","href":"https:\/\/api.w.org\/{rel}","templated":true}]}}