{"id":9768,"date":"2016-09-16T14:52:13","date_gmt":"2016-09-16T18:52:13","guid":{"rendered":"http:\/\/canadiantaskforce.ca\/?page_id=9768&#038;lang=fr"},"modified":"2026-04-01T00:07:01","modified_gmt":"2026-04-01T04:07:01","slug":"a-propos-du-gecssp","status":"publish","type":"page","link":"https:\/\/canadiantaskforce.ca\/fr\/a-propos-du-gecssp\/","title":{"rendered":"\u00c0 propos du GECSSP"},"content":{"rendered":"\n<div class=\"wp-block-group\"><div class=\"wp-block-group__inner-container is-layout-constrained wp-block-group-is-layout-constrained\">\n<p><br>L&rsquo;Agence de sant\u00e9 publique du Canada (ASPC) facilite le Comit\u00e9 consultatif national sur les services pr\u00e9ventifs de sant\u00e9. Le Comit\u00e9 consultatif national sur les services pr\u00e9ventifs de sant\u00e9 est un groupe consultatif scientifique d&rsquo;experts qui aide \u00e0 \u00e9laborer des lignes directrices de pratique clinique pour soutenir les praticiens de soins primaires dans la prestation de services de sant\u00e9 pr\u00e9ventifs. \u00a0<\/p>\n<\/div><\/div>\n","protected":false},"excerpt":{"rendered":"<p>L&rsquo;Agence de sant\u00e9 publique du Canada (ASPC) facilite le Comit\u00e9 consultatif national sur les services pr\u00e9ventifs de sant\u00e9. Le Comit\u00e9 consultatif national sur les services pr\u00e9ventifs de sant\u00e9 est un groupe consultatif scientifique d&rsquo;experts qui aide \u00e0 \u00e9laborer des lignes directrices de pratique clinique pour soutenir les praticiens de soins primaires dans la prestation de [&hellip;]<\/p>\n","protected":false},"author":2,"featured_media":0,"parent":0,"menu_order":143,"comment_status":"open","ping_status":"open","template":"tpl-fullwidth.php","meta":{"_acf_changed":false,"footnotes":""},"categories":[],"tags":[],"class_list":["post-9768","page","type-page","status-publish","hentry"],"acf":[],"_links":{"self":[{"href":"https:\/\/canadiantaskforce.ca\/fr\/wp-json\/wp\/v2\/pages\/9768","targetHints":{"allow":["GET"]}}],"collection":[{"href":"https:\/\/canadiantaskforce.ca\/fr\/wp-json\/wp\/v2\/pages"}],"about":[{"href":"https:\/\/canadiantaskforce.ca\/fr\/wp-json\/wp\/v2\/types\/page"}],"author":[{"embeddable":true,"href":"https:\/\/canadiantaskforce.ca\/fr\/wp-json\/wp\/v2\/users\/2"}],"replies":[{"embeddable":true,"href":"https:\/\/canadiantaskforce.ca\/fr\/wp-json\/wp\/v2\/comments?post=9768"}],"version-history":[{"count":5,"href":"https:\/\/canadiantaskforce.ca\/fr\/wp-json\/wp\/v2\/pages\/9768\/revisions"}],"predecessor-version":[{"id":33541,"href":"https:\/\/canadiantaskforce.ca\/fr\/wp-json\/wp\/v2\/pages\/9768\/revisions\/33541"}],"wp:attachment":[{"href":"https:\/\/canadiantaskforce.ca\/fr\/wp-json\/wp\/v2\/media?parent=9768"}],"wp:term":[{"taxonomy":"category","embeddable":true,"href":"https:\/\/canadiantaskforce.ca\/fr\/wp-json\/wp\/v2\/categories?post=9768"},{"taxonomy":"post_tag","embeddable":true,"href":"https:\/\/canadiantaskforce.ca\/fr\/wp-json\/wp\/v2\/tags?post=9768"}],"curies":[{"name":"wp","href":"https:\/\/api.w.org\/{rel}","templated":true}]}}