{"id":9772,"date":"2016-09-16T14:55:24","date_gmt":"2016-09-16T18:55:24","guid":{"rendered":"http:\/\/canadiantaskforce.ca\/?page_id=9772&#038;lang=fr"},"modified":"2026-04-01T00:12:25","modified_gmt":"2026-04-01T04:12:25","slug":"histoire","status":"publish","type":"page","link":"https:\/\/canadiantaskforce.ca\/fr\/a-propos-du-gecssp\/histoire\/","title":{"rendered":"Histoire"},"content":{"rendered":"\n<div style=\"height:50px\" aria-hidden=\"true\" class=\"wp-block-spacer\"><\/div>\n\n\n\n<p>Le Groupe d\u2019\u00e9tude canadien sur les soins de sant\u00e9 pr\u00e9ventifs, auparavant connu sous le nom de Groupe d\u2019\u00e9tude canadien sur l&rsquo;examen p\u00e9riodique de la sant\u00e9, a \u00e9t\u00e9 cr\u00e9\u00e9 en septembre 1976 par la Conf\u00e9rence des sous-ministres de la Sant\u00e9 des dix provinces canadiennes. De 1976 \u00e0 1979, une m\u00e9thodologie a \u00e9t\u00e9 d\u00e9velopp\u00e9e pour \u00e9valuer les preuves scientifiques afin de formuler des recommandations pour ou contre l&rsquo;inclusion de man\u0153uvres pr\u00e9ventives dans les examens p\u00e9riodiques de sant\u00e9 des personnes asymptomatiques.<\/p>\n\n\n\n<p>Le premier rapport du Groupe d\u2019\u00e9tude, publi\u00e9 en 1979, a examin\u00e9 les preuves scientifiques de la pr\u00e9vention de 78 conditions et a conclu une recommandation centrale importante, \u00e0 savoir que le \u00ab bilan annuel \u00bb non d\u00e9fini devait \u00eatre abandonn\u00e9 et remplac\u00e9 par un \u00ab ensemble de protection de la sant\u00e9 \u00bb sp\u00e9cifiques \u00e0 chaque \u00e2ge, mis en \u0153uvre lors des visites m\u00e9dicales pour d&rsquo;autres fins.<\/p>\n\n\n\n<p>De 1979 \u00e0 1994, le Groupe d\u2019\u00e9tude a publi\u00e9 9 mises \u00e0 jour \u00e9valuant la pr\u00e9vention de 19 conditions non prises en compte auparavant, et r\u00e9visant 28 rapports ant\u00e9rieurs \u00e0 la lumi\u00e8re de nouvelles preuves. En 1994, il a publi\u00e9 une compilation majeure de recommandations pour 81 conditions, intitul\u00e9e Le Guide canadien des soins m\u00e9dicaux pr\u00e9ventifs cliniques. Ce volume de 1009 pages, connu sous le nom de \u00ab The Red Brick \u00bb, est devenu un outil de r\u00e9f\u00e9rence standard pour les cliniciens de soins primaires canadiens. En 1995, la version fran\u00e7aise de The Red Brick a remport\u00e9 le prestigieux Prix Prescrire, d\u00e9cern\u00e9 chaque ann\u00e9e par la revue parisienne Prescrire, \u00e0 une publication m\u00e9dicale ou pharmaceutique.<\/p>\n\n\n\n<p>Dans les ann\u00e9es 1980, la m\u00e9thodologie du Groupe d\u2019\u00e9tude a \u00e9t\u00e9 adopt\u00e9e, avec des modifications minimales, par le United States Preventive Services Task Force (USPSTF). Il a d\u00e9sormais \u00e9t\u00e9 appliqu\u00e9 avec succ\u00e8s par les Groupes d\u2019\u00e9tude canadiens et am\u00e9ricains pour \u00e9valuer la pr\u00e9vention de plus de 200 conditions et a obtenu une reconnaissance internationale comme base pour l&rsquo;\u00e9laboration de lignes directrices pour la pratique clinique et les politiques de sant\u00e9 publique.<\/p>\n\n\n\n<p>En 2005, le Groupe d\u2019\u00e9tude a \u00e9t\u00e9 dissout.<\/p>\n\n\n\n<p>En 2010, le Groupe d\u2019\u00e9tude a \u00e9t\u00e9 r\u00e9tabli avec le soutien de l&rsquo;Agence de la sant\u00e9 publique du Canada et son mandat a pris fin le 31 mars 2026.<\/p>\n","protected":false},"excerpt":{"rendered":"<p>Le Groupe d\u2019\u00e9tude canadien sur les soins de sant\u00e9 pr\u00e9ventifs, auparavant connu sous le nom de Groupe d\u2019\u00e9tude canadien sur l&rsquo;examen p\u00e9riodique de la sant\u00e9, a \u00e9t\u00e9 cr\u00e9\u00e9 en septembre 1976 par la Conf\u00e9rence des sous-ministres de la Sant\u00e9 des dix provinces canadiennes. De 1976 \u00e0 1979, une m\u00e9thodologie a \u00e9t\u00e9 d\u00e9velopp\u00e9e pour \u00e9valuer les [&hellip;]<\/p>\n","protected":false},"author":2,"featured_media":0,"parent":9768,"menu_order":3,"comment_status":"closed","ping_status":"closed","template":"","meta":{"_acf_changed":false,"footnotes":""},"categories":[],"tags":[],"class_list":["post-9772","page","type-page","status-publish","hentry"],"acf":[],"_links":{"self":[{"href":"https:\/\/canadiantaskforce.ca\/fr\/wp-json\/wp\/v2\/pages\/9772","targetHints":{"allow":["GET"]}}],"collection":[{"href":"https:\/\/canadiantaskforce.ca\/fr\/wp-json\/wp\/v2\/pages"}],"about":[{"href":"https:\/\/canadiantaskforce.ca\/fr\/wp-json\/wp\/v2\/types\/page"}],"author":[{"embeddable":true,"href":"https:\/\/canadiantaskforce.ca\/fr\/wp-json\/wp\/v2\/users\/2"}],"replies":[{"embeddable":true,"href":"https:\/\/canadiantaskforce.ca\/fr\/wp-json\/wp\/v2\/comments?post=9772"}],"version-history":[{"count":7,"href":"https:\/\/canadiantaskforce.ca\/fr\/wp-json\/wp\/v2\/pages\/9772\/revisions"}],"predecessor-version":[{"id":33544,"href":"https:\/\/canadiantaskforce.ca\/fr\/wp-json\/wp\/v2\/pages\/9772\/revisions\/33544"}],"up":[{"embeddable":true,"href":"https:\/\/canadiantaskforce.ca\/fr\/wp-json\/wp\/v2\/pages\/9768"}],"wp:attachment":[{"href":"https:\/\/canadiantaskforce.ca\/fr\/wp-json\/wp\/v2\/media?parent=9772"}],"wp:term":[{"taxonomy":"category","embeddable":true,"href":"https:\/\/canadiantaskforce.ca\/fr\/wp-json\/wp\/v2\/categories?post=9772"},{"taxonomy":"post_tag","embeddable":true,"href":"https:\/\/canadiantaskforce.ca\/fr\/wp-json\/wp\/v2\/tags?post=9772"}],"curies":[{"name":"wp","href":"https:\/\/api.w.org\/{rel}","templated":true}]}}